{"id":2,"date":"2019-05-04T16:35:48","date_gmt":"2019-05-04T16:35:48","guid":{"rendered":"http:\/\/shop.linckx.de\/?page_id=2"},"modified":"2022-01-04T19:42:03","modified_gmt":"2022-01-04T18:42:03","slug":"filz-forever","status":"publish","type":"page","link":"https:\/\/shop.linckx.de\/de\/lookbook\/filz-forever\/","title":{"rendered":"Filz Forever"},"content":{"rendered":"\n<div class=\"wp-block-image\"><figure class=\"aligncenter size-thumbnail\"><img loading=\"lazy\" decoding=\"async\" width=\"150\" height=\"150\" src=\"https:\/\/shop.linckx.de\/wp-content\/uploads\/2020\/05\/filzforever-Logo2-Kreis_512x256-150x150.jpg\" alt=\"\" class=\"wp-image-2717\" srcset=\"https:\/\/shop.linckx.de\/wp-content\/uploads\/2020\/05\/filzforever-Logo2-Kreis_512x256-150x150.jpg 150w, https:\/\/shop.linckx.de\/wp-content\/uploads\/2020\/05\/filzforever-Logo2-Kreis_512x256-324x324.jpg 324w, https:\/\/shop.linckx.de\/wp-content\/uploads\/2020\/05\/filzforever-Logo2-Kreis_512x256-100x100.jpg 100w, https:\/\/shop.linckx.de\/wp-content\/uploads\/2020\/05\/filzforever-Logo2-Kreis_512x256-416x416.jpg 416w, https:\/\/shop.linckx.de\/wp-content\/uploads\/2020\/05\/filzforever-Logo2-Kreis_512x256-300x300.jpg 300w, https:\/\/shop.linckx.de\/wp-content\/uploads\/2020\/05\/filzforever-Logo2-Kreis_512x256.jpg 512w\" sizes=\"auto, (max-width: 150px) 100vw, 150px\" \/><\/figure><\/div>\n\n\n\n<p>Diese Produktlinie bietet Shopper und Botentaschen, Trachtentaschen,  Smartphone-Etuis und Wohnaccessoires wie z.B. Filzpantoffel. Dabei  verwenden wir vor allem reine Wollfilze und Wollfilz-Mischungen, aber auch neue Entwicklungen wie z.B. einen PET-Filz aus  recycelten Plastikflaschen. <a href=\"https:\/\/shop.linckx.de\/de\/lookbook\/filz-forever\/filz-materialinfo\/\" target=\"_blank\" rel=\"noreferrer noopener\">Hier findet Ihr die Infos zum Material<\/a>.<\/p>\n\n\n\n<p><\/p>\n\n\n\n<div class=\"wp-block-columns is-layout-flex wp-container-core-columns-is-layout-28f84493 wp-block-columns-is-layout-flex\">\n<div class=\"wp-block-column is-layout-flow wp-block-column-is-layout-flow\">\n<figure class=\"wp-block-image size-large\"><a href=\"https:\/\/shop.linckx.de\/de\/lookbook\/filz-forever\/taschen\"><img loading=\"lazy\" decoding=\"async\" width=\"768\" height=\"1024\" src=\"https:\/\/shop.linckx.de\/wp-content\/uploads\/2019\/05\/NURI-beigemel-2_1200-768x1024.jpg\" alt=\"\" class=\"wp-image-630\" srcset=\"https:\/\/shop.linckx.de\/wp-content\/uploads\/2019\/05\/NURI-beigemel-2_1200-768x1024.jpg 768w, https:\/\/shop.linckx.de\/wp-content\/uploads\/2019\/05\/NURI-beigemel-2_1200-324x432.jpg 324w, https:\/\/shop.linckx.de\/wp-content\/uploads\/2019\/05\/NURI-beigemel-2_1200-416x555.jpg 416w, https:\/\/shop.linckx.de\/wp-content\/uploads\/2019\/05\/NURI-beigemel-2_1200-225x300.jpg 225w, https:\/\/shop.linckx.de\/wp-content\/uploads\/2019\/05\/NURI-beigemel-2_1200-300x400.jpg 300w, https:\/\/shop.linckx.de\/wp-content\/uploads\/2019\/05\/NURI-beigemel-2_1200.jpg 900w\" sizes=\"auto, (max-width: 768px) 100vw, 768px\" \/><\/a><\/figure>\n\n\n\n<h4 style=\"text-align: center;\"><a href=\"https:\/\/shop.linckx.de\/de\/lookbook\/filz-forever\/taschen\">Taschen<\/a><\/h4>\n<hr>\n<h4 style=\"text-align: center;\">&nbsp;<\/h4>\n<\/div>\n\n\n\n<div class=\"wp-block-column is-layout-flow wp-block-column-is-layout-flow\">\n<figure class=\"wp-block-image size-large\"><a href=\"https:\/\/shop.linckx.de\/lookbook\/filz-forever\/rucksaecke\"><img loading=\"lazy\" decoding=\"async\" width=\"768\" height=\"1024\" src=\"https:\/\/shop.linckx.de\/wp-content\/uploads\/2019\/12\/ELIAS-MatMix-naturbraun-1a_1200-768x1024.jpg\" alt=\"\" class=\"wp-image-1458\" srcset=\"https:\/\/shop.linckx.de\/wp-content\/uploads\/2019\/12\/ELIAS-MatMix-naturbraun-1a_1200-768x1024.jpg 768w, https:\/\/shop.linckx.de\/wp-content\/uploads\/2019\/12\/ELIAS-MatMix-naturbraun-1a_1200-324x432.jpg 324w, https:\/\/shop.linckx.de\/wp-content\/uploads\/2019\/12\/ELIAS-MatMix-naturbraun-1a_1200-416x555.jpg 416w, https:\/\/shop.linckx.de\/wp-content\/uploads\/2019\/12\/ELIAS-MatMix-naturbraun-1a_1200-225x300.jpg 225w, https:\/\/shop.linckx.de\/wp-content\/uploads\/2019\/12\/ELIAS-MatMix-naturbraun-1a_1200.jpg 900w\" sizes=\"auto, (max-width: 768px) 100vw, 768px\" \/><\/a><\/figure>\n\n\n\n<h4 style=\"text-align: center;\"><a href=\"https:\/\/shop.linckx.de\/lookbook\/filz-forever\/rucksaecke\">Rucks\u00e4cke<\/a><\/h4>\n<hr>\n<h4 style=\"text-align: center;\">&nbsp;<\/h4>\n<\/div>\n\n\n\n<div class=\"wp-block-column is-layout-flow wp-block-column-is-layout-flow\">\n<figure class=\"wp-block-image size-large\"><a href=\"https:\/\/shop.linckx.de\/de\/lookbook\/filz-forever\/etuis-boersen-schluesselanhaenger\"><img loading=\"lazy\" decoding=\"async\" width=\"1024\" height=\"1024\" src=\"https:\/\/shop.linckx.de\/wp-content\/uploads\/2020\/01\/Etuis-KatBild_1200q-1024x1024.jpg\" alt=\"\" class=\"wp-image-2176\" srcset=\"https:\/\/shop.linckx.de\/wp-content\/uploads\/2020\/01\/Etuis-KatBild_1200q-1024x1024.jpg 1024w, https:\/\/shop.linckx.de\/wp-content\/uploads\/2020\/01\/Etuis-KatBild_1200q-324x324.jpg 324w, https:\/\/shop.linckx.de\/wp-content\/uploads\/2020\/01\/Etuis-KatBild_1200q-100x100.jpg 100w, https:\/\/shop.linckx.de\/wp-content\/uploads\/2020\/01\/Etuis-KatBild_1200q-416x416.jpg 416w, https:\/\/shop.linckx.de\/wp-content\/uploads\/2020\/01\/Etuis-KatBild_1200q-300x300.jpg 300w, https:\/\/shop.linckx.de\/wp-content\/uploads\/2020\/01\/Etuis-KatBild_1200q-150x150.jpg 150w, https:\/\/shop.linckx.de\/wp-content\/uploads\/2020\/01\/Etuis-KatBild_1200q-768x768.jpg 768w, https:\/\/shop.linckx.de\/wp-content\/uploads\/2020\/01\/Etuis-KatBild_1200q.jpg 1200w\" sizes=\"auto, (max-width: 1024px) 100vw, 1024px\" \/><\/a><\/figure>\n\n\n\n<h4 style=\"text-align: center;\"><a href=\"https:\/\/shop.linckx.de\/de\/lookbook\/filz-forever\/etuis-boersen-schluesselanhaenger\">Etuis, B\u00f6rsen, Schl\u00fcsselanh\u00e4nger<\/a><\/h4>\n<hr>\n<h4 style=\"text-align: center;\">&nbsp;<\/h4>\n<\/div>\n<\/div>\n\n\n\n<div class=\"wp-block-columns is-layout-flex wp-container-core-columns-is-layout-28f84493 wp-block-columns-is-layout-flex\">\n<div class=\"wp-block-column is-layout-flow wp-block-column-is-layout-flow\">\n<figure class=\"wp-block-image size-large\"><a href=\"https:\/\/shop.linckx.de\/de\/lookbook\/filz-forever\/wohnaccessoires\"><img loading=\"lazy\" decoding=\"async\" width=\"765\" height=\"898\" src=\"https:\/\/shop.linckx.de\/wp-content\/uploads\/2019\/12\/BOBO-org-Boden_1200.jpg\" alt=\"\" class=\"wp-image-1625\" srcset=\"https:\/\/shop.linckx.de\/wp-content\/uploads\/2019\/12\/BOBO-org-Boden_1200.jpg 765w, https:\/\/shop.linckx.de\/wp-content\/uploads\/2019\/12\/BOBO-org-Boden_1200-324x380.jpg 324w, https:\/\/shop.linckx.de\/wp-content\/uploads\/2019\/12\/BOBO-org-Boden_1200-416x488.jpg 416w, https:\/\/shop.linckx.de\/wp-content\/uploads\/2019\/12\/BOBO-org-Boden_1200-256x300.jpg 256w\" sizes=\"auto, (max-width: 765px) 100vw, 765px\" \/><\/a><\/figure>\n\n\n\n<h4 style=\"text-align: center;\"><span style=\"background-color: #ffffff;\"><a style=\"background-color: #ffffff;\" href=\"https:\/\/shop.linckx.de\/de\/lookbook\/filz-forever\/wohnaccessoires\">KomfortZONE&nbsp;&nbsp; Wohnaccessoires<\/a><\/span><\/h4>\n<\/div>\n\n\n\n<div class=\"wp-block-column is-layout-flow wp-block-column-is-layout-flow\">\n<figure class=\"wp-block-image size-large\"><a href=\"https:\/\/shop.linckx.de\/de\/lookbook\/filz-forever\/alpiner-lifestyle\"><img loading=\"lazy\" decoding=\"async\" width=\"768\" height=\"1024\" src=\"https:\/\/shop.linckx.de\/wp-content\/uploads\/2019\/11\/CHRISTL-graumel-LdPk-His-1_900-768x1024.jpg\" alt=\"\" class=\"wp-image-3628\" srcset=\"https:\/\/shop.linckx.de\/wp-content\/uploads\/2019\/11\/CHRISTL-graumel-LdPk-His-1_900-768x1024.jpg 768w, https:\/\/shop.linckx.de\/wp-content\/uploads\/2019\/11\/CHRISTL-graumel-LdPk-His-1_900-324x432.jpg 324w, https:\/\/shop.linckx.de\/wp-content\/uploads\/2019\/11\/CHRISTL-graumel-LdPk-His-1_900-416x555.jpg 416w, https:\/\/shop.linckx.de\/wp-content\/uploads\/2019\/11\/CHRISTL-graumel-LdPk-His-1_900-225x300.jpg 225w, https:\/\/shop.linckx.de\/wp-content\/uploads\/2019\/11\/CHRISTL-graumel-LdPk-His-1_900.jpg 900w\" sizes=\"auto, (max-width: 768px) 100vw, 768px\" \/><\/a><\/figure>\n\n\n\n<h4><a href=\"https:\/\/shop.linckx.de\/de\/lookbook\/filz-forever\/alpiner-lifestyle\">Alpiner Lifestyle<\/a><\/h4>\n<\/div>\n\n\n\n<div class=\"wp-block-column is-layout-flow wp-block-column-is-layout-flow\"><\/div>\n<\/div>\n\n\n\n<p class=\"has-text-align-center has-background\" style=\"background-color:#e9e9e9\">Alle unsere Produkte sind komplett <strong>made in Germany<\/strong> &#8211;  produziert wird in kleinen N\u00e4hbetrieben in Sachsen und Norddeutschland sowie in unserer M\u00fcnchner Werkstatt.<\/p>\n","protected":false},"excerpt":{"rendered":"<p>Diese Produktlinie bietet Shopper und Botentaschen, Trachtentaschen, Smartphone-Etuis und Wohnaccessoires wie z.B. Filzpantoffel. Dabei verwenden wir vor allem reine Wollfilze und Wollfilz-Mischungen, aber auch neue Entwicklungen wie z.B. einen PET-Filz aus recycelten Plastikflaschen. Hier findet Ihr die Infos zum Material. Alle unsere Produkte sind komplett made in Germany &#8211; produziert wird in kleinen N\u00e4hbetrieben in [&hellip;]<\/p>\n","protected":false},"author":1,"featured_media":0,"parent":1687,"menu_order":10,"comment_status":"closed","ping_status":"open","template":"template-fullwidth.php","meta":{"footnotes":""},"class_list":["post-2","page","type-page","status-publish","hentry"],"yoast_head":"<!-- This site is optimized with the Yoast SEO plugin v27.1.1 - https:\/\/yoast.com\/product\/yoast-seo-wordpress\/ -->\n<title>Filz Forever - linckx.\u00ae<\/title>\n<meta name=\"robots\" content=\"index, follow, max-snippet:-1, max-image-preview:large, max-video-preview:-1\" \/>\n<link rel=\"canonical\" href=\"https:\/\/shop.linckx.de\/de\/lookbook\/filz-forever\/\" \/>\n<meta property=\"og:locale\" content=\"de_DE\" \/>\n<meta property=\"og:type\" content=\"article\" \/>\n<meta property=\"og:title\" content=\"Filz Forever - linckx.\u00ae\" \/>\n<meta property=\"og:description\" content=\"Diese Produktlinie bietet Shopper und Botentaschen, Trachtentaschen, Smartphone-Etuis und Wohnaccessoires wie z.B. Filzpantoffel. Dabei verwenden wir vor allem reine Wollfilze und Wollfilz-Mischungen, aber auch neue Entwicklungen wie z.B. einen PET-Filz aus recycelten Plastikflaschen. Hier findet Ihr die Infos zum Material. Alle unsere Produkte sind komplett made in Germany &#8211; produziert wird in kleinen N\u00e4hbetrieben in [&hellip;]\" \/>\n<meta property=\"og:url\" content=\"https:\/\/shop.linckx.de\/de\/lookbook\/filz-forever\/\" \/>\n<meta property=\"og:site_name\" content=\"linckx.\u00ae\" \/>\n<meta property=\"article:modified_time\" content=\"2022-01-04T18:42:03+00:00\" \/>\n<meta property=\"og:image\" content=\"https:\/\/shop.linckx.de\/wp-content\/uploads\/2020\/05\/filzforever-Logo2-Kreis_512x256-150x150.jpg\" \/>\n<meta name=\"twitter:card\" content=\"summary_large_image\" \/>\n<meta name=\"twitter:label1\" content=\"Gesch\u00e4tzte Lesezeit\" \/>\n\t<meta name=\"twitter:data1\" content=\"2\u00a0Minuten\" \/>\n<script type=\"application\/ld+json\" class=\"yoast-schema-graph\">{\"@context\":\"https:\/\/schema.org\",\"@graph\":[{\"@type\":\"WebPage\",\"@id\":\"https:\/\/shop.linckx.de\/de\/lookbook\/filz-forever\/\",\"url\":\"https:\/\/shop.linckx.de\/de\/lookbook\/filz-forever\/\",\"name\":\"Filz Forever - linckx.\u00ae\",\"isPartOf\":{\"@id\":\"https:\/\/shop.linckx.de\/de\/#website\"},\"primaryImageOfPage\":{\"@id\":\"https:\/\/shop.linckx.de\/de\/lookbook\/filz-forever\/#primaryimage\"},\"image\":{\"@id\":\"https:\/\/shop.linckx.de\/de\/lookbook\/filz-forever\/#primaryimage\"},\"thumbnailUrl\":\"https:\/\/shop.linckx.de\/wp-content\/uploads\/2020\/05\/filzforever-Logo2-Kreis_512x256-150x150.jpg\",\"datePublished\":\"2019-05-04T16:35:48+00:00\",\"dateModified\":\"2022-01-04T18:42:03+00:00\",\"breadcrumb\":{\"@id\":\"https:\/\/shop.linckx.de\/de\/lookbook\/filz-forever\/#breadcrumb\"},\"inLanguage\":\"de\",\"potentialAction\":[{\"@type\":\"ReadAction\",\"target\":[\"https:\/\/shop.linckx.de\/de\/lookbook\/filz-forever\/\"]}]},{\"@type\":\"ImageObject\",\"inLanguage\":\"de\",\"@id\":\"https:\/\/shop.linckx.de\/de\/lookbook\/filz-forever\/#primaryimage\",\"url\":\"https:\/\/shop.linckx.de\/wp-content\/uploads\/2020\/05\/filzforever-Logo2-Kreis_512x256-150x150.jpg\",\"contentUrl\":\"https:\/\/shop.linckx.de\/wp-content\/uploads\/2020\/05\/filzforever-Logo2-Kreis_512x256-150x150.jpg\"},{\"@type\":\"BreadcrumbList\",\"@id\":\"https:\/\/shop.linckx.de\/de\/lookbook\/filz-forever\/#breadcrumb\",\"itemListElement\":[{\"@type\":\"ListItem\",\"position\":1,\"name\":\"Startseite\",\"item\":\"https:\/\/shop.linckx.de\/de\/\"},{\"@type\":\"ListItem\",\"position\":2,\"name\":\"LOOKBOOK\",\"item\":\"https:\/\/shop.linckx.de\/en\/lookbook\/\"},{\"@type\":\"ListItem\",\"position\":3,\"name\":\"Filz Forever\"}]},{\"@type\":\"WebSite\",\"@id\":\"https:\/\/shop.linckx.de\/de\/#website\",\"url\":\"https:\/\/shop.linckx.de\/de\/\",\"name\":\"linckx.\u00ae\",\"description\":\"Taschen + Accessoires    [made in Germany]\",\"publisher\":{\"@id\":\"https:\/\/shop.linckx.de\/de\/#organization\"},\"potentialAction\":[{\"@type\":\"SearchAction\",\"target\":{\"@type\":\"EntryPoint\",\"urlTemplate\":\"https:\/\/shop.linckx.de\/de\/?s={search_term_string}\"},\"query-input\":{\"@type\":\"PropertyValueSpecification\",\"valueRequired\":true,\"valueName\":\"search_term_string\"}}],\"inLanguage\":\"de\"},{\"@type\":\"Organization\",\"@id\":\"https:\/\/shop.linckx.de\/de\/#organization\",\"name\":\"linckx\",\"url\":\"https:\/\/shop.linckx.de\/de\/\",\"logo\":{\"@type\":\"ImageObject\",\"inLanguage\":\"de\",\"@id\":\"https:\/\/shop.linckx.de\/de\/#\/schema\/logo\/image\/\",\"url\":\"https:\/\/i2.wp.com\/shop.linckx.de\/wp-content\/uploads\/2019\/08\/19-06_linckx-Logo-quadr.jpg?fit=1181%2C1181&ssl=1\",\"contentUrl\":\"https:\/\/i2.wp.com\/shop.linckx.de\/wp-content\/uploads\/2019\/08\/19-06_linckx-Logo-quadr.jpg?fit=1181%2C1181&ssl=1\",\"width\":1181,\"height\":1181,\"caption\":\"linckx\"},\"image\":{\"@id\":\"https:\/\/shop.linckx.de\/de\/#\/schema\/logo\/image\/\"}}]}<\/script>\n<!-- \/ Yoast SEO plugin. -->","yoast_head_json":{"title":"Filz Forever - linckx.\u00ae","robots":{"index":"index","follow":"follow","max-snippet":"max-snippet:-1","max-image-preview":"max-image-preview:large","max-video-preview":"max-video-preview:-1"},"canonical":"https:\/\/shop.linckx.de\/de\/lookbook\/filz-forever\/","og_locale":"de_DE","og_type":"article","og_title":"Filz Forever - linckx.\u00ae","og_description":"Diese Produktlinie bietet Shopper und Botentaschen, Trachtentaschen, Smartphone-Etuis und Wohnaccessoires wie z.B. Filzpantoffel. Dabei verwenden wir vor allem reine Wollfilze und Wollfilz-Mischungen, aber auch neue Entwicklungen wie z.B. einen PET-Filz aus recycelten Plastikflaschen. Hier findet Ihr die Infos zum Material. Alle unsere Produkte sind komplett made in Germany &#8211; produziert wird in kleinen N\u00e4hbetrieben in [&hellip;]","og_url":"https:\/\/shop.linckx.de\/de\/lookbook\/filz-forever\/","og_site_name":"linckx.\u00ae","article_modified_time":"2022-01-04T18:42:03+00:00","og_image":[{"url":"https:\/\/shop.linckx.de\/wp-content\/uploads\/2020\/05\/filzforever-Logo2-Kreis_512x256-150x150.jpg","type":"","width":"","height":""}],"twitter_card":"summary_large_image","twitter_misc":{"Gesch\u00e4tzte Lesezeit":"2\u00a0Minuten"},"schema":{"@context":"https:\/\/schema.org","@graph":[{"@type":"WebPage","@id":"https:\/\/shop.linckx.de\/de\/lookbook\/filz-forever\/","url":"https:\/\/shop.linckx.de\/de\/lookbook\/filz-forever\/","name":"Filz Forever - linckx.\u00ae","isPartOf":{"@id":"https:\/\/shop.linckx.de\/de\/#website"},"primaryImageOfPage":{"@id":"https:\/\/shop.linckx.de\/de\/lookbook\/filz-forever\/#primaryimage"},"image":{"@id":"https:\/\/shop.linckx.de\/de\/lookbook\/filz-forever\/#primaryimage"},"thumbnailUrl":"https:\/\/shop.linckx.de\/wp-content\/uploads\/2020\/05\/filzforever-Logo2-Kreis_512x256-150x150.jpg","datePublished":"2019-05-04T16:35:48+00:00","dateModified":"2022-01-04T18:42:03+00:00","breadcrumb":{"@id":"https:\/\/shop.linckx.de\/de\/lookbook\/filz-forever\/#breadcrumb"},"inLanguage":"de","potentialAction":[{"@type":"ReadAction","target":["https:\/\/shop.linckx.de\/de\/lookbook\/filz-forever\/"]}]},{"@type":"ImageObject","inLanguage":"de","@id":"https:\/\/shop.linckx.de\/de\/lookbook\/filz-forever\/#primaryimage","url":"https:\/\/shop.linckx.de\/wp-content\/uploads\/2020\/05\/filzforever-Logo2-Kreis_512x256-150x150.jpg","contentUrl":"https:\/\/shop.linckx.de\/wp-content\/uploads\/2020\/05\/filzforever-Logo2-Kreis_512x256-150x150.jpg"},{"@type":"BreadcrumbList","@id":"https:\/\/shop.linckx.de\/de\/lookbook\/filz-forever\/#breadcrumb","itemListElement":[{"@type":"ListItem","position":1,"name":"Startseite","item":"https:\/\/shop.linckx.de\/de\/"},{"@type":"ListItem","position":2,"name":"LOOKBOOK","item":"https:\/\/shop.linckx.de\/en\/lookbook\/"},{"@type":"ListItem","position":3,"name":"Filz Forever"}]},{"@type":"WebSite","@id":"https:\/\/shop.linckx.de\/de\/#website","url":"https:\/\/shop.linckx.de\/de\/","name":"linckx.\u00ae","description":"Taschen + Accessoires    [made in Germany]","publisher":{"@id":"https:\/\/shop.linckx.de\/de\/#organization"},"potentialAction":[{"@type":"SearchAction","target":{"@type":"EntryPoint","urlTemplate":"https:\/\/shop.linckx.de\/de\/?s={search_term_string}"},"query-input":{"@type":"PropertyValueSpecification","valueRequired":true,"valueName":"search_term_string"}}],"inLanguage":"de"},{"@type":"Organization","@id":"https:\/\/shop.linckx.de\/de\/#organization","name":"linckx","url":"https:\/\/shop.linckx.de\/de\/","logo":{"@type":"ImageObject","inLanguage":"de","@id":"https:\/\/shop.linckx.de\/de\/#\/schema\/logo\/image\/","url":"https:\/\/i2.wp.com\/shop.linckx.de\/wp-content\/uploads\/2019\/08\/19-06_linckx-Logo-quadr.jpg?fit=1181%2C1181&ssl=1","contentUrl":"https:\/\/i2.wp.com\/shop.linckx.de\/wp-content\/uploads\/2019\/08\/19-06_linckx-Logo-quadr.jpg?fit=1181%2C1181&ssl=1","width":1181,"height":1181,"caption":"linckx"},"image":{"@id":"https:\/\/shop.linckx.de\/de\/#\/schema\/logo\/image\/"}}]}},"_links":{"self":[{"href":"https:\/\/shop.linckx.de\/de\/wp-json\/wp\/v2\/pages\/2","targetHints":{"allow":["GET"]}}],"collection":[{"href":"https:\/\/shop.linckx.de\/de\/wp-json\/wp\/v2\/pages"}],"about":[{"href":"https:\/\/shop.linckx.de\/de\/wp-json\/wp\/v2\/types\/page"}],"author":[{"embeddable":true,"href":"https:\/\/shop.linckx.de\/de\/wp-json\/wp\/v2\/users\/1"}],"replies":[{"embeddable":true,"href":"https:\/\/shop.linckx.de\/de\/wp-json\/wp\/v2\/comments?post=2"}],"version-history":[{"count":40,"href":"https:\/\/shop.linckx.de\/de\/wp-json\/wp\/v2\/pages\/2\/revisions"}],"predecessor-version":[{"id":5138,"href":"https:\/\/shop.linckx.de\/de\/wp-json\/wp\/v2\/pages\/2\/revisions\/5138"}],"up":[{"embeddable":true,"href":"https:\/\/shop.linckx.de\/de\/wp-json\/wp\/v2\/pages\/1687"}],"wp:attachment":[{"href":"https:\/\/shop.linckx.de\/de\/wp-json\/wp\/v2\/media?parent=2"}],"curies":[{"name":"wp","href":"https:\/\/api.w.org\/{rel}","templated":true}]}}