{"id":2060,"date":"2020-01-10T15:04:49","date_gmt":"2020-01-10T15:04:49","guid":{"rendered":"https:\/\/shop.linckx.de\/?page_id=2060"},"modified":"2020-09-25T19:44:50","modified_gmt":"2020-09-25T19:44:50","slug":"taschen","status":"publish","type":"page","link":"https:\/\/shop.linckx.de\/de\/lookbook\/like-paper-bags\/taschen\/","title":{"rendered":"Taschen"},"content":{"rendered":"\n<div class=\"wp-block-group\"><div class=\"wp-block-group__inner-container is-layout-flow wp-block-group-is-layout-flow\">\n<p><em>Beim Wischen \u00fcber die Fotos bekommt Ihr noch mehr zu sehen!<\/em><\/p>\n\n\n\n<div class=\"wp-block-columns is-layout-flex wp-container-core-columns-is-layout-28f84493 wp-block-columns-is-layout-flex\">\n<div class=\"wp-block-column is-layout-flow wp-block-column-is-layout-flow\">\n\n\n\n\n<h4>BOLLE\u00a0 Transporter<\/h4>\n<p>In diesen Shopper passt richtig viel rein! Die Henkel sind zweiseitig eingenietet, das gibt der Tasche die bauchige Form und die Stabilit\u00e4t. Oben l\u00e4sst er sich verschlie\u00dfen mit einer Lasche mit Druckknopf. Die Textilhenkel (vegan) gibt\u00b4s in verschiedensten Farben!<\/p>\n<p>Als Einkaufstasche mit k\u00fcrzeren Henkeln (ca. 42 cm), als Badetasche\/ Schultertasche mit l\u00e4ngeren Henkeln (ca. 57 cm) erh\u00e4ltlich.<\/p>\n<p>Gr\u00f6sse<br \/>40 (B) x 40 (H) x 14 (T) cm<\/p>\n\n\n\n<hr class=\"wp-block-separator is-style-default\"\/>\n<\/div>\n\n\n\n<div class=\"wp-block-column is-layout-flow wp-block-column-is-layout-flow\">\n\n\n\n\n<h4>CARRIE.M\u00a0 Botentasche<\/h4>\n<p>Die CARRIE in Gr\u00f6sse M ist etwas gr\u00f6\u00dfer als DIN A4 Querformat. Man kann sie auch auf dem R\u00fccken tragen, \u00e4hnlich wie einen Rucksack, daf\u00fcr wird nur der Gurt anders eingeh\u00e4ngt. Die Klappe mit Drehverschluss ist in zwei Positionen zu schlie\u00dfen. Innen gibt es ein Extrafach mit Rei\u00dfverschluss, Stifthalter und Schl\u00fcsselband mit Karabiner.<br \/><br \/>Gr\u00f6sse <br \/>ca. 30\/37 (B) x 25 (H) x 7 cm<\/p>\n\n\n\n<hr class=\"wp-block-separator is-style-default\"\/>\n\n\n<\/div>\n\n\n\n<div class=\"wp-block-column is-layout-flow wp-block-column-is-layout-flow\">\n\n\n\n\n<h4>CARRIE.L\u00a0 Botentasche<\/h4>\n<p>Die gro\u00dfe Umh\u00e4ngetasche kann man auch auf dem R\u00fccken tragen, \u00e4hnlich wie einen Rucksack, wie die CARRIE.M. Die Klappe mit Drehverschluss ist in zwei Positionen zu schlie\u00dfen. Innen hat sie zwei flache Extraf\u00e4cher, Stifthalter und Schl\u00fcsselband mit Karabiner.<\/p>\n<p>Gr\u00f6sse <br \/>ca. 30\/37 (B) x 39 (H) x 7 cm<\/p>\n\n\n\n<hr class=\"wp-block-separator is-style-default\"\/>\n\n\n<\/div>\n<\/div>\n\n\n\n<div class=\"wp-block-columns is-layout-flex wp-container-core-columns-is-layout-28f84493 wp-block-columns-is-layout-flex\">\n<div class=\"wp-block-column is-layout-flow wp-block-column-is-layout-flow\">\n\n\n\n\n<h4>CARRIE.S\u00a0 Bum Bag<\/h4>\n<p>Die CARRIE.S kann um die H\u00fcfte getragen werden oder einfach \u201ecross body\u201c umgeh\u00e4ngt. Sie bietet erstaunlich viel Stauraum und hat ein flaches Extrafach innen &#8211; ideal z.B. f\u00fcr Urlaub und Freizeit! Klappe mit Drehverschluss, der Gurt ist abnehmbar &#8211; so wird sie auch mal zur Clutch.<\/p>\n<p>Gr\u00f6sse <br \/>ca. 25\/28 (B) x 16 (H) x 5 cm<\/p>\n\n\n\n<hr class=\"wp-block-separator is-style-default\"\/>\n<\/div>\n\n\n\n<div class=\"wp-block-column is-layout-flow wp-block-column-is-layout-flow\">\n\n\n\n\n<h4>PALOMA Weekender<\/h4>\n<p>Der perfekte Begleiter f\u00fcr den Wochenend-Trip! Ein Weekender, den man nat\u00fcrlich auch zum Grosseinkauf, als Business-Tasche oder als Strandtasche verwenden kann. Mit gro\u00dfem Innenfach, Schl\u00fcsselband mit Karabiner und stabilem doppeltem Boden mit Taschenf\u00fc\u00dfen. Die Farbkombination von Zell.Stoff und Textilgurten kann man beliebig ausw\u00e4hlen &#8211; von knallig bis dezent ist alles m\u00f6glich (vegan)!<\/p>\n<p>Gr\u00f6sse\u00a0 <br \/>40\/54 (B) x 40 (H) x 16 cm<\/p>\n\n\n\n<hr class=\"wp-block-separator is-style-default\"\/>\n<\/div>\n\n\n\n<div class=\"wp-block-column is-layout-flow wp-block-column-is-layout-flow\">\n\n\n\n\n<h4>AKIRA&nbsp; Schultertasche<\/h4>\n<p>Die l\u00e4ssige Schultertasche zieht mit ihren Knitterfalten alle Blicke auf sich! Dokumente im Format DIN A4 passen hinein, innen hat sie ein Extrafach mit Stifthalter und ein Schl\u00fcsselband mit Karabiner. Mit Leder- oder Textilhenkeln (vegan) erh\u00e4ltlich, L\u00e4nge ca. 60 cm.<\/p>\n<p>Gr\u00f6sse <br>38\/36 (B) x 27 (H) x 12 cm<\/p>\n\n\n\n<hr class=\"wp-block-separator is-style-default\"\/>\n<\/div>\n<\/div>\n<\/div><\/div>\n\n\n\n<div class=\"wp-block-group alignwide is-layout-flow wp-block-group-is-layout-flow\"><div class=\"wp-block-group__inner-container\"><\/div><\/div>\n","protected":false},"excerpt":{"rendered":"<p>Beim Wischen \u00fcber die Fotos bekommt Ihr noch mehr zu sehen!<\/p>\n","protected":false},"author":1,"featured_media":0,"parent":355,"menu_order":10,"comment_status":"closed","ping_status":"closed","template":"","meta":{"footnotes":""},"class_list":["post-2060","page","type-page","status-publish","hentry"],"yoast_head":"<!-- This site is optimized with the Yoast SEO plugin v27.1.1 - https:\/\/yoast.com\/product\/yoast-seo-wordpress\/ -->\n<title>Taschen - linckx.\u00ae<\/title>\n<meta name=\"robots\" content=\"index, follow, max-snippet:-1, max-image-preview:large, max-video-preview:-1\" \/>\n<link rel=\"canonical\" href=\"https:\/\/shop.linckx.de\/de\/lookbook\/like-paper-bags\/taschen\/\" \/>\n<meta property=\"og:locale\" content=\"de_DE\" \/>\n<meta property=\"og:type\" content=\"article\" \/>\n<meta property=\"og:title\" content=\"Taschen - linckx.\u00ae\" \/>\n<meta property=\"og:description\" content=\"Beim Wischen \u00fcber die Fotos bekommt Ihr noch mehr zu sehen!\" \/>\n<meta property=\"og:url\" content=\"https:\/\/shop.linckx.de\/de\/lookbook\/like-paper-bags\/taschen\/\" \/>\n<meta property=\"og:site_name\" content=\"linckx.\u00ae\" \/>\n<meta property=\"article:modified_time\" content=\"2020-09-25T19:44:50+00:00\" \/>\n<meta name=\"twitter:card\" content=\"summary_large_image\" \/>\n<meta name=\"twitter:label1\" content=\"Gesch\u00e4tzte Lesezeit\" \/>\n\t<meta name=\"twitter:data1\" content=\"2\u00a0Minuten\" \/>\n<script type=\"application\/ld+json\" class=\"yoast-schema-graph\">{\"@context\":\"https:\/\/schema.org\",\"@graph\":[{\"@type\":\"WebPage\",\"@id\":\"https:\/\/shop.linckx.de\/de\/lookbook\/like-paper-bags\/taschen\/\",\"url\":\"https:\/\/shop.linckx.de\/de\/lookbook\/like-paper-bags\/taschen\/\",\"name\":\"Taschen - linckx.\u00ae\",\"isPartOf\":{\"@id\":\"https:\/\/shop.linckx.de\/de\/#website\"},\"datePublished\":\"2020-01-10T15:04:49+00:00\",\"dateModified\":\"2020-09-25T19:44:50+00:00\",\"breadcrumb\":{\"@id\":\"https:\/\/shop.linckx.de\/de\/lookbook\/like-paper-bags\/taschen\/#breadcrumb\"},\"inLanguage\":\"de\",\"potentialAction\":[{\"@type\":\"ReadAction\",\"target\":[\"https:\/\/shop.linckx.de\/de\/lookbook\/like-paper-bags\/taschen\/\"]}]},{\"@type\":\"BreadcrumbList\",\"@id\":\"https:\/\/shop.linckx.de\/de\/lookbook\/like-paper-bags\/taschen\/#breadcrumb\",\"itemListElement\":[{\"@type\":\"ListItem\",\"position\":1,\"name\":\"Startseite\",\"item\":\"https:\/\/shop.linckx.de\/de\/\"},{\"@type\":\"ListItem\",\"position\":2,\"name\":\"LOOKBOOK\",\"item\":\"https:\/\/shop.linckx.de\/en\/lookbook\/\"},{\"@type\":\"ListItem\",\"position\":3,\"name\":\"like paper bags\",\"item\":\"https:\/\/shop.linckx.de\/de\/lookbook\/like-paper-bags\/\"},{\"@type\":\"ListItem\",\"position\":4,\"name\":\"Taschen\"}]},{\"@type\":\"WebSite\",\"@id\":\"https:\/\/shop.linckx.de\/de\/#website\",\"url\":\"https:\/\/shop.linckx.de\/de\/\",\"name\":\"linckx.\u00ae\",\"description\":\"Taschen + Accessoires    [made in Germany]\",\"publisher\":{\"@id\":\"https:\/\/shop.linckx.de\/de\/#organization\"},\"potentialAction\":[{\"@type\":\"SearchAction\",\"target\":{\"@type\":\"EntryPoint\",\"urlTemplate\":\"https:\/\/shop.linckx.de\/de\/?s={search_term_string}\"},\"query-input\":{\"@type\":\"PropertyValueSpecification\",\"valueRequired\":true,\"valueName\":\"search_term_string\"}}],\"inLanguage\":\"de\"},{\"@type\":\"Organization\",\"@id\":\"https:\/\/shop.linckx.de\/de\/#organization\",\"name\":\"linckx\",\"url\":\"https:\/\/shop.linckx.de\/de\/\",\"logo\":{\"@type\":\"ImageObject\",\"inLanguage\":\"de\",\"@id\":\"https:\/\/shop.linckx.de\/de\/#\/schema\/logo\/image\/\",\"url\":\"https:\/\/i2.wp.com\/shop.linckx.de\/wp-content\/uploads\/2019\/08\/19-06_linckx-Logo-quadr.jpg?fit=1181%2C1181&ssl=1\",\"contentUrl\":\"https:\/\/i2.wp.com\/shop.linckx.de\/wp-content\/uploads\/2019\/08\/19-06_linckx-Logo-quadr.jpg?fit=1181%2C1181&ssl=1\",\"width\":1181,\"height\":1181,\"caption\":\"linckx\"},\"image\":{\"@id\":\"https:\/\/shop.linckx.de\/de\/#\/schema\/logo\/image\/\"}}]}<\/script>\n<!-- \/ Yoast SEO plugin. -->","yoast_head_json":{"title":"Taschen - linckx.\u00ae","robots":{"index":"index","follow":"follow","max-snippet":"max-snippet:-1","max-image-preview":"max-image-preview:large","max-video-preview":"max-video-preview:-1"},"canonical":"https:\/\/shop.linckx.de\/de\/lookbook\/like-paper-bags\/taschen\/","og_locale":"de_DE","og_type":"article","og_title":"Taschen - linckx.\u00ae","og_description":"Beim Wischen \u00fcber die Fotos bekommt Ihr noch mehr zu sehen!","og_url":"https:\/\/shop.linckx.de\/de\/lookbook\/like-paper-bags\/taschen\/","og_site_name":"linckx.\u00ae","article_modified_time":"2020-09-25T19:44:50+00:00","twitter_card":"summary_large_image","twitter_misc":{"Gesch\u00e4tzte Lesezeit":"2\u00a0Minuten"},"schema":{"@context":"https:\/\/schema.org","@graph":[{"@type":"WebPage","@id":"https:\/\/shop.linckx.de\/de\/lookbook\/like-paper-bags\/taschen\/","url":"https:\/\/shop.linckx.de\/de\/lookbook\/like-paper-bags\/taschen\/","name":"Taschen - linckx.\u00ae","isPartOf":{"@id":"https:\/\/shop.linckx.de\/de\/#website"},"datePublished":"2020-01-10T15:04:49+00:00","dateModified":"2020-09-25T19:44:50+00:00","breadcrumb":{"@id":"https:\/\/shop.linckx.de\/de\/lookbook\/like-paper-bags\/taschen\/#breadcrumb"},"inLanguage":"de","potentialAction":[{"@type":"ReadAction","target":["https:\/\/shop.linckx.de\/de\/lookbook\/like-paper-bags\/taschen\/"]}]},{"@type":"BreadcrumbList","@id":"https:\/\/shop.linckx.de\/de\/lookbook\/like-paper-bags\/taschen\/#breadcrumb","itemListElement":[{"@type":"ListItem","position":1,"name":"Startseite","item":"https:\/\/shop.linckx.de\/de\/"},{"@type":"ListItem","position":2,"name":"LOOKBOOK","item":"https:\/\/shop.linckx.de\/en\/lookbook\/"},{"@type":"ListItem","position":3,"name":"like paper bags","item":"https:\/\/shop.linckx.de\/de\/lookbook\/like-paper-bags\/"},{"@type":"ListItem","position":4,"name":"Taschen"}]},{"@type":"WebSite","@id":"https:\/\/shop.linckx.de\/de\/#website","url":"https:\/\/shop.linckx.de\/de\/","name":"linckx.\u00ae","description":"Taschen + Accessoires    [made in Germany]","publisher":{"@id":"https:\/\/shop.linckx.de\/de\/#organization"},"potentialAction":[{"@type":"SearchAction","target":{"@type":"EntryPoint","urlTemplate":"https:\/\/shop.linckx.de\/de\/?s={search_term_string}"},"query-input":{"@type":"PropertyValueSpecification","valueRequired":true,"valueName":"search_term_string"}}],"inLanguage":"de"},{"@type":"Organization","@id":"https:\/\/shop.linckx.de\/de\/#organization","name":"linckx","url":"https:\/\/shop.linckx.de\/de\/","logo":{"@type":"ImageObject","inLanguage":"de","@id":"https:\/\/shop.linckx.de\/de\/#\/schema\/logo\/image\/","url":"https:\/\/i2.wp.com\/shop.linckx.de\/wp-content\/uploads\/2019\/08\/19-06_linckx-Logo-quadr.jpg?fit=1181%2C1181&ssl=1","contentUrl":"https:\/\/i2.wp.com\/shop.linckx.de\/wp-content\/uploads\/2019\/08\/19-06_linckx-Logo-quadr.jpg?fit=1181%2C1181&ssl=1","width":1181,"height":1181,"caption":"linckx"},"image":{"@id":"https:\/\/shop.linckx.de\/de\/#\/schema\/logo\/image\/"}}]}},"_links":{"self":[{"href":"https:\/\/shop.linckx.de\/de\/wp-json\/wp\/v2\/pages\/2060","targetHints":{"allow":["GET"]}}],"collection":[{"href":"https:\/\/shop.linckx.de\/de\/wp-json\/wp\/v2\/pages"}],"about":[{"href":"https:\/\/shop.linckx.de\/de\/wp-json\/wp\/v2\/types\/page"}],"author":[{"embeddable":true,"href":"https:\/\/shop.linckx.de\/de\/wp-json\/wp\/v2\/users\/1"}],"replies":[{"embeddable":true,"href":"https:\/\/shop.linckx.de\/de\/wp-json\/wp\/v2\/comments?post=2060"}],"version-history":[{"count":44,"href":"https:\/\/shop.linckx.de\/de\/wp-json\/wp\/v2\/pages\/2060\/revisions"}],"predecessor-version":[{"id":5689,"href":"https:\/\/shop.linckx.de\/de\/wp-json\/wp\/v2\/pages\/2060\/revisions\/5689"}],"up":[{"embeddable":true,"href":"https:\/\/shop.linckx.de\/de\/wp-json\/wp\/v2\/pages\/355"}],"wp:attachment":[{"href":"https:\/\/shop.linckx.de\/de\/wp-json\/wp\/v2\/media?parent=2060"}],"curies":[{"name":"wp","href":"https:\/\/api.w.org\/{rel}","templated":true}]}}