{"id":2112,"date":"2020-01-10T17:52:07","date_gmt":"2020-01-10T17:52:07","guid":{"rendered":"https:\/\/shop.linckx.de\/?page_id=2112"},"modified":"2021-11-05T18:58:16","modified_gmt":"2021-11-05T17:58:16","slug":"etuis-und-boersen","status":"publish","type":"page","link":"https:\/\/shop.linckx.de\/de\/lookbook\/like-paper-bags\/etuis-und-boersen\/","title":{"rendered":"Etuis und B\u00f6rsen"},"content":{"rendered":"\n<div class=\"wp-block-columns is-layout-flex wp-container-core-columns-is-layout-28f84493 wp-block-columns-is-layout-flex\">\n<div class=\"wp-block-column is-layout-flow wp-block-column-is-layout-flow\">\n\n\n\n\n<h4>JAMES&nbsp;&nbsp; Etui\/ Clutch<\/h4>\n<p>Als Clutch oder Bag-in-Bag, zum Aufbewahren von Kosmetik oder Computerzubeh\u00f6r, als Buchh\u00fclle oder Reisemappe. Durch die seitlichen \u00d6sen kann man einen Riemen kn\u00fcpfen zum Umh\u00e4ngen (Extra). Verschluss mit Druckknopf oder Mappenschloss.<\/p>\n<p>Gr\u00f6sse&nbsp; ca. 30 x 17 x 2 cm<\/p>\n\n\n\n<hr class=\"wp-block-separator is-style-default\"\/>\n<\/div>\n\n\n\n<div class=\"wp-block-column is-layout-flow wp-block-column-is-layout-flow\">\n\n\n\n\n<h4>DONALD&nbsp; B\u00f6rse<\/h4>\n<p>Die einfache, flache Geldb\u00f6rse bietet alles was man so braucht \u2013 mit F\u00e4chern f\u00fcr Banknoten, M\u00fcnzen und 6+ Karten. Verschluss mit einem farbigen Gummiband, das um die R\u00fcckseite gelegt wird.<\/p>\n<p>Gr\u00f6sse&nbsp; 16 x 10 cm<\/p>\n\n\n\n<hr class=\"wp-block-separator is-style-default\"\/>\n<\/div>\n\n\n\n<div class=\"wp-block-column is-layout-flow wp-block-column-is-layout-flow\">\n\n\n\n\n<h4><span style=\"color: #333333;\">CRUISER&nbsp; Reise-Organizer<\/span><\/h4>\n<p>Die Mappe im Format DIN A5 hat praktische Einsteckf\u00e4cher f\u00fcr Reisep\u00e4sse, Unterlagen und Karten, so sind auf Reisen alle Unterlagen gut auffindbar und sicher verstaut. Sie wird mit einem farbigen Gummiband verschlossen und ist so konstruiert, dass nichts herausfallen kann.<\/p>\n<p>Gr\u00f6sse &nbsp;&nbsp; 16 x 23 cm<\/p>\n\n\n\n<hr class=\"wp-block-separator is-style-default\"\/>\n\n\n<\/div>\n<\/div>\n\n\n\n<div class=\"wp-block-columns is-layout-flex wp-container-core-columns-is-layout-28f84493 wp-block-columns-is-layout-flex\">\n<div class=\"wp-block-column is-layout-flow wp-block-column-is-layout-flow\">\n\n\n\n\n<h4>DAISY&nbsp; B\u00f6rse<\/h4>\n<p>Die gro\u00dfe Geldb\u00f6rse DAISY hat ein Banknoten- und ein Zettelfach sowie Steckpl\u00e4tze f\u00fcr 8+ Karten. Das M\u00fcnzenfach mit Reissverschluss ist auf der R\u00fcckseite platziert. Sicherer Verschluss mit dem Mappenschloss.<\/p>\n<p>Gr\u00f6sse 22 x 10 x 1 cm<\/p>\n\n\n\n<hr class=\"wp-block-separator is-style-default\"\/>\n<\/div>\n\n\n\n<div class=\"wp-block-column is-layout-flow wp-block-column-is-layout-flow\">\n\n\n\n\n<h4>GALEA&nbsp;&nbsp; Etui<\/h4>\n<p>Einfaches Kosmetiketui mit farbigem Reissverschluss und einem D-Ring zum Anh\u00e4ngen in oder an der Handtasche. Und wenn sie mal schmutzig ist, steckst Du sie einfach in die Waschmaschine (bis 60\u00b0). <\/p>\n<p>Gr\u00f6sse S &nbsp; <br>18\/21 (B) x 13 (H) x 6 cm<\/p>\n\n\n\n<hr class=\"wp-block-separator is-style-default\"\/>\n<\/div>\n\n\n\n<div class=\"wp-block-column is-layout-flow wp-block-column-is-layout-flow\">\n\n\n\n\n<h4>LOOX&nbsp; Brillenetuis<\/h4>\n<p>Brillenetuis in zwei Gr\u00f6\u00dfen. Durch die geschickte Faltung des Materials sind alle Fl\u00e4chen zweilagig, so wird das Etui nicht in der Tasche zerdr\u00fcckt.&nbsp; Verschluss mit farbiger Gummikordel.<\/p>\n<p>Gr\u00f6sse S ca. 16 x 5 x 1-2&nbsp;cm<br>Gr\u00f6sse M ca. 16 x 6 x 2,5 cm<\/p>\n\n\n\n<hr class=\"wp-block-separator is-style-default\"\/>\n<\/div>\n<\/div>\n\n\n\n<div class=\"wp-block-columns is-layout-flex wp-container-core-columns-is-layout-28f84493 wp-block-columns-is-layout-flex\">\n<div class=\"wp-block-column is-layout-flow wp-block-column-is-layout-flow\">\n\n\n\n<h4>MAX Minib\u00f6rse<del><br><\/del><\/h4>\n<p>Passt in jede Hosentasche! Das Kartenetui\/ Minib\u00f6rse MAX hat Platz f\u00fcr ca. 5+ Karten, dazu jeweils ein M\u00fcnz- und ein Banknotenfach, Klappe mit Druckknopf. Das Kartenfach hat einen eigenen Druckknopf-Verschluss auf der anderen Seite.<\/p>\n<p><strong>Gr\u00f6sse<\/strong> &nbsp; ca. 10 x 7 cm<\/p>\n<\/div>\n\n\n\n<div class=\"wp-block-column is-layout-flow wp-block-column-is-layout-flow\"><\/div>\n\n\n\n<div class=\"wp-block-column is-layout-flow wp-block-column-is-layout-flow\">\n<h4><span style=\"color: #ff0000;\"><del>&nbsp;<\/del><\/span><\/h4>\n<p>&nbsp;<\/p>\n\n\n<\/div>\n<\/div>\n","protected":false},"excerpt":{"rendered":"","protected":false},"author":1,"featured_media":0,"parent":355,"menu_order":40,"comment_status":"closed","ping_status":"closed","template":"","meta":{"footnotes":""},"class_list":["post-2112","page","type-page","status-publish","hentry"],"yoast_head":"<!-- This site is optimized with the Yoast SEO plugin v27.1.1 - https:\/\/yoast.com\/product\/yoast-seo-wordpress\/ -->\n<title>Etuis und B\u00f6rsen - linckx.\u00ae<\/title>\n<meta name=\"robots\" content=\"index, follow, max-snippet:-1, max-image-preview:large, max-video-preview:-1\" \/>\n<link rel=\"canonical\" href=\"https:\/\/shop.linckx.de\/de\/lookbook\/like-paper-bags\/etuis-und-boersen\/\" \/>\n<meta property=\"og:locale\" content=\"de_DE\" \/>\n<meta property=\"og:type\" content=\"article\" \/>\n<meta property=\"og:title\" content=\"Etuis und B\u00f6rsen - linckx.\u00ae\" \/>\n<meta property=\"og:url\" content=\"https:\/\/shop.linckx.de\/de\/lookbook\/like-paper-bags\/etuis-und-boersen\/\" \/>\n<meta property=\"og:site_name\" content=\"linckx.\u00ae\" \/>\n<meta property=\"article:modified_time\" content=\"2021-11-05T17:58:16+00:00\" \/>\n<meta name=\"twitter:card\" content=\"summary_large_image\" \/>\n<meta name=\"twitter:label1\" content=\"Gesch\u00e4tzte Lesezeit\" \/>\n\t<meta name=\"twitter:data1\" content=\"2\u00a0Minuten\" \/>\n<script type=\"application\/ld+json\" class=\"yoast-schema-graph\">{\"@context\":\"https:\/\/schema.org\",\"@graph\":[{\"@type\":\"WebPage\",\"@id\":\"https:\/\/shop.linckx.de\/en\/lookbook\/like-paper-bags\/etuis-und-boersen\/\",\"url\":\"https:\/\/shop.linckx.de\/en\/lookbook\/like-paper-bags\/etuis-und-boersen\/\",\"name\":\"Etuis und B\u00f6rsen - linckx.\u00ae\",\"isPartOf\":{\"@id\":\"https:\/\/shop.linckx.de\/de\/#website\"},\"datePublished\":\"2020-01-10T17:52:07+00:00\",\"dateModified\":\"2021-11-05T17:58:16+00:00\",\"breadcrumb\":{\"@id\":\"https:\/\/shop.linckx.de\/en\/lookbook\/like-paper-bags\/etuis-und-boersen\/#breadcrumb\"},\"inLanguage\":\"de\",\"potentialAction\":[{\"@type\":\"ReadAction\",\"target\":[\"https:\/\/shop.linckx.de\/en\/lookbook\/like-paper-bags\/etuis-und-boersen\/\"]}]},{\"@type\":\"BreadcrumbList\",\"@id\":\"https:\/\/shop.linckx.de\/en\/lookbook\/like-paper-bags\/etuis-und-boersen\/#breadcrumb\",\"itemListElement\":[{\"@type\":\"ListItem\",\"position\":1,\"name\":\"Startseite\",\"item\":\"https:\/\/shop.linckx.de\/de\/\"},{\"@type\":\"ListItem\",\"position\":2,\"name\":\"LOOKBOOK\",\"item\":\"https:\/\/shop.linckx.de\/en\/lookbook\/\"},{\"@type\":\"ListItem\",\"position\":3,\"name\":\"like paper bags\",\"item\":\"https:\/\/shop.linckx.de\/de\/lookbook\/like-paper-bags\/\"},{\"@type\":\"ListItem\",\"position\":4,\"name\":\"Etuis und B\u00f6rsen\"}]},{\"@type\":\"WebSite\",\"@id\":\"https:\/\/shop.linckx.de\/de\/#website\",\"url\":\"https:\/\/shop.linckx.de\/de\/\",\"name\":\"linckx.\u00ae\",\"description\":\"Taschen + Accessoires    [made in Germany]\",\"publisher\":{\"@id\":\"https:\/\/shop.linckx.de\/de\/#organization\"},\"potentialAction\":[{\"@type\":\"SearchAction\",\"target\":{\"@type\":\"EntryPoint\",\"urlTemplate\":\"https:\/\/shop.linckx.de\/de\/?s={search_term_string}\"},\"query-input\":{\"@type\":\"PropertyValueSpecification\",\"valueRequired\":true,\"valueName\":\"search_term_string\"}}],\"inLanguage\":\"de\"},{\"@type\":\"Organization\",\"@id\":\"https:\/\/shop.linckx.de\/de\/#organization\",\"name\":\"linckx\",\"url\":\"https:\/\/shop.linckx.de\/de\/\",\"logo\":{\"@type\":\"ImageObject\",\"inLanguage\":\"de\",\"@id\":\"https:\/\/shop.linckx.de\/de\/#\/schema\/logo\/image\/\",\"url\":\"https:\/\/i2.wp.com\/shop.linckx.de\/wp-content\/uploads\/2019\/08\/19-06_linckx-Logo-quadr.jpg?fit=1181%2C1181&ssl=1\",\"contentUrl\":\"https:\/\/i2.wp.com\/shop.linckx.de\/wp-content\/uploads\/2019\/08\/19-06_linckx-Logo-quadr.jpg?fit=1181%2C1181&ssl=1\",\"width\":1181,\"height\":1181,\"caption\":\"linckx\"},\"image\":{\"@id\":\"https:\/\/shop.linckx.de\/de\/#\/schema\/logo\/image\/\"}}]}<\/script>\n<!-- \/ Yoast SEO plugin. -->","yoast_head_json":{"title":"Etuis und B\u00f6rsen - linckx.\u00ae","robots":{"index":"index","follow":"follow","max-snippet":"max-snippet:-1","max-image-preview":"max-image-preview:large","max-video-preview":"max-video-preview:-1"},"canonical":"https:\/\/shop.linckx.de\/de\/lookbook\/like-paper-bags\/etuis-und-boersen\/","og_locale":"de_DE","og_type":"article","og_title":"Etuis und B\u00f6rsen - linckx.\u00ae","og_url":"https:\/\/shop.linckx.de\/de\/lookbook\/like-paper-bags\/etuis-und-boersen\/","og_site_name":"linckx.\u00ae","article_modified_time":"2021-11-05T17:58:16+00:00","twitter_card":"summary_large_image","twitter_misc":{"Gesch\u00e4tzte Lesezeit":"2\u00a0Minuten"},"schema":{"@context":"https:\/\/schema.org","@graph":[{"@type":"WebPage","@id":"https:\/\/shop.linckx.de\/en\/lookbook\/like-paper-bags\/etuis-und-boersen\/","url":"https:\/\/shop.linckx.de\/en\/lookbook\/like-paper-bags\/etuis-und-boersen\/","name":"Etuis und B\u00f6rsen - linckx.\u00ae","isPartOf":{"@id":"https:\/\/shop.linckx.de\/de\/#website"},"datePublished":"2020-01-10T17:52:07+00:00","dateModified":"2021-11-05T17:58:16+00:00","breadcrumb":{"@id":"https:\/\/shop.linckx.de\/en\/lookbook\/like-paper-bags\/etuis-und-boersen\/#breadcrumb"},"inLanguage":"de","potentialAction":[{"@type":"ReadAction","target":["https:\/\/shop.linckx.de\/en\/lookbook\/like-paper-bags\/etuis-und-boersen\/"]}]},{"@type":"BreadcrumbList","@id":"https:\/\/shop.linckx.de\/en\/lookbook\/like-paper-bags\/etuis-und-boersen\/#breadcrumb","itemListElement":[{"@type":"ListItem","position":1,"name":"Startseite","item":"https:\/\/shop.linckx.de\/de\/"},{"@type":"ListItem","position":2,"name":"LOOKBOOK","item":"https:\/\/shop.linckx.de\/en\/lookbook\/"},{"@type":"ListItem","position":3,"name":"like paper bags","item":"https:\/\/shop.linckx.de\/de\/lookbook\/like-paper-bags\/"},{"@type":"ListItem","position":4,"name":"Etuis und B\u00f6rsen"}]},{"@type":"WebSite","@id":"https:\/\/shop.linckx.de\/de\/#website","url":"https:\/\/shop.linckx.de\/de\/","name":"linckx.\u00ae","description":"Taschen + Accessoires    [made in Germany]","publisher":{"@id":"https:\/\/shop.linckx.de\/de\/#organization"},"potentialAction":[{"@type":"SearchAction","target":{"@type":"EntryPoint","urlTemplate":"https:\/\/shop.linckx.de\/de\/?s={search_term_string}"},"query-input":{"@type":"PropertyValueSpecification","valueRequired":true,"valueName":"search_term_string"}}],"inLanguage":"de"},{"@type":"Organization","@id":"https:\/\/shop.linckx.de\/de\/#organization","name":"linckx","url":"https:\/\/shop.linckx.de\/de\/","logo":{"@type":"ImageObject","inLanguage":"de","@id":"https:\/\/shop.linckx.de\/de\/#\/schema\/logo\/image\/","url":"https:\/\/i2.wp.com\/shop.linckx.de\/wp-content\/uploads\/2019\/08\/19-06_linckx-Logo-quadr.jpg?fit=1181%2C1181&ssl=1","contentUrl":"https:\/\/i2.wp.com\/shop.linckx.de\/wp-content\/uploads\/2019\/08\/19-06_linckx-Logo-quadr.jpg?fit=1181%2C1181&ssl=1","width":1181,"height":1181,"caption":"linckx"},"image":{"@id":"https:\/\/shop.linckx.de\/de\/#\/schema\/logo\/image\/"}}]}},"_links":{"self":[{"href":"https:\/\/shop.linckx.de\/de\/wp-json\/wp\/v2\/pages\/2112","targetHints":{"allow":["GET"]}}],"collection":[{"href":"https:\/\/shop.linckx.de\/de\/wp-json\/wp\/v2\/pages"}],"about":[{"href":"https:\/\/shop.linckx.de\/de\/wp-json\/wp\/v2\/types\/page"}],"author":[{"embeddable":true,"href":"https:\/\/shop.linckx.de\/de\/wp-json\/wp\/v2\/users\/1"}],"replies":[{"embeddable":true,"href":"https:\/\/shop.linckx.de\/de\/wp-json\/wp\/v2\/comments?post=2112"}],"version-history":[{"count":14,"href":"https:\/\/shop.linckx.de\/de\/wp-json\/wp\/v2\/pages\/2112\/revisions"}],"predecessor-version":[{"id":4716,"href":"https:\/\/shop.linckx.de\/de\/wp-json\/wp\/v2\/pages\/2112\/revisions\/4716"}],"up":[{"embeddable":true,"href":"https:\/\/shop.linckx.de\/de\/wp-json\/wp\/v2\/pages\/355"}],"wp:attachment":[{"href":"https:\/\/shop.linckx.de\/de\/wp-json\/wp\/v2\/media?parent=2112"}],"curies":[{"name":"wp","href":"https:\/\/api.w.org\/{rel}","templated":true}]}}