{"id":2169,"date":"2020-01-11T08:44:44","date_gmt":"2020-01-11T08:44:44","guid":{"rendered":"https:\/\/shop.linckx.de\/?page_id=2169"},"modified":"2023-11-19T17:17:53","modified_gmt":"2023-11-19T16:17:53","slug":"wohnaccessoires","status":"publish","type":"page","link":"https:\/\/shop.linckx.de\/de\/lookbook\/filz-forever\/wohnaccessoires\/","title":{"rendered":"Wohnaccessoires"},"content":{"rendered":"\n<p><em>Beim Wischen \u00fcber die Fotos bekommt Ihr mehr zu sehen!<\/em><\/p>\n\n\n\n<div class=\"wp-block-columns is-layout-flex wp-container-core-columns-is-layout-28f84493 wp-block-columns-is-layout-flex\">\n<div class=\"wp-block-column is-layout-flow wp-block-column-is-layout-flow\">\n\n\n\n\n<h4>BOBO Filzkorb<\/h4>\n<p>&#8230;zum Aufbewahren von Spielzeug, Magazinen und anderen Kleinigkeiten. Man kann ihn auch gut ins Regal stellen, er passt z.B. in das KALLAX von Ikea. Mit den seitlichen Griffl\u00f6chern l\u00e4sst er sich gut transportieren. Der PET-Filz aus recycelten Plastikflaschen ist dick und robust und sogar waschbar!<\/p>\n<p><strong>Gr\u00f6sse<\/strong>&nbsp; &nbsp;&nbsp; 30 x 37 x 22 cm<\/p>\n\n\n\n<hr class=\"wp-block-separator has-css-opacity is-style-default\"\/>\n<\/div>\n\n\n\n<div class=\"wp-block-column is-layout-flow wp-block-column-is-layout-flow\">\n\n\n\n\n<h4>PANTO&nbsp; Filzpantoffel<\/h4>\n<p>Diese ungew\u00f6hnlichen Filzpantoffel sind angenehm zu tragen und sehr leicht, das macht sie auch zu idealen Reisebegleitern. Der Wollfilz atmet und wirkt ausgleichend: bei K\u00e4lte w\u00e4rmt er die F\u00fc\u00dfe, und bei Hitze ist er nicht zu warm. Mit Anti-Rutsch-Beschichtung aus Latex unten oder aus Veloursleder.<\/p>\n<p><strong>Gr\u00f6sse M<\/strong> f\u00fcr Schuhgr. 36 &#8211; 40<br><strong>Gr\u00f6sse L<\/strong> f\u00fcr Schuhgr. 41 &#8211; 45<\/p>\n\n\n\n<hr class=\"wp-block-separator has-css-opacity is-style-default\"\/>\n<\/div>\n\n\n\n<div class=\"wp-block-column is-layout-flow wp-block-column-is-layout-flow\">\n\n\n\n\n<h4>BOX&nbsp; Kleenex Box Cover<\/h4>\n<p>Die Filz-Cover geben jeder Taschentuch-Box einen edlen Touch \u2013 einfach \u00fcberst\u00fclpen und der Pappkarton ist verschwunden! Aus zweifarbigem Wollfilz, entweder mit der hellgrauen oder der dunkelgrauen Seite au\u00dfen verarbeitet, dabei zeichnet sich an den Kanten die zweite Farbe ab. Passend f\u00fcr alle Boxen (5 -7 cm hoch).<\/p>\n<p><strong>Gr\u00f6sse<\/strong> &nbsp; &nbsp;&nbsp; 24 x 12 x 6 (H) cm<\/p>\n\n\n\n<hr class=\"wp-block-separator has-css-opacity is-style-default\"\/>\n<\/div>\n<\/div>\n\n\n\n<div class=\"wp-block-columns is-layout-flex wp-container-core-columns-is-layout-28f84493 wp-block-columns-is-layout-flex\">\n<div class=\"wp-block-column is-layout-flow wp-block-column-is-layout-flow\">\n\n\n\n\n<h4>SITTY&nbsp; Sitzauflage<\/h4>\n<p>&#8230; aus aus zwei Lagen Filz mit einem zus\u00e4tzlichen Innenpolster, das macht sie so bequem! Erh\u00e4ltlich aus Wollfilz oder PET-Filz.<\/p>\n<p><strong>Gr\u00f6sse<\/strong> &nbsp; 37 x 34 cm (andere Gr\u00f6ssen auf Anfrage)<\/p>\n<\/div>\n\n\n\n<div class=\"wp-block-column is-layout-flow wp-block-column-is-layout-flow\"><div class=\"n2-section-smartslider fitvidsignore \" data-ssid=\"61\" tabindex=\"0\" role=\"region\" aria-label=\"Slider\" data-alias=\"dot\"><div id=\"n2-ss-61-align\" class=\"n2-ss-align\"><div class=\"n2-padding\"><div id=\"n2-ss-61\" data-creator=\"Smart Slider 3\" data-responsive=\"auto\" class=\"n2-ss-slider n2-ow n2-has-hover n2notransition dot \">\n\n\n\n\n\n<div class=\"n2-ss-slider-wrapper-inside\">\n        <div class=\"n2-ss-slider-1 n2_ss__touch_element n2-ow\">\n            <div class=\"n2-ss-slider-2 n2-ow\">\n                                                <div class=\"n2-ss-slider-3 n2-ow\">\n\n                    <div class=\"n2-ss-slide-backgrounds n2-ow-all\"><div class=\"n2-ss-slide-background\" data-public-id=\"1\" data-mode=\"fit\"><div class=\"n2-ss-slide-background-image\" data-blur=\"0\" data-opacity=\"100\" data-x=\"50\" data-y=\"50\" data-alt=\"\" data-title=\"\"><picture class=\"skip-lazy\" data-skip-lazy=\"1\"><img decoding=\"async\" src=\"\/\/shop.linckx.de\/wp-content\/uploads\/2021\/11\/DOT-5-Farben.jpg\" alt=\"\" title=\"\" loading=\"lazy\" class=\"skip-lazy\" data-skip-lazy=\"1\"><\/picture><\/div><div data-color=\"RGBA(255,255,255,0)\" style=\"background-color: RGBA(255,255,255,0);\" class=\"n2-ss-slide-background-color\"><\/div><\/div><div class=\"n2-ss-slide-background\" data-public-id=\"2\" data-mode=\"fit\" aria-hidden=\"true\"><div class=\"n2-ss-slide-background-image\" data-blur=\"0\" data-opacity=\"100\" data-x=\"50\" data-y=\"50\" data-alt=\"\" data-title=\"\"><picture class=\"skip-lazy\" data-skip-lazy=\"1\"><img decoding=\"async\" src=\"\/\/shop.linckx.de\/wp-content\/uploads\/2021\/11\/DOT-orange_1200.jpg\" alt=\"\" title=\"\" loading=\"lazy\" class=\"skip-lazy\" data-skip-lazy=\"1\"><\/picture><\/div><div data-color=\"RGBA(255,255,255,0)\" style=\"background-color: RGBA(255,255,255,0);\" class=\"n2-ss-slide-background-color\"><\/div><\/div><\/div>                    <div class=\"n2-ss-slider-4 n2-ow\">\n                        <svg xmlns=\"http:\/\/www.w3.org\/2000\/svg\" viewBox=\"0 0 1200 900\" data-related-device=\"desktopPortrait\" class=\"n2-ow n2-ss-preserve-size n2-ss-preserve-size--slider n2-ss-slide-limiter\"><\/svg><div data-first=\"1\" data-slide-duration=\"0\" data-id=\"571\" data-slide-public-id=\"1\" data-title=\"DOT 5 Farben\" class=\"n2-ss-slide n2-ow  n2-ss-slide-571\"><div role=\"note\" class=\"n2-ss-slide--focus\" tabindex=\"-1\">DOT 5 Farben<\/div><div class=\"n2-ss-layers-container n2-ss-slide-limiter n2-ow\"><div class=\"n2-ss-layer n2-ow n-uc-LQpdVRy6M4RQ\" data-sstype=\"slide\" data-pm=\"default\"><\/div><\/div><\/div><div data-slide-duration=\"0\" data-id=\"572\" data-slide-public-id=\"2\" aria-hidden=\"true\" data-title=\"DOT orange_1200\" class=\"n2-ss-slide n2-ow  n2-ss-slide-572\"><div role=\"note\" class=\"n2-ss-slide--focus\" tabindex=\"-1\">DOT orange_1200<\/div><div class=\"n2-ss-layers-container n2-ss-slide-limiter n2-ow\"><div class=\"n2-ss-layer n2-ow n-uc-wVoOKxzYiIUX\" data-sstype=\"slide\" data-pm=\"default\"><\/div><\/div><\/div>                    <\/div>\n\n                                    <\/div>\n            <\/div>\n        <\/div>\n        <div class=\"n2-ss-slider-controls n2-ss-slider-controls-absolute-left-bottom\"><div style=\"--widget-offset:5px;\" class=\"n2-ss-widget n2-ss-control-bullet n2-ow-all n2-ss-control-bullet-horizontal\"><div class=\"n2-style-89e6829493f6425211df0e3f6998e151-simple  nextend-bullet-bar n2-bar-justify-content-center\" role=\"group\" aria-label=\"Choose slide to display.\"><div class=\"n2-bullet n2-style-dc279f99961678e530a0b1741e969ba5-dot \" style=\"visibility:hidden;\"><\/div><\/div><\/div><\/div><\/div><\/div><ss3-loader><\/ss3-loader><\/div><\/div><div class=\"n2_clear\"><\/div><\/div>\n\n\n<h4 class=\"wp-block-heading\">DOT Glasuntersetzer<\/h4>\n\n\n\n<p>Diese bunten Glasuntersetzer sind aus PET-Filz, der aus recycelten Plastikflaschen hergestellt wird. Ein Vorteil ist, im Gegensatz zu echtem Wollfilz kann man sie in die Waschmaschine stecken!<br>Die Untersetzer kommen im 4-er Set.<\/p>\n\n\n\n<p><strong>Gr\u00f6sse<\/strong>&nbsp; \u00d8 10 cm<\/p>\n<\/div>\n\n\n\n<div class=\"wp-block-column is-layout-flow wp-block-column-is-layout-flow\"><\/div>\n<\/div>\n","protected":false},"excerpt":{"rendered":"<p>Beim Wischen \u00fcber die Fotos bekommt Ihr mehr zu sehen! BOBO Filzkorb &#8230;zum Aufbewahren von Spielzeug, Magazinen und anderen Kleinigkeiten. Man kann ihn auch gut ins Regal stellen, er passt z.B. in das KALLAX von Ikea. Mit den seitlichen Griffl\u00f6chern l\u00e4sst er sich gut transportieren. Der PET-Filz aus recycelten Plastikflaschen ist dick und robust und [&hellip;]<\/p>\n","protected":false},"author":1,"featured_media":0,"parent":2,"menu_order":40,"comment_status":"closed","ping_status":"closed","template":"","meta":{"footnotes":""},"class_list":["post-2169","page","type-page","status-publish","hentry"],"yoast_head":"<!-- This site is optimized with the Yoast SEO plugin v27.1.1 - https:\/\/yoast.com\/product\/yoast-seo-wordpress\/ -->\n<title>Wohnaccessoires - linckx.\u00ae<\/title>\n<meta name=\"robots\" content=\"index, follow, max-snippet:-1, max-image-preview:large, max-video-preview:-1\" \/>\n<link rel=\"canonical\" href=\"https:\/\/shop.linckx.de\/de\/lookbook\/filz-forever\/wohnaccessoires\/\" \/>\n<meta property=\"og:locale\" content=\"de_DE\" \/>\n<meta property=\"og:type\" content=\"article\" \/>\n<meta property=\"og:title\" content=\"Wohnaccessoires - linckx.\u00ae\" \/>\n<meta property=\"og:description\" content=\"Beim Wischen \u00fcber die Fotos bekommt Ihr mehr zu sehen! BOBO Filzkorb &#8230;zum Aufbewahren von Spielzeug, Magazinen und anderen Kleinigkeiten. Man kann ihn auch gut ins Regal stellen, er passt z.B. in das KALLAX von Ikea. Mit den seitlichen Griffl\u00f6chern l\u00e4sst er sich gut transportieren. Der PET-Filz aus recycelten Plastikflaschen ist dick und robust und [&hellip;]\" \/>\n<meta property=\"og:url\" content=\"https:\/\/shop.linckx.de\/de\/lookbook\/filz-forever\/wohnaccessoires\/\" \/>\n<meta property=\"og:site_name\" content=\"linckx.\u00ae\" \/>\n<meta property=\"article:modified_time\" content=\"2023-11-19T16:17:53+00:00\" \/>\n<meta name=\"twitter:card\" content=\"summary_large_image\" \/>\n<meta name=\"twitter:label1\" content=\"Gesch\u00e4tzte Lesezeit\" \/>\n\t<meta name=\"twitter:data1\" content=\"2\u00a0Minuten\" \/>\n<script type=\"application\/ld+json\" class=\"yoast-schema-graph\">{\"@context\":\"https:\/\/schema.org\",\"@graph\":[{\"@type\":\"WebPage\",\"@id\":\"https:\/\/shop.linckx.de\/en\/lookbook\/filz-forever\/wohnaccessoires\/\",\"url\":\"https:\/\/shop.linckx.de\/en\/lookbook\/filz-forever\/wohnaccessoires\/\",\"name\":\"Wohnaccessoires - linckx.\u00ae\",\"isPartOf\":{\"@id\":\"https:\/\/shop.linckx.de\/de\/#website\"},\"datePublished\":\"2020-01-11T08:44:44+00:00\",\"dateModified\":\"2023-11-19T16:17:53+00:00\",\"breadcrumb\":{\"@id\":\"https:\/\/shop.linckx.de\/en\/lookbook\/filz-forever\/wohnaccessoires\/#breadcrumb\"},\"inLanguage\":\"de\",\"potentialAction\":[{\"@type\":\"ReadAction\",\"target\":[\"https:\/\/shop.linckx.de\/en\/lookbook\/filz-forever\/wohnaccessoires\/\"]}]},{\"@type\":\"BreadcrumbList\",\"@id\":\"https:\/\/shop.linckx.de\/en\/lookbook\/filz-forever\/wohnaccessoires\/#breadcrumb\",\"itemListElement\":[{\"@type\":\"ListItem\",\"position\":1,\"name\":\"Startseite\",\"item\":\"https:\/\/shop.linckx.de\/de\/\"},{\"@type\":\"ListItem\",\"position\":2,\"name\":\"LOOKBOOK\",\"item\":\"https:\/\/shop.linckx.de\/en\/lookbook\/\"},{\"@type\":\"ListItem\",\"position\":3,\"name\":\"Filz Forever\",\"item\":\"https:\/\/shop.linckx.de\/de\/lookbook\/filz-forever\/\"},{\"@type\":\"ListItem\",\"position\":4,\"name\":\"Wohnaccessoires\"}]},{\"@type\":\"WebSite\",\"@id\":\"https:\/\/shop.linckx.de\/de\/#website\",\"url\":\"https:\/\/shop.linckx.de\/de\/\",\"name\":\"linckx.\u00ae\",\"description\":\"Taschen + Accessoires    [made in Germany]\",\"publisher\":{\"@id\":\"https:\/\/shop.linckx.de\/de\/#organization\"},\"potentialAction\":[{\"@type\":\"SearchAction\",\"target\":{\"@type\":\"EntryPoint\",\"urlTemplate\":\"https:\/\/shop.linckx.de\/de\/?s={search_term_string}\"},\"query-input\":{\"@type\":\"PropertyValueSpecification\",\"valueRequired\":true,\"valueName\":\"search_term_string\"}}],\"inLanguage\":\"de\"},{\"@type\":\"Organization\",\"@id\":\"https:\/\/shop.linckx.de\/de\/#organization\",\"name\":\"linckx\",\"url\":\"https:\/\/shop.linckx.de\/de\/\",\"logo\":{\"@type\":\"ImageObject\",\"inLanguage\":\"de\",\"@id\":\"https:\/\/shop.linckx.de\/de\/#\/schema\/logo\/image\/\",\"url\":\"https:\/\/i2.wp.com\/shop.linckx.de\/wp-content\/uploads\/2019\/08\/19-06_linckx-Logo-quadr.jpg?fit=1181%2C1181&ssl=1\",\"contentUrl\":\"https:\/\/i2.wp.com\/shop.linckx.de\/wp-content\/uploads\/2019\/08\/19-06_linckx-Logo-quadr.jpg?fit=1181%2C1181&ssl=1\",\"width\":1181,\"height\":1181,\"caption\":\"linckx\"},\"image\":{\"@id\":\"https:\/\/shop.linckx.de\/de\/#\/schema\/logo\/image\/\"}}]}<\/script>\n<!-- \/ Yoast SEO plugin. -->","yoast_head_json":{"title":"Wohnaccessoires - linckx.\u00ae","robots":{"index":"index","follow":"follow","max-snippet":"max-snippet:-1","max-image-preview":"max-image-preview:large","max-video-preview":"max-video-preview:-1"},"canonical":"https:\/\/shop.linckx.de\/de\/lookbook\/filz-forever\/wohnaccessoires\/","og_locale":"de_DE","og_type":"article","og_title":"Wohnaccessoires - linckx.\u00ae","og_description":"Beim Wischen \u00fcber die Fotos bekommt Ihr mehr zu sehen! BOBO Filzkorb &#8230;zum Aufbewahren von Spielzeug, Magazinen und anderen Kleinigkeiten. Man kann ihn auch gut ins Regal stellen, er passt z.B. in das KALLAX von Ikea. Mit den seitlichen Griffl\u00f6chern l\u00e4sst er sich gut transportieren. Der PET-Filz aus recycelten Plastikflaschen ist dick und robust und [&hellip;]","og_url":"https:\/\/shop.linckx.de\/de\/lookbook\/filz-forever\/wohnaccessoires\/","og_site_name":"linckx.\u00ae","article_modified_time":"2023-11-19T16:17:53+00:00","twitter_card":"summary_large_image","twitter_misc":{"Gesch\u00e4tzte Lesezeit":"2\u00a0Minuten"},"schema":{"@context":"https:\/\/schema.org","@graph":[{"@type":"WebPage","@id":"https:\/\/shop.linckx.de\/en\/lookbook\/filz-forever\/wohnaccessoires\/","url":"https:\/\/shop.linckx.de\/en\/lookbook\/filz-forever\/wohnaccessoires\/","name":"Wohnaccessoires - linckx.\u00ae","isPartOf":{"@id":"https:\/\/shop.linckx.de\/de\/#website"},"datePublished":"2020-01-11T08:44:44+00:00","dateModified":"2023-11-19T16:17:53+00:00","breadcrumb":{"@id":"https:\/\/shop.linckx.de\/en\/lookbook\/filz-forever\/wohnaccessoires\/#breadcrumb"},"inLanguage":"de","potentialAction":[{"@type":"ReadAction","target":["https:\/\/shop.linckx.de\/en\/lookbook\/filz-forever\/wohnaccessoires\/"]}]},{"@type":"BreadcrumbList","@id":"https:\/\/shop.linckx.de\/en\/lookbook\/filz-forever\/wohnaccessoires\/#breadcrumb","itemListElement":[{"@type":"ListItem","position":1,"name":"Startseite","item":"https:\/\/shop.linckx.de\/de\/"},{"@type":"ListItem","position":2,"name":"LOOKBOOK","item":"https:\/\/shop.linckx.de\/en\/lookbook\/"},{"@type":"ListItem","position":3,"name":"Filz Forever","item":"https:\/\/shop.linckx.de\/de\/lookbook\/filz-forever\/"},{"@type":"ListItem","position":4,"name":"Wohnaccessoires"}]},{"@type":"WebSite","@id":"https:\/\/shop.linckx.de\/de\/#website","url":"https:\/\/shop.linckx.de\/de\/","name":"linckx.\u00ae","description":"Taschen + Accessoires    [made in Germany]","publisher":{"@id":"https:\/\/shop.linckx.de\/de\/#organization"},"potentialAction":[{"@type":"SearchAction","target":{"@type":"EntryPoint","urlTemplate":"https:\/\/shop.linckx.de\/de\/?s={search_term_string}"},"query-input":{"@type":"PropertyValueSpecification","valueRequired":true,"valueName":"search_term_string"}}],"inLanguage":"de"},{"@type":"Organization","@id":"https:\/\/shop.linckx.de\/de\/#organization","name":"linckx","url":"https:\/\/shop.linckx.de\/de\/","logo":{"@type":"ImageObject","inLanguage":"de","@id":"https:\/\/shop.linckx.de\/de\/#\/schema\/logo\/image\/","url":"https:\/\/i2.wp.com\/shop.linckx.de\/wp-content\/uploads\/2019\/08\/19-06_linckx-Logo-quadr.jpg?fit=1181%2C1181&ssl=1","contentUrl":"https:\/\/i2.wp.com\/shop.linckx.de\/wp-content\/uploads\/2019\/08\/19-06_linckx-Logo-quadr.jpg?fit=1181%2C1181&ssl=1","width":1181,"height":1181,"caption":"linckx"},"image":{"@id":"https:\/\/shop.linckx.de\/de\/#\/schema\/logo\/image\/"}}]}},"_links":{"self":[{"href":"https:\/\/shop.linckx.de\/de\/wp-json\/wp\/v2\/pages\/2169","targetHints":{"allow":["GET"]}}],"collection":[{"href":"https:\/\/shop.linckx.de\/de\/wp-json\/wp\/v2\/pages"}],"about":[{"href":"https:\/\/shop.linckx.de\/de\/wp-json\/wp\/v2\/types\/page"}],"author":[{"embeddable":true,"href":"https:\/\/shop.linckx.de\/de\/wp-json\/wp\/v2\/users\/1"}],"replies":[{"embeddable":true,"href":"https:\/\/shop.linckx.de\/de\/wp-json\/wp\/v2\/comments?post=2169"}],"version-history":[{"count":14,"href":"https:\/\/shop.linckx.de\/de\/wp-json\/wp\/v2\/pages\/2169\/revisions"}],"predecessor-version":[{"id":5706,"href":"https:\/\/shop.linckx.de\/de\/wp-json\/wp\/v2\/pages\/2169\/revisions\/5706"}],"up":[{"embeddable":true,"href":"https:\/\/shop.linckx.de\/de\/wp-json\/wp\/v2\/pages\/2"}],"wp:attachment":[{"href":"https:\/\/shop.linckx.de\/de\/wp-json\/wp\/v2\/media?parent=2169"}],"curies":[{"name":"wp","href":"https:\/\/api.w.org\/{rel}","templated":true}]}}