{"id":384,"date":"2019-05-11T12:36:19","date_gmt":"2019-05-11T12:36:19","guid":{"rendered":"https:\/\/shop.linckx.de\/?page_id=384"},"modified":"2023-04-08T17:23:28","modified_gmt":"2023-04-08T15:23:28","slug":"canvas-collection","status":"publish","type":"page","link":"https:\/\/shop.linckx.de\/de\/lookbook\/canvas-collection\/","title":{"rendered":"Canvas Collection"},"content":{"rendered":"<div class=\"wp-block-image\">\n<figure class=\"aligncenter size-thumbnail\"><img loading=\"lazy\" decoding=\"async\" width=\"150\" height=\"150\" src=\"https:\/\/shop.linckx.de\/wp-content\/uploads\/2019\/05\/canvascoll-Logo-rund_512png-150x150.png\" alt=\"Canvas Collection Logo\" class=\"wp-image-436\" srcset=\"https:\/\/shop.linckx.de\/wp-content\/uploads\/2019\/05\/canvascoll-Logo-rund_512png-150x150.png 150w, https:\/\/shop.linckx.de\/wp-content\/uploads\/2019\/05\/canvascoll-Logo-rund_512png-324x324.png 324w, https:\/\/shop.linckx.de\/wp-content\/uploads\/2019\/05\/canvascoll-Logo-rund_512png-100x100.png 100w, https:\/\/shop.linckx.de\/wp-content\/uploads\/2019\/05\/canvascoll-Logo-rund_512png-416x416.png 416w, https:\/\/shop.linckx.de\/wp-content\/uploads\/2019\/05\/canvascoll-Logo-rund_512png-300x300.png 300w, https:\/\/shop.linckx.de\/wp-content\/uploads\/2019\/05\/canvascoll-Logo-rund_512png-400x400.png 400w, https:\/\/shop.linckx.de\/wp-content\/uploads\/2019\/05\/canvascoll-Logo-rund_512png-50x50.png 50w, https:\/\/shop.linckx.de\/wp-content\/uploads\/2019\/05\/canvascoll-Logo-rund_512png.png 512w\" sizes=\"auto, (max-width: 150px) 100vw, 150px\" \/><\/figure>\n<\/div>\n\n\n<p class=\"has-text-align-left has-normal-font-size\"><strong>Leicht, flexibel und wasserdicht!<\/strong><br><br>L\u00e4ssige, sportliche Rucks\u00e4cke, Boten- und Fahrradtaschen, gemacht aus  wasserabweisendem Segeltuch oder wasserdichtem Nylon\/ Cordura. Alle  Modelle k\u00f6nnen in der H\u00f6he erweitert werden, wenn mal mehr reinpassen  soll. Die \u201eMultiPack\u201c Modelle k\u00f6nnen zum Rucksack umgebaut werden. <br><a href=\"https:\/\/shop.linckx.de\/de\/lookbook\/canvas-collection\/canvas-collection-materialinfo\/\" target=\"_blank\" rel=\"noreferrer noopener\">Hier gibt\u00b4s die Infos zum Material.<\/a><\/p>\n\n\n\n<p><em>Beim Wischen \u00fcber die Fotos bekommt Ihr mehr zu sehen!<\/em><\/p>\n\n\n\n<div class=\"wp-block-columns is-layout-flex wp-container-core-columns-is-layout-28f84493 wp-block-columns-is-layout-flex\">\n<div class=\"wp-block-column is-layout-flow wp-block-column-is-layout-flow\">\n<h4 class=\"wp-block-heading\">Ellipse.03<\/h4>\n\n\n\n\n\n\n\n<p>Au\u00dfergew\u00f6hnliches Design mit der ellipsenf\u00f6rmigen \u00d6ffnung, die die Farbe des Innenfutters zeigt! Wenn mal mehr rein muss, kann die Tasche auch hochgeklappt getragen werden (erweiterbar auf eine H\u00f6he von ca. 50 cm). Um sie sicher zu verschlie\u00dfen, wird das Gummiband hinten um die Tasche gelegt.<\/p>\n\n\n\n<p><strong>Gr\u00f6sse 03<\/strong><br>ca. 28 (B) x 29\/50 (H) x 10 (T) cm<\/p>\n\n\n\n<p><a href=\"https:\/\/shop.linckx.de\/lookbook\/canvas-collection\/ellipse-botentasche\">mehr lesen<\/a><\/p>\n\n\n\n<p><a href=\"https:\/\/shop.linckx.de\/produkt\/ellipse-03-ny\" target=\"_blank\" rel=\"noreferrer noopener\">zum Produkt im Shop<\/a><\/p>\n<\/div>\n\n\n\n<div class=\"wp-block-column is-layout-flow wp-block-column-is-layout-flow\">\n<h4 class=\"wp-block-heading\">MultiPack.01<\/h4>\n\n\n\n\n\n\n\n<p>Die kleine MultiPack.01 ist praktisch f\u00fcr Urlaub und Freizeit! Geschlossen wird sie mit einer verstellbaren Steckschliesse aus Kunststoff, so kann sie in der H\u00f6he erweitert werden.<\/p>\n\n\n\n<p><strong>Gr\u00f6sse 01<\/strong><br>ca. 20 (B) x 22\/32 (H) x 6 (T) cm<\/p>\n\n\n\n<p><strong>Gr\u00f6sse 01<\/strong><br>ca. 20 (B) x 22\/32 (H) x 6 (T) cm<\/p>\n\n\n\n<p><a href=\"https:\/\/shop.linckx.de\/lookbook\/canvas-collection\/multipack\">mehr lesen<\/a><\/p>\n\n\n\n<p><a href=\"https:\/\/shop.linckx.de\/produkt\/multipack-01-kleine-freizeittasche\" target=\"_blank\" rel=\"noreferrer noopener\">zum Produkt im Shop<\/a><\/p>\n<\/div>\n\n\n\n<div class=\"wp-block-column is-layout-flow wp-block-column-is-layout-flow\">\n<h4 class=\"wp-block-heading\">MultiPack.02\/ 03<\/h4>\n\n\n\n\n\n\n<p>Die MultiPack.02 und 03 k\u00f6nnen auch als Rucksack getragen werden! Geschlossen werden sie mit einer verstellbaren Steckschliesse aus Kunststoff, so k\u00f6nnen diese Modelle hochgeklappt und erweitert werden. Der Tragegurt ist mit Karabinern befestigt und kann abgenommen\/ umgebaut werden, um die Tasche als Rucksack zu tragen.<\/p>\n\n\n\n<p><a href=\"https:\/\/shop.linckx.de\/lookbook\/canvas-collection\/multipack\">mehr lesen<\/a><\/p>\n\n\n\n<p><strong>Gr\u00f6sse 02<\/strong><br>ca. 24 (B) x 28\/39 (H) x 8 (T) cm<br><a rel=\"noreferrer noopener\" href=\"https:\/\/shop.linckx.de\/produkt\/multipack-02-botentasche\" target=\"_blank\">zum Produkt im Shop<\/a><\/p>\n\n\n\n<p><strong>Gr\u00f6sse 03<\/strong><br>ca. 28 (B) x 32\/46 (H) x 10 (T) cm<\/p>\n\n\n\n<p><a rel=\"noreferrer noopener\" href=\"https:\/\/shop.linckx.de\/produkt\/multipack-03-botentasche-canvas-nylon\" target=\"_blank\">zum Produkt im Shop<\/a><\/p>\n<\/div>\n<\/div>\n\n\n\n<p class=\"has-text-align-center has-background\" style=\"background-color:#e9e9e9\">\nAlle unsere Produkte sind komplett <strong>made in Germany<\/strong> &#8211;  produziert wird in kleinen N\u00e4hbetrieben in Sachsen und Norddeutschland sowie in unserer M\u00fcnchner Werkstatt.\n\n<\/p>\n","protected":false},"excerpt":{"rendered":"<p>Leicht, flexibel und wasserdicht! L\u00e4ssige, sportliche Rucks\u00e4cke, Boten- und Fahrradtaschen, gemacht aus wasserabweisendem Segeltuch oder wasserdichtem Nylon\/ Cordura. Alle Modelle k\u00f6nnen in der H\u00f6he erweitert werden, wenn mal mehr reinpassen soll. Die \u201eMultiPack\u201c Modelle k\u00f6nnen zum Rucksack umgebaut werden. Hier gibt\u00b4s die Infos zum Material. Beim Wischen \u00fcber die Fotos bekommt Ihr mehr zu sehen! [&hellip;]<\/p>\n","protected":false},"author":1,"featured_media":0,"parent":1687,"menu_order":30,"comment_status":"closed","ping_status":"closed","template":"template-fullwidth.php","meta":{"footnotes":""},"class_list":["post-384","page","type-page","status-publish","hentry"],"yoast_head":"<!-- This site is optimized with the Yoast SEO plugin v27.1.1 - https:\/\/yoast.com\/product\/yoast-seo-wordpress\/ -->\n<title>Canvas Collection - linckx.\u00ae<\/title>\n<meta name=\"robots\" content=\"index, follow, max-snippet:-1, max-image-preview:large, max-video-preview:-1\" \/>\n<link rel=\"canonical\" href=\"https:\/\/shop.linckx.de\/de\/lookbook\/canvas-collection\/\" \/>\n<meta property=\"og:locale\" content=\"de_DE\" \/>\n<meta property=\"og:type\" content=\"article\" \/>\n<meta property=\"og:title\" content=\"Canvas Collection - linckx.\u00ae\" \/>\n<meta property=\"og:description\" content=\"Leicht, flexibel und wasserdicht! L\u00e4ssige, sportliche Rucks\u00e4cke, Boten- und Fahrradtaschen, gemacht aus wasserabweisendem Segeltuch oder wasserdichtem Nylon\/ Cordura. Alle Modelle k\u00f6nnen in der H\u00f6he erweitert werden, wenn mal mehr reinpassen soll. Die \u201eMultiPack\u201c Modelle k\u00f6nnen zum Rucksack umgebaut werden. Hier gibt\u00b4s die Infos zum Material. Beim Wischen \u00fcber die Fotos bekommt Ihr mehr zu sehen! [&hellip;]\" \/>\n<meta property=\"og:url\" content=\"https:\/\/shop.linckx.de\/de\/lookbook\/canvas-collection\/\" \/>\n<meta property=\"og:site_name\" content=\"linckx.\u00ae\" \/>\n<meta property=\"article:modified_time\" content=\"2023-04-08T15:23:28+00:00\" \/>\n<meta property=\"og:image\" content=\"https:\/\/shop.linckx.de\/wp-content\/uploads\/2019\/05\/canvascoll-Logo-rund_512png-150x150.png\" \/>\n<meta name=\"twitter:card\" content=\"summary_large_image\" \/>\n<meta name=\"twitter:label1\" content=\"Gesch\u00e4tzte Lesezeit\" \/>\n\t<meta name=\"twitter:data1\" content=\"2\u00a0Minuten\" \/>\n<script type=\"application\/ld+json\" class=\"yoast-schema-graph\">{\"@context\":\"https:\/\/schema.org\",\"@graph\":[{\"@type\":\"WebPage\",\"@id\":\"https:\/\/shop.linckx.de\/en\/lookbook\/canvas-collection\/\",\"url\":\"https:\/\/shop.linckx.de\/en\/lookbook\/canvas-collection\/\",\"name\":\"Canvas Collection - linckx.\u00ae\",\"isPartOf\":{\"@id\":\"https:\/\/shop.linckx.de\/de\/#website\"},\"primaryImageOfPage\":{\"@id\":\"https:\/\/shop.linckx.de\/en\/lookbook\/canvas-collection\/#primaryimage\"},\"image\":{\"@id\":\"https:\/\/shop.linckx.de\/en\/lookbook\/canvas-collection\/#primaryimage\"},\"thumbnailUrl\":\"https:\/\/shop.linckx.de\/wp-content\/uploads\/2019\/05\/canvascoll-Logo-rund_512png-150x150.png\",\"datePublished\":\"2019-05-11T12:36:19+00:00\",\"dateModified\":\"2023-04-08T15:23:28+00:00\",\"breadcrumb\":{\"@id\":\"https:\/\/shop.linckx.de\/en\/lookbook\/canvas-collection\/#breadcrumb\"},\"inLanguage\":\"de\",\"potentialAction\":[{\"@type\":\"ReadAction\",\"target\":[\"https:\/\/shop.linckx.de\/en\/lookbook\/canvas-collection\/\"]}]},{\"@type\":\"ImageObject\",\"inLanguage\":\"de\",\"@id\":\"https:\/\/shop.linckx.de\/en\/lookbook\/canvas-collection\/#primaryimage\",\"url\":\"https:\/\/shop.linckx.de\/wp-content\/uploads\/2019\/05\/canvascoll-Logo-rund_512png-150x150.png\",\"contentUrl\":\"https:\/\/shop.linckx.de\/wp-content\/uploads\/2019\/05\/canvascoll-Logo-rund_512png-150x150.png\"},{\"@type\":\"BreadcrumbList\",\"@id\":\"https:\/\/shop.linckx.de\/en\/lookbook\/canvas-collection\/#breadcrumb\",\"itemListElement\":[{\"@type\":\"ListItem\",\"position\":1,\"name\":\"Startseite\",\"item\":\"https:\/\/shop.linckx.de\/de\/\"},{\"@type\":\"ListItem\",\"position\":2,\"name\":\"LOOKBOOK\",\"item\":\"https:\/\/shop.linckx.de\/en\/lookbook\/\"},{\"@type\":\"ListItem\",\"position\":3,\"name\":\"Canvas Collection\"}]},{\"@type\":\"WebSite\",\"@id\":\"https:\/\/shop.linckx.de\/de\/#website\",\"url\":\"https:\/\/shop.linckx.de\/de\/\",\"name\":\"linckx.\u00ae\",\"description\":\"Taschen + Accessoires    [made in Germany]\",\"publisher\":{\"@id\":\"https:\/\/shop.linckx.de\/de\/#organization\"},\"potentialAction\":[{\"@type\":\"SearchAction\",\"target\":{\"@type\":\"EntryPoint\",\"urlTemplate\":\"https:\/\/shop.linckx.de\/de\/?s={search_term_string}\"},\"query-input\":{\"@type\":\"PropertyValueSpecification\",\"valueRequired\":true,\"valueName\":\"search_term_string\"}}],\"inLanguage\":\"de\"},{\"@type\":\"Organization\",\"@id\":\"https:\/\/shop.linckx.de\/de\/#organization\",\"name\":\"linckx\",\"url\":\"https:\/\/shop.linckx.de\/de\/\",\"logo\":{\"@type\":\"ImageObject\",\"inLanguage\":\"de\",\"@id\":\"https:\/\/shop.linckx.de\/de\/#\/schema\/logo\/image\/\",\"url\":\"https:\/\/i2.wp.com\/shop.linckx.de\/wp-content\/uploads\/2019\/08\/19-06_linckx-Logo-quadr.jpg?fit=1181%2C1181&ssl=1\",\"contentUrl\":\"https:\/\/i2.wp.com\/shop.linckx.de\/wp-content\/uploads\/2019\/08\/19-06_linckx-Logo-quadr.jpg?fit=1181%2C1181&ssl=1\",\"width\":1181,\"height\":1181,\"caption\":\"linckx\"},\"image\":{\"@id\":\"https:\/\/shop.linckx.de\/de\/#\/schema\/logo\/image\/\"}}]}<\/script>\n<!-- \/ Yoast SEO plugin. -->","yoast_head_json":{"title":"Canvas Collection - linckx.\u00ae","robots":{"index":"index","follow":"follow","max-snippet":"max-snippet:-1","max-image-preview":"max-image-preview:large","max-video-preview":"max-video-preview:-1"},"canonical":"https:\/\/shop.linckx.de\/de\/lookbook\/canvas-collection\/","og_locale":"de_DE","og_type":"article","og_title":"Canvas Collection - linckx.\u00ae","og_description":"Leicht, flexibel und wasserdicht! L\u00e4ssige, sportliche Rucks\u00e4cke, Boten- und Fahrradtaschen, gemacht aus wasserabweisendem Segeltuch oder wasserdichtem Nylon\/ Cordura. Alle Modelle k\u00f6nnen in der H\u00f6he erweitert werden, wenn mal mehr reinpassen soll. Die \u201eMultiPack\u201c Modelle k\u00f6nnen zum Rucksack umgebaut werden. Hier gibt\u00b4s die Infos zum Material. Beim Wischen \u00fcber die Fotos bekommt Ihr mehr zu sehen! [&hellip;]","og_url":"https:\/\/shop.linckx.de\/de\/lookbook\/canvas-collection\/","og_site_name":"linckx.\u00ae","article_modified_time":"2023-04-08T15:23:28+00:00","og_image":[{"url":"https:\/\/shop.linckx.de\/wp-content\/uploads\/2019\/05\/canvascoll-Logo-rund_512png-150x150.png","type":"","width":"","height":""}],"twitter_card":"summary_large_image","twitter_misc":{"Gesch\u00e4tzte Lesezeit":"2\u00a0Minuten"},"schema":{"@context":"https:\/\/schema.org","@graph":[{"@type":"WebPage","@id":"https:\/\/shop.linckx.de\/en\/lookbook\/canvas-collection\/","url":"https:\/\/shop.linckx.de\/en\/lookbook\/canvas-collection\/","name":"Canvas Collection - linckx.\u00ae","isPartOf":{"@id":"https:\/\/shop.linckx.de\/de\/#website"},"primaryImageOfPage":{"@id":"https:\/\/shop.linckx.de\/en\/lookbook\/canvas-collection\/#primaryimage"},"image":{"@id":"https:\/\/shop.linckx.de\/en\/lookbook\/canvas-collection\/#primaryimage"},"thumbnailUrl":"https:\/\/shop.linckx.de\/wp-content\/uploads\/2019\/05\/canvascoll-Logo-rund_512png-150x150.png","datePublished":"2019-05-11T12:36:19+00:00","dateModified":"2023-04-08T15:23:28+00:00","breadcrumb":{"@id":"https:\/\/shop.linckx.de\/en\/lookbook\/canvas-collection\/#breadcrumb"},"inLanguage":"de","potentialAction":[{"@type":"ReadAction","target":["https:\/\/shop.linckx.de\/en\/lookbook\/canvas-collection\/"]}]},{"@type":"ImageObject","inLanguage":"de","@id":"https:\/\/shop.linckx.de\/en\/lookbook\/canvas-collection\/#primaryimage","url":"https:\/\/shop.linckx.de\/wp-content\/uploads\/2019\/05\/canvascoll-Logo-rund_512png-150x150.png","contentUrl":"https:\/\/shop.linckx.de\/wp-content\/uploads\/2019\/05\/canvascoll-Logo-rund_512png-150x150.png"},{"@type":"BreadcrumbList","@id":"https:\/\/shop.linckx.de\/en\/lookbook\/canvas-collection\/#breadcrumb","itemListElement":[{"@type":"ListItem","position":1,"name":"Startseite","item":"https:\/\/shop.linckx.de\/de\/"},{"@type":"ListItem","position":2,"name":"LOOKBOOK","item":"https:\/\/shop.linckx.de\/en\/lookbook\/"},{"@type":"ListItem","position":3,"name":"Canvas Collection"}]},{"@type":"WebSite","@id":"https:\/\/shop.linckx.de\/de\/#website","url":"https:\/\/shop.linckx.de\/de\/","name":"linckx.\u00ae","description":"Taschen + Accessoires    [made in Germany]","publisher":{"@id":"https:\/\/shop.linckx.de\/de\/#organization"},"potentialAction":[{"@type":"SearchAction","target":{"@type":"EntryPoint","urlTemplate":"https:\/\/shop.linckx.de\/de\/?s={search_term_string}"},"query-input":{"@type":"PropertyValueSpecification","valueRequired":true,"valueName":"search_term_string"}}],"inLanguage":"de"},{"@type":"Organization","@id":"https:\/\/shop.linckx.de\/de\/#organization","name":"linckx","url":"https:\/\/shop.linckx.de\/de\/","logo":{"@type":"ImageObject","inLanguage":"de","@id":"https:\/\/shop.linckx.de\/de\/#\/schema\/logo\/image\/","url":"https:\/\/i2.wp.com\/shop.linckx.de\/wp-content\/uploads\/2019\/08\/19-06_linckx-Logo-quadr.jpg?fit=1181%2C1181&ssl=1","contentUrl":"https:\/\/i2.wp.com\/shop.linckx.de\/wp-content\/uploads\/2019\/08\/19-06_linckx-Logo-quadr.jpg?fit=1181%2C1181&ssl=1","width":1181,"height":1181,"caption":"linckx"},"image":{"@id":"https:\/\/shop.linckx.de\/de\/#\/schema\/logo\/image\/"}}]}},"_links":{"self":[{"href":"https:\/\/shop.linckx.de\/de\/wp-json\/wp\/v2\/pages\/384","targetHints":{"allow":["GET"]}}],"collection":[{"href":"https:\/\/shop.linckx.de\/de\/wp-json\/wp\/v2\/pages"}],"about":[{"href":"https:\/\/shop.linckx.de\/de\/wp-json\/wp\/v2\/types\/page"}],"author":[{"embeddable":true,"href":"https:\/\/shop.linckx.de\/de\/wp-json\/wp\/v2\/users\/1"}],"replies":[{"embeddable":true,"href":"https:\/\/shop.linckx.de\/de\/wp-json\/wp\/v2\/comments?post=384"}],"version-history":[{"count":54,"href":"https:\/\/shop.linckx.de\/de\/wp-json\/wp\/v2\/pages\/384\/revisions"}],"predecessor-version":[{"id":5681,"href":"https:\/\/shop.linckx.de\/de\/wp-json\/wp\/v2\/pages\/384\/revisions\/5681"}],"up":[{"embeddable":true,"href":"https:\/\/shop.linckx.de\/de\/wp-json\/wp\/v2\/pages\/1687"}],"wp:attachment":[{"href":"https:\/\/shop.linckx.de\/de\/wp-json\/wp\/v2\/media?parent=384"}],"curies":[{"name":"wp","href":"https:\/\/api.w.org\/{rel}","templated":true}]}}