{"id":787,"date":"2019-08-15T16:28:14","date_gmt":"2019-08-15T16:28:14","guid":{"rendered":"https:\/\/shop.linckx.de\/?page_id=787"},"modified":"2023-04-09T18:55:24","modified_gmt":"2023-04-09T16:55:24","slug":"rucksaecke","status":"publish","type":"page","link":"https:\/\/shop.linckx.de\/de\/lookbook\/filz-forever\/rucksaecke\/","title":{"rendered":"Rucks\u00e4cke &#8211; Convertibles"},"content":{"rendered":"\n<div class=\"wp-block-columns is-layout-flex wp-container-core-columns-is-layout-28f84493 wp-block-columns-is-layout-flex\">\n<div class=\"wp-block-column is-layout-flow wp-block-column-is-layout-flow\">\n<p><em>Beim Wischen \u00fcber die Fotos bekommt Ihr mehr zu sehen!<\/em><\/p>\n\n\n\n<p class=\"has-text-align-left\">Die zwei Rucks\u00e4cke FRANZ und ELIAS bieten unterschiedliche Vorteile. Der eine flexibel nutzbar, der andere ein vollwertiger Rucksack, oben mit Reissverschluss.<\/p>\n\n\n\n<p>Beide Modelle k\u00f6nnen wir auch im alpinen Design liefern, z.B. mit einem l\u00e4ssigen Siebdruck&#8211;Motiv wie dem gro\u00dfen Steinbock!<\/p>\n<\/div>\n\n\n\n<div class=\"wp-block-column is-layout-flow wp-block-column-is-layout-flow\">\n\n\n\n\n<h4 class=\"wp-block-heading\">ELIAS<\/h4>\n\n\n\n<p class=\"has-text-align-left\">&#8230;ist ein reiner Rucksack, mit breiten, verstellbaren Tr\u00e4gern. Innen hat er zwei F\u00e4cher und einen Karabiner, z.B. um Schl\u00fcssel anzuh\u00e4ngen.<\/p>\n\n\n\n<p><strong>Gr\u00f6sse<\/strong> &nbsp; ca. 33\/ 38 x 42 x 7 cm<\/p>\n\n\n\n\n\n\n\n<hr class=\"wp-block-separator has-css-opacity is-style-wide\"\/>\n\n\n\n<p class=\"has-text-align-center\">Varianten des  Steinbock-Motivs in tannengr\u00fcn, rot und braun ( Hand-Siebdruck mit Textilfarbe auf Wasserbasis, l\u00f6sungsmittelfrei).<\/p>\n\n\n\n\n\n\n\n<hr class=\"wp-block-separator has-css-opacity is-style-wide\"\/>\n<\/div>\n\n\n\n<div class=\"wp-block-column is-layout-flow wp-block-column-is-layout-flow\">\n\n\n\n\n<h4 class=\"wp-block-heading\">FRANZ<\/h4>\n\n\n\n<p class=\"has-text-align-left\">&#8230; kann in Sekunden zur Schultertasche werden.<br>Ausgestattet mit einer Innentasche mit Stifthalter, bietet er genug Raum, um auch mal ein Notebook mitzunehmen oder Eink\u00e4ufe. Praktisch ist die Rucksack-Funktion auch zum Fahrradfahren! Neu: auch bei FRANZ sind die Gurte jetzt verstellbar!<\/p>\n\n\n\n<p class=\"has-text-align-left\"><strong>Gr\u00f6sse<\/strong> ca. 34 x 41 x 6 cm<\/p>\n\n\n\n\n\n\n<p class=\"has-text-align-left\">FRANZ Varianten mit dem gro\u00dfen Steinbock-Motiv <\/p>\n\n\n\n<hr class=\"wp-block-separator has-css-opacity is-style-wide\"\/>\n<\/div>\n<\/div>\n\n\n\n<div class=\"wp-block-columns is-layout-flex wp-container-core-columns-is-layout-28f84493 wp-block-columns-is-layout-flex\">\n<div class=\"wp-block-column is-layout-flow wp-block-column-is-layout-flow\"><\/div>\n\n\n\n<div class=\"wp-block-column is-layout-flow wp-block-column-is-layout-flow\"><\/div>\n\n\n\n<div class=\"wp-block-column is-layout-flow wp-block-column-is-layout-flow\"><\/div>\n<\/div>\n","protected":false},"excerpt":{"rendered":"<p>Beim Wischen \u00fcber die Fotos bekommt Ihr mehr zu sehen! Die zwei Rucks\u00e4cke FRANZ und ELIAS bieten unterschiedliche Vorteile. Der eine flexibel nutzbar, der andere ein vollwertiger Rucksack, oben mit Reissverschluss. Beide Modelle k\u00f6nnen wir auch im alpinen Design liefern, z.B. mit einem l\u00e4ssigen Siebdruck&#8211;Motiv wie dem gro\u00dfen Steinbock! ELIAS &#8230;ist ein reiner Rucksack, mit [&hellip;]<\/p>\n","protected":false},"author":1,"featured_media":0,"parent":2,"menu_order":20,"comment_status":"closed","ping_status":"closed","template":"template-fullwidth.php","meta":{"footnotes":""},"class_list":["post-787","page","type-page","status-publish","hentry"],"yoast_head":"<!-- This site is optimized with the Yoast SEO plugin v27.1.1 - https:\/\/yoast.com\/product\/yoast-seo-wordpress\/ -->\n<title>Rucks\u00e4cke - Convertibles - linckx.\u00ae<\/title>\n<meta name=\"robots\" content=\"index, follow, max-snippet:-1, max-image-preview:large, max-video-preview:-1\" \/>\n<link rel=\"canonical\" href=\"https:\/\/shop.linckx.de\/de\/lookbook\/filz-forever\/rucksaecke\/\" \/>\n<meta property=\"og:locale\" content=\"de_DE\" \/>\n<meta property=\"og:type\" content=\"article\" \/>\n<meta property=\"og:title\" content=\"Rucks\u00e4cke - Convertibles - linckx.\u00ae\" \/>\n<meta property=\"og:description\" content=\"Beim Wischen \u00fcber die Fotos bekommt Ihr mehr zu sehen! Die zwei Rucks\u00e4cke FRANZ und ELIAS bieten unterschiedliche Vorteile. Der eine flexibel nutzbar, der andere ein vollwertiger Rucksack, oben mit Reissverschluss. Beide Modelle k\u00f6nnen wir auch im alpinen Design liefern, z.B. mit einem l\u00e4ssigen Siebdruck&#8211;Motiv wie dem gro\u00dfen Steinbock! ELIAS &#8230;ist ein reiner Rucksack, mit [&hellip;]\" \/>\n<meta property=\"og:url\" content=\"https:\/\/shop.linckx.de\/de\/lookbook\/filz-forever\/rucksaecke\/\" \/>\n<meta property=\"og:site_name\" content=\"linckx.\u00ae\" \/>\n<meta property=\"article:modified_time\" content=\"2023-04-09T16:55:24+00:00\" \/>\n<meta name=\"twitter:card\" content=\"summary_large_image\" \/>\n<meta name=\"twitter:label1\" content=\"Gesch\u00e4tzte Lesezeit\" \/>\n\t<meta name=\"twitter:data1\" content=\"1\u00a0Minute\" \/>\n<script type=\"application\/ld+json\" class=\"yoast-schema-graph\">{\"@context\":\"https:\/\/schema.org\",\"@graph\":[{\"@type\":\"WebPage\",\"@id\":\"https:\/\/shop.linckx.de\/de\/lookbook\/filz-forever\/rucksaecke\/\",\"url\":\"https:\/\/shop.linckx.de\/de\/lookbook\/filz-forever\/rucksaecke\/\",\"name\":\"Rucks\u00e4cke - Convertibles - linckx.\u00ae\",\"isPartOf\":{\"@id\":\"https:\/\/shop.linckx.de\/de\/#website\"},\"datePublished\":\"2019-08-15T16:28:14+00:00\",\"dateModified\":\"2023-04-09T16:55:24+00:00\",\"breadcrumb\":{\"@id\":\"https:\/\/shop.linckx.de\/de\/lookbook\/filz-forever\/rucksaecke\/#breadcrumb\"},\"inLanguage\":\"de\",\"potentialAction\":[{\"@type\":\"ReadAction\",\"target\":[\"https:\/\/shop.linckx.de\/de\/lookbook\/filz-forever\/rucksaecke\/\"]}]},{\"@type\":\"BreadcrumbList\",\"@id\":\"https:\/\/shop.linckx.de\/de\/lookbook\/filz-forever\/rucksaecke\/#breadcrumb\",\"itemListElement\":[{\"@type\":\"ListItem\",\"position\":1,\"name\":\"Startseite\",\"item\":\"https:\/\/shop.linckx.de\/de\/\"},{\"@type\":\"ListItem\",\"position\":2,\"name\":\"LOOKBOOK\",\"item\":\"https:\/\/shop.linckx.de\/en\/lookbook\/\"},{\"@type\":\"ListItem\",\"position\":3,\"name\":\"Filz Forever\",\"item\":\"https:\/\/shop.linckx.de\/de\/lookbook\/filz-forever\/\"},{\"@type\":\"ListItem\",\"position\":4,\"name\":\"Rucks\u00e4cke &#8211; Convertibles\"}]},{\"@type\":\"WebSite\",\"@id\":\"https:\/\/shop.linckx.de\/de\/#website\",\"url\":\"https:\/\/shop.linckx.de\/de\/\",\"name\":\"linckx.\u00ae\",\"description\":\"Taschen + Accessoires    [made in Germany]\",\"publisher\":{\"@id\":\"https:\/\/shop.linckx.de\/de\/#organization\"},\"potentialAction\":[{\"@type\":\"SearchAction\",\"target\":{\"@type\":\"EntryPoint\",\"urlTemplate\":\"https:\/\/shop.linckx.de\/de\/?s={search_term_string}\"},\"query-input\":{\"@type\":\"PropertyValueSpecification\",\"valueRequired\":true,\"valueName\":\"search_term_string\"}}],\"inLanguage\":\"de\"},{\"@type\":\"Organization\",\"@id\":\"https:\/\/shop.linckx.de\/de\/#organization\",\"name\":\"linckx\",\"url\":\"https:\/\/shop.linckx.de\/de\/\",\"logo\":{\"@type\":\"ImageObject\",\"inLanguage\":\"de\",\"@id\":\"https:\/\/shop.linckx.de\/de\/#\/schema\/logo\/image\/\",\"url\":\"https:\/\/i2.wp.com\/shop.linckx.de\/wp-content\/uploads\/2019\/08\/19-06_linckx-Logo-quadr.jpg?fit=1181%2C1181&ssl=1\",\"contentUrl\":\"https:\/\/i2.wp.com\/shop.linckx.de\/wp-content\/uploads\/2019\/08\/19-06_linckx-Logo-quadr.jpg?fit=1181%2C1181&ssl=1\",\"width\":1181,\"height\":1181,\"caption\":\"linckx\"},\"image\":{\"@id\":\"https:\/\/shop.linckx.de\/de\/#\/schema\/logo\/image\/\"}}]}<\/script>\n<!-- \/ Yoast SEO plugin. -->","yoast_head_json":{"title":"Rucks\u00e4cke - Convertibles - linckx.\u00ae","robots":{"index":"index","follow":"follow","max-snippet":"max-snippet:-1","max-image-preview":"max-image-preview:large","max-video-preview":"max-video-preview:-1"},"canonical":"https:\/\/shop.linckx.de\/de\/lookbook\/filz-forever\/rucksaecke\/","og_locale":"de_DE","og_type":"article","og_title":"Rucks\u00e4cke - Convertibles - linckx.\u00ae","og_description":"Beim Wischen \u00fcber die Fotos bekommt Ihr mehr zu sehen! Die zwei Rucks\u00e4cke FRANZ und ELIAS bieten unterschiedliche Vorteile. Der eine flexibel nutzbar, der andere ein vollwertiger Rucksack, oben mit Reissverschluss. Beide Modelle k\u00f6nnen wir auch im alpinen Design liefern, z.B. mit einem l\u00e4ssigen Siebdruck&#8211;Motiv wie dem gro\u00dfen Steinbock! ELIAS &#8230;ist ein reiner Rucksack, mit [&hellip;]","og_url":"https:\/\/shop.linckx.de\/de\/lookbook\/filz-forever\/rucksaecke\/","og_site_name":"linckx.\u00ae","article_modified_time":"2023-04-09T16:55:24+00:00","twitter_card":"summary_large_image","twitter_misc":{"Gesch\u00e4tzte Lesezeit":"1\u00a0Minute"},"schema":{"@context":"https:\/\/schema.org","@graph":[{"@type":"WebPage","@id":"https:\/\/shop.linckx.de\/de\/lookbook\/filz-forever\/rucksaecke\/","url":"https:\/\/shop.linckx.de\/de\/lookbook\/filz-forever\/rucksaecke\/","name":"Rucks\u00e4cke - Convertibles - linckx.\u00ae","isPartOf":{"@id":"https:\/\/shop.linckx.de\/de\/#website"},"datePublished":"2019-08-15T16:28:14+00:00","dateModified":"2023-04-09T16:55:24+00:00","breadcrumb":{"@id":"https:\/\/shop.linckx.de\/de\/lookbook\/filz-forever\/rucksaecke\/#breadcrumb"},"inLanguage":"de","potentialAction":[{"@type":"ReadAction","target":["https:\/\/shop.linckx.de\/de\/lookbook\/filz-forever\/rucksaecke\/"]}]},{"@type":"BreadcrumbList","@id":"https:\/\/shop.linckx.de\/de\/lookbook\/filz-forever\/rucksaecke\/#breadcrumb","itemListElement":[{"@type":"ListItem","position":1,"name":"Startseite","item":"https:\/\/shop.linckx.de\/de\/"},{"@type":"ListItem","position":2,"name":"LOOKBOOK","item":"https:\/\/shop.linckx.de\/en\/lookbook\/"},{"@type":"ListItem","position":3,"name":"Filz Forever","item":"https:\/\/shop.linckx.de\/de\/lookbook\/filz-forever\/"},{"@type":"ListItem","position":4,"name":"Rucks\u00e4cke &#8211; Convertibles"}]},{"@type":"WebSite","@id":"https:\/\/shop.linckx.de\/de\/#website","url":"https:\/\/shop.linckx.de\/de\/","name":"linckx.\u00ae","description":"Taschen + Accessoires    [made in Germany]","publisher":{"@id":"https:\/\/shop.linckx.de\/de\/#organization"},"potentialAction":[{"@type":"SearchAction","target":{"@type":"EntryPoint","urlTemplate":"https:\/\/shop.linckx.de\/de\/?s={search_term_string}"},"query-input":{"@type":"PropertyValueSpecification","valueRequired":true,"valueName":"search_term_string"}}],"inLanguage":"de"},{"@type":"Organization","@id":"https:\/\/shop.linckx.de\/de\/#organization","name":"linckx","url":"https:\/\/shop.linckx.de\/de\/","logo":{"@type":"ImageObject","inLanguage":"de","@id":"https:\/\/shop.linckx.de\/de\/#\/schema\/logo\/image\/","url":"https:\/\/i2.wp.com\/shop.linckx.de\/wp-content\/uploads\/2019\/08\/19-06_linckx-Logo-quadr.jpg?fit=1181%2C1181&ssl=1","contentUrl":"https:\/\/i2.wp.com\/shop.linckx.de\/wp-content\/uploads\/2019\/08\/19-06_linckx-Logo-quadr.jpg?fit=1181%2C1181&ssl=1","width":1181,"height":1181,"caption":"linckx"},"image":{"@id":"https:\/\/shop.linckx.de\/de\/#\/schema\/logo\/image\/"}}]}},"_links":{"self":[{"href":"https:\/\/shop.linckx.de\/de\/wp-json\/wp\/v2\/pages\/787","targetHints":{"allow":["GET"]}}],"collection":[{"href":"https:\/\/shop.linckx.de\/de\/wp-json\/wp\/v2\/pages"}],"about":[{"href":"https:\/\/shop.linckx.de\/de\/wp-json\/wp\/v2\/types\/page"}],"author":[{"embeddable":true,"href":"https:\/\/shop.linckx.de\/de\/wp-json\/wp\/v2\/users\/1"}],"replies":[{"embeddable":true,"href":"https:\/\/shop.linckx.de\/de\/wp-json\/wp\/v2\/comments?post=787"}],"version-history":[{"count":20,"href":"https:\/\/shop.linckx.de\/de\/wp-json\/wp\/v2\/pages\/787\/revisions"}],"predecessor-version":[{"id":5685,"href":"https:\/\/shop.linckx.de\/de\/wp-json\/wp\/v2\/pages\/787\/revisions\/5685"}],"up":[{"embeddable":true,"href":"https:\/\/shop.linckx.de\/de\/wp-json\/wp\/v2\/pages\/2"}],"wp:attachment":[{"href":"https:\/\/shop.linckx.de\/de\/wp-json\/wp\/v2\/media?parent=787"}],"curies":[{"name":"wp","href":"https:\/\/api.w.org\/{rel}","templated":true}]}}