{"id":799,"date":"2019-08-15T16:41:15","date_gmt":"2019-08-15T16:41:15","guid":{"rendered":"https:\/\/shop.linckx.de\/?page_id=799"},"modified":"2020-09-27T15:36:42","modified_gmt":"2020-09-27T15:36:42","slug":"multipack","status":"publish","type":"page","link":"https:\/\/shop.linckx.de\/de\/lookbook\/canvas-collection\/multipack\/","title":{"rendered":"MultiPack Modelle"},"content":{"rendered":"\n<p>Aussenstoff aus Canvas (100% Baumwolle, impr\u00e4gniert, wasserabweisend) oder Nylon\/ Cordura (80%NY 20%PU, wasserdicht), Innenfutter aus 100% Baumwolle (\u00d6kotex 100).<\/p>\n<p>Unsere MultiPack Modelle gibt es in drei Gr\u00f6\u00dfen:<\/p>\n\n\n\n<div class=\"wp-block-columns is-layout-flex wp-container-core-columns-is-layout-28f84493 wp-block-columns-is-layout-flex\">\n<div class=\"wp-block-column is-layout-flow wp-block-column-is-layout-flow\">\n<figure class=\"wp-block-image size-large\"><img loading=\"lazy\" decoding=\"async\" width=\"900\" height=\"900\" src=\"https:\/\/shop.linckx.de\/wp-content\/uploads\/2019\/08\/MP01-Fahrrad-1_900.jpg\" alt=\"\" class=\"wp-image-729\" srcset=\"https:\/\/shop.linckx.de\/wp-content\/uploads\/2019\/08\/MP01-Fahrrad-1_900.jpg 900w, https:\/\/shop.linckx.de\/wp-content\/uploads\/2019\/08\/MP01-Fahrrad-1_900-324x324.jpg 324w, https:\/\/shop.linckx.de\/wp-content\/uploads\/2019\/08\/MP01-Fahrrad-1_900-100x100.jpg 100w, https:\/\/shop.linckx.de\/wp-content\/uploads\/2019\/08\/MP01-Fahrrad-1_900-416x416.jpg 416w, https:\/\/shop.linckx.de\/wp-content\/uploads\/2019\/08\/MP01-Fahrrad-1_900-150x150.jpg 150w, https:\/\/shop.linckx.de\/wp-content\/uploads\/2019\/08\/MP01-Fahrrad-1_900-300x300.jpg 300w, https:\/\/shop.linckx.de\/wp-content\/uploads\/2019\/08\/MP01-Fahrrad-1_900-768x768.jpg 768w\" sizes=\"auto, (max-width: 900px) 100vw, 900px\" \/><\/figure>\n<\/div>\n\n\n\n<div class=\"wp-block-column is-layout-flow wp-block-column-is-layout-flow\">\n<h4>MultiPack.01<\/h4>\n<p>Diese kleine Boten-\/ H\u00fcfttasche ist ungemein praktisch und sieht gut aus dabei! Der Gurt zum Umh\u00e4ngen ist abnehmbar, so kannst Du die Tasche z.B. beim Radfahren um die Stange schnallen! Vorne hat sie zwei Aussenf\u00e4cher, und im Innenfutter gibt es zwei kleine F\u00e4cher. Geschlossen wird sie mit einer verstellbaren Steckschliesse aus Kunststoff, so kann die Tasche hochgeklappt auf eine H\u00f6he von ca. 32 cm erweitert werden.&nbsp;<\/p>\n<p>Gr\u00f6sse ca. 20 (B) x 22\/32 (H) x 6 (T) cm<\/p>\n<\/div>\n<\/div>\n\n\n\n<div class=\"wp-block-columns is-layout-flex wp-container-core-columns-is-layout-28f84493 wp-block-columns-is-layout-flex\">\n<div class=\"wp-block-column is-layout-flow wp-block-column-is-layout-flow\">\n<h4>MultiPack.02 Botentasche<\/h4>\n<p>Diese kleine Botentasche kann auch als Rucksack getragen werden!&nbsp; Vorne gibt es zwei Aussenf\u00e4cher mit Klettverschluss, und im Innenfutter sind noch drei F\u00e4cher eingearbeitet.&nbsp;<br>Format DIN A4 passt hochkant hinein, ebenso kleine Notebooks. Geschlossen wird sie mit einer verstellbaren Steckschliesse aus Kunststoff, so kann die Tasche hochgeklappt auf eine H\u00f6he von ca. 39 cm erweitert werden. Der Tragegurt mit Karabinern kann abgenommen\/ umgebaut werden, um die Tasche als Rucksack zu tragen. <\/p>\n<p>Gr\u00f6sse ca. 24 (B) x 28\/39 (H) x&nbsp;8 (T) cm<\/p>\n<\/div>\n\n\n\n<div class=\"wp-block-column is-layout-flow wp-block-column-is-layout-flow\">\n<figure class=\"wp-block-image size-large\"><img loading=\"lazy\" decoding=\"async\" width=\"900\" height=\"900\" src=\"https:\/\/shop.linckx.de\/wp-content\/uploads\/2019\/08\/MP02K-khaki-Org_900.jpg\" alt=\"\" class=\"wp-image-804\" srcset=\"https:\/\/shop.linckx.de\/wp-content\/uploads\/2019\/08\/MP02K-khaki-Org_900.jpg 900w, https:\/\/shop.linckx.de\/wp-content\/uploads\/2019\/08\/MP02K-khaki-Org_900-324x324.jpg 324w, https:\/\/shop.linckx.de\/wp-content\/uploads\/2019\/08\/MP02K-khaki-Org_900-100x100.jpg 100w, https:\/\/shop.linckx.de\/wp-content\/uploads\/2019\/08\/MP02K-khaki-Org_900-416x416.jpg 416w, https:\/\/shop.linckx.de\/wp-content\/uploads\/2019\/08\/MP02K-khaki-Org_900-150x150.jpg 150w, https:\/\/shop.linckx.de\/wp-content\/uploads\/2019\/08\/MP02K-khaki-Org_900-300x300.jpg 300w, https:\/\/shop.linckx.de\/wp-content\/uploads\/2019\/08\/MP02K-khaki-Org_900-768x768.jpg 768w\" sizes=\"auto, (max-width: 900px) 100vw, 900px\" \/><\/figure>\n<\/div>\n<\/div>\n\n\n\n<div class=\"wp-block-columns is-layout-flex wp-container-core-columns-is-layout-28f84493 wp-block-columns-is-layout-flex\">\n<div class=\"wp-block-column is-layout-flow wp-block-column-is-layout-flow\">\n<figure class=\"wp-block-image size-large\"><img loading=\"lazy\" decoding=\"async\" width=\"900\" height=\"900\" src=\"https:\/\/shop.linckx.de\/wp-content\/uploads\/2020\/04\/MP03K-rot-NY-Model-2x_900.jpg\" alt=\"\" class=\"wp-image-2395\" srcset=\"https:\/\/shop.linckx.de\/wp-content\/uploads\/2020\/04\/MP03K-rot-NY-Model-2x_900.jpg 900w, https:\/\/shop.linckx.de\/wp-content\/uploads\/2020\/04\/MP03K-rot-NY-Model-2x_900-324x324.jpg 324w, https:\/\/shop.linckx.de\/wp-content\/uploads\/2020\/04\/MP03K-rot-NY-Model-2x_900-100x100.jpg 100w, https:\/\/shop.linckx.de\/wp-content\/uploads\/2020\/04\/MP03K-rot-NY-Model-2x_900-416x416.jpg 416w, https:\/\/shop.linckx.de\/wp-content\/uploads\/2020\/04\/MP03K-rot-NY-Model-2x_900-300x300.jpg 300w, https:\/\/shop.linckx.de\/wp-content\/uploads\/2020\/04\/MP03K-rot-NY-Model-2x_900-150x150.jpg 150w, https:\/\/shop.linckx.de\/wp-content\/uploads\/2020\/04\/MP03K-rot-NY-Model-2x_900-768x768.jpg 768w\" sizes=\"auto, (max-width: 900px) 100vw, 900px\" \/><\/figure>\n<\/div>\n\n\n\n<div class=\"wp-block-column is-layout-flow wp-block-column-is-layout-flow\">\n<h4>MultiPack.03<\/h4>\n<p>Diese Botentasche kann auch als Rucksack getragen werden.&nbsp; Vorne hat sie zwei Aussenf\u00e4cher, und innen drei Extraf\u00e4cher.&nbsp; Das Format DIN A4 passt hochkant hinein, ebenso kleine bis mittelgrosse Notebooks. Geschlossen wird sie mit einer verstellbaren Steckschliesse aus Kunststoff, so kann die Tasche hochgeklappt auf eine H\u00f6he von ca. 46 cm erweitert werden. Der Tragegurt ist mit Karabinern befestigt und kann abgenommen\/ umgebaut werden, um die Tasche als Rucksack zu tragen.<\/p>\n<p>Gr\u00f6sse ca. 28 (B) x 32\/46 (H) x 10 (T) cm<\/p>\n<\/div>\n<\/div>\n","protected":false},"excerpt":{"rendered":"","protected":false},"author":1,"featured_media":0,"parent":384,"menu_order":20,"comment_status":"closed","ping_status":"closed","template":"","meta":{"footnotes":""},"class_list":["post-799","page","type-page","status-publish","hentry"],"yoast_head":"<!-- This site is optimized with the Yoast SEO plugin v27.1.1 - https:\/\/yoast.com\/product\/yoast-seo-wordpress\/ -->\n<title>MultiPack Modelle - linckx.\u00ae<\/title>\n<meta name=\"robots\" content=\"index, follow, max-snippet:-1, max-image-preview:large, max-video-preview:-1\" \/>\n<link rel=\"canonical\" href=\"https:\/\/shop.linckx.de\/de\/lookbook\/canvas-collection\/multipack\/\" \/>\n<meta property=\"og:locale\" content=\"de_DE\" \/>\n<meta property=\"og:type\" content=\"article\" \/>\n<meta property=\"og:title\" content=\"MultiPack Modelle - linckx.\u00ae\" \/>\n<meta property=\"og:url\" content=\"https:\/\/shop.linckx.de\/de\/lookbook\/canvas-collection\/multipack\/\" \/>\n<meta property=\"og:site_name\" content=\"linckx.\u00ae\" \/>\n<meta property=\"article:modified_time\" content=\"2020-09-27T15:36:42+00:00\" \/>\n<meta property=\"og:image\" content=\"https:\/\/shop.linckx.de\/wp-content\/uploads\/2019\/08\/MP01-Fahrrad-1_900.jpg\" \/>\n<meta name=\"twitter:card\" content=\"summary_large_image\" \/>\n<meta name=\"twitter:label1\" content=\"Gesch\u00e4tzte Lesezeit\" \/>\n\t<meta name=\"twitter:data1\" content=\"1\u00a0Minute\" \/>\n<script type=\"application\/ld+json\" class=\"yoast-schema-graph\">{\"@context\":\"https:\/\/schema.org\",\"@graph\":[{\"@type\":\"WebPage\",\"@id\":\"https:\/\/shop.linckx.de\/en\/lookbook\/canvas-collection\/multipack\/\",\"url\":\"https:\/\/shop.linckx.de\/en\/lookbook\/canvas-collection\/multipack\/\",\"name\":\"MultiPack Modelle - linckx.\u00ae\",\"isPartOf\":{\"@id\":\"https:\/\/shop.linckx.de\/de\/#website\"},\"primaryImageOfPage\":{\"@id\":\"https:\/\/shop.linckx.de\/en\/lookbook\/canvas-collection\/multipack\/#primaryimage\"},\"image\":{\"@id\":\"https:\/\/shop.linckx.de\/en\/lookbook\/canvas-collection\/multipack\/#primaryimage\"},\"thumbnailUrl\":\"https:\/\/shop.linckx.de\/wp-content\/uploads\/2019\/08\/MP01-Fahrrad-1_900.jpg\",\"datePublished\":\"2019-08-15T16:41:15+00:00\",\"dateModified\":\"2020-09-27T15:36:42+00:00\",\"breadcrumb\":{\"@id\":\"https:\/\/shop.linckx.de\/en\/lookbook\/canvas-collection\/multipack\/#breadcrumb\"},\"inLanguage\":\"de\",\"potentialAction\":[{\"@type\":\"ReadAction\",\"target\":[\"https:\/\/shop.linckx.de\/en\/lookbook\/canvas-collection\/multipack\/\"]}]},{\"@type\":\"ImageObject\",\"inLanguage\":\"de\",\"@id\":\"https:\/\/shop.linckx.de\/en\/lookbook\/canvas-collection\/multipack\/#primaryimage\",\"url\":\"https:\/\/shop.linckx.de\/wp-content\/uploads\/2019\/08\/MP01-Fahrrad-1_900.jpg\",\"contentUrl\":\"https:\/\/shop.linckx.de\/wp-content\/uploads\/2019\/08\/MP01-Fahrrad-1_900.jpg\"},{\"@type\":\"BreadcrumbList\",\"@id\":\"https:\/\/shop.linckx.de\/en\/lookbook\/canvas-collection\/multipack\/#breadcrumb\",\"itemListElement\":[{\"@type\":\"ListItem\",\"position\":1,\"name\":\"Startseite\",\"item\":\"https:\/\/shop.linckx.de\/de\/\"},{\"@type\":\"ListItem\",\"position\":2,\"name\":\"LOOKBOOK\",\"item\":\"https:\/\/shop.linckx.de\/en\/lookbook\/\"},{\"@type\":\"ListItem\",\"position\":3,\"name\":\"Canvas Collection\",\"item\":\"https:\/\/shop.linckx.de\/en\/lookbook\/canvas-collection\/\"},{\"@type\":\"ListItem\",\"position\":4,\"name\":\"MultiPack Modelle\"}]},{\"@type\":\"WebSite\",\"@id\":\"https:\/\/shop.linckx.de\/de\/#website\",\"url\":\"https:\/\/shop.linckx.de\/de\/\",\"name\":\"linckx.\u00ae\",\"description\":\"Taschen + Accessoires    [made in Germany]\",\"publisher\":{\"@id\":\"https:\/\/shop.linckx.de\/de\/#organization\"},\"potentialAction\":[{\"@type\":\"SearchAction\",\"target\":{\"@type\":\"EntryPoint\",\"urlTemplate\":\"https:\/\/shop.linckx.de\/de\/?s={search_term_string}\"},\"query-input\":{\"@type\":\"PropertyValueSpecification\",\"valueRequired\":true,\"valueName\":\"search_term_string\"}}],\"inLanguage\":\"de\"},{\"@type\":\"Organization\",\"@id\":\"https:\/\/shop.linckx.de\/de\/#organization\",\"name\":\"linckx\",\"url\":\"https:\/\/shop.linckx.de\/de\/\",\"logo\":{\"@type\":\"ImageObject\",\"inLanguage\":\"de\",\"@id\":\"https:\/\/shop.linckx.de\/de\/#\/schema\/logo\/image\/\",\"url\":\"https:\/\/i2.wp.com\/shop.linckx.de\/wp-content\/uploads\/2019\/08\/19-06_linckx-Logo-quadr.jpg?fit=1181%2C1181&ssl=1\",\"contentUrl\":\"https:\/\/i2.wp.com\/shop.linckx.de\/wp-content\/uploads\/2019\/08\/19-06_linckx-Logo-quadr.jpg?fit=1181%2C1181&ssl=1\",\"width\":1181,\"height\":1181,\"caption\":\"linckx\"},\"image\":{\"@id\":\"https:\/\/shop.linckx.de\/de\/#\/schema\/logo\/image\/\"}}]}<\/script>\n<!-- \/ Yoast SEO plugin. -->","yoast_head_json":{"title":"MultiPack Modelle - linckx.\u00ae","robots":{"index":"index","follow":"follow","max-snippet":"max-snippet:-1","max-image-preview":"max-image-preview:large","max-video-preview":"max-video-preview:-1"},"canonical":"https:\/\/shop.linckx.de\/de\/lookbook\/canvas-collection\/multipack\/","og_locale":"de_DE","og_type":"article","og_title":"MultiPack Modelle - linckx.\u00ae","og_url":"https:\/\/shop.linckx.de\/de\/lookbook\/canvas-collection\/multipack\/","og_site_name":"linckx.\u00ae","article_modified_time":"2020-09-27T15:36:42+00:00","og_image":[{"url":"https:\/\/shop.linckx.de\/wp-content\/uploads\/2019\/08\/MP01-Fahrrad-1_900.jpg","type":"","width":"","height":""}],"twitter_card":"summary_large_image","twitter_misc":{"Gesch\u00e4tzte Lesezeit":"1\u00a0Minute"},"schema":{"@context":"https:\/\/schema.org","@graph":[{"@type":"WebPage","@id":"https:\/\/shop.linckx.de\/en\/lookbook\/canvas-collection\/multipack\/","url":"https:\/\/shop.linckx.de\/en\/lookbook\/canvas-collection\/multipack\/","name":"MultiPack Modelle - linckx.\u00ae","isPartOf":{"@id":"https:\/\/shop.linckx.de\/de\/#website"},"primaryImageOfPage":{"@id":"https:\/\/shop.linckx.de\/en\/lookbook\/canvas-collection\/multipack\/#primaryimage"},"image":{"@id":"https:\/\/shop.linckx.de\/en\/lookbook\/canvas-collection\/multipack\/#primaryimage"},"thumbnailUrl":"https:\/\/shop.linckx.de\/wp-content\/uploads\/2019\/08\/MP01-Fahrrad-1_900.jpg","datePublished":"2019-08-15T16:41:15+00:00","dateModified":"2020-09-27T15:36:42+00:00","breadcrumb":{"@id":"https:\/\/shop.linckx.de\/en\/lookbook\/canvas-collection\/multipack\/#breadcrumb"},"inLanguage":"de","potentialAction":[{"@type":"ReadAction","target":["https:\/\/shop.linckx.de\/en\/lookbook\/canvas-collection\/multipack\/"]}]},{"@type":"ImageObject","inLanguage":"de","@id":"https:\/\/shop.linckx.de\/en\/lookbook\/canvas-collection\/multipack\/#primaryimage","url":"https:\/\/shop.linckx.de\/wp-content\/uploads\/2019\/08\/MP01-Fahrrad-1_900.jpg","contentUrl":"https:\/\/shop.linckx.de\/wp-content\/uploads\/2019\/08\/MP01-Fahrrad-1_900.jpg"},{"@type":"BreadcrumbList","@id":"https:\/\/shop.linckx.de\/en\/lookbook\/canvas-collection\/multipack\/#breadcrumb","itemListElement":[{"@type":"ListItem","position":1,"name":"Startseite","item":"https:\/\/shop.linckx.de\/de\/"},{"@type":"ListItem","position":2,"name":"LOOKBOOK","item":"https:\/\/shop.linckx.de\/en\/lookbook\/"},{"@type":"ListItem","position":3,"name":"Canvas Collection","item":"https:\/\/shop.linckx.de\/en\/lookbook\/canvas-collection\/"},{"@type":"ListItem","position":4,"name":"MultiPack Modelle"}]},{"@type":"WebSite","@id":"https:\/\/shop.linckx.de\/de\/#website","url":"https:\/\/shop.linckx.de\/de\/","name":"linckx.\u00ae","description":"Taschen + Accessoires    [made in Germany]","publisher":{"@id":"https:\/\/shop.linckx.de\/de\/#organization"},"potentialAction":[{"@type":"SearchAction","target":{"@type":"EntryPoint","urlTemplate":"https:\/\/shop.linckx.de\/de\/?s={search_term_string}"},"query-input":{"@type":"PropertyValueSpecification","valueRequired":true,"valueName":"search_term_string"}}],"inLanguage":"de"},{"@type":"Organization","@id":"https:\/\/shop.linckx.de\/de\/#organization","name":"linckx","url":"https:\/\/shop.linckx.de\/de\/","logo":{"@type":"ImageObject","inLanguage":"de","@id":"https:\/\/shop.linckx.de\/de\/#\/schema\/logo\/image\/","url":"https:\/\/i2.wp.com\/shop.linckx.de\/wp-content\/uploads\/2019\/08\/19-06_linckx-Logo-quadr.jpg?fit=1181%2C1181&ssl=1","contentUrl":"https:\/\/i2.wp.com\/shop.linckx.de\/wp-content\/uploads\/2019\/08\/19-06_linckx-Logo-quadr.jpg?fit=1181%2C1181&ssl=1","width":1181,"height":1181,"caption":"linckx"},"image":{"@id":"https:\/\/shop.linckx.de\/de\/#\/schema\/logo\/image\/"}}]}},"_links":{"self":[{"href":"https:\/\/shop.linckx.de\/de\/wp-json\/wp\/v2\/pages\/799","targetHints":{"allow":["GET"]}}],"collection":[{"href":"https:\/\/shop.linckx.de\/de\/wp-json\/wp\/v2\/pages"}],"about":[{"href":"https:\/\/shop.linckx.de\/de\/wp-json\/wp\/v2\/types\/page"}],"author":[{"embeddable":true,"href":"https:\/\/shop.linckx.de\/de\/wp-json\/wp\/v2\/users\/1"}],"replies":[{"embeddable":true,"href":"https:\/\/shop.linckx.de\/de\/wp-json\/wp\/v2\/comments?post=799"}],"version-history":[{"count":7,"href":"https:\/\/shop.linckx.de\/de\/wp-json\/wp\/v2\/pages\/799\/revisions"}],"predecessor-version":[{"id":3852,"href":"https:\/\/shop.linckx.de\/de\/wp-json\/wp\/v2\/pages\/799\/revisions\/3852"}],"up":[{"embeddable":true,"href":"https:\/\/shop.linckx.de\/de\/wp-json\/wp\/v2\/pages\/384"}],"wp:attachment":[{"href":"https:\/\/shop.linckx.de\/de\/wp-json\/wp\/v2\/media?parent=799"}],"curies":[{"name":"wp","href":"https:\/\/api.w.org\/{rel}","templated":true}]}}