{"id":1231,"date":"2019-11-24T15:17:37","date_gmt":"2019-11-24T15:17:37","guid":{"rendered":"https:\/\/shop.linckx.de\/?post_type=product&#038;p=1231"},"modified":"2023-03-11T12:58:04","modified_gmt":"2023-03-11T11:58:04","slug":"donald-geldboerse-flach","status":"publish","type":"product","link":"https:\/\/shop.linckx.de\/de\/produkt\/donald-geldboerse-flach\/","title":{"rendered":"DONALD  Geldb\u00f6rse"},"content":{"rendered":"<p>Diese praktische, flache Geldb\u00f6rse bietet alles was man so braucht \u2013 mit einem gro\u00dfen Fach f\u00fcr Banknoten, einem M\u00fcnzfach, das per Druckknopf extra bedient werden kann,\u00a0 und 6 Karten-Steckpl\u00e4tze. Weitere Karten haben Platz in einem gro\u00dfen Fach dahinter. So ist DONALD der ideale Begleiter f\u00fcr Urlaub und Freizeit, aber auch im Alltag erf\u00fcllt er seine Aufgaben bestens.<\/p>\n<p>Der Verschluss mit einem farbigen Gummiband, das um die R\u00fcckseite gelegt wird, ist ein Hingucker. Wir bieten verschiedene Farbkombinationen von Zell.Stoff und Gummiband an, siehe Auswahl.<br \/>\n<strong>Gr\u00f6sse<\/strong>\u00a0 16 x 10 cm<\/p>\n<p>Reduzierte Einzelst\u00fccke (B-Ware) gibt es hier: <a href=\"https:\/\/shop.linckx.de\/produkt\/donald-geldboerse-schoko\/\">DONALD schoko<\/a> | <a href=\"https:\/\/shop.linckx.de\/produkt\/donald-geldboerse-zimt-b-ware\/\">DONALD zimt<\/a> | <a href=\"https:\/\/shop.linckx.de\/produkt\/donald-geldboerse-anthrazit-b-ware\/\" target=\"_blank\" rel=\"noopener\">DONALD anthrazit<\/a><br \/>\nUnd wer eine kleinere Geldb\u00f6rse sucht, wird hier f\u00fcndig: <a href=\"https:\/\/shop.linckx.de\/produkt\/max-miniboerse\/\">Mini-Geldb\u00f6rse MAX<\/a><\/p>\n","protected":false},"excerpt":{"rendered":"<p>Flache Geldb\u00f6rse aus Zell.Stoff, Verschluss mit Gummiband<\/p>\n","protected":false},"featured_media":4517,"comment_status":"open","ping_status":"closed","template":"","meta":[],"product_brand":[],"product_cat":[15,40,191,44],"product_tag":[264,146,270,96,252,333,334],"class_list":{"0":"post-1231","1":"product","2":"type-product","3":"status-publish","4":"has-post-thumbnail","6":"product_cat-alle-produkte","7":"product_cat-etuis-und-boersen","8":"product_cat-vegane-produkte","9":"product_cat-zell-stoff-produkte","10":"product_tag-boerse","11":"product_tag-geldboerse","12":"product_tag-kurztrip","13":"product_tag-maennergeschenke","14":"product_tag-reise","15":"product_tag-vegane-tasche","16":"product_tag-zell-stoff","17":"product_shipping_class-dhl-s","19":"first","20":"instock","21":"sold-individually","22":"taxable","23":"shipping-taxable","24":"purchasable","25":"product-type-variable"},"yoast_head":"<!-- This site is optimized with the Yoast SEO plugin v27.1.1 - https:\/\/yoast.com\/product\/yoast-seo-wordpress\/ -->\n<title>DONALD Geldb\u00f6rse - linckx.\u00ae<\/title>\n<meta name=\"description\" content=\"Flache Geldb\u00f6rse aus Zell.Stoff, die mit einem Gummiband verschlossen wird. Mit F\u00e4chern f\u00fcr M\u00fcnzen und Scheine sowie 6 Karten und mehr!\" \/>\n<meta name=\"robots\" content=\"index, follow, max-snippet:-1, max-image-preview:large, max-video-preview:-1\" \/>\n<link rel=\"canonical\" href=\"https:\/\/shop.linckx.de\/de\/produkt\/donald-geldboerse-flach\/\" \/>\n<meta property=\"og:locale\" content=\"de_DE\" \/>\n<meta property=\"og:type\" content=\"article\" \/>\n<meta property=\"og:title\" content=\"DONALD Geldb\u00f6rse - linckx.\u00ae\" \/>\n<meta property=\"og:description\" content=\"Flache Geldb\u00f6rse aus Zell.Stoff, die mit einem Gummiband verschlossen wird. Mit F\u00e4chern f\u00fcr M\u00fcnzen und Scheine sowie 6 Karten und mehr!\" \/>\n<meta property=\"og:url\" content=\"https:\/\/shop.linckx.de\/de\/produkt\/donald-geldboerse-flach\/\" \/>\n<meta property=\"og:site_name\" content=\"linckx.\u00ae\" \/>\n<meta property=\"article:modified_time\" content=\"2023-03-11T11:58:04+00:00\" \/>\n<meta property=\"og:image\" content=\"https:\/\/shop.linckx.de\/wp-content\/uploads\/2019\/11\/DONALD-stone-GuPk-2x_1200.jpg\" \/>\n\t<meta property=\"og:image:width\" content=\"900\" \/>\n\t<meta property=\"og:image:height\" content=\"1200\" \/>\n\t<meta property=\"og:image:type\" content=\"image\/jpeg\" \/>\n<meta name=\"twitter:card\" content=\"summary_large_image\" \/>\n<meta name=\"twitter:label1\" content=\"Gesch\u00e4tzte Lesezeit\" \/>\n\t<meta name=\"twitter:data1\" content=\"1\u00a0Minute\" \/>\n<script type=\"application\/ld+json\" class=\"yoast-schema-graph\">{\"@context\":\"https:\/\/schema.org\",\"@graph\":[{\"@type\":\"WebPage\",\"@id\":\"https:\/\/shop.linckx.de\/de\/produkt\/donald-geldboerse-flach\/\",\"url\":\"https:\/\/shop.linckx.de\/de\/produkt\/donald-geldboerse-flach\/\",\"name\":\"DONALD Geldb\u00f6rse - linckx.\u00ae\",\"isPartOf\":{\"@id\":\"https:\/\/shop.linckx.de\/de\/#website\"},\"primaryImageOfPage\":{\"@id\":\"https:\/\/shop.linckx.de\/de\/produkt\/donald-geldboerse-flach\/#primaryimage\"},\"image\":{\"@id\":\"https:\/\/shop.linckx.de\/de\/produkt\/donald-geldboerse-flach\/#primaryimage\"},\"thumbnailUrl\":\"https:\/\/shop.linckx.de\/wp-content\/uploads\/2019\/11\/DONALD-stone-GuPk-2x_1200.jpg\",\"datePublished\":\"2019-11-24T15:17:37+00:00\",\"dateModified\":\"2023-03-11T11:58:04+00:00\",\"description\":\"Flache Geldb\u00f6rse aus Zell.Stoff, die mit einem Gummiband verschlossen wird. Mit F\u00e4chern f\u00fcr M\u00fcnzen und Scheine sowie 6 Karten und mehr!\",\"breadcrumb\":{\"@id\":\"https:\/\/shop.linckx.de\/de\/produkt\/donald-geldboerse-flach\/#breadcrumb\"},\"inLanguage\":\"de\",\"potentialAction\":[{\"@type\":\"ReadAction\",\"target\":[\"https:\/\/shop.linckx.de\/de\/produkt\/donald-geldboerse-flach\/\"]}]},{\"@type\":\"ImageObject\",\"inLanguage\":\"de\",\"@id\":\"https:\/\/shop.linckx.de\/de\/produkt\/donald-geldboerse-flach\/#primaryimage\",\"url\":\"https:\/\/shop.linckx.de\/wp-content\/uploads\/2019\/11\/DONALD-stone-GuPk-2x_1200.jpg\",\"contentUrl\":\"https:\/\/shop.linckx.de\/wp-content\/uploads\/2019\/11\/DONALD-stone-GuPk-2x_1200.jpg\",\"width\":900,\"height\":1200,\"caption\":\"DONALD stone-GuPk\"},{\"@type\":\"BreadcrumbList\",\"@id\":\"https:\/\/shop.linckx.de\/de\/produkt\/donald-geldboerse-flach\/#breadcrumb\",\"itemListElement\":[{\"@type\":\"ListItem\",\"position\":1,\"name\":\"Startseite\",\"item\":\"https:\/\/shop.linckx.de\/de\/\"},{\"@type\":\"ListItem\",\"position\":2,\"name\":\"SHOP\",\"item\":\"https:\/\/shop.linckx.de\/de\/taschen-accessoires-made-in-germany\/\"},{\"@type\":\"ListItem\",\"position\":3,\"name\":\"DONALD Geldb\u00f6rse\"}]},{\"@type\":\"WebSite\",\"@id\":\"https:\/\/shop.linckx.de\/de\/#website\",\"url\":\"https:\/\/shop.linckx.de\/de\/\",\"name\":\"linckx.\u00ae\",\"description\":\"Taschen + Accessoires    [made in Germany]\",\"publisher\":{\"@id\":\"https:\/\/shop.linckx.de\/de\/#organization\"},\"potentialAction\":[{\"@type\":\"SearchAction\",\"target\":{\"@type\":\"EntryPoint\",\"urlTemplate\":\"https:\/\/shop.linckx.de\/de\/?s={search_term_string}\"},\"query-input\":{\"@type\":\"PropertyValueSpecification\",\"valueRequired\":true,\"valueName\":\"search_term_string\"}}],\"inLanguage\":\"de\"},{\"@type\":\"Organization\",\"@id\":\"https:\/\/shop.linckx.de\/de\/#organization\",\"name\":\"linckx\",\"url\":\"https:\/\/shop.linckx.de\/de\/\",\"logo\":{\"@type\":\"ImageObject\",\"inLanguage\":\"de\",\"@id\":\"https:\/\/shop.linckx.de\/de\/#\/schema\/logo\/image\/\",\"url\":\"https:\/\/i2.wp.com\/shop.linckx.de\/wp-content\/uploads\/2019\/08\/19-06_linckx-Logo-quadr.jpg?fit=1181%2C1181&ssl=1\",\"contentUrl\":\"https:\/\/i2.wp.com\/shop.linckx.de\/wp-content\/uploads\/2019\/08\/19-06_linckx-Logo-quadr.jpg?fit=1181%2C1181&ssl=1\",\"width\":1181,\"height\":1181,\"caption\":\"linckx\"},\"image\":{\"@id\":\"https:\/\/shop.linckx.de\/de\/#\/schema\/logo\/image\/\"}}]}<\/script>\n<!-- \/ Yoast SEO plugin. -->","yoast_head_json":{"title":"DONALD Geldb\u00f6rse - linckx.\u00ae","description":"Flache Geldb\u00f6rse aus Zell.Stoff, die mit einem Gummiband verschlossen wird. Mit F\u00e4chern f\u00fcr M\u00fcnzen und Scheine sowie 6 Karten und mehr!","robots":{"index":"index","follow":"follow","max-snippet":"max-snippet:-1","max-image-preview":"max-image-preview:large","max-video-preview":"max-video-preview:-1"},"canonical":"https:\/\/shop.linckx.de\/de\/produkt\/donald-geldboerse-flach\/","og_locale":"de_DE","og_type":"article","og_title":"DONALD Geldb\u00f6rse - linckx.\u00ae","og_description":"Flache Geldb\u00f6rse aus Zell.Stoff, die mit einem Gummiband verschlossen wird. Mit F\u00e4chern f\u00fcr M\u00fcnzen und Scheine sowie 6 Karten und mehr!","og_url":"https:\/\/shop.linckx.de\/de\/produkt\/donald-geldboerse-flach\/","og_site_name":"linckx.\u00ae","article_modified_time":"2023-03-11T11:58:04+00:00","og_image":[{"width":900,"height":1200,"url":"https:\/\/shop.linckx.de\/wp-content\/uploads\/2019\/11\/DONALD-stone-GuPk-2x_1200.jpg","type":"image\/jpeg"}],"twitter_card":"summary_large_image","twitter_misc":{"Gesch\u00e4tzte Lesezeit":"1\u00a0Minute"},"schema":{"@context":"https:\/\/schema.org","@graph":[{"@type":"WebPage","@id":"https:\/\/shop.linckx.de\/de\/produkt\/donald-geldboerse-flach\/","url":"https:\/\/shop.linckx.de\/de\/produkt\/donald-geldboerse-flach\/","name":"DONALD Geldb\u00f6rse - linckx.\u00ae","isPartOf":{"@id":"https:\/\/shop.linckx.de\/de\/#website"},"primaryImageOfPage":{"@id":"https:\/\/shop.linckx.de\/de\/produkt\/donald-geldboerse-flach\/#primaryimage"},"image":{"@id":"https:\/\/shop.linckx.de\/de\/produkt\/donald-geldboerse-flach\/#primaryimage"},"thumbnailUrl":"https:\/\/shop.linckx.de\/wp-content\/uploads\/2019\/11\/DONALD-stone-GuPk-2x_1200.jpg","datePublished":"2019-11-24T15:17:37+00:00","dateModified":"2023-03-11T11:58:04+00:00","description":"Flache Geldb\u00f6rse aus Zell.Stoff, die mit einem Gummiband verschlossen wird. Mit F\u00e4chern f\u00fcr M\u00fcnzen und Scheine sowie 6 Karten und mehr!","breadcrumb":{"@id":"https:\/\/shop.linckx.de\/de\/produkt\/donald-geldboerse-flach\/#breadcrumb"},"inLanguage":"de","potentialAction":[{"@type":"ReadAction","target":["https:\/\/shop.linckx.de\/de\/produkt\/donald-geldboerse-flach\/"]}]},{"@type":"ImageObject","inLanguage":"de","@id":"https:\/\/shop.linckx.de\/de\/produkt\/donald-geldboerse-flach\/#primaryimage","url":"https:\/\/shop.linckx.de\/wp-content\/uploads\/2019\/11\/DONALD-stone-GuPk-2x_1200.jpg","contentUrl":"https:\/\/shop.linckx.de\/wp-content\/uploads\/2019\/11\/DONALD-stone-GuPk-2x_1200.jpg","width":900,"height":1200,"caption":"DONALD stone-GuPk"},{"@type":"BreadcrumbList","@id":"https:\/\/shop.linckx.de\/de\/produkt\/donald-geldboerse-flach\/#breadcrumb","itemListElement":[{"@type":"ListItem","position":1,"name":"Startseite","item":"https:\/\/shop.linckx.de\/de\/"},{"@type":"ListItem","position":2,"name":"SHOP","item":"https:\/\/shop.linckx.de\/de\/taschen-accessoires-made-in-germany\/"},{"@type":"ListItem","position":3,"name":"DONALD Geldb\u00f6rse"}]},{"@type":"WebSite","@id":"https:\/\/shop.linckx.de\/de\/#website","url":"https:\/\/shop.linckx.de\/de\/","name":"linckx.\u00ae","description":"Taschen + Accessoires    [made in Germany]","publisher":{"@id":"https:\/\/shop.linckx.de\/de\/#organization"},"potentialAction":[{"@type":"SearchAction","target":{"@type":"EntryPoint","urlTemplate":"https:\/\/shop.linckx.de\/de\/?s={search_term_string}"},"query-input":{"@type":"PropertyValueSpecification","valueRequired":true,"valueName":"search_term_string"}}],"inLanguage":"de"},{"@type":"Organization","@id":"https:\/\/shop.linckx.de\/de\/#organization","name":"linckx","url":"https:\/\/shop.linckx.de\/de\/","logo":{"@type":"ImageObject","inLanguage":"de","@id":"https:\/\/shop.linckx.de\/de\/#\/schema\/logo\/image\/","url":"https:\/\/i2.wp.com\/shop.linckx.de\/wp-content\/uploads\/2019\/08\/19-06_linckx-Logo-quadr.jpg?fit=1181%2C1181&ssl=1","contentUrl":"https:\/\/i2.wp.com\/shop.linckx.de\/wp-content\/uploads\/2019\/08\/19-06_linckx-Logo-quadr.jpg?fit=1181%2C1181&ssl=1","width":1181,"height":1181,"caption":"linckx"},"image":{"@id":"https:\/\/shop.linckx.de\/de\/#\/schema\/logo\/image\/"}}]}},"_links":{"self":[{"href":"https:\/\/shop.linckx.de\/de\/wp-json\/wp\/v2\/product\/1231","targetHints":{"allow":["GET"]}}],"collection":[{"href":"https:\/\/shop.linckx.de\/de\/wp-json\/wp\/v2\/product"}],"about":[{"href":"https:\/\/shop.linckx.de\/de\/wp-json\/wp\/v2\/types\/product"}],"replies":[{"embeddable":true,"href":"https:\/\/shop.linckx.de\/de\/wp-json\/wp\/v2\/comments?post=1231"}],"wp:featuredmedia":[{"embeddable":true,"href":"https:\/\/shop.linckx.de\/de\/wp-json\/wp\/v2\/media\/4517"}],"wp:attachment":[{"href":"https:\/\/shop.linckx.de\/de\/wp-json\/wp\/v2\/media?parent=1231"}],"wp:term":[{"taxonomy":"product_brand","embeddable":true,"href":"https:\/\/shop.linckx.de\/de\/wp-json\/wp\/v2\/product_brand?post=1231"},{"taxonomy":"product_cat","embeddable":true,"href":"https:\/\/shop.linckx.de\/de\/wp-json\/wp\/v2\/product_cat?post=1231"},{"taxonomy":"product_tag","embeddable":true,"href":"https:\/\/shop.linckx.de\/de\/wp-json\/wp\/v2\/product_tag?post=1231"}],"curies":[{"name":"wp","href":"https:\/\/api.w.org\/{rel}","templated":true}]}}