{"id":2722,"date":"2020-05-24T17:22:23","date_gmt":"2020-05-24T17:22:23","guid":{"rendered":"https:\/\/shop.linckx.de\/?post_type=product&#038;p=2722"},"modified":"2023-01-08T21:36:52","modified_gmt":"2023-01-08T20:36:52","slug":"multipack-02-botentasche-nylon","status":"publish","type":"product","link":"https:\/\/shop.linckx.de\/de\/produkt\/multipack-02-botentasche-nylon\/","title":{"rendered":"Multipack.02  Botentasche\/ Convertible aus Nylon, nachtblau"},"content":{"rendered":"<p>Diese Botentasche kann auch als Rucksack getragen werden! Und sie ist in der H\u00f6he erweiterbar durch den Gurt mit der verstellbaren Schlie\u00dfe. Das Format DIN A4 passt hochkant hinein, ebenso kleine bis mittelgrosse Notebooks, und wenn mal mehr rein muss, kann die Tasche auch hochgeklappt getragen werden (erweiterbar auf eine H\u00f6he von ca. 39 cm).<br \/>\nGeschlossen wird sie mit einer schwarzen Steckschliesse aus Kunststoff. Der Tragegurt ist mit Karabinern befestigt und kann so &#8222;umgebaut&#8220; werden, dass die Tasche als Rucksack getragen werden kann.<\/p>\n<p>Hier bieten wir ein Einzelst\u00fcck an, mit Aussenstoff aus Nylon\/ Cordura (80%NY 20%PU, wasserdicht) in <strong>nachtblau<\/strong>, das Innenfutter hat die\u00a0 Farbe <strong>mandarine<\/strong> (Baumwollstoff mit \u00d6kotex 100 Zertifizierung).<br \/>\n<em>Bitte beachten: wenn auf den Fotos andere Farbvarianten dargestellt sind, dient das nur zur Erl\u00e4uterung der Funktionen. Das Haupt-Produktfoto und der Text beschreiben die angebotene Variante<\/em>.<br \/>\nDie Tasche kann in der Maschine bei 40\u00b0 gewaschen werden.<\/p>\n<p><strong>Gr\u00f6sse<\/strong> ca. 24 (B) x 28\/39 (H) x 8 (T) cm<br \/>\nMehr Infos zur Canvas Collection gibt es <a href=\"https:\/\/shop.linckx.de\/linckx-lookbook\/canvas-collection\/\">hier<\/a>.<\/p>\n<p>&nbsp;<\/p>\n","protected":false},"excerpt":{"rendered":"<p>Botentasche\/ Convertible aus Nylon in Gr\u00f6sse 02, Farbe dunkelblau, Innenfutter in mandarine. In der H\u00f6he erweiterbar, Verschluss mit Kunststoff-Steckschlie\u00dfe<\/p>\n","protected":false},"featured_media":4646,"comment_status":"open","ping_status":"closed","template":"","meta":[],"product_brand":[],"product_cat":[38,45,39],"product_tag":[185,292,95,332,295,250,209,101],"class_list":{"0":"post-2722","1":"product","2":"type-product","3":"status-publish","4":"has-post-thumbnail","6":"product_cat-botentaschen-schultertaschen","7":"product_cat-canvascollection","8":"product_cat-rucksaecke-convertibles","9":"product_tag-botentasche","10":"product_tag-businesstasche","11":"product_tag-convertible","12":"product_tag-fahrradrucksack","13":"product_tag-notebooktasche","14":"product_tag-rucksacktasche","15":"product_tag-schultertasche","16":"product_tag-umhaengetasche","17":"product_shipping_class-dhl-m","19":"first","20":"outofstock","21":"taxable","22":"shipping-taxable","23":"product-type-simple"},"yoast_head":"<!-- This site is optimized with the Yoast SEO plugin v27.1.1 - https:\/\/yoast.com\/product\/yoast-seo-wordpress\/ -->\n<title>Multipack.02 Botentasche\/ Convertible aus Nylon, nachtblau - linckx.\u00ae<\/title>\n<meta name=\"description\" content=\"Super praktische kleine Botentasche, die zum Rucksack umgebaut werden kann. Und sie ist in der H\u00f6he erweiterbar, wenn mehr reinpassen muss!\" \/>\n<meta name=\"robots\" content=\"index, follow, max-snippet:-1, max-image-preview:large, max-video-preview:-1\" \/>\n<link rel=\"canonical\" href=\"https:\/\/shop.linckx.de\/de\/produkt\/multipack-02-botentasche-nylon\/\" \/>\n<meta property=\"og:locale\" content=\"de_DE\" \/>\n<meta property=\"og:type\" content=\"article\" \/>\n<meta property=\"og:title\" content=\"Multipack.02 Botentasche\/ Convertible aus Nylon, nachtblau - linckx.\u00ae\" \/>\n<meta property=\"og:description\" content=\"Super praktische kleine Botentasche, die zum Rucksack umgebaut werden kann. Und sie ist in der H\u00f6he erweiterbar, wenn mehr reinpassen muss!\" \/>\n<meta property=\"og:url\" content=\"https:\/\/shop.linckx.de\/de\/produkt\/multipack-02-botentasche-nylon\/\" \/>\n<meta property=\"og:site_name\" content=\"linckx.\u00ae\" \/>\n<meta property=\"article:modified_time\" content=\"2023-01-08T20:36:52+00:00\" \/>\n<meta property=\"og:image\" content=\"https:\/\/shop.linckx.de\/wp-content\/uploads\/2020\/05\/MP02K-marine-mnd_900.jpg\" \/>\n\t<meta property=\"og:image:width\" content=\"900\" \/>\n\t<meta property=\"og:image:height\" content=\"1200\" \/>\n\t<meta property=\"og:image:type\" content=\"image\/jpeg\" \/>\n<meta name=\"twitter:card\" content=\"summary_large_image\" \/>\n<meta name=\"twitter:label1\" content=\"Gesch\u00e4tzte Lesezeit\" \/>\n\t<meta name=\"twitter:data1\" content=\"1\u00a0Minute\" \/>\n<script type=\"application\/ld+json\" class=\"yoast-schema-graph\">{\"@context\":\"https:\/\/schema.org\",\"@graph\":[{\"@type\":\"WebPage\",\"@id\":\"https:\/\/shop.linckx.de\/de\/produkt\/multipack-02-botentasche-nylon\/\",\"url\":\"https:\/\/shop.linckx.de\/de\/produkt\/multipack-02-botentasche-nylon\/\",\"name\":\"Multipack.02 Botentasche\/ Convertible aus Nylon, nachtblau - linckx.\u00ae\",\"isPartOf\":{\"@id\":\"https:\/\/shop.linckx.de\/de\/#website\"},\"primaryImageOfPage\":{\"@id\":\"https:\/\/shop.linckx.de\/de\/produkt\/multipack-02-botentasche-nylon\/#primaryimage\"},\"image\":{\"@id\":\"https:\/\/shop.linckx.de\/de\/produkt\/multipack-02-botentasche-nylon\/#primaryimage\"},\"thumbnailUrl\":\"https:\/\/shop.linckx.de\/wp-content\/uploads\/2020\/05\/MP02K-marine-mnd_900.jpg\",\"datePublished\":\"2020-05-24T17:22:23+00:00\",\"dateModified\":\"2023-01-08T20:36:52+00:00\",\"description\":\"Super praktische kleine Botentasche, die zum Rucksack umgebaut werden kann. Und sie ist in der H\u00f6he erweiterbar, wenn mehr reinpassen muss!\",\"breadcrumb\":{\"@id\":\"https:\/\/shop.linckx.de\/de\/produkt\/multipack-02-botentasche-nylon\/#breadcrumb\"},\"inLanguage\":\"de\",\"potentialAction\":[{\"@type\":\"ReadAction\",\"target\":[\"https:\/\/shop.linckx.de\/de\/produkt\/multipack-02-botentasche-nylon\/\"]}]},{\"@type\":\"ImageObject\",\"inLanguage\":\"de\",\"@id\":\"https:\/\/shop.linckx.de\/de\/produkt\/multipack-02-botentasche-nylon\/#primaryimage\",\"url\":\"https:\/\/shop.linckx.de\/wp-content\/uploads\/2020\/05\/MP02K-marine-mnd_900.jpg\",\"contentUrl\":\"https:\/\/shop.linckx.de\/wp-content\/uploads\/2020\/05\/MP02K-marine-mnd_900.jpg\",\"width\":900,\"height\":1200,\"caption\":\"MP03.nbl-mnd\"},{\"@type\":\"BreadcrumbList\",\"@id\":\"https:\/\/shop.linckx.de\/de\/produkt\/multipack-02-botentasche-nylon\/#breadcrumb\",\"itemListElement\":[{\"@type\":\"ListItem\",\"position\":1,\"name\":\"Startseite\",\"item\":\"https:\/\/shop.linckx.de\/de\/\"},{\"@type\":\"ListItem\",\"position\":2,\"name\":\"SHOP\",\"item\":\"https:\/\/shop.linckx.de\/de\/taschen-accessoires-made-in-germany\/\"},{\"@type\":\"ListItem\",\"position\":3,\"name\":\"Multipack.02 Botentasche\/ Convertible aus Nylon, nachtblau\"}]},{\"@type\":\"WebSite\",\"@id\":\"https:\/\/shop.linckx.de\/de\/#website\",\"url\":\"https:\/\/shop.linckx.de\/de\/\",\"name\":\"linckx.\u00ae\",\"description\":\"Taschen + Accessoires    [made in Germany]\",\"publisher\":{\"@id\":\"https:\/\/shop.linckx.de\/de\/#organization\"},\"potentialAction\":[{\"@type\":\"SearchAction\",\"target\":{\"@type\":\"EntryPoint\",\"urlTemplate\":\"https:\/\/shop.linckx.de\/de\/?s={search_term_string}\"},\"query-input\":{\"@type\":\"PropertyValueSpecification\",\"valueRequired\":true,\"valueName\":\"search_term_string\"}}],\"inLanguage\":\"de\"},{\"@type\":\"Organization\",\"@id\":\"https:\/\/shop.linckx.de\/de\/#organization\",\"name\":\"linckx\",\"url\":\"https:\/\/shop.linckx.de\/de\/\",\"logo\":{\"@type\":\"ImageObject\",\"inLanguage\":\"de\",\"@id\":\"https:\/\/shop.linckx.de\/de\/#\/schema\/logo\/image\/\",\"url\":\"https:\/\/i2.wp.com\/shop.linckx.de\/wp-content\/uploads\/2019\/08\/19-06_linckx-Logo-quadr.jpg?fit=1181%2C1181&ssl=1\",\"contentUrl\":\"https:\/\/i2.wp.com\/shop.linckx.de\/wp-content\/uploads\/2019\/08\/19-06_linckx-Logo-quadr.jpg?fit=1181%2C1181&ssl=1\",\"width\":1181,\"height\":1181,\"caption\":\"linckx\"},\"image\":{\"@id\":\"https:\/\/shop.linckx.de\/de\/#\/schema\/logo\/image\/\"}}]}<\/script>\n<!-- \/ Yoast SEO plugin. -->","yoast_head_json":{"title":"Multipack.02 Botentasche\/ Convertible aus Nylon, nachtblau - linckx.\u00ae","description":"Super praktische kleine Botentasche, die zum Rucksack umgebaut werden kann. Und sie ist in der H\u00f6he erweiterbar, wenn mehr reinpassen muss!","robots":{"index":"index","follow":"follow","max-snippet":"max-snippet:-1","max-image-preview":"max-image-preview:large","max-video-preview":"max-video-preview:-1"},"canonical":"https:\/\/shop.linckx.de\/de\/produkt\/multipack-02-botentasche-nylon\/","og_locale":"de_DE","og_type":"article","og_title":"Multipack.02 Botentasche\/ Convertible aus Nylon, nachtblau - linckx.\u00ae","og_description":"Super praktische kleine Botentasche, die zum Rucksack umgebaut werden kann. Und sie ist in der H\u00f6he erweiterbar, wenn mehr reinpassen muss!","og_url":"https:\/\/shop.linckx.de\/de\/produkt\/multipack-02-botentasche-nylon\/","og_site_name":"linckx.\u00ae","article_modified_time":"2023-01-08T20:36:52+00:00","og_image":[{"width":900,"height":1200,"url":"https:\/\/shop.linckx.de\/wp-content\/uploads\/2020\/05\/MP02K-marine-mnd_900.jpg","type":"image\/jpeg"}],"twitter_card":"summary_large_image","twitter_misc":{"Gesch\u00e4tzte Lesezeit":"1\u00a0Minute"},"schema":{"@context":"https:\/\/schema.org","@graph":[{"@type":"WebPage","@id":"https:\/\/shop.linckx.de\/de\/produkt\/multipack-02-botentasche-nylon\/","url":"https:\/\/shop.linckx.de\/de\/produkt\/multipack-02-botentasche-nylon\/","name":"Multipack.02 Botentasche\/ Convertible aus Nylon, nachtblau - linckx.\u00ae","isPartOf":{"@id":"https:\/\/shop.linckx.de\/de\/#website"},"primaryImageOfPage":{"@id":"https:\/\/shop.linckx.de\/de\/produkt\/multipack-02-botentasche-nylon\/#primaryimage"},"image":{"@id":"https:\/\/shop.linckx.de\/de\/produkt\/multipack-02-botentasche-nylon\/#primaryimage"},"thumbnailUrl":"https:\/\/shop.linckx.de\/wp-content\/uploads\/2020\/05\/MP02K-marine-mnd_900.jpg","datePublished":"2020-05-24T17:22:23+00:00","dateModified":"2023-01-08T20:36:52+00:00","description":"Super praktische kleine Botentasche, die zum Rucksack umgebaut werden kann. Und sie ist in der H\u00f6he erweiterbar, wenn mehr reinpassen muss!","breadcrumb":{"@id":"https:\/\/shop.linckx.de\/de\/produkt\/multipack-02-botentasche-nylon\/#breadcrumb"},"inLanguage":"de","potentialAction":[{"@type":"ReadAction","target":["https:\/\/shop.linckx.de\/de\/produkt\/multipack-02-botentasche-nylon\/"]}]},{"@type":"ImageObject","inLanguage":"de","@id":"https:\/\/shop.linckx.de\/de\/produkt\/multipack-02-botentasche-nylon\/#primaryimage","url":"https:\/\/shop.linckx.de\/wp-content\/uploads\/2020\/05\/MP02K-marine-mnd_900.jpg","contentUrl":"https:\/\/shop.linckx.de\/wp-content\/uploads\/2020\/05\/MP02K-marine-mnd_900.jpg","width":900,"height":1200,"caption":"MP03.nbl-mnd"},{"@type":"BreadcrumbList","@id":"https:\/\/shop.linckx.de\/de\/produkt\/multipack-02-botentasche-nylon\/#breadcrumb","itemListElement":[{"@type":"ListItem","position":1,"name":"Startseite","item":"https:\/\/shop.linckx.de\/de\/"},{"@type":"ListItem","position":2,"name":"SHOP","item":"https:\/\/shop.linckx.de\/de\/taschen-accessoires-made-in-germany\/"},{"@type":"ListItem","position":3,"name":"Multipack.02 Botentasche\/ Convertible aus Nylon, nachtblau"}]},{"@type":"WebSite","@id":"https:\/\/shop.linckx.de\/de\/#website","url":"https:\/\/shop.linckx.de\/de\/","name":"linckx.\u00ae","description":"Taschen + Accessoires    [made in Germany]","publisher":{"@id":"https:\/\/shop.linckx.de\/de\/#organization"},"potentialAction":[{"@type":"SearchAction","target":{"@type":"EntryPoint","urlTemplate":"https:\/\/shop.linckx.de\/de\/?s={search_term_string}"},"query-input":{"@type":"PropertyValueSpecification","valueRequired":true,"valueName":"search_term_string"}}],"inLanguage":"de"},{"@type":"Organization","@id":"https:\/\/shop.linckx.de\/de\/#organization","name":"linckx","url":"https:\/\/shop.linckx.de\/de\/","logo":{"@type":"ImageObject","inLanguage":"de","@id":"https:\/\/shop.linckx.de\/de\/#\/schema\/logo\/image\/","url":"https:\/\/i2.wp.com\/shop.linckx.de\/wp-content\/uploads\/2019\/08\/19-06_linckx-Logo-quadr.jpg?fit=1181%2C1181&ssl=1","contentUrl":"https:\/\/i2.wp.com\/shop.linckx.de\/wp-content\/uploads\/2019\/08\/19-06_linckx-Logo-quadr.jpg?fit=1181%2C1181&ssl=1","width":1181,"height":1181,"caption":"linckx"},"image":{"@id":"https:\/\/shop.linckx.de\/de\/#\/schema\/logo\/image\/"}}]}},"_links":{"self":[{"href":"https:\/\/shop.linckx.de\/de\/wp-json\/wp\/v2\/product\/2722","targetHints":{"allow":["GET"]}}],"collection":[{"href":"https:\/\/shop.linckx.de\/de\/wp-json\/wp\/v2\/product"}],"about":[{"href":"https:\/\/shop.linckx.de\/de\/wp-json\/wp\/v2\/types\/product"}],"replies":[{"embeddable":true,"href":"https:\/\/shop.linckx.de\/de\/wp-json\/wp\/v2\/comments?post=2722"}],"wp:featuredmedia":[{"embeddable":true,"href":"https:\/\/shop.linckx.de\/de\/wp-json\/wp\/v2\/media\/4646"}],"wp:attachment":[{"href":"https:\/\/shop.linckx.de\/de\/wp-json\/wp\/v2\/media?parent=2722"}],"wp:term":[{"taxonomy":"product_brand","embeddable":true,"href":"https:\/\/shop.linckx.de\/de\/wp-json\/wp\/v2\/product_brand?post=2722"},{"taxonomy":"product_cat","embeddable":true,"href":"https:\/\/shop.linckx.de\/de\/wp-json\/wp\/v2\/product_cat?post=2722"},{"taxonomy":"product_tag","embeddable":true,"href":"https:\/\/shop.linckx.de\/de\/wp-json\/wp\/v2\/product_tag?post=2722"}],"curies":[{"name":"wp","href":"https:\/\/api.w.org\/{rel}","templated":true}]}}