{"id":3971,"date":"2020-10-31T17:28:27","date_gmt":"2020-10-31T17:28:27","guid":{"rendered":"https:\/\/shop.linckx.de\/?post_type=product&#038;p=3971"},"modified":"2021-10-09T13:21:03","modified_gmt":"2021-10-09T11:21:03","slug":"max-miniboerse","status":"publish","type":"product","link":"https:\/\/shop.linckx.de\/de\/produkt\/max-miniboerse\/","title":{"rendered":"MAX  Minib\u00f6rse"},"content":{"rendered":"<p>Diese Minib\u00f6rse passt in jede Hosentasche!\u00a0 Unter der Frontklappe befindet sich ein M\u00fcnzfach und dahinter ein Banknoten- oder Kartenfach mit Platz f\u00fcr ca. 5 Karten. Auf der anderen Seite liegt ein zweites Kartenfach f\u00fcr bis zu 5 Karten, das mit einem Band gesichert wird.<\/p>\n<p>Das alles funktioniert super und ist echt praktisch \u2013 f\u00fcr den Herrn und die Dame, unterwegs im Nachtleben oder im Urlaub und \u00fcberhaupt, wenn man nicht viel mitnehmen m\u00f6chte!<\/p>\n<p><strong>Gr\u00f6sse<\/strong>\u00a0 11 x 6,5 cm<\/p>\n","protected":false},"excerpt":{"rendered":"<p>Minib\u00f6rse\/ Kartenetui mit M\u00fcnzfach aus Zell.Stoff mit Druckknopf-Verschluss<\/p>\n","protected":false},"featured_media":4002,"comment_status":"open","ping_status":"closed","template":"","meta":[],"product_brand":[],"product_cat":[15,40,191,44],"product_tag":[264,267,146,335,333],"class_list":{"0":"post-3971","1":"product","2":"type-product","3":"status-publish","4":"has-post-thumbnail","6":"product_cat-alle-produkte","7":"product_cat-etuis-und-boersen","8":"product_cat-vegane-produkte","9":"product_cat-zell-stoff-produkte","10":"product_tag-boerse","11":"product_tag-etui","12":"product_tag-geldboerse","13":"product_tag-kartenetui","14":"product_tag-vegane-tasche","15":"product_shipping_class-dhl-s","17":"first","18":"instock","19":"taxable","20":"shipping-taxable","21":"purchasable","22":"product-type-variable"},"yoast_head":"<!-- This site is optimized with the Yoast SEO plugin v27.1.1 - https:\/\/yoast.com\/product\/yoast-seo-wordpress\/ -->\n<title>MAX Minib\u00f6rse - linckx.\u00ae<\/title>\n<meta name=\"description\" content=\"Minib\u00f6rse mit M\u00fcnzfach, Banknotenfach und extra Kartenfach - super praktisch f\u00fcr unterwegs, im Nachtleben oder im Urlaub!\" \/>\n<meta name=\"robots\" content=\"index, follow, max-snippet:-1, max-image-preview:large, max-video-preview:-1\" \/>\n<link rel=\"canonical\" href=\"https:\/\/shop.linckx.de\/de\/product\/max-miniboerse\/\" \/>\n<meta property=\"og:locale\" content=\"de_DE\" \/>\n<meta property=\"og:type\" content=\"article\" \/>\n<meta property=\"og:title\" content=\"MAX Minib\u00f6rse - linckx.\u00ae\" \/>\n<meta property=\"og:description\" content=\"Minib\u00f6rse mit M\u00fcnzfach, Banknotenfach und extra Kartenfach - super praktisch f\u00fcr unterwegs, im Nachtleben oder im Urlaub!\" \/>\n<meta property=\"og:url\" content=\"https:\/\/shop.linckx.de\/de\/product\/max-miniboerse\/\" \/>\n<meta property=\"og:site_name\" content=\"linckx.\u00ae\" \/>\n<meta property=\"article:modified_time\" content=\"2021-10-09T11:21:03+00:00\" \/>\n<meta property=\"og:image\" content=\"https:\/\/shop.linckx.de\/wp-content\/uploads\/2020\/10\/MAX-sand-3x_900.jpg\" \/>\n\t<meta property=\"og:image:width\" content=\"900\" \/>\n\t<meta property=\"og:image:height\" content=\"1200\" \/>\n\t<meta property=\"og:image:type\" content=\"image\/jpeg\" \/>\n<meta name=\"twitter:card\" content=\"summary_large_image\" \/>\n<script type=\"application\/ld+json\" class=\"yoast-schema-graph\">{\"@context\":\"https:\/\/schema.org\",\"@graph\":[{\"@type\":\"WebPage\",\"@id\":\"https:\/\/shop.linckx.de\/en\/product\/max-miniboerse\/\",\"url\":\"https:\/\/shop.linckx.de\/en\/product\/max-miniboerse\/\",\"name\":\"MAX Minib\u00f6rse - linckx.\u00ae\",\"isPartOf\":{\"@id\":\"https:\/\/shop.linckx.de\/de\/#website\"},\"primaryImageOfPage\":{\"@id\":\"https:\/\/shop.linckx.de\/en\/product\/max-miniboerse\/#primaryimage\"},\"image\":{\"@id\":\"https:\/\/shop.linckx.de\/en\/product\/max-miniboerse\/#primaryimage\"},\"thumbnailUrl\":\"https:\/\/shop.linckx.de\/wp-content\/uploads\/2020\/10\/MAX-sand-3x_900.jpg\",\"datePublished\":\"2020-10-31T17:28:27+00:00\",\"dateModified\":\"2021-10-09T11:21:03+00:00\",\"description\":\"Minib\u00f6rse mit M\u00fcnzfach, Banknotenfach und extra Kartenfach - super praktisch f\u00fcr unterwegs, im Nachtleben oder im Urlaub!\",\"breadcrumb\":{\"@id\":\"https:\/\/shop.linckx.de\/en\/product\/max-miniboerse\/#breadcrumb\"},\"inLanguage\":\"de\",\"potentialAction\":[{\"@type\":\"ReadAction\",\"target\":[\"https:\/\/shop.linckx.de\/en\/product\/max-miniboerse\/\"]}]},{\"@type\":\"ImageObject\",\"inLanguage\":\"de\",\"@id\":\"https:\/\/shop.linckx.de\/en\/product\/max-miniboerse\/#primaryimage\",\"url\":\"https:\/\/shop.linckx.de\/wp-content\/uploads\/2020\/10\/MAX-sand-3x_900.jpg\",\"contentUrl\":\"https:\/\/shop.linckx.de\/wp-content\/uploads\/2020\/10\/MAX-sand-3x_900.jpg\",\"width\":900,\"height\":1200,\"caption\":\"MAX Minib\u00f6rse\"},{\"@type\":\"BreadcrumbList\",\"@id\":\"https:\/\/shop.linckx.de\/en\/product\/max-miniboerse\/#breadcrumb\",\"itemListElement\":[{\"@type\":\"ListItem\",\"position\":1,\"name\":\"Startseite\",\"item\":\"https:\/\/shop.linckx.de\/de\/\"},{\"@type\":\"ListItem\",\"position\":2,\"name\":\"SHOP\",\"item\":\"https:\/\/shop.linckx.de\/de\/taschen-accessoires-made-in-germany\/\"},{\"@type\":\"ListItem\",\"position\":3,\"name\":\"MAX Minib\u00f6rse\"}]},{\"@type\":\"WebSite\",\"@id\":\"https:\/\/shop.linckx.de\/de\/#website\",\"url\":\"https:\/\/shop.linckx.de\/de\/\",\"name\":\"linckx.\u00ae\",\"description\":\"Taschen + Accessoires    [made in Germany]\",\"publisher\":{\"@id\":\"https:\/\/shop.linckx.de\/de\/#organization\"},\"potentialAction\":[{\"@type\":\"SearchAction\",\"target\":{\"@type\":\"EntryPoint\",\"urlTemplate\":\"https:\/\/shop.linckx.de\/de\/?s={search_term_string}\"},\"query-input\":{\"@type\":\"PropertyValueSpecification\",\"valueRequired\":true,\"valueName\":\"search_term_string\"}}],\"inLanguage\":\"de\"},{\"@type\":\"Organization\",\"@id\":\"https:\/\/shop.linckx.de\/de\/#organization\",\"name\":\"linckx\",\"url\":\"https:\/\/shop.linckx.de\/de\/\",\"logo\":{\"@type\":\"ImageObject\",\"inLanguage\":\"de\",\"@id\":\"https:\/\/shop.linckx.de\/de\/#\/schema\/logo\/image\/\",\"url\":\"https:\/\/i2.wp.com\/shop.linckx.de\/wp-content\/uploads\/2019\/08\/19-06_linckx-Logo-quadr.jpg?fit=1181%2C1181&ssl=1\",\"contentUrl\":\"https:\/\/i2.wp.com\/shop.linckx.de\/wp-content\/uploads\/2019\/08\/19-06_linckx-Logo-quadr.jpg?fit=1181%2C1181&ssl=1\",\"width\":1181,\"height\":1181,\"caption\":\"linckx\"},\"image\":{\"@id\":\"https:\/\/shop.linckx.de\/de\/#\/schema\/logo\/image\/\"}}]}<\/script>\n<!-- \/ Yoast SEO plugin. -->","yoast_head_json":{"title":"MAX Minib\u00f6rse - linckx.\u00ae","description":"Minib\u00f6rse mit M\u00fcnzfach, Banknotenfach und extra Kartenfach - super praktisch f\u00fcr unterwegs, im Nachtleben oder im Urlaub!","robots":{"index":"index","follow":"follow","max-snippet":"max-snippet:-1","max-image-preview":"max-image-preview:large","max-video-preview":"max-video-preview:-1"},"canonical":"https:\/\/shop.linckx.de\/de\/product\/max-miniboerse\/","og_locale":"de_DE","og_type":"article","og_title":"MAX Minib\u00f6rse - linckx.\u00ae","og_description":"Minib\u00f6rse mit M\u00fcnzfach, Banknotenfach und extra Kartenfach - super praktisch f\u00fcr unterwegs, im Nachtleben oder im Urlaub!","og_url":"https:\/\/shop.linckx.de\/de\/product\/max-miniboerse\/","og_site_name":"linckx.\u00ae","article_modified_time":"2021-10-09T11:21:03+00:00","og_image":[{"width":900,"height":1200,"url":"https:\/\/shop.linckx.de\/wp-content\/uploads\/2020\/10\/MAX-sand-3x_900.jpg","type":"image\/jpeg"}],"twitter_card":"summary_large_image","schema":{"@context":"https:\/\/schema.org","@graph":[{"@type":"WebPage","@id":"https:\/\/shop.linckx.de\/en\/product\/max-miniboerse\/","url":"https:\/\/shop.linckx.de\/en\/product\/max-miniboerse\/","name":"MAX Minib\u00f6rse - linckx.\u00ae","isPartOf":{"@id":"https:\/\/shop.linckx.de\/de\/#website"},"primaryImageOfPage":{"@id":"https:\/\/shop.linckx.de\/en\/product\/max-miniboerse\/#primaryimage"},"image":{"@id":"https:\/\/shop.linckx.de\/en\/product\/max-miniboerse\/#primaryimage"},"thumbnailUrl":"https:\/\/shop.linckx.de\/wp-content\/uploads\/2020\/10\/MAX-sand-3x_900.jpg","datePublished":"2020-10-31T17:28:27+00:00","dateModified":"2021-10-09T11:21:03+00:00","description":"Minib\u00f6rse mit M\u00fcnzfach, Banknotenfach und extra Kartenfach - super praktisch f\u00fcr unterwegs, im Nachtleben oder im Urlaub!","breadcrumb":{"@id":"https:\/\/shop.linckx.de\/en\/product\/max-miniboerse\/#breadcrumb"},"inLanguage":"de","potentialAction":[{"@type":"ReadAction","target":["https:\/\/shop.linckx.de\/en\/product\/max-miniboerse\/"]}]},{"@type":"ImageObject","inLanguage":"de","@id":"https:\/\/shop.linckx.de\/en\/product\/max-miniboerse\/#primaryimage","url":"https:\/\/shop.linckx.de\/wp-content\/uploads\/2020\/10\/MAX-sand-3x_900.jpg","contentUrl":"https:\/\/shop.linckx.de\/wp-content\/uploads\/2020\/10\/MAX-sand-3x_900.jpg","width":900,"height":1200,"caption":"MAX Minib\u00f6rse"},{"@type":"BreadcrumbList","@id":"https:\/\/shop.linckx.de\/en\/product\/max-miniboerse\/#breadcrumb","itemListElement":[{"@type":"ListItem","position":1,"name":"Startseite","item":"https:\/\/shop.linckx.de\/de\/"},{"@type":"ListItem","position":2,"name":"SHOP","item":"https:\/\/shop.linckx.de\/de\/taschen-accessoires-made-in-germany\/"},{"@type":"ListItem","position":3,"name":"MAX Minib\u00f6rse"}]},{"@type":"WebSite","@id":"https:\/\/shop.linckx.de\/de\/#website","url":"https:\/\/shop.linckx.de\/de\/","name":"linckx.\u00ae","description":"Taschen + Accessoires    [made in Germany]","publisher":{"@id":"https:\/\/shop.linckx.de\/de\/#organization"},"potentialAction":[{"@type":"SearchAction","target":{"@type":"EntryPoint","urlTemplate":"https:\/\/shop.linckx.de\/de\/?s={search_term_string}"},"query-input":{"@type":"PropertyValueSpecification","valueRequired":true,"valueName":"search_term_string"}}],"inLanguage":"de"},{"@type":"Organization","@id":"https:\/\/shop.linckx.de\/de\/#organization","name":"linckx","url":"https:\/\/shop.linckx.de\/de\/","logo":{"@type":"ImageObject","inLanguage":"de","@id":"https:\/\/shop.linckx.de\/de\/#\/schema\/logo\/image\/","url":"https:\/\/i2.wp.com\/shop.linckx.de\/wp-content\/uploads\/2019\/08\/19-06_linckx-Logo-quadr.jpg?fit=1181%2C1181&ssl=1","contentUrl":"https:\/\/i2.wp.com\/shop.linckx.de\/wp-content\/uploads\/2019\/08\/19-06_linckx-Logo-quadr.jpg?fit=1181%2C1181&ssl=1","width":1181,"height":1181,"caption":"linckx"},"image":{"@id":"https:\/\/shop.linckx.de\/de\/#\/schema\/logo\/image\/"}}]}},"_links":{"self":[{"href":"https:\/\/shop.linckx.de\/de\/wp-json\/wp\/v2\/product\/3971","targetHints":{"allow":["GET"]}}],"collection":[{"href":"https:\/\/shop.linckx.de\/de\/wp-json\/wp\/v2\/product"}],"about":[{"href":"https:\/\/shop.linckx.de\/de\/wp-json\/wp\/v2\/types\/product"}],"replies":[{"embeddable":true,"href":"https:\/\/shop.linckx.de\/de\/wp-json\/wp\/v2\/comments?post=3971"}],"wp:featuredmedia":[{"embeddable":true,"href":"https:\/\/shop.linckx.de\/de\/wp-json\/wp\/v2\/media\/4002"}],"wp:attachment":[{"href":"https:\/\/shop.linckx.de\/de\/wp-json\/wp\/v2\/media?parent=3971"}],"wp:term":[{"taxonomy":"product_brand","embeddable":true,"href":"https:\/\/shop.linckx.de\/de\/wp-json\/wp\/v2\/product_brand?post=3971"},{"taxonomy":"product_cat","embeddable":true,"href":"https:\/\/shop.linckx.de\/de\/wp-json\/wp\/v2\/product_cat?post=3971"},{"taxonomy":"product_tag","embeddable":true,"href":"https:\/\/shop.linckx.de\/de\/wp-json\/wp\/v2\/product_tag?post=3971"}],"curies":[{"name":"wp","href":"https:\/\/api.w.org\/{rel}","templated":true}]}}