{"id":4163,"date":"2021-01-12T19:10:24","date_gmt":"2021-01-12T18:10:24","guid":{"rendered":"https:\/\/shop.linckx.de\/?post_type=product&#038;p=4163"},"modified":"2022-01-09T18:56:24","modified_gmt":"2022-01-09T17:56:24","slug":"carrie-xs-body-bag","status":"publish","type":"product","link":"https:\/\/shop.linckx.de\/de\/produkt\/carrie-xs-body-bag\/","title":{"rendered":"CARRIE.XS Body Bag"},"content":{"rendered":"<p>Die CARRIE in Gr\u00f6\u00dfe XS bietet Platz f\u00fcr das N\u00f6tigste: eine kleine Geldb\u00f6rse, Brille, Taschent\u00fccher zum Beispiel. Sie kann um die H\u00fcfte getragen werden oder oder einfach cross body, vorne oder auf dem R\u00fccken. Klappe mit Drehverschluss, innen hat sie ein flaches Extrafach mit Drucknopf. Der 20mm breite Textilgurt in Baumwoll-Optik ist verstellbar und abnehmbar.<br \/>\n<strong>Gr\u00f6sse<\/strong>\u00a0 17\/ 20 (B) x 16 (H) x 5 cm<\/p>\n<p>Die passende kleine Geldb\u00f6rse MAX findest Du <a href=\"https:\/\/shop.linckx.de\/produkt\/max-miniboerse\/\" target=\"_blank\" rel=\"noopener\">hier<\/a>!<\/p>\n<p>Die CARRIE.XS gibt es auch aus Filz oder MatMix &#8211; <a href=\"https:\/\/shop.linckx.de\/produkt\/carrie-xs-body-bag-filz-matmix\/\" target=\"_blank\" rel=\"noopener noreferrer\">zum Artikel<\/a><\/p>\n","protected":false},"excerpt":{"rendered":"<p>Kleine Body Bag aus Zell.Stoff, Klappe mit Drehverschluss<\/p>\n","protected":false},"featured_media":5174,"comment_status":"open","ping_status":"closed","template":"","meta":[],"product_brand":[],"product_cat":[15,192,191,44],"product_tag":[187,267,188,270,252,333,69,334],"class_list":{"0":"post-4163","1":"product","2":"type-product","3":"status-publish","4":"has-post-thumbnail","6":"product_cat-alle-produkte","7":"product_cat-bauchtaschen","8":"product_cat-vegane-produkte","9":"product_cat-zell-stoff-produkte","10":"product_tag-bum-bag","11":"product_tag-etui","12":"product_tag-fanny-pack","13":"product_tag-kurztrip","14":"product_tag-reise","15":"product_tag-vegane-tasche","16":"product_tag-waschbar","17":"product_tag-zell-stoff","18":"product_shipping_class-dhl-m","20":"first","21":"instock","22":"sold-individually","23":"taxable","24":"shipping-taxable","25":"purchasable","26":"product-type-variable"},"yoast_head":"<!-- This site is optimized with the Yoast SEO plugin v27.1.1 - https:\/\/yoast.com\/product\/yoast-seo-wordpress\/ -->\n<title>CARRIE.XS Body Bag - linckx.\u00ae<\/title>\n<meta name=\"description\" content=\"Die CARRIE.XS bietet Platz f\u00fcr das N\u00f6tigste, sie kann um die H\u00fcfte getragen werden oder oder quer umgeh\u00e4ngt (cross body).\" \/>\n<meta name=\"robots\" content=\"index, follow, max-snippet:-1, max-image-preview:large, max-video-preview:-1\" \/>\n<link rel=\"canonical\" href=\"https:\/\/shop.linckx.de\/de\/produkt\/carrie-xs-body-bag\/\" \/>\n<meta property=\"og:locale\" content=\"de_DE\" \/>\n<meta property=\"og:type\" content=\"article\" \/>\n<meta property=\"og:title\" content=\"CARRIE.XS Body Bag - linckx.\u00ae\" \/>\n<meta property=\"og:description\" content=\"Die CARRIE.XS bietet Platz f\u00fcr das N\u00f6tigste, sie kann um die H\u00fcfte getragen werden oder oder quer umgeh\u00e4ngt (cross body).\" \/>\n<meta property=\"og:url\" content=\"https:\/\/shop.linckx.de\/de\/produkt\/carrie-xs-body-bag\/\" \/>\n<meta property=\"og:site_name\" content=\"linckx.\u00ae\" \/>\n<meta property=\"article:modified_time\" content=\"2022-01-09T17:56:24+00:00\" \/>\n<meta property=\"og:image\" content=\"https:\/\/shop.linckx.de\/wp-content\/uploads\/2021\/01\/CARRIE-XS_anthra-vt-TxGr_900.jpg\" \/>\n\t<meta property=\"og:image:width\" content=\"900\" \/>\n\t<meta property=\"og:image:height\" content=\"1200\" \/>\n\t<meta property=\"og:image:type\" content=\"image\/jpeg\" \/>\n<meta name=\"twitter:card\" content=\"summary_large_image\" \/>\n<script type=\"application\/ld+json\" class=\"yoast-schema-graph\">{\"@context\":\"https:\/\/schema.org\",\"@graph\":[{\"@type\":\"WebPage\",\"@id\":\"https:\/\/shop.linckx.de\/de\/produkt\/carrie-xs-body-bag\/\",\"url\":\"https:\/\/shop.linckx.de\/de\/produkt\/carrie-xs-body-bag\/\",\"name\":\"CARRIE.XS Body Bag - linckx.\u00ae\",\"isPartOf\":{\"@id\":\"https:\/\/shop.linckx.de\/de\/#website\"},\"primaryImageOfPage\":{\"@id\":\"https:\/\/shop.linckx.de\/de\/produkt\/carrie-xs-body-bag\/#primaryimage\"},\"image\":{\"@id\":\"https:\/\/shop.linckx.de\/de\/produkt\/carrie-xs-body-bag\/#primaryimage\"},\"thumbnailUrl\":\"https:\/\/shop.linckx.de\/wp-content\/uploads\/2021\/01\/CARRIE-XS_anthra-vt-TxGr_900.jpg\",\"datePublished\":\"2021-01-12T18:10:24+00:00\",\"dateModified\":\"2022-01-09T17:56:24+00:00\",\"description\":\"Die CARRIE.XS bietet Platz f\u00fcr das N\u00f6tigste, sie kann um die H\u00fcfte getragen werden oder oder quer umgeh\u00e4ngt (cross body).\",\"breadcrumb\":{\"@id\":\"https:\/\/shop.linckx.de\/de\/produkt\/carrie-xs-body-bag\/#breadcrumb\"},\"inLanguage\":\"de\",\"potentialAction\":[{\"@type\":\"ReadAction\",\"target\":[\"https:\/\/shop.linckx.de\/de\/produkt\/carrie-xs-body-bag\/\"]}]},{\"@type\":\"ImageObject\",\"inLanguage\":\"de\",\"@id\":\"https:\/\/shop.linckx.de\/de\/produkt\/carrie-xs-body-bag\/#primaryimage\",\"url\":\"https:\/\/shop.linckx.de\/wp-content\/uploads\/2021\/01\/CARRIE-XS_anthra-vt-TxGr_900.jpg\",\"contentUrl\":\"https:\/\/shop.linckx.de\/wp-content\/uploads\/2021\/01\/CARRIE-XS_anthra-vt-TxGr_900.jpg\",\"width\":900,\"height\":1200,\"caption\":\"CARRIE.XS anthrazit\"},{\"@type\":\"BreadcrumbList\",\"@id\":\"https:\/\/shop.linckx.de\/de\/produkt\/carrie-xs-body-bag\/#breadcrumb\",\"itemListElement\":[{\"@type\":\"ListItem\",\"position\":1,\"name\":\"Startseite\",\"item\":\"https:\/\/shop.linckx.de\/de\/\"},{\"@type\":\"ListItem\",\"position\":2,\"name\":\"SHOP\",\"item\":\"https:\/\/shop.linckx.de\/de\/taschen-accessoires-made-in-germany\/\"},{\"@type\":\"ListItem\",\"position\":3,\"name\":\"CARRIE.XS Body Bag\"}]},{\"@type\":\"WebSite\",\"@id\":\"https:\/\/shop.linckx.de\/de\/#website\",\"url\":\"https:\/\/shop.linckx.de\/de\/\",\"name\":\"linckx.\u00ae\",\"description\":\"Taschen + Accessoires    [made in Germany]\",\"publisher\":{\"@id\":\"https:\/\/shop.linckx.de\/de\/#organization\"},\"potentialAction\":[{\"@type\":\"SearchAction\",\"target\":{\"@type\":\"EntryPoint\",\"urlTemplate\":\"https:\/\/shop.linckx.de\/de\/?s={search_term_string}\"},\"query-input\":{\"@type\":\"PropertyValueSpecification\",\"valueRequired\":true,\"valueName\":\"search_term_string\"}}],\"inLanguage\":\"de\"},{\"@type\":\"Organization\",\"@id\":\"https:\/\/shop.linckx.de\/de\/#organization\",\"name\":\"linckx\",\"url\":\"https:\/\/shop.linckx.de\/de\/\",\"logo\":{\"@type\":\"ImageObject\",\"inLanguage\":\"de\",\"@id\":\"https:\/\/shop.linckx.de\/de\/#\/schema\/logo\/image\/\",\"url\":\"https:\/\/i2.wp.com\/shop.linckx.de\/wp-content\/uploads\/2019\/08\/19-06_linckx-Logo-quadr.jpg?fit=1181%2C1181&ssl=1\",\"contentUrl\":\"https:\/\/i2.wp.com\/shop.linckx.de\/wp-content\/uploads\/2019\/08\/19-06_linckx-Logo-quadr.jpg?fit=1181%2C1181&ssl=1\",\"width\":1181,\"height\":1181,\"caption\":\"linckx\"},\"image\":{\"@id\":\"https:\/\/shop.linckx.de\/de\/#\/schema\/logo\/image\/\"}}]}<\/script>\n<!-- \/ Yoast SEO plugin. -->","yoast_head_json":{"title":"CARRIE.XS Body Bag - linckx.\u00ae","description":"Die CARRIE.XS bietet Platz f\u00fcr das N\u00f6tigste, sie kann um die H\u00fcfte getragen werden oder oder quer umgeh\u00e4ngt (cross body).","robots":{"index":"index","follow":"follow","max-snippet":"max-snippet:-1","max-image-preview":"max-image-preview:large","max-video-preview":"max-video-preview:-1"},"canonical":"https:\/\/shop.linckx.de\/de\/produkt\/carrie-xs-body-bag\/","og_locale":"de_DE","og_type":"article","og_title":"CARRIE.XS Body Bag - linckx.\u00ae","og_description":"Die CARRIE.XS bietet Platz f\u00fcr das N\u00f6tigste, sie kann um die H\u00fcfte getragen werden oder oder quer umgeh\u00e4ngt (cross body).","og_url":"https:\/\/shop.linckx.de\/de\/produkt\/carrie-xs-body-bag\/","og_site_name":"linckx.\u00ae","article_modified_time":"2022-01-09T17:56:24+00:00","og_image":[{"width":900,"height":1200,"url":"https:\/\/shop.linckx.de\/wp-content\/uploads\/2021\/01\/CARRIE-XS_anthra-vt-TxGr_900.jpg","type":"image\/jpeg"}],"twitter_card":"summary_large_image","schema":{"@context":"https:\/\/schema.org","@graph":[{"@type":"WebPage","@id":"https:\/\/shop.linckx.de\/de\/produkt\/carrie-xs-body-bag\/","url":"https:\/\/shop.linckx.de\/de\/produkt\/carrie-xs-body-bag\/","name":"CARRIE.XS Body Bag - linckx.\u00ae","isPartOf":{"@id":"https:\/\/shop.linckx.de\/de\/#website"},"primaryImageOfPage":{"@id":"https:\/\/shop.linckx.de\/de\/produkt\/carrie-xs-body-bag\/#primaryimage"},"image":{"@id":"https:\/\/shop.linckx.de\/de\/produkt\/carrie-xs-body-bag\/#primaryimage"},"thumbnailUrl":"https:\/\/shop.linckx.de\/wp-content\/uploads\/2021\/01\/CARRIE-XS_anthra-vt-TxGr_900.jpg","datePublished":"2021-01-12T18:10:24+00:00","dateModified":"2022-01-09T17:56:24+00:00","description":"Die CARRIE.XS bietet Platz f\u00fcr das N\u00f6tigste, sie kann um die H\u00fcfte getragen werden oder oder quer umgeh\u00e4ngt (cross body).","breadcrumb":{"@id":"https:\/\/shop.linckx.de\/de\/produkt\/carrie-xs-body-bag\/#breadcrumb"},"inLanguage":"de","potentialAction":[{"@type":"ReadAction","target":["https:\/\/shop.linckx.de\/de\/produkt\/carrie-xs-body-bag\/"]}]},{"@type":"ImageObject","inLanguage":"de","@id":"https:\/\/shop.linckx.de\/de\/produkt\/carrie-xs-body-bag\/#primaryimage","url":"https:\/\/shop.linckx.de\/wp-content\/uploads\/2021\/01\/CARRIE-XS_anthra-vt-TxGr_900.jpg","contentUrl":"https:\/\/shop.linckx.de\/wp-content\/uploads\/2021\/01\/CARRIE-XS_anthra-vt-TxGr_900.jpg","width":900,"height":1200,"caption":"CARRIE.XS anthrazit"},{"@type":"BreadcrumbList","@id":"https:\/\/shop.linckx.de\/de\/produkt\/carrie-xs-body-bag\/#breadcrumb","itemListElement":[{"@type":"ListItem","position":1,"name":"Startseite","item":"https:\/\/shop.linckx.de\/de\/"},{"@type":"ListItem","position":2,"name":"SHOP","item":"https:\/\/shop.linckx.de\/de\/taschen-accessoires-made-in-germany\/"},{"@type":"ListItem","position":3,"name":"CARRIE.XS Body Bag"}]},{"@type":"WebSite","@id":"https:\/\/shop.linckx.de\/de\/#website","url":"https:\/\/shop.linckx.de\/de\/","name":"linckx.\u00ae","description":"Taschen + Accessoires    [made in Germany]","publisher":{"@id":"https:\/\/shop.linckx.de\/de\/#organization"},"potentialAction":[{"@type":"SearchAction","target":{"@type":"EntryPoint","urlTemplate":"https:\/\/shop.linckx.de\/de\/?s={search_term_string}"},"query-input":{"@type":"PropertyValueSpecification","valueRequired":true,"valueName":"search_term_string"}}],"inLanguage":"de"},{"@type":"Organization","@id":"https:\/\/shop.linckx.de\/de\/#organization","name":"linckx","url":"https:\/\/shop.linckx.de\/de\/","logo":{"@type":"ImageObject","inLanguage":"de","@id":"https:\/\/shop.linckx.de\/de\/#\/schema\/logo\/image\/","url":"https:\/\/i2.wp.com\/shop.linckx.de\/wp-content\/uploads\/2019\/08\/19-06_linckx-Logo-quadr.jpg?fit=1181%2C1181&ssl=1","contentUrl":"https:\/\/i2.wp.com\/shop.linckx.de\/wp-content\/uploads\/2019\/08\/19-06_linckx-Logo-quadr.jpg?fit=1181%2C1181&ssl=1","width":1181,"height":1181,"caption":"linckx"},"image":{"@id":"https:\/\/shop.linckx.de\/de\/#\/schema\/logo\/image\/"}}]}},"_links":{"self":[{"href":"https:\/\/shop.linckx.de\/de\/wp-json\/wp\/v2\/product\/4163","targetHints":{"allow":["GET"]}}],"collection":[{"href":"https:\/\/shop.linckx.de\/de\/wp-json\/wp\/v2\/product"}],"about":[{"href":"https:\/\/shop.linckx.de\/de\/wp-json\/wp\/v2\/types\/product"}],"replies":[{"embeddable":true,"href":"https:\/\/shop.linckx.de\/de\/wp-json\/wp\/v2\/comments?post=4163"}],"wp:featuredmedia":[{"embeddable":true,"href":"https:\/\/shop.linckx.de\/de\/wp-json\/wp\/v2\/media\/5174"}],"wp:attachment":[{"href":"https:\/\/shop.linckx.de\/de\/wp-json\/wp\/v2\/media?parent=4163"}],"wp:term":[{"taxonomy":"product_brand","embeddable":true,"href":"https:\/\/shop.linckx.de\/de\/wp-json\/wp\/v2\/product_brand?post=4163"},{"taxonomy":"product_cat","embeddable":true,"href":"https:\/\/shop.linckx.de\/de\/wp-json\/wp\/v2\/product_cat?post=4163"},{"taxonomy":"product_tag","embeddable":true,"href":"https:\/\/shop.linckx.de\/de\/wp-json\/wp\/v2\/product_tag?post=4163"}],"curies":[{"name":"wp","href":"https:\/\/api.w.org\/{rel}","templated":true}]}}