{"id":740,"date":"2019-08-15T15:37:25","date_gmt":"2019-08-15T15:37:25","guid":{"rendered":"https:\/\/shop.linckx.de\/?post_type=product&#038;p=740"},"modified":"2023-01-08T21:30:14","modified_gmt":"2023-01-08T20:30:14","slug":"ellipse-03-nylon","status":"publish","type":"product","link":"https:\/\/shop.linckx.de\/de\/produkt\/ellipse-03-nylon\/","title":{"rendered":"Ellipse.03  Botentasche aus Nylon"},"content":{"rendered":"<p>Die Botentasche &#8222;Ellipse&#8220; ist ungemein praktisch und sieht dabei gut aus! Das au\u00dfergew\u00f6hnliche Design mit der ellipsenf\u00f6rmigen \u00d6ffnung zeigt die Farbe des Innenfutters als Hingucker.<br \/>\nVorne hat die Tasche zwei Aussenf\u00e4cher mit Klettverschluss, und im Innenfutter gibt es drei F\u00e4cher. Das Format DIN A4 passt quer hinein, ebenso wie kleinere Notebooks, und wenn mal mehr rein muss, kann die Tasche auch hochgeklappt getragen werden (erweiterbar auf eine H\u00f6he von ca. 50 cm). Um sie sicher zu verschlie\u00dfen, wird das Gummiband hinten um die Tasche gelegt. Mit den seitlich angebrachten Gurten sitzt die Tasche immer gut, auch z.B. beim Radfahren!<\/p>\n<p>Der Aussenstoff ist Nylon (80%NY 20%PU, wasserdicht),\u00a0 f\u00fcrs Innenfutter verwenden wir Baumwollstoffe mit \u00d6kotex 100 Zertifizierung (<em>bitte beachten: die verschiedenen Farbvarianten zeigen nur die Funktionen. Die konkret angebotenen Farbvarianten sind in der Auswahl dargestellt<\/em>).<br \/>\nDie Tasche kann in der Maschine bei 40\u00b0 gewaschen werden.<\/p>\n<p><strong>Gr\u00f6sse<\/strong> \u00a0 ca. 28 (B) x 29\/50 (H) x 10 (T) cm<\/p>\n<p>Mehr Infos zur Canvas Collection gibt es <a href=\"https:\/\/shop.linckx.de\/linckx-lookbook\/canvas-collection\/\">hier<\/a>.<\/p>\n<p>&nbsp;<\/p>\n","protected":false},"excerpt":{"rendered":"<p>Botentasche Ellipse in Gr\u00f6sse 03 aus Nylon, Farbe dunkelgr\u00fcn-mandarine<\/p>\n","protected":false},"featured_media":5627,"comment_status":"open","ping_status":"closed","template":"","meta":[],"product_brand":[],"product_cat":[38,45,191],"product_tag":[185,292,295,209,101,333,69],"class_list":{"0":"post-740","1":"product","2":"type-product","3":"status-publish","4":"has-post-thumbnail","6":"product_cat-botentaschen-schultertaschen","7":"product_cat-canvascollection","8":"product_cat-vegane-produkte","9":"product_tag-botentasche","10":"product_tag-businesstasche","11":"product_tag-notebooktasche","12":"product_tag-schultertasche","13":"product_tag-umhaengetasche","14":"product_tag-vegane-tasche","15":"product_tag-waschbar","16":"product_shipping_class-kostenfrei","18":"first","19":"outofstock","20":"taxable","21":"shipping-taxable","22":"product-type-simple"},"yoast_head":"<!-- This site is optimized with the Yoast SEO plugin v27.1.1 - https:\/\/yoast.com\/product\/yoast-seo-wordpress\/ -->\n<title>Ellipse.03 Botentasche aus Nylon - linckx.\u00ae<\/title>\n<meta name=\"description\" content=\"Botentasche &quot;Ellipse&quot; aus Nylon, in der H\u00f6he verstellbar. Gute Passform durch den seitlich angebrachten Gurt, Verschluss mit Gummiband\" \/>\n<meta name=\"robots\" content=\"index, follow, max-snippet:-1, max-image-preview:large, max-video-preview:-1\" \/>\n<link rel=\"canonical\" href=\"https:\/\/shop.linckx.de\/de\/produkt\/ellipse-03-nylon\/\" \/>\n<meta property=\"og:locale\" content=\"de_DE\" \/>\n<meta property=\"og:type\" content=\"article\" \/>\n<meta property=\"og:title\" content=\"Ellipse.03 Botentasche aus Nylon - linckx.\u00ae\" \/>\n<meta property=\"og:description\" content=\"Botentasche &quot;Ellipse&quot; aus Nylon, in der H\u00f6he verstellbar. Gute Passform durch den seitlich angebrachten Gurt, Verschluss mit Gummiband\" \/>\n<meta property=\"og:url\" content=\"https:\/\/shop.linckx.de\/de\/produkt\/ellipse-03-nylon\/\" \/>\n<meta property=\"og:site_name\" content=\"linckx.\u00ae\" \/>\n<meta property=\"article:modified_time\" content=\"2023-01-08T20:30:14+00:00\" \/>\n<meta property=\"og:image\" content=\"https:\/\/shop.linckx.de\/wp-content\/uploads\/2022\/12\/E03-beige-CA-mars-1_1200.jpg\" \/>\n\t<meta property=\"og:image:width\" content=\"900\" \/>\n\t<meta property=\"og:image:height\" content=\"1200\" \/>\n\t<meta property=\"og:image:type\" content=\"image\/jpeg\" \/>\n<meta name=\"twitter:card\" content=\"summary_large_image\" \/>\n<meta name=\"twitter:label1\" content=\"Gesch\u00e4tzte Lesezeit\" \/>\n\t<meta name=\"twitter:data1\" content=\"1\u00a0Minute\" \/>\n<script type=\"application\/ld+json\" class=\"yoast-schema-graph\">{\"@context\":\"https:\/\/schema.org\",\"@graph\":[{\"@type\":\"WebPage\",\"@id\":\"https:\/\/shop.linckx.de\/de\/produkt\/ellipse-03-nylon\/\",\"url\":\"https:\/\/shop.linckx.de\/de\/produkt\/ellipse-03-nylon\/\",\"name\":\"Ellipse.03 Botentasche aus Nylon - linckx.\u00ae\",\"isPartOf\":{\"@id\":\"https:\/\/shop.linckx.de\/de\/#website\"},\"primaryImageOfPage\":{\"@id\":\"https:\/\/shop.linckx.de\/de\/produkt\/ellipse-03-nylon\/#primaryimage\"},\"image\":{\"@id\":\"https:\/\/shop.linckx.de\/de\/produkt\/ellipse-03-nylon\/#primaryimage\"},\"thumbnailUrl\":\"https:\/\/shop.linckx.de\/wp-content\/uploads\/2022\/12\/E03-beige-CA-mars-1_1200.jpg\",\"datePublished\":\"2019-08-15T15:37:25+00:00\",\"dateModified\":\"2023-01-08T20:30:14+00:00\",\"description\":\"Botentasche \\\"Ellipse\\\" aus Nylon, in der H\u00f6he verstellbar. Gute Passform durch den seitlich angebrachten Gurt, Verschluss mit Gummiband\",\"breadcrumb\":{\"@id\":\"https:\/\/shop.linckx.de\/de\/produkt\/ellipse-03-nylon\/#breadcrumb\"},\"inLanguage\":\"de\",\"potentialAction\":[{\"@type\":\"ReadAction\",\"target\":[\"https:\/\/shop.linckx.de\/de\/produkt\/ellipse-03-nylon\/\"]}]},{\"@type\":\"ImageObject\",\"inLanguage\":\"de\",\"@id\":\"https:\/\/shop.linckx.de\/de\/produkt\/ellipse-03-nylon\/#primaryimage\",\"url\":\"https:\/\/shop.linckx.de\/wp-content\/uploads\/2022\/12\/E03-beige-CA-mars-1_1200.jpg\",\"contentUrl\":\"https:\/\/shop.linckx.de\/wp-content\/uploads\/2022\/12\/E03-beige-CA-mars-1_1200.jpg\",\"width\":900,\"height\":1200,\"caption\":\"E.03 creme-marsala\"},{\"@type\":\"BreadcrumbList\",\"@id\":\"https:\/\/shop.linckx.de\/de\/produkt\/ellipse-03-nylon\/#breadcrumb\",\"itemListElement\":[{\"@type\":\"ListItem\",\"position\":1,\"name\":\"Startseite\",\"item\":\"https:\/\/shop.linckx.de\/de\/\"},{\"@type\":\"ListItem\",\"position\":2,\"name\":\"SHOP\",\"item\":\"https:\/\/shop.linckx.de\/de\/taschen-accessoires-made-in-germany\/\"},{\"@type\":\"ListItem\",\"position\":3,\"name\":\"Ellipse.03 Botentasche aus Nylon\"}]},{\"@type\":\"WebSite\",\"@id\":\"https:\/\/shop.linckx.de\/de\/#website\",\"url\":\"https:\/\/shop.linckx.de\/de\/\",\"name\":\"linckx.\u00ae\",\"description\":\"Taschen + Accessoires    [made in Germany]\",\"publisher\":{\"@id\":\"https:\/\/shop.linckx.de\/de\/#organization\"},\"potentialAction\":[{\"@type\":\"SearchAction\",\"target\":{\"@type\":\"EntryPoint\",\"urlTemplate\":\"https:\/\/shop.linckx.de\/de\/?s={search_term_string}\"},\"query-input\":{\"@type\":\"PropertyValueSpecification\",\"valueRequired\":true,\"valueName\":\"search_term_string\"}}],\"inLanguage\":\"de\"},{\"@type\":\"Organization\",\"@id\":\"https:\/\/shop.linckx.de\/de\/#organization\",\"name\":\"linckx\",\"url\":\"https:\/\/shop.linckx.de\/de\/\",\"logo\":{\"@type\":\"ImageObject\",\"inLanguage\":\"de\",\"@id\":\"https:\/\/shop.linckx.de\/de\/#\/schema\/logo\/image\/\",\"url\":\"https:\/\/i2.wp.com\/shop.linckx.de\/wp-content\/uploads\/2019\/08\/19-06_linckx-Logo-quadr.jpg?fit=1181%2C1181&ssl=1\",\"contentUrl\":\"https:\/\/i2.wp.com\/shop.linckx.de\/wp-content\/uploads\/2019\/08\/19-06_linckx-Logo-quadr.jpg?fit=1181%2C1181&ssl=1\",\"width\":1181,\"height\":1181,\"caption\":\"linckx\"},\"image\":{\"@id\":\"https:\/\/shop.linckx.de\/de\/#\/schema\/logo\/image\/\"}}]}<\/script>\n<!-- \/ Yoast SEO plugin. -->","yoast_head_json":{"title":"Ellipse.03 Botentasche aus Nylon - linckx.\u00ae","description":"Botentasche \"Ellipse\" aus Nylon, in der H\u00f6he verstellbar. Gute Passform durch den seitlich angebrachten Gurt, Verschluss mit Gummiband","robots":{"index":"index","follow":"follow","max-snippet":"max-snippet:-1","max-image-preview":"max-image-preview:large","max-video-preview":"max-video-preview:-1"},"canonical":"https:\/\/shop.linckx.de\/de\/produkt\/ellipse-03-nylon\/","og_locale":"de_DE","og_type":"article","og_title":"Ellipse.03 Botentasche aus Nylon - linckx.\u00ae","og_description":"Botentasche \"Ellipse\" aus Nylon, in der H\u00f6he verstellbar. Gute Passform durch den seitlich angebrachten Gurt, Verschluss mit Gummiband","og_url":"https:\/\/shop.linckx.de\/de\/produkt\/ellipse-03-nylon\/","og_site_name":"linckx.\u00ae","article_modified_time":"2023-01-08T20:30:14+00:00","og_image":[{"width":900,"height":1200,"url":"https:\/\/shop.linckx.de\/wp-content\/uploads\/2022\/12\/E03-beige-CA-mars-1_1200.jpg","type":"image\/jpeg"}],"twitter_card":"summary_large_image","twitter_misc":{"Gesch\u00e4tzte Lesezeit":"1\u00a0Minute"},"schema":{"@context":"https:\/\/schema.org","@graph":[{"@type":"WebPage","@id":"https:\/\/shop.linckx.de\/de\/produkt\/ellipse-03-nylon\/","url":"https:\/\/shop.linckx.de\/de\/produkt\/ellipse-03-nylon\/","name":"Ellipse.03 Botentasche aus Nylon - linckx.\u00ae","isPartOf":{"@id":"https:\/\/shop.linckx.de\/de\/#website"},"primaryImageOfPage":{"@id":"https:\/\/shop.linckx.de\/de\/produkt\/ellipse-03-nylon\/#primaryimage"},"image":{"@id":"https:\/\/shop.linckx.de\/de\/produkt\/ellipse-03-nylon\/#primaryimage"},"thumbnailUrl":"https:\/\/shop.linckx.de\/wp-content\/uploads\/2022\/12\/E03-beige-CA-mars-1_1200.jpg","datePublished":"2019-08-15T15:37:25+00:00","dateModified":"2023-01-08T20:30:14+00:00","description":"Botentasche \"Ellipse\" aus Nylon, in der H\u00f6he verstellbar. Gute Passform durch den seitlich angebrachten Gurt, Verschluss mit Gummiband","breadcrumb":{"@id":"https:\/\/shop.linckx.de\/de\/produkt\/ellipse-03-nylon\/#breadcrumb"},"inLanguage":"de","potentialAction":[{"@type":"ReadAction","target":["https:\/\/shop.linckx.de\/de\/produkt\/ellipse-03-nylon\/"]}]},{"@type":"ImageObject","inLanguage":"de","@id":"https:\/\/shop.linckx.de\/de\/produkt\/ellipse-03-nylon\/#primaryimage","url":"https:\/\/shop.linckx.de\/wp-content\/uploads\/2022\/12\/E03-beige-CA-mars-1_1200.jpg","contentUrl":"https:\/\/shop.linckx.de\/wp-content\/uploads\/2022\/12\/E03-beige-CA-mars-1_1200.jpg","width":900,"height":1200,"caption":"E.03 creme-marsala"},{"@type":"BreadcrumbList","@id":"https:\/\/shop.linckx.de\/de\/produkt\/ellipse-03-nylon\/#breadcrumb","itemListElement":[{"@type":"ListItem","position":1,"name":"Startseite","item":"https:\/\/shop.linckx.de\/de\/"},{"@type":"ListItem","position":2,"name":"SHOP","item":"https:\/\/shop.linckx.de\/de\/taschen-accessoires-made-in-germany\/"},{"@type":"ListItem","position":3,"name":"Ellipse.03 Botentasche aus Nylon"}]},{"@type":"WebSite","@id":"https:\/\/shop.linckx.de\/de\/#website","url":"https:\/\/shop.linckx.de\/de\/","name":"linckx.\u00ae","description":"Taschen + Accessoires    [made in Germany]","publisher":{"@id":"https:\/\/shop.linckx.de\/de\/#organization"},"potentialAction":[{"@type":"SearchAction","target":{"@type":"EntryPoint","urlTemplate":"https:\/\/shop.linckx.de\/de\/?s={search_term_string}"},"query-input":{"@type":"PropertyValueSpecification","valueRequired":true,"valueName":"search_term_string"}}],"inLanguage":"de"},{"@type":"Organization","@id":"https:\/\/shop.linckx.de\/de\/#organization","name":"linckx","url":"https:\/\/shop.linckx.de\/de\/","logo":{"@type":"ImageObject","inLanguage":"de","@id":"https:\/\/shop.linckx.de\/de\/#\/schema\/logo\/image\/","url":"https:\/\/i2.wp.com\/shop.linckx.de\/wp-content\/uploads\/2019\/08\/19-06_linckx-Logo-quadr.jpg?fit=1181%2C1181&ssl=1","contentUrl":"https:\/\/i2.wp.com\/shop.linckx.de\/wp-content\/uploads\/2019\/08\/19-06_linckx-Logo-quadr.jpg?fit=1181%2C1181&ssl=1","width":1181,"height":1181,"caption":"linckx"},"image":{"@id":"https:\/\/shop.linckx.de\/de\/#\/schema\/logo\/image\/"}}]}},"_links":{"self":[{"href":"https:\/\/shop.linckx.de\/de\/wp-json\/wp\/v2\/product\/740","targetHints":{"allow":["GET"]}}],"collection":[{"href":"https:\/\/shop.linckx.de\/de\/wp-json\/wp\/v2\/product"}],"about":[{"href":"https:\/\/shop.linckx.de\/de\/wp-json\/wp\/v2\/types\/product"}],"replies":[{"embeddable":true,"href":"https:\/\/shop.linckx.de\/de\/wp-json\/wp\/v2\/comments?post=740"}],"wp:featuredmedia":[{"embeddable":true,"href":"https:\/\/shop.linckx.de\/de\/wp-json\/wp\/v2\/media\/5627"}],"wp:attachment":[{"href":"https:\/\/shop.linckx.de\/de\/wp-json\/wp\/v2\/media?parent=740"}],"wp:term":[{"taxonomy":"product_brand","embeddable":true,"href":"https:\/\/shop.linckx.de\/de\/wp-json\/wp\/v2\/product_brand?post=740"},{"taxonomy":"product_cat","embeddable":true,"href":"https:\/\/shop.linckx.de\/de\/wp-json\/wp\/v2\/product_cat?post=740"},{"taxonomy":"product_tag","embeddable":true,"href":"https:\/\/shop.linckx.de\/de\/wp-json\/wp\/v2\/product_tag?post=740"}],"curies":[{"name":"wp","href":"https:\/\/api.w.org\/{rel}","templated":true}]}}