{"id":2109,"date":"2020-01-10T17:26:52","date_gmt":"2020-01-10T17:26:52","guid":{"rendered":"https:\/\/shop.linckx.de\/?page_id=2109"},"modified":"2020-09-25T19:55:02","modified_gmt":"2020-09-25T19:55:02","slug":"rucksaecke-convertibles","status":"publish","type":"page","link":"https:\/\/shop.linckx.de\/en\/lookbook\/like-paper-bags\/rucksaecke-convertibles\/","title":{"rendered":"Rucks\u00e4cke &#8211; Convertibles"},"content":{"rendered":"<div class=\"wp-block-columns is-layout-flex wp-container-core-columns-is-layout-28f84493 wp-block-columns-is-layout-flex\">\n<div class=\"wp-block-column is-layout-flow wp-block-column-is-layout-flow\">\n\n\n\n\n<h4>FELIX Rucksack &#8211; Convertible<\/h4>\n<p>FELIX can be converted from a backpack to a shoulder bag within seconds! It is available one- or two-colored. Inside it has two flat extra compartments and a snap hook for attaching things like keys.<\/p>\n<p>Size <br>ca. 30\/ 37 (B) x 42 (H) x 7 cm<\/p>\n\n\n\n<hr class=\"wp-block-separator is-style-default\"\/>\n<\/div>\n\n\n\n<div class=\"wp-block-column is-layout-flow wp-block-column-is-layout-flow\">\n\n\n\n\n<h4>ELIAS&nbsp; Rucksack<\/h4>\n<p>Backpack with wide, adjustable straps and a handle at the top. Inside, it has two flat inside compartments and a snap hook for attaching things like keys.<\/p>\n<p>Size <br>ca. 30\/37 (B) x 42 (H) x 7 cm<\/p>\n\n\n\n<hr class=\"wp-block-separator is-style-default\"\/>\n<\/div>\n\n\n\n<div class=\"wp-block-column is-layout-flow wp-block-column-is-layout-flow\">\n\n\n\n\n<h4 class=\"wp-block-heading\">CARRIE.L Botentasche &#8211; Convertible<\/h4>\n\n\n\n<p>Die gro\u00dfe Umh\u00e4ngetasche kann man auch auf dem R\u00fccken tragen, \u00e4hnlich wie einen Rucksack, daf\u00fcr wird nur der Gurt anders eingeh\u00e4ngt. Die Klappe mit Drehverschluss ist in zwei Positionen zu schlie\u00dfen. Innen hat sie zwei flache Extraf\u00e4cher, Stifthalter und Schl\u00fcsselband mit Karabiner.<\/p>\n\n\n\n<p>Size <br>ca. 30\/37 (B) x 39 (H) x 7 cm<\/p>\n\n\n\n<hr class=\"wp-block-separator is-style-default\"\/>\n<\/div>\n<\/div>\n\n\n\n<div class=\"wp-block-columns is-layout-flex wp-container-core-columns-is-layout-28f84493 wp-block-columns-is-layout-flex\">\n<div class=\"wp-block-column is-layout-flow wp-block-column-is-layout-flow\">\n<p>Weitere Convertible Modelle findet Ihr bei &#8222;Taschen&#8220;:<\/p>\n<p>&nbsp;<\/p>\n<\/div>\n\n\n\n<div class=\"wp-block-column is-layout-flow wp-block-column-is-layout-flow\">\n<h4><a href=\"https:\/\/shop.linckx.de\/en\/lookbook\/like-paper-bags\/taschen\/\">CARRIE.S&nbsp; Bum Bag<\/a><\/h4>\n<\/div>\n\n\n\n<div class=\"wp-block-column is-layout-flow wp-block-column-is-layout-flow\">\n<h4 class=\"wp-block-heading\"><a href=\"https:\/\/shop.linckx.de\/en\/lookbook\/like-paper-bags\/taschen\/\" data-type=\"page\" data-id=\"2060\">CARRIE.M  Botentasche<\/a><\/h4>\n<\/div>\n<\/div>","protected":false},"excerpt":{"rendered":"<p>CARRIE.L Botentasche &#8211; Convertible Die gro\u00dfe Umh\u00e4ngetasche kann man auch auf dem R\u00fccken tragen, \u00e4hnlich wie einen Rucksack, daf\u00fcr wird nur der Gurt anders eingeh\u00e4ngt. Die Klappe mit Drehverschluss ist in zwei Positionen zu schlie\u00dfen. Innen hat sie zwei flache Extraf\u00e4cher, Stifthalter und Schl\u00fcsselband mit Karabiner. Gr\u00f6sse ca. 30\/37 (B) x 39 (H) x 7 [&hellip;]<\/p>\n","protected":false},"author":1,"featured_media":0,"parent":355,"menu_order":30,"comment_status":"closed","ping_status":"closed","template":"","meta":{"footnotes":""},"class_list":["post-2109","page","type-page","status-publish","hentry"],"yoast_head":"<!-- This site is optimized with the Yoast SEO plugin v27.1.1 - https:\/\/yoast.com\/product\/yoast-seo-wordpress\/ -->\n<title>Rucks\u00e4cke - Convertibles - linckx.\u00ae<\/title>\n<meta name=\"robots\" content=\"index, follow, max-snippet:-1, max-image-preview:large, max-video-preview:-1\" \/>\n<link rel=\"canonical\" href=\"https:\/\/shop.linckx.de\/en\/lookbook\/like-paper-bags\/rucksaecke-convertibles\/\" \/>\n<meta property=\"og:locale\" content=\"en_US\" \/>\n<meta property=\"og:type\" content=\"article\" \/>\n<meta property=\"og:title\" content=\"Rucks\u00e4cke - Convertibles - linckx.\u00ae\" \/>\n<meta property=\"og:description\" content=\"CARRIE.L Botentasche &#8211; Convertible Die gro\u00dfe Umh\u00e4ngetasche kann man auch auf dem R\u00fccken tragen, \u00e4hnlich wie einen Rucksack, daf\u00fcr wird nur der Gurt anders eingeh\u00e4ngt. Die Klappe mit Drehverschluss ist in zwei Positionen zu schlie\u00dfen. Innen hat sie zwei flache Extraf\u00e4cher, Stifthalter und Schl\u00fcsselband mit Karabiner. Gr\u00f6sse ca. 30\/37 (B) x 39 (H) x 7 [&hellip;]\" \/>\n<meta property=\"og:url\" content=\"https:\/\/shop.linckx.de\/en\/lookbook\/like-paper-bags\/rucksaecke-convertibles\/\" \/>\n<meta property=\"og:site_name\" content=\"linckx.\u00ae\" \/>\n<meta property=\"article:modified_time\" content=\"2020-09-25T19:55:02+00:00\" \/>\n<meta name=\"twitter:card\" content=\"summary_large_image\" \/>\n<meta name=\"twitter:label1\" content=\"Est. reading time\" \/>\n\t<meta name=\"twitter:data1\" content=\"1 minute\" \/>\n<script type=\"application\/ld+json\" class=\"yoast-schema-graph\">{\"@context\":\"https:\/\/schema.org\",\"@graph\":[{\"@type\":\"WebPage\",\"@id\":\"https:\/\/shop.linckx.de\/de\/lookbook\/like-paper-bags\/rucksaecke-convertibles\/\",\"url\":\"https:\/\/shop.linckx.de\/de\/lookbook\/like-paper-bags\/rucksaecke-convertibles\/\",\"name\":\"Rucks\u00e4cke - Convertibles - linckx.\u00ae\",\"isPartOf\":{\"@id\":\"https:\/\/shop.linckx.de\/de\/#website\"},\"datePublished\":\"2020-01-10T17:26:52+00:00\",\"dateModified\":\"2020-09-25T19:55:02+00:00\",\"breadcrumb\":{\"@id\":\"https:\/\/shop.linckx.de\/de\/lookbook\/like-paper-bags\/rucksaecke-convertibles\/#breadcrumb\"},\"inLanguage\":\"en-US\",\"potentialAction\":[{\"@type\":\"ReadAction\",\"target\":[\"https:\/\/shop.linckx.de\/de\/lookbook\/like-paper-bags\/rucksaecke-convertibles\/\"]}]},{\"@type\":\"BreadcrumbList\",\"@id\":\"https:\/\/shop.linckx.de\/de\/lookbook\/like-paper-bags\/rucksaecke-convertibles\/#breadcrumb\",\"itemListElement\":[{\"@type\":\"ListItem\",\"position\":1,\"name\":\"Startseite\",\"item\":\"https:\/\/shop.linckx.de\/de\/\"},{\"@type\":\"ListItem\",\"position\":2,\"name\":\"LOOKBOOK\",\"item\":\"https:\/\/shop.linckx.de\/en\/lookbook\/\"},{\"@type\":\"ListItem\",\"position\":3,\"name\":\"like paper bags\",\"item\":\"https:\/\/shop.linckx.de\/de\/lookbook\/like-paper-bags\/\"},{\"@type\":\"ListItem\",\"position\":4,\"name\":\"Rucks\u00e4cke &#8211; Convertibles\"}]},{\"@type\":\"WebSite\",\"@id\":\"https:\/\/shop.linckx.de\/de\/#website\",\"url\":\"https:\/\/shop.linckx.de\/de\/\",\"name\":\"linckx.\u00ae\",\"description\":\"Taschen + Accessoires    [made in Germany]\",\"publisher\":{\"@id\":\"https:\/\/shop.linckx.de\/de\/#organization\"},\"potentialAction\":[{\"@type\":\"SearchAction\",\"target\":{\"@type\":\"EntryPoint\",\"urlTemplate\":\"https:\/\/shop.linckx.de\/de\/?s={search_term_string}\"},\"query-input\":{\"@type\":\"PropertyValueSpecification\",\"valueRequired\":true,\"valueName\":\"search_term_string\"}}],\"inLanguage\":\"en-US\"},{\"@type\":\"Organization\",\"@id\":\"https:\/\/shop.linckx.de\/de\/#organization\",\"name\":\"linckx\",\"url\":\"https:\/\/shop.linckx.de\/de\/\",\"logo\":{\"@type\":\"ImageObject\",\"inLanguage\":\"en-US\",\"@id\":\"https:\/\/shop.linckx.de\/de\/#\/schema\/logo\/image\/\",\"url\":\"https:\/\/i2.wp.com\/shop.linckx.de\/wp-content\/uploads\/2019\/08\/19-06_linckx-Logo-quadr.jpg?fit=1181%2C1181&ssl=1\",\"contentUrl\":\"https:\/\/i2.wp.com\/shop.linckx.de\/wp-content\/uploads\/2019\/08\/19-06_linckx-Logo-quadr.jpg?fit=1181%2C1181&ssl=1\",\"width\":1181,\"height\":1181,\"caption\":\"linckx\"},\"image\":{\"@id\":\"https:\/\/shop.linckx.de\/de\/#\/schema\/logo\/image\/\"}}]}<\/script>\n<!-- \/ Yoast SEO plugin. -->","yoast_head_json":{"title":"Rucks\u00e4cke - Convertibles - linckx.\u00ae","robots":{"index":"index","follow":"follow","max-snippet":"max-snippet:-1","max-image-preview":"max-image-preview:large","max-video-preview":"max-video-preview:-1"},"canonical":"https:\/\/shop.linckx.de\/en\/lookbook\/like-paper-bags\/rucksaecke-convertibles\/","og_locale":"en_US","og_type":"article","og_title":"Rucks\u00e4cke - Convertibles - linckx.\u00ae","og_description":"CARRIE.L Botentasche &#8211; Convertible Die gro\u00dfe Umh\u00e4ngetasche kann man auch auf dem R\u00fccken tragen, \u00e4hnlich wie einen Rucksack, daf\u00fcr wird nur der Gurt anders eingeh\u00e4ngt. Die Klappe mit Drehverschluss ist in zwei Positionen zu schlie\u00dfen. Innen hat sie zwei flache Extraf\u00e4cher, Stifthalter und Schl\u00fcsselband mit Karabiner. Gr\u00f6sse ca. 30\/37 (B) x 39 (H) x 7 [&hellip;]","og_url":"https:\/\/shop.linckx.de\/en\/lookbook\/like-paper-bags\/rucksaecke-convertibles\/","og_site_name":"linckx.\u00ae","article_modified_time":"2020-09-25T19:55:02+00:00","twitter_card":"summary_large_image","twitter_misc":{"Est. reading time":"1 minute"},"schema":{"@context":"https:\/\/schema.org","@graph":[{"@type":"WebPage","@id":"https:\/\/shop.linckx.de\/de\/lookbook\/like-paper-bags\/rucksaecke-convertibles\/","url":"https:\/\/shop.linckx.de\/de\/lookbook\/like-paper-bags\/rucksaecke-convertibles\/","name":"Rucks\u00e4cke - Convertibles - linckx.\u00ae","isPartOf":{"@id":"https:\/\/shop.linckx.de\/de\/#website"},"datePublished":"2020-01-10T17:26:52+00:00","dateModified":"2020-09-25T19:55:02+00:00","breadcrumb":{"@id":"https:\/\/shop.linckx.de\/de\/lookbook\/like-paper-bags\/rucksaecke-convertibles\/#breadcrumb"},"inLanguage":"en-US","potentialAction":[{"@type":"ReadAction","target":["https:\/\/shop.linckx.de\/de\/lookbook\/like-paper-bags\/rucksaecke-convertibles\/"]}]},{"@type":"BreadcrumbList","@id":"https:\/\/shop.linckx.de\/de\/lookbook\/like-paper-bags\/rucksaecke-convertibles\/#breadcrumb","itemListElement":[{"@type":"ListItem","position":1,"name":"Startseite","item":"https:\/\/shop.linckx.de\/de\/"},{"@type":"ListItem","position":2,"name":"LOOKBOOK","item":"https:\/\/shop.linckx.de\/en\/lookbook\/"},{"@type":"ListItem","position":3,"name":"like paper bags","item":"https:\/\/shop.linckx.de\/de\/lookbook\/like-paper-bags\/"},{"@type":"ListItem","position":4,"name":"Rucks\u00e4cke &#8211; Convertibles"}]},{"@type":"WebSite","@id":"https:\/\/shop.linckx.de\/de\/#website","url":"https:\/\/shop.linckx.de\/de\/","name":"linckx.\u00ae","description":"Taschen + Accessoires    [made in Germany]","publisher":{"@id":"https:\/\/shop.linckx.de\/de\/#organization"},"potentialAction":[{"@type":"SearchAction","target":{"@type":"EntryPoint","urlTemplate":"https:\/\/shop.linckx.de\/de\/?s={search_term_string}"},"query-input":{"@type":"PropertyValueSpecification","valueRequired":true,"valueName":"search_term_string"}}],"inLanguage":"en-US"},{"@type":"Organization","@id":"https:\/\/shop.linckx.de\/de\/#organization","name":"linckx","url":"https:\/\/shop.linckx.de\/de\/","logo":{"@type":"ImageObject","inLanguage":"en-US","@id":"https:\/\/shop.linckx.de\/de\/#\/schema\/logo\/image\/","url":"https:\/\/i2.wp.com\/shop.linckx.de\/wp-content\/uploads\/2019\/08\/19-06_linckx-Logo-quadr.jpg?fit=1181%2C1181&ssl=1","contentUrl":"https:\/\/i2.wp.com\/shop.linckx.de\/wp-content\/uploads\/2019\/08\/19-06_linckx-Logo-quadr.jpg?fit=1181%2C1181&ssl=1","width":1181,"height":1181,"caption":"linckx"},"image":{"@id":"https:\/\/shop.linckx.de\/de\/#\/schema\/logo\/image\/"}}]}},"_links":{"self":[{"href":"https:\/\/shop.linckx.de\/en\/wp-json\/wp\/v2\/pages\/2109","targetHints":{"allow":["GET"]}}],"collection":[{"href":"https:\/\/shop.linckx.de\/en\/wp-json\/wp\/v2\/pages"}],"about":[{"href":"https:\/\/shop.linckx.de\/en\/wp-json\/wp\/v2\/types\/page"}],"author":[{"embeddable":true,"href":"https:\/\/shop.linckx.de\/en\/wp-json\/wp\/v2\/users\/1"}],"replies":[{"embeddable":true,"href":"https:\/\/shop.linckx.de\/en\/wp-json\/wp\/v2\/comments?post=2109"}],"version-history":[{"count":26,"href":"https:\/\/shop.linckx.de\/en\/wp-json\/wp\/v2\/pages\/2109\/revisions"}],"predecessor-version":[{"id":3824,"href":"https:\/\/shop.linckx.de\/en\/wp-json\/wp\/v2\/pages\/2109\/revisions\/3824"}],"up":[{"embeddable":true,"href":"https:\/\/shop.linckx.de\/en\/wp-json\/wp\/v2\/pages\/355"}],"wp:attachment":[{"href":"https:\/\/shop.linckx.de\/en\/wp-json\/wp\/v2\/media?parent=2109"}],"curies":[{"name":"wp","href":"https:\/\/api.w.org\/{rel}","templated":true}]}}