{"id":2132,"date":"2020-01-11T07:44:34","date_gmt":"2020-01-11T07:44:34","guid":{"rendered":"https:\/\/shop.linckx.de\/?page_id=2132"},"modified":"2021-11-05T18:01:02","modified_gmt":"2021-11-05T17:01:02","slug":"filz-materialinfo","status":"publish","type":"page","link":"https:\/\/shop.linckx.de\/en\/lookbook\/filz-forever\/filz-materialinfo\/","title":{"rendered":"Filz &#8211; Materialinfo"},"content":{"rendered":"<p>Wollfilz ist sozusagen ein nachwachsender Rohstoff und somit sehr umweltfreundlich. Zudem hat er tolle Eigenschaften, er ist z.B. wasserabweisend, atmungsaktiv und h\u00e4lt warm.<\/p>\n<h4>Unsere Filzqualit\u00e4ten<\/h4>\n<ul>\n<li><strong>reine Wollfilze<\/strong> in 3mm St\u00e4rke (100% Schafwolle, gef\u00e4rbt mit Textilfarben \u00d6kotex Standard 100). Das sind die \u201eklassischen\u201c Wollfilze. Sie haben eine weiche Oberfl\u00e4che und sind sehr fest und stabil. Zudem sind sie vollkommen unempfindlich, was das \u201ePillen\u201c (= Fusselbildung) angeht.<br><br><\/li>\n<\/ul>\n\n\n\n<div class=\"wp-block-image\"><figure class=\"aligncenter size-medium\"><img loading=\"lazy\" decoding=\"async\" width=\"300\" height=\"300\" src=\"https:\/\/shop.linckx.de\/wp-content\/uploads\/2020\/01\/Muster_WoFi_1200q-300x300.jpg\" alt=\"\" class=\"wp-image-2203\" srcset=\"https:\/\/shop.linckx.de\/wp-content\/uploads\/2020\/01\/Muster_WoFi_1200q-300x300.jpg 300w, https:\/\/shop.linckx.de\/wp-content\/uploads\/2020\/01\/Muster_WoFi_1200q-324x324.jpg 324w, https:\/\/shop.linckx.de\/wp-content\/uploads\/2020\/01\/Muster_WoFi_1200q-100x100.jpg 100w, https:\/\/shop.linckx.de\/wp-content\/uploads\/2020\/01\/Muster_WoFi_1200q-416x416.jpg 416w, https:\/\/shop.linckx.de\/wp-content\/uploads\/2020\/01\/Muster_WoFi_1200q-1024x1024.jpg 1024w, https:\/\/shop.linckx.de\/wp-content\/uploads\/2020\/01\/Muster_WoFi_1200q-150x150.jpg 150w, https:\/\/shop.linckx.de\/wp-content\/uploads\/2020\/01\/Muster_WoFi_1200q-768x768.jpg 768w, https:\/\/shop.linckx.de\/wp-content\/uploads\/2020\/01\/Muster_WoFi_1200q.jpg 1200w\" sizes=\"auto, (max-width: 300px) 100vw, 300px\" \/><\/figure><\/div>\n\n\n\n<ul>\n<li><strong>Natur-Wollfilze<\/strong> aus 90% Wolle und 10% Viskose (=Zellfasern). Ungef\u00e4rbt und in den Naturt\u00f6nen grau meliert, beige meliert, naturbraun und \u201eRustico\u201c (braun meliert). Diese Filze sind fest und robust und haben einen etwas rauhen, nat\u00fcrlichen Charakter. Sie enthalten Einschl\u00fcsse von Gr\u00e4sern und Pflanzenfasern \u2013 das kommt daher, dass das Schaf in der Natur unterwegs ist, deswegen sind in der Schafwolle zun\u00e4chst immer Pflanzenfasern mit drin (bei den reinen Wollfilzen werden diese aufwendig aus dem Material entfernt, daher der Preisunterschied).<br>Die ungef\u00e4rbten Naturfilze k\u00f6nnen auch farbige Flecken enthalten: Das sind Reste der verschiedenen Farbsprays, mit denen die Sch\u00e4fer Ihre Herden markieren.<\/li>\n<\/ul>\n\n\n\n<div class=\"wp-block-image\"><figure class=\"aligncenter size-medium\"><img loading=\"lazy\" decoding=\"async\" width=\"300\" height=\"300\" src=\"https:\/\/shop.linckx.de\/wp-content\/uploads\/2020\/01\/Muster_NatFi_800q-1-300x300.jpg\" alt=\"\" class=\"wp-image-2208\" srcset=\"https:\/\/shop.linckx.de\/wp-content\/uploads\/2020\/01\/Muster_NatFi_800q-1-300x300.jpg 300w, https:\/\/shop.linckx.de\/wp-content\/uploads\/2020\/01\/Muster_NatFi_800q-1-324x324.jpg 324w, https:\/\/shop.linckx.de\/wp-content\/uploads\/2020\/01\/Muster_NatFi_800q-1-100x100.jpg 100w, https:\/\/shop.linckx.de\/wp-content\/uploads\/2020\/01\/Muster_NatFi_800q-1-416x416.jpg 416w, https:\/\/shop.linckx.de\/wp-content\/uploads\/2020\/01\/Muster_NatFi_800q-1-150x150.jpg 150w, https:\/\/shop.linckx.de\/wp-content\/uploads\/2020\/01\/Muster_NatFi_800q-1-768x768.jpg 768w, https:\/\/shop.linckx.de\/wp-content\/uploads\/2020\/01\/Muster_NatFi_800q-1.jpg 800w\" sizes=\"auto, (max-width: 300px) 100vw, 300px\" \/><\/figure><\/div>\n\n\n\n<ul>\n<li><strong>Wollfilz-Mischungen <\/strong>aus 90% Wolle und 10% Polyester, St\u00e4rke 3 mm. Diese Filze sind sehr leicht, f\u00fchlen sich etwas rauher an und sind fast so robust wie die reinen Wollfilze. Sie pillen (=fusseln) nicht.<\/li>\n<\/ul>\n\n\n\n<div class=\"wp-block-image\"><figure class=\"aligncenter size-medium\"><img loading=\"lazy\" decoding=\"async\" width=\"300\" height=\"300\" src=\"https:\/\/shop.linckx.de\/wp-content\/uploads\/2020\/01\/Muster_WoFi-B_1200q-300x300.jpg\" alt=\"\" class=\"wp-image-2201\" srcset=\"https:\/\/shop.linckx.de\/wp-content\/uploads\/2020\/01\/Muster_WoFi-B_1200q-300x300.jpg 300w, https:\/\/shop.linckx.de\/wp-content\/uploads\/2020\/01\/Muster_WoFi-B_1200q-324x324.jpg 324w, https:\/\/shop.linckx.de\/wp-content\/uploads\/2020\/01\/Muster_WoFi-B_1200q-100x100.jpg 100w, https:\/\/shop.linckx.de\/wp-content\/uploads\/2020\/01\/Muster_WoFi-B_1200q-416x416.jpg 416w, https:\/\/shop.linckx.de\/wp-content\/uploads\/2020\/01\/Muster_WoFi-B_1200q-1024x1024.jpg 1024w, https:\/\/shop.linckx.de\/wp-content\/uploads\/2020\/01\/Muster_WoFi-B_1200q-150x150.jpg 150w, https:\/\/shop.linckx.de\/wp-content\/uploads\/2020\/01\/Muster_WoFi-B_1200q-768x768.jpg 768w, https:\/\/shop.linckx.de\/wp-content\/uploads\/2020\/01\/Muster_WoFi-B_1200q.jpg 1200w\" sizes=\"auto, (max-width: 300px) 100vw, 300px\" \/><\/figure><\/div>\n\n\n\n<ul>\n<li><strong>PET-Filze<\/strong> aus recycelten Plastikflaschen (100% Polyethylen\/ PET), ca. 4mm stark. Sie sind sehr fest und stabil, unempfindlich, und sogar in der Maschine waschbar ohne zu schrumpfen oder sich zu verformen \u2013 wir haben\u00b4s getestet! Pillen kann dagegen schonmal vorkommen, die Fusseln kann man mit der Rasierklinge vorsichtig entfernen.<\/li>\n<\/ul>\n\n\n\n<div class=\"wp-block-image\"><figure class=\"aligncenter size-medium\"><img loading=\"lazy\" decoding=\"async\" width=\"300\" height=\"300\" src=\"https:\/\/shop.linckx.de\/wp-content\/uploads\/2020\/01\/Muster_PETFi_800q-300x300.jpg\" alt=\"\" class=\"wp-image-2207\" srcset=\"https:\/\/shop.linckx.de\/wp-content\/uploads\/2020\/01\/Muster_PETFi_800q-300x300.jpg 300w, https:\/\/shop.linckx.de\/wp-content\/uploads\/2020\/01\/Muster_PETFi_800q-324x324.jpg 324w, https:\/\/shop.linckx.de\/wp-content\/uploads\/2020\/01\/Muster_PETFi_800q-100x100.jpg 100w, https:\/\/shop.linckx.de\/wp-content\/uploads\/2020\/01\/Muster_PETFi_800q-416x416.jpg 416w, https:\/\/shop.linckx.de\/wp-content\/uploads\/2020\/01\/Muster_PETFi_800q-150x150.jpg 150w, https:\/\/shop.linckx.de\/wp-content\/uploads\/2020\/01\/Muster_PETFi_800q-768x768.jpg 768w, https:\/\/shop.linckx.de\/wp-content\/uploads\/2020\/01\/Muster_PETFi_800q.jpg 800w\" sizes=\"auto, (max-width: 300px) 100vw, 300px\" \/><\/figure><\/div>\n\n\n\n<div class=\"n diyfeLiveArea\">\n<h4>Filzfarben<\/h4>\n<\/div>\n<div class=\"n diyfeLiveArea\">\n<p>Bei den Produktbeschreibungen im Onlineshop sind die Filzfarben dargestellt, in denen die einzelnen Modelle erh\u00e4ltlich sind. Die Farbwiedergabe der Fotos kann jedoch erfahrungsgem\u00e4ss vom Original abweichen. Wir senden Euch&nbsp;gerne Musterst\u00fccke der ausgew\u00e4hlten Farben zu! Bitte beachten: da Filz ein nat\u00fcrliches Material ist, k\u00f6nnen sich die Filzfarben von Partie zu Partie geringf\u00fcgig unterscheiden.<\/p>\n<h4>Reinigung<\/h4>\n<\/div>\n<div class=\"n diyfeLiveArea\">\n<p>Wenn Deine&nbsp;Tasche aus&nbsp;Wollfilz&nbsp;mal einen Fleck haben sollte, kannst Du&nbsp;ihn mit Seifenschaum entfernen: Einfach Seifenlauge machen, mit dem Schneebesen quirlen bis es sch\u00e4umt, und mit einem weichen Lappen und dem Schaum den Fleck vorsichtig abreiben. Eine andere M\u00f6glichkeit ist das Abreiben mit Essigwasser.<\/p>\n<p>Die PET-Filze sind wasserunempfindlich und sogar in der Maschine waschbar, ohne zu schrumpfen oder die Form zu verlieren!<\/p>\n<h4>Kontakt mit Wasser<\/h4>\n<\/div>\n<div class=\"n diyfeLiveArea\">\n<p>Alle Wollfilze sind wasserabweisend. Das liegt daran, dass die Schafwolle einen Fettanteil enth\u00e4lt, der Wasser zun\u00e4chst abperlen l\u00e4sst.<br>Beim Tragen im Regen oder im Schneetreiben passiert den Taschen gar nichts. Die Filze saugen sich nicht voll, sondern das Wasser bleibt auf der Oberfl\u00e4che und trocknet wieder ab. Allerdings solltest Du unter keinen Umst\u00e4nden Deine Tasche unter fliessendes Wasser halten oder gar in der Waschmaschine waschen! Dann saugtn sie sich voll Wasser, verliert die Form und beim Trocknen schrumpft sie dann noch ein wenig. Bitte denk dran: Du w\u00fcrdest ja auch eine Ledertasche nicht in str\u00f6menden Regen oder unter fliessendes Wasser halten, oder?<\/p>\n<p>F\u00fcr die PET-Filze gilt das nicht, siehe oben.<\/p>\n<\/div>","protected":false},"excerpt":{"rendered":"","protected":false},"author":1,"featured_media":0,"parent":2,"menu_order":60,"comment_status":"closed","ping_status":"closed","template":"","meta":{"footnotes":""},"class_list":["post-2132","page","type-page","status-publish","hentry"],"yoast_head":"<!-- This site is optimized with the Yoast SEO plugin v27.1.1 - https:\/\/yoast.com\/product\/yoast-seo-wordpress\/ -->\n<title>Filz - Materialinfo - linckx.\u00ae<\/title>\n<meta name=\"description\" content=\"Hier findest Du Informationen zu den Filzqualit\u00e4ten, vom reinen Wollfilz bis zum PET Filz aus recycelten Plastikflaschen!\" \/>\n<meta name=\"robots\" content=\"index, follow, max-snippet:-1, max-image-preview:large, max-video-preview:-1\" \/>\n<link rel=\"canonical\" href=\"https:\/\/shop.linckx.de\/en\/lookbook\/filz-forever\/filz-materialinfo\/\" \/>\n<meta property=\"og:locale\" content=\"en_US\" \/>\n<meta property=\"og:type\" content=\"article\" \/>\n<meta property=\"og:title\" content=\"Filz - Materialinfo - linckx.\u00ae\" \/>\n<meta property=\"og:description\" content=\"Hier findest Du Informationen zu den Filzqualit\u00e4ten, vom reinen Wollfilz bis zum PET Filz aus recycelten Plastikflaschen!\" \/>\n<meta property=\"og:url\" content=\"https:\/\/shop.linckx.de\/en\/lookbook\/filz-forever\/filz-materialinfo\/\" \/>\n<meta property=\"og:site_name\" content=\"linckx.\u00ae\" \/>\n<meta property=\"article:modified_time\" content=\"2021-11-05T17:01:02+00:00\" \/>\n<meta property=\"og:image\" content=\"https:\/\/shop.linckx.de\/wp-content\/uploads\/2020\/01\/Muster_WoFi_1200q-300x300.jpg\" \/>\n<meta name=\"twitter:card\" content=\"summary_large_image\" \/>\n<meta name=\"twitter:label1\" content=\"Est. reading time\" \/>\n\t<meta name=\"twitter:data1\" content=\"3 minutes\" \/>\n<script type=\"application\/ld+json\" class=\"yoast-schema-graph\">{\"@context\":\"https:\/\/schema.org\",\"@graph\":[{\"@type\":\"WebPage\",\"@id\":\"https:\/\/shop.linckx.de\/de\/lookbook\/filz-forever\/filz-materialinfo\/\",\"url\":\"https:\/\/shop.linckx.de\/de\/lookbook\/filz-forever\/filz-materialinfo\/\",\"name\":\"Filz - Materialinfo - linckx.\u00ae\",\"isPartOf\":{\"@id\":\"https:\/\/shop.linckx.de\/de\/#website\"},\"primaryImageOfPage\":{\"@id\":\"https:\/\/shop.linckx.de\/de\/lookbook\/filz-forever\/filz-materialinfo\/#primaryimage\"},\"image\":{\"@id\":\"https:\/\/shop.linckx.de\/de\/lookbook\/filz-forever\/filz-materialinfo\/#primaryimage\"},\"thumbnailUrl\":\"https:\/\/shop.linckx.de\/wp-content\/uploads\/2020\/01\/Muster_WoFi_1200q-300x300.jpg\",\"datePublished\":\"2020-01-11T07:44:34+00:00\",\"dateModified\":\"2021-11-05T17:01:02+00:00\",\"description\":\"Hier findest Du Informationen zu den Filzqualit\u00e4ten, vom reinen Wollfilz bis zum PET Filz aus recycelten Plastikflaschen!\",\"breadcrumb\":{\"@id\":\"https:\/\/shop.linckx.de\/de\/lookbook\/filz-forever\/filz-materialinfo\/#breadcrumb\"},\"inLanguage\":\"en-US\",\"potentialAction\":[{\"@type\":\"ReadAction\",\"target\":[\"https:\/\/shop.linckx.de\/de\/lookbook\/filz-forever\/filz-materialinfo\/\"]}]},{\"@type\":\"ImageObject\",\"inLanguage\":\"en-US\",\"@id\":\"https:\/\/shop.linckx.de\/de\/lookbook\/filz-forever\/filz-materialinfo\/#primaryimage\",\"url\":\"https:\/\/shop.linckx.de\/wp-content\/uploads\/2020\/01\/Muster_WoFi_1200q-300x300.jpg\",\"contentUrl\":\"https:\/\/shop.linckx.de\/wp-content\/uploads\/2020\/01\/Muster_WoFi_1200q-300x300.jpg\"},{\"@type\":\"BreadcrumbList\",\"@id\":\"https:\/\/shop.linckx.de\/de\/lookbook\/filz-forever\/filz-materialinfo\/#breadcrumb\",\"itemListElement\":[{\"@type\":\"ListItem\",\"position\":1,\"name\":\"Startseite\",\"item\":\"https:\/\/shop.linckx.de\/de\/\"},{\"@type\":\"ListItem\",\"position\":2,\"name\":\"LOOKBOOK\",\"item\":\"https:\/\/shop.linckx.de\/en\/lookbook\/\"},{\"@type\":\"ListItem\",\"position\":3,\"name\":\"Filz Forever\",\"item\":\"https:\/\/shop.linckx.de\/de\/lookbook\/filz-forever\/\"},{\"@type\":\"ListItem\",\"position\":4,\"name\":\"Filz &#8211; Materialinfo\"}]},{\"@type\":\"WebSite\",\"@id\":\"https:\/\/shop.linckx.de\/de\/#website\",\"url\":\"https:\/\/shop.linckx.de\/de\/\",\"name\":\"linckx.\u00ae\",\"description\":\"Taschen + Accessoires    [made in Germany]\",\"publisher\":{\"@id\":\"https:\/\/shop.linckx.de\/de\/#organization\"},\"potentialAction\":[{\"@type\":\"SearchAction\",\"target\":{\"@type\":\"EntryPoint\",\"urlTemplate\":\"https:\/\/shop.linckx.de\/de\/?s={search_term_string}\"},\"query-input\":{\"@type\":\"PropertyValueSpecification\",\"valueRequired\":true,\"valueName\":\"search_term_string\"}}],\"inLanguage\":\"en-US\"},{\"@type\":\"Organization\",\"@id\":\"https:\/\/shop.linckx.de\/de\/#organization\",\"name\":\"linckx\",\"url\":\"https:\/\/shop.linckx.de\/de\/\",\"logo\":{\"@type\":\"ImageObject\",\"inLanguage\":\"en-US\",\"@id\":\"https:\/\/shop.linckx.de\/de\/#\/schema\/logo\/image\/\",\"url\":\"https:\/\/i2.wp.com\/shop.linckx.de\/wp-content\/uploads\/2019\/08\/19-06_linckx-Logo-quadr.jpg?fit=1181%2C1181&ssl=1\",\"contentUrl\":\"https:\/\/i2.wp.com\/shop.linckx.de\/wp-content\/uploads\/2019\/08\/19-06_linckx-Logo-quadr.jpg?fit=1181%2C1181&ssl=1\",\"width\":1181,\"height\":1181,\"caption\":\"linckx\"},\"image\":{\"@id\":\"https:\/\/shop.linckx.de\/de\/#\/schema\/logo\/image\/\"}}]}<\/script>\n<!-- \/ Yoast SEO plugin. -->","yoast_head_json":{"title":"Filz - Materialinfo - linckx.\u00ae","description":"Hier findest Du Informationen zu den Filzqualit\u00e4ten, vom reinen Wollfilz bis zum PET Filz aus recycelten Plastikflaschen!","robots":{"index":"index","follow":"follow","max-snippet":"max-snippet:-1","max-image-preview":"max-image-preview:large","max-video-preview":"max-video-preview:-1"},"canonical":"https:\/\/shop.linckx.de\/en\/lookbook\/filz-forever\/filz-materialinfo\/","og_locale":"en_US","og_type":"article","og_title":"Filz - Materialinfo - linckx.\u00ae","og_description":"Hier findest Du Informationen zu den Filzqualit\u00e4ten, vom reinen Wollfilz bis zum PET Filz aus recycelten Plastikflaschen!","og_url":"https:\/\/shop.linckx.de\/en\/lookbook\/filz-forever\/filz-materialinfo\/","og_site_name":"linckx.\u00ae","article_modified_time":"2021-11-05T17:01:02+00:00","og_image":[{"url":"https:\/\/shop.linckx.de\/wp-content\/uploads\/2020\/01\/Muster_WoFi_1200q-300x300.jpg","type":"","width":"","height":""}],"twitter_card":"summary_large_image","twitter_misc":{"Est. reading time":"3 minutes"},"schema":{"@context":"https:\/\/schema.org","@graph":[{"@type":"WebPage","@id":"https:\/\/shop.linckx.de\/de\/lookbook\/filz-forever\/filz-materialinfo\/","url":"https:\/\/shop.linckx.de\/de\/lookbook\/filz-forever\/filz-materialinfo\/","name":"Filz - Materialinfo - linckx.\u00ae","isPartOf":{"@id":"https:\/\/shop.linckx.de\/de\/#website"},"primaryImageOfPage":{"@id":"https:\/\/shop.linckx.de\/de\/lookbook\/filz-forever\/filz-materialinfo\/#primaryimage"},"image":{"@id":"https:\/\/shop.linckx.de\/de\/lookbook\/filz-forever\/filz-materialinfo\/#primaryimage"},"thumbnailUrl":"https:\/\/shop.linckx.de\/wp-content\/uploads\/2020\/01\/Muster_WoFi_1200q-300x300.jpg","datePublished":"2020-01-11T07:44:34+00:00","dateModified":"2021-11-05T17:01:02+00:00","description":"Hier findest Du Informationen zu den Filzqualit\u00e4ten, vom reinen Wollfilz bis zum PET Filz aus recycelten Plastikflaschen!","breadcrumb":{"@id":"https:\/\/shop.linckx.de\/de\/lookbook\/filz-forever\/filz-materialinfo\/#breadcrumb"},"inLanguage":"en-US","potentialAction":[{"@type":"ReadAction","target":["https:\/\/shop.linckx.de\/de\/lookbook\/filz-forever\/filz-materialinfo\/"]}]},{"@type":"ImageObject","inLanguage":"en-US","@id":"https:\/\/shop.linckx.de\/de\/lookbook\/filz-forever\/filz-materialinfo\/#primaryimage","url":"https:\/\/shop.linckx.de\/wp-content\/uploads\/2020\/01\/Muster_WoFi_1200q-300x300.jpg","contentUrl":"https:\/\/shop.linckx.de\/wp-content\/uploads\/2020\/01\/Muster_WoFi_1200q-300x300.jpg"},{"@type":"BreadcrumbList","@id":"https:\/\/shop.linckx.de\/de\/lookbook\/filz-forever\/filz-materialinfo\/#breadcrumb","itemListElement":[{"@type":"ListItem","position":1,"name":"Startseite","item":"https:\/\/shop.linckx.de\/de\/"},{"@type":"ListItem","position":2,"name":"LOOKBOOK","item":"https:\/\/shop.linckx.de\/en\/lookbook\/"},{"@type":"ListItem","position":3,"name":"Filz Forever","item":"https:\/\/shop.linckx.de\/de\/lookbook\/filz-forever\/"},{"@type":"ListItem","position":4,"name":"Filz &#8211; Materialinfo"}]},{"@type":"WebSite","@id":"https:\/\/shop.linckx.de\/de\/#website","url":"https:\/\/shop.linckx.de\/de\/","name":"linckx.\u00ae","description":"Taschen + Accessoires    [made in Germany]","publisher":{"@id":"https:\/\/shop.linckx.de\/de\/#organization"},"potentialAction":[{"@type":"SearchAction","target":{"@type":"EntryPoint","urlTemplate":"https:\/\/shop.linckx.de\/de\/?s={search_term_string}"},"query-input":{"@type":"PropertyValueSpecification","valueRequired":true,"valueName":"search_term_string"}}],"inLanguage":"en-US"},{"@type":"Organization","@id":"https:\/\/shop.linckx.de\/de\/#organization","name":"linckx","url":"https:\/\/shop.linckx.de\/de\/","logo":{"@type":"ImageObject","inLanguage":"en-US","@id":"https:\/\/shop.linckx.de\/de\/#\/schema\/logo\/image\/","url":"https:\/\/i2.wp.com\/shop.linckx.de\/wp-content\/uploads\/2019\/08\/19-06_linckx-Logo-quadr.jpg?fit=1181%2C1181&ssl=1","contentUrl":"https:\/\/i2.wp.com\/shop.linckx.de\/wp-content\/uploads\/2019\/08\/19-06_linckx-Logo-quadr.jpg?fit=1181%2C1181&ssl=1","width":1181,"height":1181,"caption":"linckx"},"image":{"@id":"https:\/\/shop.linckx.de\/de\/#\/schema\/logo\/image\/"}}]}},"_links":{"self":[{"href":"https:\/\/shop.linckx.de\/en\/wp-json\/wp\/v2\/pages\/2132","targetHints":{"allow":["GET"]}}],"collection":[{"href":"https:\/\/shop.linckx.de\/en\/wp-json\/wp\/v2\/pages"}],"about":[{"href":"https:\/\/shop.linckx.de\/en\/wp-json\/wp\/v2\/types\/page"}],"author":[{"embeddable":true,"href":"https:\/\/shop.linckx.de\/en\/wp-json\/wp\/v2\/users\/1"}],"replies":[{"embeddable":true,"href":"https:\/\/shop.linckx.de\/en\/wp-json\/wp\/v2\/comments?post=2132"}],"version-history":[{"count":7,"href":"https:\/\/shop.linckx.de\/en\/wp-json\/wp\/v2\/pages\/2132\/revisions"}],"predecessor-version":[{"id":2209,"href":"https:\/\/shop.linckx.de\/en\/wp-json\/wp\/v2\/pages\/2132\/revisions\/2209"}],"up":[{"embeddable":true,"href":"https:\/\/shop.linckx.de\/en\/wp-json\/wp\/v2\/pages\/2"}],"wp:attachment":[{"href":"https:\/\/shop.linckx.de\/en\/wp-json\/wp\/v2\/media?parent=2132"}],"curies":[{"name":"wp","href":"https:\/\/api.w.org\/{rel}","templated":true}]}}