{"id":2138,"date":"2020-01-11T07:45:42","date_gmt":"2020-01-11T07:45:42","guid":{"rendered":"https:\/\/shop.linckx.de\/?page_id=2138"},"modified":"2021-11-05T18:05:01","modified_gmt":"2021-11-05T17:05:01","slug":"canvas-collection-materialinfo","status":"publish","type":"page","link":"https:\/\/shop.linckx.de\/en\/lookbook\/canvas-collection\/canvas-collection-materialinfo\/","title":{"rendered":"Canvas Collection &#8211; Materialinfo"},"content":{"rendered":"<h4>Canvas<\/h4>\n<div>Die Segeltuch-Stoffe, die wir f\u00fcr die Aussenh\u00fcllen verwenden, sind aus 100% Baumwolle, die wasser-, schmutz-, und fettabweisend impr\u00e4gniert ist. Die Stoffe haben nichts mit Boots-Segeln zu tun, der Begriff \u201cSegeltuch\u201d \u2013 engl. \u201ccanvas\u201d \u2013 ist die offizielle Bezeichnung f\u00fcr dieses Baumwollgewebe, das vor allem f\u00fcr Zeltplanen verwendet wird. Es ist nicht so kalt und hart wie PVC-Plane und f\u00fchlt sich wesentlich angenehmer an, erfordert aber ein wenig mehr Achtsamkeit.<br>Beim Gebrauch der Taschen wird die Impr\u00e4gnierung mit der Zeit durch Abrieb und auch durchs Waschen schw\u00e4cher \u2013 dann kann man mit handels\u00fcblichem Textilspray nachimpr\u00e4gnieren.<\/div>\n<div>&nbsp;<\/div>\n<h4>Cordura\/ Nylon<\/h4>\n<div>Alle Modelle bieten wir auch mit Aussenstoffen aus Cordura bzw. Nylon- Gewebe an (die genauen Materialangaben findet Ihr jeweils im Onlineshop bei der Produktbeschreibung). Diese Kunststoff-Gewebe sind wasserdicht (innen beschichtet), reissfest und sehr robust.<\/div>\n<div>&nbsp;<\/div>\n<h4>Innenfutter<\/h4>\n<div>Hier verwenden wir haupts\u00e4chlich Stoffe aus 100% Baumwolle, teils auch Baumwoll- Misch-Gewebe, gr\u00f6\u00dftenteils mit \u00d6kotex 100 Zertifikat. N\u00e4here Informationen geben wir gerne auf Anfrage. <br>Stoff<strong> \u201cpatterns\u201d<\/strong>: Das Design haben wir selbst entwickelt aus einer digital bearbeiteten Architekturfotografie. Die Geb\u00e4ude-Fassade ist aufgenommen im Park Village Unterf\u00f6hring bei M\u00fcnchen, ein Projekt des holl\u00e4ndischen Architekturb\u00fcros MVRDV. Limited Edition, die einzelnen Taschen sind numeriert.<\/div>\n<div>&nbsp;<\/div>\n\n\n\n<div class=\"wp-block-image is-style-circle-mask\"><figure class=\"aligncenter size-medium is-resized\"><img decoding=\"async\" src=\"https:\/\/shop.linckx.de\/wp-content\/uploads\/2020\/01\/Muster_Patterns_800q-300x300.jpg\" alt=\"\" class=\"wp-image-2213\" width=\"200\" srcset=\"https:\/\/shop.linckx.de\/wp-content\/uploads\/2020\/01\/Muster_Patterns_800q-300x300.jpg 300w, https:\/\/shop.linckx.de\/wp-content\/uploads\/2020\/01\/Muster_Patterns_800q-324x324.jpg 324w, https:\/\/shop.linckx.de\/wp-content\/uploads\/2020\/01\/Muster_Patterns_800q-100x100.jpg 100w, https:\/\/shop.linckx.de\/wp-content\/uploads\/2020\/01\/Muster_Patterns_800q-416x416.jpg 416w, https:\/\/shop.linckx.de\/wp-content\/uploads\/2020\/01\/Muster_Patterns_800q-150x150.jpg 150w, https:\/\/shop.linckx.de\/wp-content\/uploads\/2020\/01\/Muster_Patterns_800q-768x768.jpg 768w, https:\/\/shop.linckx.de\/wp-content\/uploads\/2020\/01\/Muster_Patterns_800q.jpg 800w\" sizes=\"(max-width: 300px) 100vw, 300px\" \/><\/figure><\/div>\n\n\n\n<h4>Farbauswahl<\/h4>\n<div>Die Auswahl der Farben wird im Webshop bei den einzelnen Modellen angezeigt. Wir schicken Euch gerne Stoffmuster zu, um Euch die Entscheidung leichter zu machen!<\/div>\n<div>&nbsp;<\/div>\n<h4>Waschen<\/h4>\n<div>\n<p>Man kann die Taschen bei 40 \u00b0 mit der Buntw\u00e4sche in der Maschine waschen. Wenn die Tasche innen sehr verschmutzt ist, sollte man die Taschen gewendet waschen, nicht schleudern. Nach dem Waschen glattziehen, dann kann man sie b\u00fcgeln (Au\u00dfenseite b\u00fcgeln auf h\u00f6chster Stufe). Bitte drauf achten, dass die Taschengurte nicht mit dem B\u00fcgeleisen ber\u00fchrt werden, sie w\u00fcrden sofort schmelzen!<\/p>\n<\/div>","protected":false},"excerpt":{"rendered":"","protected":false},"author":1,"featured_media":0,"parent":384,"menu_order":100,"comment_status":"closed","ping_status":"closed","template":"","meta":{"footnotes":""},"class_list":["post-2138","page","type-page","status-publish","hentry"],"yoast_head":"<!-- This site is optimized with the Yoast SEO plugin v27.1.1 - https:\/\/yoast.com\/product\/yoast-seo-wordpress\/ -->\n<title>Canvas Collection - Materialinfo - linckx.\u00ae<\/title>\n<meta name=\"description\" content=\"Leicht, flexibel und wasserabweisend - hier findest Du Informationen zu den verschiedenen Materialien der Canvas Collection!\" \/>\n<meta name=\"robots\" content=\"index, follow, max-snippet:-1, max-image-preview:large, max-video-preview:-1\" \/>\n<link rel=\"canonical\" href=\"https:\/\/shop.linckx.de\/en\/lookbook\/canvas-collection\/canvas-collection-materialinfo\/\" \/>\n<meta property=\"og:locale\" content=\"en_US\" \/>\n<meta property=\"og:type\" content=\"article\" \/>\n<meta property=\"og:title\" content=\"Canvas Collection - Materialinfo - linckx.\u00ae\" \/>\n<meta property=\"og:description\" content=\"Leicht, flexibel und wasserabweisend - hier findest Du Informationen zu den verschiedenen Materialien der Canvas Collection!\" \/>\n<meta property=\"og:url\" content=\"https:\/\/shop.linckx.de\/en\/lookbook\/canvas-collection\/canvas-collection-materialinfo\/\" \/>\n<meta property=\"og:site_name\" content=\"linckx.\u00ae\" \/>\n<meta property=\"article:modified_time\" content=\"2021-11-05T17:05:01+00:00\" \/>\n<meta property=\"og:image\" content=\"https:\/\/shop.linckx.de\/wp-content\/uploads\/2020\/01\/Muster_Patterns_800q-300x300.jpg\" \/>\n<meta name=\"twitter:card\" content=\"summary_large_image\" \/>\n<meta name=\"twitter:label1\" content=\"Est. reading time\" \/>\n\t<meta name=\"twitter:data1\" content=\"2 minutes\" \/>\n<script type=\"application\/ld+json\" class=\"yoast-schema-graph\">{\"@context\":\"https:\/\/schema.org\",\"@graph\":[{\"@type\":\"WebPage\",\"@id\":\"https:\/\/shop.linckx.de\/en\/lookbook\/canvas-collection\/canvas-collection-materialinfo\/\",\"url\":\"https:\/\/shop.linckx.de\/en\/lookbook\/canvas-collection\/canvas-collection-materialinfo\/\",\"name\":\"Canvas Collection - Materialinfo - linckx.\u00ae\",\"isPartOf\":{\"@id\":\"https:\/\/shop.linckx.de\/de\/#website\"},\"primaryImageOfPage\":{\"@id\":\"https:\/\/shop.linckx.de\/en\/lookbook\/canvas-collection\/canvas-collection-materialinfo\/#primaryimage\"},\"image\":{\"@id\":\"https:\/\/shop.linckx.de\/en\/lookbook\/canvas-collection\/canvas-collection-materialinfo\/#primaryimage\"},\"thumbnailUrl\":\"https:\/\/shop.linckx.de\/wp-content\/uploads\/2020\/01\/Muster_Patterns_800q-300x300.jpg\",\"datePublished\":\"2020-01-11T07:45:42+00:00\",\"dateModified\":\"2021-11-05T17:05:01+00:00\",\"description\":\"Leicht, flexibel und wasserabweisend - hier findest Du Informationen zu den verschiedenen Materialien der Canvas Collection!\",\"breadcrumb\":{\"@id\":\"https:\/\/shop.linckx.de\/en\/lookbook\/canvas-collection\/canvas-collection-materialinfo\/#breadcrumb\"},\"inLanguage\":\"en-US\",\"potentialAction\":[{\"@type\":\"ReadAction\",\"target\":[\"https:\/\/shop.linckx.de\/en\/lookbook\/canvas-collection\/canvas-collection-materialinfo\/\"]}]},{\"@type\":\"ImageObject\",\"inLanguage\":\"en-US\",\"@id\":\"https:\/\/shop.linckx.de\/en\/lookbook\/canvas-collection\/canvas-collection-materialinfo\/#primaryimage\",\"url\":\"https:\/\/shop.linckx.de\/wp-content\/uploads\/2020\/01\/Muster_Patterns_800q-300x300.jpg\",\"contentUrl\":\"https:\/\/shop.linckx.de\/wp-content\/uploads\/2020\/01\/Muster_Patterns_800q-300x300.jpg\"},{\"@type\":\"BreadcrumbList\",\"@id\":\"https:\/\/shop.linckx.de\/en\/lookbook\/canvas-collection\/canvas-collection-materialinfo\/#breadcrumb\",\"itemListElement\":[{\"@type\":\"ListItem\",\"position\":1,\"name\":\"Startseite\",\"item\":\"https:\/\/shop.linckx.de\/de\/\"},{\"@type\":\"ListItem\",\"position\":2,\"name\":\"LOOKBOOK\",\"item\":\"https:\/\/shop.linckx.de\/en\/lookbook\/\"},{\"@type\":\"ListItem\",\"position\":3,\"name\":\"Canvas Collection\",\"item\":\"https:\/\/shop.linckx.de\/en\/lookbook\/canvas-collection\/\"},{\"@type\":\"ListItem\",\"position\":4,\"name\":\"Canvas Collection &#8211; Materialinfo\"}]},{\"@type\":\"WebSite\",\"@id\":\"https:\/\/shop.linckx.de\/de\/#website\",\"url\":\"https:\/\/shop.linckx.de\/de\/\",\"name\":\"linckx.\u00ae\",\"description\":\"Taschen + Accessoires    [made in Germany]\",\"publisher\":{\"@id\":\"https:\/\/shop.linckx.de\/de\/#organization\"},\"potentialAction\":[{\"@type\":\"SearchAction\",\"target\":{\"@type\":\"EntryPoint\",\"urlTemplate\":\"https:\/\/shop.linckx.de\/de\/?s={search_term_string}\"},\"query-input\":{\"@type\":\"PropertyValueSpecification\",\"valueRequired\":true,\"valueName\":\"search_term_string\"}}],\"inLanguage\":\"en-US\"},{\"@type\":\"Organization\",\"@id\":\"https:\/\/shop.linckx.de\/de\/#organization\",\"name\":\"linckx\",\"url\":\"https:\/\/shop.linckx.de\/de\/\",\"logo\":{\"@type\":\"ImageObject\",\"inLanguage\":\"en-US\",\"@id\":\"https:\/\/shop.linckx.de\/de\/#\/schema\/logo\/image\/\",\"url\":\"https:\/\/i2.wp.com\/shop.linckx.de\/wp-content\/uploads\/2019\/08\/19-06_linckx-Logo-quadr.jpg?fit=1181%2C1181&ssl=1\",\"contentUrl\":\"https:\/\/i2.wp.com\/shop.linckx.de\/wp-content\/uploads\/2019\/08\/19-06_linckx-Logo-quadr.jpg?fit=1181%2C1181&ssl=1\",\"width\":1181,\"height\":1181,\"caption\":\"linckx\"},\"image\":{\"@id\":\"https:\/\/shop.linckx.de\/de\/#\/schema\/logo\/image\/\"}}]}<\/script>\n<!-- \/ Yoast SEO plugin. -->","yoast_head_json":{"title":"Canvas Collection - Materialinfo - linckx.\u00ae","description":"Leicht, flexibel und wasserabweisend - hier findest Du Informationen zu den verschiedenen Materialien der Canvas Collection!","robots":{"index":"index","follow":"follow","max-snippet":"max-snippet:-1","max-image-preview":"max-image-preview:large","max-video-preview":"max-video-preview:-1"},"canonical":"https:\/\/shop.linckx.de\/en\/lookbook\/canvas-collection\/canvas-collection-materialinfo\/","og_locale":"en_US","og_type":"article","og_title":"Canvas Collection - Materialinfo - linckx.\u00ae","og_description":"Leicht, flexibel und wasserabweisend - hier findest Du Informationen zu den verschiedenen Materialien der Canvas Collection!","og_url":"https:\/\/shop.linckx.de\/en\/lookbook\/canvas-collection\/canvas-collection-materialinfo\/","og_site_name":"linckx.\u00ae","article_modified_time":"2021-11-05T17:05:01+00:00","og_image":[{"url":"https:\/\/shop.linckx.de\/wp-content\/uploads\/2020\/01\/Muster_Patterns_800q-300x300.jpg","type":"","width":"","height":""}],"twitter_card":"summary_large_image","twitter_misc":{"Est. reading time":"2 minutes"},"schema":{"@context":"https:\/\/schema.org","@graph":[{"@type":"WebPage","@id":"https:\/\/shop.linckx.de\/en\/lookbook\/canvas-collection\/canvas-collection-materialinfo\/","url":"https:\/\/shop.linckx.de\/en\/lookbook\/canvas-collection\/canvas-collection-materialinfo\/","name":"Canvas Collection - Materialinfo - linckx.\u00ae","isPartOf":{"@id":"https:\/\/shop.linckx.de\/de\/#website"},"primaryImageOfPage":{"@id":"https:\/\/shop.linckx.de\/en\/lookbook\/canvas-collection\/canvas-collection-materialinfo\/#primaryimage"},"image":{"@id":"https:\/\/shop.linckx.de\/en\/lookbook\/canvas-collection\/canvas-collection-materialinfo\/#primaryimage"},"thumbnailUrl":"https:\/\/shop.linckx.de\/wp-content\/uploads\/2020\/01\/Muster_Patterns_800q-300x300.jpg","datePublished":"2020-01-11T07:45:42+00:00","dateModified":"2021-11-05T17:05:01+00:00","description":"Leicht, flexibel und wasserabweisend - hier findest Du Informationen zu den verschiedenen Materialien der Canvas Collection!","breadcrumb":{"@id":"https:\/\/shop.linckx.de\/en\/lookbook\/canvas-collection\/canvas-collection-materialinfo\/#breadcrumb"},"inLanguage":"en-US","potentialAction":[{"@type":"ReadAction","target":["https:\/\/shop.linckx.de\/en\/lookbook\/canvas-collection\/canvas-collection-materialinfo\/"]}]},{"@type":"ImageObject","inLanguage":"en-US","@id":"https:\/\/shop.linckx.de\/en\/lookbook\/canvas-collection\/canvas-collection-materialinfo\/#primaryimage","url":"https:\/\/shop.linckx.de\/wp-content\/uploads\/2020\/01\/Muster_Patterns_800q-300x300.jpg","contentUrl":"https:\/\/shop.linckx.de\/wp-content\/uploads\/2020\/01\/Muster_Patterns_800q-300x300.jpg"},{"@type":"BreadcrumbList","@id":"https:\/\/shop.linckx.de\/en\/lookbook\/canvas-collection\/canvas-collection-materialinfo\/#breadcrumb","itemListElement":[{"@type":"ListItem","position":1,"name":"Startseite","item":"https:\/\/shop.linckx.de\/de\/"},{"@type":"ListItem","position":2,"name":"LOOKBOOK","item":"https:\/\/shop.linckx.de\/en\/lookbook\/"},{"@type":"ListItem","position":3,"name":"Canvas Collection","item":"https:\/\/shop.linckx.de\/en\/lookbook\/canvas-collection\/"},{"@type":"ListItem","position":4,"name":"Canvas Collection &#8211; Materialinfo"}]},{"@type":"WebSite","@id":"https:\/\/shop.linckx.de\/de\/#website","url":"https:\/\/shop.linckx.de\/de\/","name":"linckx.\u00ae","description":"Taschen + Accessoires    [made in Germany]","publisher":{"@id":"https:\/\/shop.linckx.de\/de\/#organization"},"potentialAction":[{"@type":"SearchAction","target":{"@type":"EntryPoint","urlTemplate":"https:\/\/shop.linckx.de\/de\/?s={search_term_string}"},"query-input":{"@type":"PropertyValueSpecification","valueRequired":true,"valueName":"search_term_string"}}],"inLanguage":"en-US"},{"@type":"Organization","@id":"https:\/\/shop.linckx.de\/de\/#organization","name":"linckx","url":"https:\/\/shop.linckx.de\/de\/","logo":{"@type":"ImageObject","inLanguage":"en-US","@id":"https:\/\/shop.linckx.de\/de\/#\/schema\/logo\/image\/","url":"https:\/\/i2.wp.com\/shop.linckx.de\/wp-content\/uploads\/2019\/08\/19-06_linckx-Logo-quadr.jpg?fit=1181%2C1181&ssl=1","contentUrl":"https:\/\/i2.wp.com\/shop.linckx.de\/wp-content\/uploads\/2019\/08\/19-06_linckx-Logo-quadr.jpg?fit=1181%2C1181&ssl=1","width":1181,"height":1181,"caption":"linckx"},"image":{"@id":"https:\/\/shop.linckx.de\/de\/#\/schema\/logo\/image\/"}}]}},"_links":{"self":[{"href":"https:\/\/shop.linckx.de\/en\/wp-json\/wp\/v2\/pages\/2138","targetHints":{"allow":["GET"]}}],"collection":[{"href":"https:\/\/shop.linckx.de\/en\/wp-json\/wp\/v2\/pages"}],"about":[{"href":"https:\/\/shop.linckx.de\/en\/wp-json\/wp\/v2\/types\/page"}],"author":[{"embeddable":true,"href":"https:\/\/shop.linckx.de\/en\/wp-json\/wp\/v2\/users\/1"}],"replies":[{"embeddable":true,"href":"https:\/\/shop.linckx.de\/en\/wp-json\/wp\/v2\/comments?post=2138"}],"version-history":[{"count":7,"href":"https:\/\/shop.linckx.de\/en\/wp-json\/wp\/v2\/pages\/2138\/revisions"}],"predecessor-version":[{"id":4685,"href":"https:\/\/shop.linckx.de\/en\/wp-json\/wp\/v2\/pages\/2138\/revisions\/4685"}],"up":[{"embeddable":true,"href":"https:\/\/shop.linckx.de\/en\/wp-json\/wp\/v2\/pages\/384"}],"wp:attachment":[{"href":"https:\/\/shop.linckx.de\/en\/wp-json\/wp\/v2\/media?parent=2138"}],"curies":[{"name":"wp","href":"https:\/\/api.w.org\/{rel}","templated":true}]}}