{"id":2157,"date":"2020-01-11T08:17:25","date_gmt":"2020-01-11T08:17:25","guid":{"rendered":"https:\/\/shop.linckx.de\/?page_id=2157"},"modified":"2023-04-10T11:24:10","modified_gmt":"2023-04-10T09:24:10","slug":"aufbewahrung","status":"publish","type":"page","link":"https:\/\/shop.linckx.de\/en\/lookbook\/like-paper-bags\/aufbewahrung\/","title":{"rendered":"Storage"},"content":{"rendered":"<div class=\"wp-block-columns is-layout-flex wp-container-core-columns-is-layout-28f84493 wp-block-columns-is-layout-flex\">\n<div class=\"wp-block-column is-layout-flow wp-block-column-is-layout-flow\">\n<figure class=\"wp-block-image size-large\"><img loading=\"lazy\" decoding=\"async\" width=\"1024\" height=\"1024\" src=\"https:\/\/shop.linckx.de\/wp-content\/uploads\/2019\/05\/TANK-Beutel-3x1-sand_1200-1-1024x1024.jpg\" alt=\"\" class=\"wp-image-494\" srcset=\"https:\/\/shop.linckx.de\/wp-content\/uploads\/2019\/05\/TANK-Beutel-3x1-sand_1200-1-1024x1024.jpg 1024w, https:\/\/shop.linckx.de\/wp-content\/uploads\/2019\/05\/TANK-Beutel-3x1-sand_1200-1-324x324.jpg 324w, https:\/\/shop.linckx.de\/wp-content\/uploads\/2019\/05\/TANK-Beutel-3x1-sand_1200-1-100x100.jpg 100w, https:\/\/shop.linckx.de\/wp-content\/uploads\/2019\/05\/TANK-Beutel-3x1-sand_1200-1-416x416.jpg 416w, https:\/\/shop.linckx.de\/wp-content\/uploads\/2019\/05\/TANK-Beutel-3x1-sand_1200-1-150x150.jpg 150w, https:\/\/shop.linckx.de\/wp-content\/uploads\/2019\/05\/TANK-Beutel-3x1-sand_1200-1-300x300.jpg 300w, https:\/\/shop.linckx.de\/wp-content\/uploads\/2019\/05\/TANK-Beutel-3x1-sand_1200-1-768x768.jpg 768w, https:\/\/shop.linckx.de\/wp-content\/uploads\/2019\/05\/TANK-Beutel-3x1-sand_1200-1-400x400.jpg 400w, https:\/\/shop.linckx.de\/wp-content\/uploads\/2019\/05\/TANK-Beutel-3x1-sand_1200-1-50x50.jpg 50w, https:\/\/shop.linckx.de\/wp-content\/uploads\/2019\/05\/TANK-Beutel-3x1-sand_1200-1.jpg 1200w\" sizes=\"auto, (max-width: 1024px) 100vw, 1024px\" \/><\/figure>\n\n\n\n<figure class=\"wp-block-image size-large\"><img loading=\"lazy\" decoding=\"async\" width=\"1024\" height=\"1024\" src=\"https:\/\/shop.linckx.de\/wp-content\/uploads\/2019\/05\/TANK-M-schwarz-1a_1200-1024x1024.jpg\" alt=\"\" class=\"wp-image-485\" srcset=\"https:\/\/shop.linckx.de\/wp-content\/uploads\/2019\/05\/TANK-M-schwarz-1a_1200-1024x1024.jpg 1024w, https:\/\/shop.linckx.de\/wp-content\/uploads\/2019\/05\/TANK-M-schwarz-1a_1200-324x324.jpg 324w, https:\/\/shop.linckx.de\/wp-content\/uploads\/2019\/05\/TANK-M-schwarz-1a_1200-100x100.jpg 100w, https:\/\/shop.linckx.de\/wp-content\/uploads\/2019\/05\/TANK-M-schwarz-1a_1200-416x416.jpg 416w, https:\/\/shop.linckx.de\/wp-content\/uploads\/2019\/05\/TANK-M-schwarz-1a_1200-150x150.jpg 150w, https:\/\/shop.linckx.de\/wp-content\/uploads\/2019\/05\/TANK-M-schwarz-1a_1200-300x300.jpg 300w, https:\/\/shop.linckx.de\/wp-content\/uploads\/2019\/05\/TANK-M-schwarz-1a_1200-768x768.jpg 768w, https:\/\/shop.linckx.de\/wp-content\/uploads\/2019\/05\/TANK-M-schwarz-1a_1200-400x400.jpg 400w, https:\/\/shop.linckx.de\/wp-content\/uploads\/2019\/05\/TANK-M-schwarz-1a_1200-50x50.jpg 50w, https:\/\/shop.linckx.de\/wp-content\/uploads\/2019\/05\/TANK-M-schwarz-1a_1200.jpg 1200w\" sizes=\"auto, (max-width: 1024px) 100vw, 1024px\" \/><\/figure>\n<\/div>\n\n\n\n<div class=\"wp-block-column is-layout-flow wp-block-column-is-layout-flow\">\n<figure class=\"wp-block-image size-large\"><img loading=\"lazy\" decoding=\"async\" width=\"1024\" height=\"1024\" src=\"https:\/\/shop.linckx.de\/wp-content\/uploads\/2019\/05\/TANK-S-schwarz-1_1200-1024x1024.jpg\" alt=\"\" class=\"wp-image-470\" srcset=\"https:\/\/shop.linckx.de\/wp-content\/uploads\/2019\/05\/TANK-S-schwarz-1_1200-1024x1024.jpg 1024w, https:\/\/shop.linckx.de\/wp-content\/uploads\/2019\/05\/TANK-S-schwarz-1_1200-324x324.jpg 324w, https:\/\/shop.linckx.de\/wp-content\/uploads\/2019\/05\/TANK-S-schwarz-1_1200-100x100.jpg 100w, https:\/\/shop.linckx.de\/wp-content\/uploads\/2019\/05\/TANK-S-schwarz-1_1200-416x416.jpg 416w, https:\/\/shop.linckx.de\/wp-content\/uploads\/2019\/05\/TANK-S-schwarz-1_1200-150x150.jpg 150w, https:\/\/shop.linckx.de\/wp-content\/uploads\/2019\/05\/TANK-S-schwarz-1_1200-300x300.jpg 300w, https:\/\/shop.linckx.de\/wp-content\/uploads\/2019\/05\/TANK-S-schwarz-1_1200-768x768.jpg 768w, https:\/\/shop.linckx.de\/wp-content\/uploads\/2019\/05\/TANK-S-schwarz-1_1200-400x400.jpg 400w, https:\/\/shop.linckx.de\/wp-content\/uploads\/2019\/05\/TANK-S-schwarz-1_1200-50x50.jpg 50w, https:\/\/shop.linckx.de\/wp-content\/uploads\/2019\/05\/TANK-S-schwarz-1_1200.jpg 1200w\" sizes=\"auto, (max-width: 1024px) 100vw, 1024px\" \/><\/figure>\n\n\n\n<figure class=\"wp-block-image size-large\"><img loading=\"lazy\" decoding=\"async\" width=\"1024\" height=\"1024\" src=\"https:\/\/shop.linckx.de\/wp-content\/uploads\/2019\/05\/TANK-S-Lq_900-1-1024x1024.jpg\" alt=\"\" class=\"wp-image-890\" srcset=\"https:\/\/shop.linckx.de\/wp-content\/uploads\/2019\/05\/TANK-S-Lq_900-1-1024x1024.jpg 1024w, https:\/\/shop.linckx.de\/wp-content\/uploads\/2019\/05\/TANK-S-Lq_900-1-324x324.jpg 324w, https:\/\/shop.linckx.de\/wp-content\/uploads\/2019\/05\/TANK-S-Lq_900-1-100x100.jpg 100w, https:\/\/shop.linckx.de\/wp-content\/uploads\/2019\/05\/TANK-S-Lq_900-1-416x416.jpg 416w, https:\/\/shop.linckx.de\/wp-content\/uploads\/2019\/05\/TANK-S-Lq_900-1-150x150.jpg 150w, https:\/\/shop.linckx.de\/wp-content\/uploads\/2019\/05\/TANK-S-Lq_900-1-300x300.jpg 300w, https:\/\/shop.linckx.de\/wp-content\/uploads\/2019\/05\/TANK-S-Lq_900-1-768x768.jpg 768w, https:\/\/shop.linckx.de\/wp-content\/uploads\/2019\/05\/TANK-S-Lq_900-1.jpg 1200w\" sizes=\"auto, (max-width: 1024px) 100vw, 1024px\" \/><\/figure>\n\n\n<\/div>\n\n\n\n<div class=\"wp-block-column is-layout-flow wp-block-column-is-layout-flow\">\n<h4 class=\"wp-block-heading has-text-align-center\">TANK.S bis TANK.L&nbsp; Beutel<\/h4>\n\n\n\n<p class=\"has-text-align-center\">Unsere Beutel TANK.S bis TANK.L dienen zur Aufbewahrung von allen m\u00f6glichen Dingen &#8211; als Brotkorb, Schl\u00fcsselkorb, oder Papierkorb. Auch als Blumen-\u00dcbertopf k\u00f6nnen sie gut verwendet werden, allerdings sollte man dann einen wasserdichten Unterteller verwenden, damit die Beute nicht permanent feucht sind. <br>Sie sind wasserfest und maschinenwaschbar, der obere Rand ist einmal umgekrempelt und kann weiter gekrempelt werden.<\/p>\n\n\n\n<p><strong>TANK.S<\/strong> &nbsp; &nbsp; <br>16 (B) x 12 (T) x 16 (H) cm<\/p>\n\n\n\n<p><strong>TANK.M<\/strong> &nbsp;&nbsp; <br>19 (B) x 14 (T) x 25 (H) cm<\/p>\n\n\n\n<p><strong>TANK.L<\/strong> &nbsp;&nbsp;&nbsp; <br>35 (H) x 31 (B) x 24 (T) cm<\/p>\n<\/div>\n<\/div>\n\n\n\n<div class=\"wp-block-columns is-layout-flex wp-container-core-columns-is-layout-28f84493 wp-block-columns-is-layout-flex\">\n<div class=\"wp-block-column is-layout-flow wp-block-column-is-layout-flow\">\n<h4 class=\"wp-block-heading\">TANK.XL und TANK.XXL<\/h4>\n\n\n\n<p>Die beiden gro\u00dfen Bodenbeutel k\u00f6nnen Schmutzw\u00e4sche aufbewahren, oder Spielzeug, Stoffrollen, Kissen, Decken oder Strickzeug. Mit den seitlich angebrachten Henkeln k\u00f6nnen sie ganz einfach bewegt werden. Ebenfalls wasserfest und maschinenwaschbar, der obere Rand ist einmal umgekrempelt (bitte beachten: bis Sept. 2020 hie\u00dfen die Beutel TANK.Lplus und TANK.XL. Es haben sich nur die Bezeichnungen ge\u00e4ndert, nicht die Gr\u00f6\u00dfen!).<\/p>\n\n\n\n<p><strong>TANK.XL<\/strong> &nbsp; <br>30 (B) x 30 (T) x 45 (H) cm&nbsp;<\/p>\n\n\n\n<p><strong>TANK.XXL<\/strong>&nbsp; &nbsp;&nbsp; &nbsp; &nbsp; <br>36 (B) x 36 (T) x 54 (H) cm<\/p>\n<\/div>\n\n\n\n<div class=\"wp-block-column is-layout-flow wp-block-column-is-layout-flow\">\n<figure class=\"wp-block-image size-large\"><img loading=\"lazy\" decoding=\"async\" width=\"768\" height=\"1024\" src=\"https:\/\/shop.linckx.de\/wp-content\/uploads\/2019\/05\/TANK-XL-anthra-TxRt-3_1200-768x1024.jpg\" alt=\"\" class=\"wp-image-566\" srcset=\"https:\/\/shop.linckx.de\/wp-content\/uploads\/2019\/05\/TANK-XL-anthra-TxRt-3_1200-768x1024.jpg 768w, https:\/\/shop.linckx.de\/wp-content\/uploads\/2019\/05\/TANK-XL-anthra-TxRt-3_1200-324x432.jpg 324w, https:\/\/shop.linckx.de\/wp-content\/uploads\/2019\/05\/TANK-XL-anthra-TxRt-3_1200-416x555.jpg 416w, https:\/\/shop.linckx.de\/wp-content\/uploads\/2019\/05\/TANK-XL-anthra-TxRt-3_1200-225x300.jpg 225w, https:\/\/shop.linckx.de\/wp-content\/uploads\/2019\/05\/TANK-XL-anthra-TxRt-3_1200-300x400.jpg 300w, https:\/\/shop.linckx.de\/wp-content\/uploads\/2019\/05\/TANK-XL-anthra-TxRt-3_1200.jpg 900w\" sizes=\"auto, (max-width: 768px) 100vw, 768px\" \/><\/figure>\n\n\n<\/div>\n<\/div>","protected":false},"excerpt":{"rendered":"<p>TANK.S bis TANK.L&nbsp; Beutel Unsere Beutel TANK.S bis TANK.L dienen zur Aufbewahrung von allen m\u00f6glichen Dingen &#8211; als Brotkorb, Schl\u00fcsselkorb, oder Papierkorb. Auch als Blumen-\u00dcbertopf k\u00f6nnen sie gut verwendet werden, allerdings sollte man dann einen wasserdichten Unterteller verwenden, damit die Beute nicht permanent feucht sind. Sie sind wasserfest und maschinenwaschbar, der obere Rand ist einmal [&hellip;]<\/p>\n","protected":false},"author":1,"featured_media":0,"parent":355,"menu_order":50,"comment_status":"closed","ping_status":"closed","template":"","meta":{"footnotes":""},"class_list":["post-2157","page","type-page","status-publish","hentry"],"yoast_head":"<!-- This site is optimized with the Yoast SEO plugin v27.1.1 - https:\/\/yoast.com\/product\/yoast-seo-wordpress\/ -->\n<title>Aufbewahrung - linckx.\u00ae<\/title>\n<meta name=\"robots\" content=\"index, follow, max-snippet:-1, max-image-preview:large, max-video-preview:-1\" \/>\n<link rel=\"canonical\" href=\"https:\/\/shop.linckx.de\/en\/lookbook\/like-paper-bags\/aufbewahrung\/\" \/>\n<meta property=\"og:locale\" content=\"en_US\" \/>\n<meta property=\"og:type\" content=\"article\" \/>\n<meta property=\"og:title\" content=\"Aufbewahrung - linckx.\u00ae\" \/>\n<meta property=\"og:description\" content=\"TANK.S bis TANK.L&nbsp; Beutel Unsere Beutel TANK.S bis TANK.L dienen zur Aufbewahrung von allen m\u00f6glichen Dingen &#8211; als Brotkorb, Schl\u00fcsselkorb, oder Papierkorb. Auch als Blumen-\u00dcbertopf k\u00f6nnen sie gut verwendet werden, allerdings sollte man dann einen wasserdichten Unterteller verwenden, damit die Beute nicht permanent feucht sind. Sie sind wasserfest und maschinenwaschbar, der obere Rand ist einmal [&hellip;]\" \/>\n<meta property=\"og:url\" content=\"https:\/\/shop.linckx.de\/en\/lookbook\/like-paper-bags\/aufbewahrung\/\" \/>\n<meta property=\"og:site_name\" content=\"linckx.\u00ae\" \/>\n<meta property=\"article:modified_time\" content=\"2023-04-10T09:24:10+00:00\" \/>\n<meta property=\"og:image\" content=\"https:\/\/shop.linckx.de\/wp-content\/uploads\/2019\/05\/TANK-Beutel-3x1-sand_1200-1-1024x1024.jpg\" \/>\n<meta name=\"twitter:card\" content=\"summary_large_image\" \/>\n<meta name=\"twitter:label1\" content=\"Est. reading time\" \/>\n\t<meta name=\"twitter:data1\" content=\"2 minutes\" \/>\n<script type=\"application\/ld+json\" class=\"yoast-schema-graph\">{\"@context\":\"https:\/\/schema.org\",\"@graph\":[{\"@type\":\"WebPage\",\"@id\":\"https:\/\/shop.linckx.de\/de\/lookbook\/like-paper-bags\/aufbewahrung\/\",\"url\":\"https:\/\/shop.linckx.de\/de\/lookbook\/like-paper-bags\/aufbewahrung\/\",\"name\":\"Aufbewahrung - linckx.\u00ae\",\"isPartOf\":{\"@id\":\"https:\/\/shop.linckx.de\/de\/#website\"},\"primaryImageOfPage\":{\"@id\":\"https:\/\/shop.linckx.de\/de\/lookbook\/like-paper-bags\/aufbewahrung\/#primaryimage\"},\"image\":{\"@id\":\"https:\/\/shop.linckx.de\/de\/lookbook\/like-paper-bags\/aufbewahrung\/#primaryimage\"},\"thumbnailUrl\":\"https:\/\/shop.linckx.de\/wp-content\/uploads\/2019\/05\/TANK-Beutel-3x1-sand_1200-1-1024x1024.jpg\",\"datePublished\":\"2020-01-11T08:17:25+00:00\",\"dateModified\":\"2023-04-10T09:24:10+00:00\",\"breadcrumb\":{\"@id\":\"https:\/\/shop.linckx.de\/de\/lookbook\/like-paper-bags\/aufbewahrung\/#breadcrumb\"},\"inLanguage\":\"en-US\",\"potentialAction\":[{\"@type\":\"ReadAction\",\"target\":[\"https:\/\/shop.linckx.de\/de\/lookbook\/like-paper-bags\/aufbewahrung\/\"]}]},{\"@type\":\"ImageObject\",\"inLanguage\":\"en-US\",\"@id\":\"https:\/\/shop.linckx.de\/de\/lookbook\/like-paper-bags\/aufbewahrung\/#primaryimage\",\"url\":\"https:\/\/shop.linckx.de\/wp-content\/uploads\/2019\/05\/TANK-Beutel-3x1-sand_1200-1-1024x1024.jpg\",\"contentUrl\":\"https:\/\/shop.linckx.de\/wp-content\/uploads\/2019\/05\/TANK-Beutel-3x1-sand_1200-1-1024x1024.jpg\"},{\"@type\":\"BreadcrumbList\",\"@id\":\"https:\/\/shop.linckx.de\/de\/lookbook\/like-paper-bags\/aufbewahrung\/#breadcrumb\",\"itemListElement\":[{\"@type\":\"ListItem\",\"position\":1,\"name\":\"Startseite\",\"item\":\"https:\/\/shop.linckx.de\/de\/\"},{\"@type\":\"ListItem\",\"position\":2,\"name\":\"LOOKBOOK\",\"item\":\"https:\/\/shop.linckx.de\/en\/lookbook\/\"},{\"@type\":\"ListItem\",\"position\":3,\"name\":\"like paper bags\",\"item\":\"https:\/\/shop.linckx.de\/de\/lookbook\/like-paper-bags\/\"},{\"@type\":\"ListItem\",\"position\":4,\"name\":\"Aufbewahrung\"}]},{\"@type\":\"WebSite\",\"@id\":\"https:\/\/shop.linckx.de\/de\/#website\",\"url\":\"https:\/\/shop.linckx.de\/de\/\",\"name\":\"linckx.\u00ae\",\"description\":\"Taschen + Accessoires    [made in Germany]\",\"publisher\":{\"@id\":\"https:\/\/shop.linckx.de\/de\/#organization\"},\"potentialAction\":[{\"@type\":\"SearchAction\",\"target\":{\"@type\":\"EntryPoint\",\"urlTemplate\":\"https:\/\/shop.linckx.de\/de\/?s={search_term_string}\"},\"query-input\":{\"@type\":\"PropertyValueSpecification\",\"valueRequired\":true,\"valueName\":\"search_term_string\"}}],\"inLanguage\":\"en-US\"},{\"@type\":\"Organization\",\"@id\":\"https:\/\/shop.linckx.de\/de\/#organization\",\"name\":\"linckx\",\"url\":\"https:\/\/shop.linckx.de\/de\/\",\"logo\":{\"@type\":\"ImageObject\",\"inLanguage\":\"en-US\",\"@id\":\"https:\/\/shop.linckx.de\/de\/#\/schema\/logo\/image\/\",\"url\":\"https:\/\/i2.wp.com\/shop.linckx.de\/wp-content\/uploads\/2019\/08\/19-06_linckx-Logo-quadr.jpg?fit=1181%2C1181&ssl=1\",\"contentUrl\":\"https:\/\/i2.wp.com\/shop.linckx.de\/wp-content\/uploads\/2019\/08\/19-06_linckx-Logo-quadr.jpg?fit=1181%2C1181&ssl=1\",\"width\":1181,\"height\":1181,\"caption\":\"linckx\"},\"image\":{\"@id\":\"https:\/\/shop.linckx.de\/de\/#\/schema\/logo\/image\/\"}}]}<\/script>\n<!-- \/ Yoast SEO plugin. -->","yoast_head_json":{"title":"Aufbewahrung - linckx.\u00ae","robots":{"index":"index","follow":"follow","max-snippet":"max-snippet:-1","max-image-preview":"max-image-preview:large","max-video-preview":"max-video-preview:-1"},"canonical":"https:\/\/shop.linckx.de\/en\/lookbook\/like-paper-bags\/aufbewahrung\/","og_locale":"en_US","og_type":"article","og_title":"Aufbewahrung - linckx.\u00ae","og_description":"TANK.S bis TANK.L&nbsp; Beutel Unsere Beutel TANK.S bis TANK.L dienen zur Aufbewahrung von allen m\u00f6glichen Dingen &#8211; als Brotkorb, Schl\u00fcsselkorb, oder Papierkorb. Auch als Blumen-\u00dcbertopf k\u00f6nnen sie gut verwendet werden, allerdings sollte man dann einen wasserdichten Unterteller verwenden, damit die Beute nicht permanent feucht sind. Sie sind wasserfest und maschinenwaschbar, der obere Rand ist einmal [&hellip;]","og_url":"https:\/\/shop.linckx.de\/en\/lookbook\/like-paper-bags\/aufbewahrung\/","og_site_name":"linckx.\u00ae","article_modified_time":"2023-04-10T09:24:10+00:00","og_image":[{"url":"https:\/\/shop.linckx.de\/wp-content\/uploads\/2019\/05\/TANK-Beutel-3x1-sand_1200-1-1024x1024.jpg","type":"","width":"","height":""}],"twitter_card":"summary_large_image","twitter_misc":{"Est. reading time":"2 minutes"},"schema":{"@context":"https:\/\/schema.org","@graph":[{"@type":"WebPage","@id":"https:\/\/shop.linckx.de\/de\/lookbook\/like-paper-bags\/aufbewahrung\/","url":"https:\/\/shop.linckx.de\/de\/lookbook\/like-paper-bags\/aufbewahrung\/","name":"Aufbewahrung - linckx.\u00ae","isPartOf":{"@id":"https:\/\/shop.linckx.de\/de\/#website"},"primaryImageOfPage":{"@id":"https:\/\/shop.linckx.de\/de\/lookbook\/like-paper-bags\/aufbewahrung\/#primaryimage"},"image":{"@id":"https:\/\/shop.linckx.de\/de\/lookbook\/like-paper-bags\/aufbewahrung\/#primaryimage"},"thumbnailUrl":"https:\/\/shop.linckx.de\/wp-content\/uploads\/2019\/05\/TANK-Beutel-3x1-sand_1200-1-1024x1024.jpg","datePublished":"2020-01-11T08:17:25+00:00","dateModified":"2023-04-10T09:24:10+00:00","breadcrumb":{"@id":"https:\/\/shop.linckx.de\/de\/lookbook\/like-paper-bags\/aufbewahrung\/#breadcrumb"},"inLanguage":"en-US","potentialAction":[{"@type":"ReadAction","target":["https:\/\/shop.linckx.de\/de\/lookbook\/like-paper-bags\/aufbewahrung\/"]}]},{"@type":"ImageObject","inLanguage":"en-US","@id":"https:\/\/shop.linckx.de\/de\/lookbook\/like-paper-bags\/aufbewahrung\/#primaryimage","url":"https:\/\/shop.linckx.de\/wp-content\/uploads\/2019\/05\/TANK-Beutel-3x1-sand_1200-1-1024x1024.jpg","contentUrl":"https:\/\/shop.linckx.de\/wp-content\/uploads\/2019\/05\/TANK-Beutel-3x1-sand_1200-1-1024x1024.jpg"},{"@type":"BreadcrumbList","@id":"https:\/\/shop.linckx.de\/de\/lookbook\/like-paper-bags\/aufbewahrung\/#breadcrumb","itemListElement":[{"@type":"ListItem","position":1,"name":"Startseite","item":"https:\/\/shop.linckx.de\/de\/"},{"@type":"ListItem","position":2,"name":"LOOKBOOK","item":"https:\/\/shop.linckx.de\/en\/lookbook\/"},{"@type":"ListItem","position":3,"name":"like paper bags","item":"https:\/\/shop.linckx.de\/de\/lookbook\/like-paper-bags\/"},{"@type":"ListItem","position":4,"name":"Aufbewahrung"}]},{"@type":"WebSite","@id":"https:\/\/shop.linckx.de\/de\/#website","url":"https:\/\/shop.linckx.de\/de\/","name":"linckx.\u00ae","description":"Taschen + Accessoires    [made in Germany]","publisher":{"@id":"https:\/\/shop.linckx.de\/de\/#organization"},"potentialAction":[{"@type":"SearchAction","target":{"@type":"EntryPoint","urlTemplate":"https:\/\/shop.linckx.de\/de\/?s={search_term_string}"},"query-input":{"@type":"PropertyValueSpecification","valueRequired":true,"valueName":"search_term_string"}}],"inLanguage":"en-US"},{"@type":"Organization","@id":"https:\/\/shop.linckx.de\/de\/#organization","name":"linckx","url":"https:\/\/shop.linckx.de\/de\/","logo":{"@type":"ImageObject","inLanguage":"en-US","@id":"https:\/\/shop.linckx.de\/de\/#\/schema\/logo\/image\/","url":"https:\/\/i2.wp.com\/shop.linckx.de\/wp-content\/uploads\/2019\/08\/19-06_linckx-Logo-quadr.jpg?fit=1181%2C1181&ssl=1","contentUrl":"https:\/\/i2.wp.com\/shop.linckx.de\/wp-content\/uploads\/2019\/08\/19-06_linckx-Logo-quadr.jpg?fit=1181%2C1181&ssl=1","width":1181,"height":1181,"caption":"linckx"},"image":{"@id":"https:\/\/shop.linckx.de\/de\/#\/schema\/logo\/image\/"}}]}},"_links":{"self":[{"href":"https:\/\/shop.linckx.de\/en\/wp-json\/wp\/v2\/pages\/2157","targetHints":{"allow":["GET"]}}],"collection":[{"href":"https:\/\/shop.linckx.de\/en\/wp-json\/wp\/v2\/pages"}],"about":[{"href":"https:\/\/shop.linckx.de\/en\/wp-json\/wp\/v2\/types\/page"}],"author":[{"embeddable":true,"href":"https:\/\/shop.linckx.de\/en\/wp-json\/wp\/v2\/users\/1"}],"replies":[{"embeddable":true,"href":"https:\/\/shop.linckx.de\/en\/wp-json\/wp\/v2\/comments?post=2157"}],"version-history":[{"count":14,"href":"https:\/\/shop.linckx.de\/en\/wp-json\/wp\/v2\/pages\/2157\/revisions"}],"predecessor-version":[{"id":5691,"href":"https:\/\/shop.linckx.de\/en\/wp-json\/wp\/v2\/pages\/2157\/revisions\/5691"}],"up":[{"embeddable":true,"href":"https:\/\/shop.linckx.de\/en\/wp-json\/wp\/v2\/pages\/355"}],"wp:attachment":[{"href":"https:\/\/shop.linckx.de\/en\/wp-json\/wp\/v2\/media?parent=2157"}],"curies":[{"name":"wp","href":"https:\/\/api.w.org\/{rel}","templated":true}]}}