{"id":24,"date":"2019-05-05T14:26:33","date_gmt":"2019-05-05T14:26:33","guid":{"rendered":"https:\/\/shop.linckx.de\/impressum"},"modified":"2022-01-29T18:52:33","modified_gmt":"2022-01-29T17:52:33","slug":"impressum","status":"publish","type":"page","link":"https:\/\/shop.linckx.de\/en\/rechtliches\/impressum\/","title":{"rendered":"Imprint"},"content":{"rendered":"<div class=\"n diyfeLiveArea\">\n<div id=\"textWithImage-5802122513\" class=\"clearover \">\n<p><strong>linckx.<sup>\u00ae<\/sup><\/strong><br \/>\nInhaberin: Ute Linck-Borys<br \/>\n<span class=\"diysemanticplaceholder\" data-semantic-data-key=\"streetAddress\/number\"><span style=\"color: #333333;\">Schwanseestrasse 64\u00a0\u00a0 <\/span><em>(neu ab dem 01.01.2022)<\/em><br \/>\n<\/span>81549\u00a0M\u00fcnchen<br \/>\nGERMANY<\/p>\n<\/div>\n<\/div>\n<div class=\"n diyfeLiveArea\">\n<p><span class=\"diy-visible-on-nontouch\">fon \u00a0 \u00a0\u00a0+49 89 482454<\/span><br \/>\nmail \u00a0 \u00a0<a href=\"mailto:info@linckx.de\">info[at]linckx.de<\/a><\/p>\n<\/div>\n<div class=\"n diyfeLiveArea\">\n<p>Umsatzsteuer-ID: \u00a0 DE178120078<br \/>\nEinzelunternehmen<\/p>\n<p>Mitglied der Berufsgenossenschaft Handel und Warendistribution<\/p>\n<p>Mitglied der IHK M\u00fcnchen<\/p>\n<p>Inhaltlich verantwortlich: Ute Linck-Borys, Adresse wie oben.<\/p>\n<p>Plattform der Europ\u00e4ischen Kommission zur Online-Streitbeilegung (OS) f\u00fcr Verbraucher: https:\/\/ec.europa.eu\/consumers\/odr\/.<br \/>\nWir sind nicht bereit und nicht verpflichtet an einem Streitbeilegungsverfahren vor der Universalschlichtungsstelle teilzunehmen.<\/p>\n<p><em>Bitte beachten: seit dem 01.01.2018 ist die Firma \u201eZell.Stoff STUDIO\u201c mit allen Produkten eingegangen in die Firma <strong>linckx.<sup>\u00ae<\/sup><\/strong>. Die beiden Webseiten und Webshops sind seit Mai 2020 in dieser Seite zusammengef\u00fchrt.<br \/>\n<\/em><\/p>\n<hr \/>\n<p>Ute Linck-Borys, Dipl. Ing. (Univ.) Architektin<br \/>\nMitglied der Bayer. Architektenkammer seit 1990, Mitgl.Nr. 168556<\/p>\n<hr \/>\n<p>Zu unseren <a href=\"https:\/\/shop.linckx.de\/datenschutz\" rel=\"noopener noreferrer\">Datenschutzhinweisen<\/a><\/p>\n<\/div>\n","protected":false},"excerpt":{"rendered":"<p>linckx.\u00ae Inhaberin: Ute Linck-Borys Schwanseestrasse 64\u00a0\u00a0 (neu ab dem 01.01.2022) 81549\u00a0M\u00fcnchen GERMANY fon \u00a0 \u00a0\u00a0+49 89 482454 mail \u00a0 \u00a0info[at]linckx.de Umsatzsteuer-ID: \u00a0 DE178120078 Einzelunternehmen Mitglied der Berufsgenossenschaft Handel und Warendistribution Mitglied der IHK M\u00fcnchen Inhaltlich verantwortlich: Ute Linck-Borys, Adresse wie oben. Plattform der Europ\u00e4ischen Kommission zur Online-Streitbeilegung (OS) f\u00fcr Verbraucher: https:\/\/ec.europa.eu\/consumers\/odr\/. Wir sind nicht bereit [&hellip;]<\/p>\n","protected":false},"author":1,"featured_media":0,"parent":3281,"menu_order":10,"comment_status":"closed","ping_status":"closed","template":"","meta":{"footnotes":""},"class_list":["post-24","page","type-page","status-publish","hentry"],"yoast_head":"<!-- This site is optimized with the Yoast SEO plugin v27.1.1 - https:\/\/yoast.com\/product\/yoast-seo-wordpress\/ -->\n<title>Impressum - linckx.\u00ae<\/title>\n<meta name=\"description\" content=\"Hier findest Du alle Angaben zu linckx.\u00ae Taschen und Accessoires (Einzelunternehmen) in M\u00fcnchen\" \/>\n<meta name=\"robots\" content=\"index, follow, max-snippet:-1, max-image-preview:large, max-video-preview:-1\" \/>\n<link rel=\"canonical\" href=\"https:\/\/shop.linckx.de\/en\/rechtliches\/impressum\/\" \/>\n<meta property=\"og:locale\" content=\"en_US\" \/>\n<meta property=\"og:type\" content=\"article\" \/>\n<meta property=\"og:title\" content=\"Impressum - linckx.\u00ae\" \/>\n<meta property=\"og:description\" content=\"Hier findest Du alle Angaben zu linckx.\u00ae Taschen und Accessoires (Einzelunternehmen) in M\u00fcnchen\" \/>\n<meta property=\"og:url\" content=\"https:\/\/shop.linckx.de\/en\/rechtliches\/impressum\/\" \/>\n<meta property=\"og:site_name\" content=\"linckx.\u00ae\" \/>\n<meta property=\"article:modified_time\" content=\"2022-01-29T17:52:33+00:00\" \/>\n<meta name=\"twitter:card\" content=\"summary_large_image\" \/>\n<meta name=\"twitter:label1\" content=\"Est. reading time\" \/>\n\t<meta name=\"twitter:data1\" content=\"1 minute\" \/>\n<script type=\"application\/ld+json\" class=\"yoast-schema-graph\">{\"@context\":\"https:\/\/schema.org\",\"@graph\":[{\"@type\":\"WebPage\",\"@id\":\"https:\/\/shop.linckx.de\/de\/rechtliches\/impressum\/\",\"url\":\"https:\/\/shop.linckx.de\/de\/rechtliches\/impressum\/\",\"name\":\"Impressum - linckx.\u00ae\",\"isPartOf\":{\"@id\":\"https:\/\/shop.linckx.de\/de\/#website\"},\"datePublished\":\"2019-05-05T14:26:33+00:00\",\"dateModified\":\"2022-01-29T17:52:33+00:00\",\"description\":\"Hier findest Du alle Angaben zu linckx.\u00ae Taschen und Accessoires (Einzelunternehmen) in M\u00fcnchen\",\"breadcrumb\":{\"@id\":\"https:\/\/shop.linckx.de\/de\/rechtliches\/impressum\/#breadcrumb\"},\"inLanguage\":\"en-US\",\"potentialAction\":[{\"@type\":\"ReadAction\",\"target\":[\"https:\/\/shop.linckx.de\/de\/rechtliches\/impressum\/\"]}]},{\"@type\":\"BreadcrumbList\",\"@id\":\"https:\/\/shop.linckx.de\/de\/rechtliches\/impressum\/#breadcrumb\",\"itemListElement\":[{\"@type\":\"ListItem\",\"position\":1,\"name\":\"Startseite\",\"item\":\"https:\/\/shop.linckx.de\/de\/\"},{\"@type\":\"ListItem\",\"position\":2,\"name\":\"Rechtliches\",\"item\":\"https:\/\/shop.linckx.de\/de\/rechtliches\/\"},{\"@type\":\"ListItem\",\"position\":3,\"name\":\"Impressum\"}]},{\"@type\":\"WebSite\",\"@id\":\"https:\/\/shop.linckx.de\/de\/#website\",\"url\":\"https:\/\/shop.linckx.de\/de\/\",\"name\":\"linckx.\u00ae\",\"description\":\"Taschen + Accessoires    [made in Germany]\",\"publisher\":{\"@id\":\"https:\/\/shop.linckx.de\/de\/#organization\"},\"potentialAction\":[{\"@type\":\"SearchAction\",\"target\":{\"@type\":\"EntryPoint\",\"urlTemplate\":\"https:\/\/shop.linckx.de\/de\/?s={search_term_string}\"},\"query-input\":{\"@type\":\"PropertyValueSpecification\",\"valueRequired\":true,\"valueName\":\"search_term_string\"}}],\"inLanguage\":\"en-US\"},{\"@type\":\"Organization\",\"@id\":\"https:\/\/shop.linckx.de\/de\/#organization\",\"name\":\"linckx\",\"url\":\"https:\/\/shop.linckx.de\/de\/\",\"logo\":{\"@type\":\"ImageObject\",\"inLanguage\":\"en-US\",\"@id\":\"https:\/\/shop.linckx.de\/de\/#\/schema\/logo\/image\/\",\"url\":\"https:\/\/i2.wp.com\/shop.linckx.de\/wp-content\/uploads\/2019\/08\/19-06_linckx-Logo-quadr.jpg?fit=1181%2C1181&ssl=1\",\"contentUrl\":\"https:\/\/i2.wp.com\/shop.linckx.de\/wp-content\/uploads\/2019\/08\/19-06_linckx-Logo-quadr.jpg?fit=1181%2C1181&ssl=1\",\"width\":1181,\"height\":1181,\"caption\":\"linckx\"},\"image\":{\"@id\":\"https:\/\/shop.linckx.de\/de\/#\/schema\/logo\/image\/\"}}]}<\/script>\n<!-- \/ Yoast SEO plugin. -->","yoast_head_json":{"title":"Impressum - linckx.\u00ae","description":"Hier findest Du alle Angaben zu linckx.\u00ae Taschen und Accessoires (Einzelunternehmen) in M\u00fcnchen","robots":{"index":"index","follow":"follow","max-snippet":"max-snippet:-1","max-image-preview":"max-image-preview:large","max-video-preview":"max-video-preview:-1"},"canonical":"https:\/\/shop.linckx.de\/en\/rechtliches\/impressum\/","og_locale":"en_US","og_type":"article","og_title":"Impressum - linckx.\u00ae","og_description":"Hier findest Du alle Angaben zu linckx.\u00ae Taschen und Accessoires (Einzelunternehmen) in M\u00fcnchen","og_url":"https:\/\/shop.linckx.de\/en\/rechtliches\/impressum\/","og_site_name":"linckx.\u00ae","article_modified_time":"2022-01-29T17:52:33+00:00","twitter_card":"summary_large_image","twitter_misc":{"Est. reading time":"1 minute"},"schema":{"@context":"https:\/\/schema.org","@graph":[{"@type":"WebPage","@id":"https:\/\/shop.linckx.de\/de\/rechtliches\/impressum\/","url":"https:\/\/shop.linckx.de\/de\/rechtliches\/impressum\/","name":"Impressum - linckx.\u00ae","isPartOf":{"@id":"https:\/\/shop.linckx.de\/de\/#website"},"datePublished":"2019-05-05T14:26:33+00:00","dateModified":"2022-01-29T17:52:33+00:00","description":"Hier findest Du alle Angaben zu linckx.\u00ae Taschen und Accessoires (Einzelunternehmen) in M\u00fcnchen","breadcrumb":{"@id":"https:\/\/shop.linckx.de\/de\/rechtliches\/impressum\/#breadcrumb"},"inLanguage":"en-US","potentialAction":[{"@type":"ReadAction","target":["https:\/\/shop.linckx.de\/de\/rechtliches\/impressum\/"]}]},{"@type":"BreadcrumbList","@id":"https:\/\/shop.linckx.de\/de\/rechtliches\/impressum\/#breadcrumb","itemListElement":[{"@type":"ListItem","position":1,"name":"Startseite","item":"https:\/\/shop.linckx.de\/de\/"},{"@type":"ListItem","position":2,"name":"Rechtliches","item":"https:\/\/shop.linckx.de\/de\/rechtliches\/"},{"@type":"ListItem","position":3,"name":"Impressum"}]},{"@type":"WebSite","@id":"https:\/\/shop.linckx.de\/de\/#website","url":"https:\/\/shop.linckx.de\/de\/","name":"linckx.\u00ae","description":"Taschen + Accessoires    [made in Germany]","publisher":{"@id":"https:\/\/shop.linckx.de\/de\/#organization"},"potentialAction":[{"@type":"SearchAction","target":{"@type":"EntryPoint","urlTemplate":"https:\/\/shop.linckx.de\/de\/?s={search_term_string}"},"query-input":{"@type":"PropertyValueSpecification","valueRequired":true,"valueName":"search_term_string"}}],"inLanguage":"en-US"},{"@type":"Organization","@id":"https:\/\/shop.linckx.de\/de\/#organization","name":"linckx","url":"https:\/\/shop.linckx.de\/de\/","logo":{"@type":"ImageObject","inLanguage":"en-US","@id":"https:\/\/shop.linckx.de\/de\/#\/schema\/logo\/image\/","url":"https:\/\/i2.wp.com\/shop.linckx.de\/wp-content\/uploads\/2019\/08\/19-06_linckx-Logo-quadr.jpg?fit=1181%2C1181&ssl=1","contentUrl":"https:\/\/i2.wp.com\/shop.linckx.de\/wp-content\/uploads\/2019\/08\/19-06_linckx-Logo-quadr.jpg?fit=1181%2C1181&ssl=1","width":1181,"height":1181,"caption":"linckx"},"image":{"@id":"https:\/\/shop.linckx.de\/de\/#\/schema\/logo\/image\/"}}]}},"_links":{"self":[{"href":"https:\/\/shop.linckx.de\/en\/wp-json\/wp\/v2\/pages\/24","targetHints":{"allow":["GET"]}}],"collection":[{"href":"https:\/\/shop.linckx.de\/en\/wp-json\/wp\/v2\/pages"}],"about":[{"href":"https:\/\/shop.linckx.de\/en\/wp-json\/wp\/v2\/types\/page"}],"author":[{"embeddable":true,"href":"https:\/\/shop.linckx.de\/en\/wp-json\/wp\/v2\/users\/1"}],"replies":[{"embeddable":true,"href":"https:\/\/shop.linckx.de\/en\/wp-json\/wp\/v2\/comments?post=24"}],"version-history":[{"count":10,"href":"https:\/\/shop.linckx.de\/en\/wp-json\/wp\/v2\/pages\/24\/revisions"}],"predecessor-version":[{"id":5228,"href":"https:\/\/shop.linckx.de\/en\/wp-json\/wp\/v2\/pages\/24\/revisions\/5228"}],"up":[{"embeddable":true,"href":"https:\/\/shop.linckx.de\/en\/wp-json\/wp\/v2\/pages\/3281"}],"wp:attachment":[{"href":"https:\/\/shop.linckx.de\/en\/wp-json\/wp\/v2\/media?parent=24"}],"curies":[{"name":"wp","href":"https:\/\/api.w.org\/{rel}","templated":true}]}}