{"id":3283,"date":"2020-07-09T08:16:59","date_gmt":"2020-07-09T08:16:59","guid":{"rendered":"https:\/\/shop.linckx.de\/?page_id=3283"},"modified":"2025-01-02T14:44:33","modified_gmt":"2025-01-02T13:44:33","slug":"stores","status":"publish","type":"page","link":"https:\/\/shop.linckx.de\/en\/stores\/","title":{"rendered":"Informationen"},"content":{"rendered":"<h3 class=\"wp-block-heading\">linckx.\u00ae L\u00e4den<\/h3>\n\n\n\n<p><iframe loading=\"lazy\" src=\"https:\/\/www.google.com\/maps\/d\/embed?mid=11v56l9em44g6KOA8cehH5-pH930\" width=\"640\" height=\"480\"><\/iframe><\/p>\n\n\n\n<p>In dieser Google Maps Karte findet Ihr L\u00e4den, die unsere Produkte f\u00fchren. Die orangen Standorte f\u00fchren Zell.Stoff Produkte, die roten haben Filzprodukte, und die violetten Standorte f\u00fchren beides.<\/p>\n\n\n\n<p>Bitte beachtet, dass die Informationen aus der Karte mittlerweile (Januar 2025) nicht mehr auf dem neuesten Stand sind, aber fragen kostet ja nichts :-).<\/p>\n\n\n\n<div style=\"height:40px\" aria-hidden=\"true\" class=\"wp-block-spacer\"><\/div>\n\n\n\n<hr class=\"wp-block-separator has-alpha-channel-opacity is-style-wide\"\/>\n\n\n\n<h3 class=\"wp-block-heading\"><span class=\"tadv-background-color\" style=\"background-color:#ffffff\"> Information for Resellers and Companies<\/span><\/h3>\n\n\n\n<p>Seit dem Jahr 2020 nehmen wir nicht mehr an Messen teil, das war u.a. \u2013 aber nicht nur \u2013 bedingt durch Covid, mit der Absage vieler Messen und der Schlie\u00dfung der station\u00e4ren L\u00e4den.<\/p>\n\n\n\n<p>Ab M\u00e4rz 2020 haben wir unsere Produktions- und Verkaufsprozesse umstellen m\u00fcssen. Wir bitten unsere H\u00e4ndlerkunden und Wiederverk\u00e4ufer um Verst\u00e4ndnis, dass wir seit Mai 2021 keine Bestellungen mehr annehmen k\u00f6nnen.<\/p>\n\n\n\n<p>Der Direktverkauf an Endverbraucher*innen \u00fcber den Webshop ist seit Juni 2023 ebenfalls gestoppt.<\/p>\n\n\n\n<p><\/p>","protected":false},"excerpt":{"rendered":"<p>linckx.\u00ae L\u00e4den In dieser Google Maps Karte findet Ihr L\u00e4den, die unsere Produkte f\u00fchren. Die orangen Standorte f\u00fchren Zell.Stoff Produkte, die roten haben Filzprodukte, und die violetten Standorte f\u00fchren beides. Bitte beachtet, dass die Informationen aus der Karte mittlerweile (Januar 2025) nicht mehr auf dem neuesten Stand sind, aber fragen kostet ja nichts :-). Informationen [&hellip;]<\/p>\n","protected":false},"author":1,"featured_media":0,"parent":0,"menu_order":50,"comment_status":"closed","ping_status":"closed","template":"","meta":{"footnotes":""},"class_list":["post-3283","page","type-page","status-publish","hentry"],"yoast_head":"<!-- This site is optimized with the Yoast SEO plugin v27.1.1 - https:\/\/yoast.com\/product\/yoast-seo-wordpress\/ -->\n<title>Informationen - linckx.\u00ae<\/title>\n<meta name=\"description\" content=\"Hier haben wir Informationen f\u00fcr unsere H\u00e4ndlerkunden (Einzelhandel) zusammengestellt, bei Fragen wenden Sie sich gerne an uns.\" \/>\n<meta name=\"robots\" content=\"index, follow, max-snippet:-1, max-image-preview:large, max-video-preview:-1\" \/>\n<link rel=\"canonical\" href=\"https:\/\/shop.linckx.de\/en\/stores\/\" \/>\n<meta property=\"og:locale\" content=\"en_US\" \/>\n<meta property=\"og:type\" content=\"article\" \/>\n<meta property=\"og:title\" content=\"Informationen - linckx.\u00ae\" \/>\n<meta property=\"og:description\" content=\"Hier haben wir Informationen f\u00fcr unsere H\u00e4ndlerkunden (Einzelhandel) zusammengestellt, bei Fragen wenden Sie sich gerne an uns.\" \/>\n<meta property=\"og:url\" content=\"https:\/\/shop.linckx.de\/en\/stores\/\" \/>\n<meta property=\"og:site_name\" content=\"linckx.\u00ae\" \/>\n<meta property=\"article:modified_time\" content=\"2025-01-02T13:44:33+00:00\" \/>\n<meta name=\"twitter:card\" content=\"summary_large_image\" \/>\n<meta name=\"twitter:label1\" content=\"Est. reading time\" \/>\n\t<meta name=\"twitter:data1\" content=\"1 minute\" \/>\n<script type=\"application\/ld+json\" class=\"yoast-schema-graph\">{\"@context\":\"https:\/\/schema.org\",\"@graph\":[{\"@type\":\"WebPage\",\"@id\":\"https:\/\/shop.linckx.de\/de\/stores\/\",\"url\":\"https:\/\/shop.linckx.de\/de\/stores\/\",\"name\":\"Informationen - linckx.\u00ae\",\"isPartOf\":{\"@id\":\"https:\/\/shop.linckx.de\/de\/#website\"},\"datePublished\":\"2020-07-09T08:16:59+00:00\",\"dateModified\":\"2025-01-02T13:44:33+00:00\",\"description\":\"Hier haben wir Informationen f\u00fcr unsere H\u00e4ndlerkunden (Einzelhandel) zusammengestellt, bei Fragen wenden Sie sich gerne an uns.\",\"breadcrumb\":{\"@id\":\"https:\/\/shop.linckx.de\/de\/stores\/#breadcrumb\"},\"inLanguage\":\"en-US\",\"potentialAction\":[{\"@type\":\"ReadAction\",\"target\":[\"https:\/\/shop.linckx.de\/de\/stores\/\"]}]},{\"@type\":\"BreadcrumbList\",\"@id\":\"https:\/\/shop.linckx.de\/de\/stores\/#breadcrumb\",\"itemListElement\":[{\"@type\":\"ListItem\",\"position\":1,\"name\":\"Startseite\",\"item\":\"https:\/\/shop.linckx.de\/de\/\"},{\"@type\":\"ListItem\",\"position\":2,\"name\":\"Informationen\"}]},{\"@type\":\"WebSite\",\"@id\":\"https:\/\/shop.linckx.de\/de\/#website\",\"url\":\"https:\/\/shop.linckx.de\/de\/\",\"name\":\"linckx.\u00ae\",\"description\":\"Taschen + Accessoires    [made in Germany]\",\"publisher\":{\"@id\":\"https:\/\/shop.linckx.de\/de\/#organization\"},\"potentialAction\":[{\"@type\":\"SearchAction\",\"target\":{\"@type\":\"EntryPoint\",\"urlTemplate\":\"https:\/\/shop.linckx.de\/de\/?s={search_term_string}\"},\"query-input\":{\"@type\":\"PropertyValueSpecification\",\"valueRequired\":true,\"valueName\":\"search_term_string\"}}],\"inLanguage\":\"en-US\"},{\"@type\":\"Organization\",\"@id\":\"https:\/\/shop.linckx.de\/de\/#organization\",\"name\":\"linckx\",\"url\":\"https:\/\/shop.linckx.de\/de\/\",\"logo\":{\"@type\":\"ImageObject\",\"inLanguage\":\"en-US\",\"@id\":\"https:\/\/shop.linckx.de\/de\/#\/schema\/logo\/image\/\",\"url\":\"https:\/\/i2.wp.com\/shop.linckx.de\/wp-content\/uploads\/2019\/08\/19-06_linckx-Logo-quadr.jpg?fit=1181%2C1181&ssl=1\",\"contentUrl\":\"https:\/\/i2.wp.com\/shop.linckx.de\/wp-content\/uploads\/2019\/08\/19-06_linckx-Logo-quadr.jpg?fit=1181%2C1181&ssl=1\",\"width\":1181,\"height\":1181,\"caption\":\"linckx\"},\"image\":{\"@id\":\"https:\/\/shop.linckx.de\/de\/#\/schema\/logo\/image\/\"}}]}<\/script>\n<!-- \/ Yoast SEO plugin. -->","yoast_head_json":{"title":"Informationen - linckx.\u00ae","description":"Hier haben wir Informationen f\u00fcr unsere H\u00e4ndlerkunden (Einzelhandel) zusammengestellt, bei Fragen wenden Sie sich gerne an uns.","robots":{"index":"index","follow":"follow","max-snippet":"max-snippet:-1","max-image-preview":"max-image-preview:large","max-video-preview":"max-video-preview:-1"},"canonical":"https:\/\/shop.linckx.de\/en\/stores\/","og_locale":"en_US","og_type":"article","og_title":"Informationen - linckx.\u00ae","og_description":"Hier haben wir Informationen f\u00fcr unsere H\u00e4ndlerkunden (Einzelhandel) zusammengestellt, bei Fragen wenden Sie sich gerne an uns.","og_url":"https:\/\/shop.linckx.de\/en\/stores\/","og_site_name":"linckx.\u00ae","article_modified_time":"2025-01-02T13:44:33+00:00","twitter_card":"summary_large_image","twitter_misc":{"Est. reading time":"1 minute"},"schema":{"@context":"https:\/\/schema.org","@graph":[{"@type":"WebPage","@id":"https:\/\/shop.linckx.de\/de\/stores\/","url":"https:\/\/shop.linckx.de\/de\/stores\/","name":"Informationen - linckx.\u00ae","isPartOf":{"@id":"https:\/\/shop.linckx.de\/de\/#website"},"datePublished":"2020-07-09T08:16:59+00:00","dateModified":"2025-01-02T13:44:33+00:00","description":"Hier haben wir Informationen f\u00fcr unsere H\u00e4ndlerkunden (Einzelhandel) zusammengestellt, bei Fragen wenden Sie sich gerne an uns.","breadcrumb":{"@id":"https:\/\/shop.linckx.de\/de\/stores\/#breadcrumb"},"inLanguage":"en-US","potentialAction":[{"@type":"ReadAction","target":["https:\/\/shop.linckx.de\/de\/stores\/"]}]},{"@type":"BreadcrumbList","@id":"https:\/\/shop.linckx.de\/de\/stores\/#breadcrumb","itemListElement":[{"@type":"ListItem","position":1,"name":"Startseite","item":"https:\/\/shop.linckx.de\/de\/"},{"@type":"ListItem","position":2,"name":"Informationen"}]},{"@type":"WebSite","@id":"https:\/\/shop.linckx.de\/de\/#website","url":"https:\/\/shop.linckx.de\/de\/","name":"linckx.\u00ae","description":"Taschen + Accessoires    [made in Germany]","publisher":{"@id":"https:\/\/shop.linckx.de\/de\/#organization"},"potentialAction":[{"@type":"SearchAction","target":{"@type":"EntryPoint","urlTemplate":"https:\/\/shop.linckx.de\/de\/?s={search_term_string}"},"query-input":{"@type":"PropertyValueSpecification","valueRequired":true,"valueName":"search_term_string"}}],"inLanguage":"en-US"},{"@type":"Organization","@id":"https:\/\/shop.linckx.de\/de\/#organization","name":"linckx","url":"https:\/\/shop.linckx.de\/de\/","logo":{"@type":"ImageObject","inLanguage":"en-US","@id":"https:\/\/shop.linckx.de\/de\/#\/schema\/logo\/image\/","url":"https:\/\/i2.wp.com\/shop.linckx.de\/wp-content\/uploads\/2019\/08\/19-06_linckx-Logo-quadr.jpg?fit=1181%2C1181&ssl=1","contentUrl":"https:\/\/i2.wp.com\/shop.linckx.de\/wp-content\/uploads\/2019\/08\/19-06_linckx-Logo-quadr.jpg?fit=1181%2C1181&ssl=1","width":1181,"height":1181,"caption":"linckx"},"image":{"@id":"https:\/\/shop.linckx.de\/de\/#\/schema\/logo\/image\/"}}]}},"_links":{"self":[{"href":"https:\/\/shop.linckx.de\/en\/wp-json\/wp\/v2\/pages\/3283","targetHints":{"allow":["GET"]}}],"collection":[{"href":"https:\/\/shop.linckx.de\/en\/wp-json\/wp\/v2\/pages"}],"about":[{"href":"https:\/\/shop.linckx.de\/en\/wp-json\/wp\/v2\/types\/page"}],"author":[{"embeddable":true,"href":"https:\/\/shop.linckx.de\/en\/wp-json\/wp\/v2\/users\/1"}],"replies":[{"embeddable":true,"href":"https:\/\/shop.linckx.de\/en\/wp-json\/wp\/v2\/comments?post=3283"}],"version-history":[{"count":27,"href":"https:\/\/shop.linckx.de\/en\/wp-json\/wp\/v2\/pages\/3283\/revisions"}],"predecessor-version":[{"id":5764,"href":"https:\/\/shop.linckx.de\/en\/wp-json\/wp\/v2\/pages\/3283\/revisions\/5764"}],"wp:attachment":[{"href":"https:\/\/shop.linckx.de\/en\/wp-json\/wp\/v2\/media?parent=3283"}],"curies":[{"name":"wp","href":"https:\/\/api.w.org\/{rel}","templated":true}]}}