{"id":5346,"date":"2022-05-07T18:40:23","date_gmt":"2022-05-07T16:40:23","guid":{"rendered":"https:\/\/shop.linckx.de\/?page_id=5346"},"modified":"2024-02-09T15:14:10","modified_gmt":"2024-02-09T14:14:10","slug":"fotografie","status":"publish","type":"page","link":"https:\/\/shop.linckx.de\/en\/fotografie\/","title":{"rendered":"Fotografie"},"content":{"rendered":"<p>Wir erweitern unser Sortiment mit Fotografien der Architektin Ute Linck Borys. <br>Die quadratischen Fotoprints &#8222;Square Views&#8220; gibt es in verschiedenen Gr\u00f6\u00dfen, dazu k\u00f6nnt Ihr zwischen Druck auf hochwertigem Papier oder auf Alu-Dibond-Platten w\u00e4hlen. Die Drucke sind einzeln zu bestellen oder in 4-er Sets.<\/p>\n\n\n\n<p>Demn\u00e4chst werden wir die Motive auch als Postkarten hier anbieten, und wir werden weitere Formate ausprobieren &#8211; mal sehen, was alles m\u00f6glich ist! <\/p>\n\n\n\n<p>Hier geht\u00b4s zu den <a href=\"https:\/\/shop.linckx.de\/en\/product-category\/fotografie\/\" target=\"_blank\" rel=\"noreferrer noopener\">Fotoserien im Shop<\/a>.<\/p>","protected":false},"excerpt":{"rendered":"<p>Wir erweitern unser Sortiment mit Fotografien der Architektin Ute Linck Borys. Die quadratischen Fotoprints &#8222;Square Views&#8220; gibt es in verschiedenen Gr\u00f6\u00dfen, dazu k\u00f6nnt Ihr zwischen Druck auf hochwertigem Papier oder auf Alu-Dibond-Platten w\u00e4hlen. Die Drucke sind einzeln zu bestellen oder in 4-er Sets. Demn\u00e4chst werden wir die Motive auch als Postkarten hier anbieten, und wir [&hellip;]<\/p>\n","protected":false},"author":1,"featured_media":5349,"parent":0,"menu_order":0,"comment_status":"closed","ping_status":"closed","template":"","meta":{"footnotes":""},"class_list":["post-5346","page","type-page","status-publish","has-post-thumbnail","hentry"],"yoast_head":"<!-- This site is optimized with the Yoast SEO plugin v27.1.1 - https:\/\/yoast.com\/product\/yoast-seo-wordpress\/ -->\n<title>Fotografie - linckx.\u00ae<\/title>\n<meta name=\"description\" content=\"Postkarten mit coolen Motiven, Fotoserien, Wandbilder, alle Motive fotografiert von Ute Linck-Borys\" \/>\n<meta name=\"robots\" content=\"index, follow, max-snippet:-1, max-image-preview:large, max-video-preview:-1\" \/>\n<link rel=\"canonical\" href=\"https:\/\/shop.linckx.de\/en\/fotografie\/\" \/>\n<meta property=\"og:locale\" content=\"en_US\" \/>\n<meta property=\"og:type\" content=\"article\" \/>\n<meta property=\"og:title\" content=\"Fotografie - linckx.\u00ae\" \/>\n<meta property=\"og:description\" content=\"Postkarten mit coolen Motiven, Fotoserien, Wandbilder, alle Motive fotografiert von Ute Linck-Borys\" \/>\n<meta property=\"og:url\" content=\"https:\/\/shop.linckx.de\/en\/fotografie\/\" \/>\n<meta property=\"og:site_name\" content=\"linckx.\u00ae\" \/>\n<meta property=\"article:modified_time\" content=\"2024-02-09T14:14:10+00:00\" \/>\n<meta property=\"og:image\" content=\"https:\/\/shop.linckx.de\/wp-content\/uploads\/2022\/05\/12x12_4-Tonnen.jpg\" \/>\n\t<meta property=\"og:image:width\" content=\"1000\" \/>\n\t<meta property=\"og:image:height\" content=\"1000\" \/>\n\t<meta property=\"og:image:type\" content=\"image\/jpeg\" \/>\n<meta name=\"twitter:card\" content=\"summary_large_image\" \/>\n<meta name=\"twitter:label1\" content=\"Est. reading time\" \/>\n\t<meta name=\"twitter:data1\" content=\"1 minute\" \/>\n<script type=\"application\/ld+json\" class=\"yoast-schema-graph\">{\"@context\":\"https:\/\/schema.org\",\"@graph\":[{\"@type\":\"WebPage\",\"@id\":\"https:\/\/shop.linckx.de\/de\/fotografie\/\",\"url\":\"https:\/\/shop.linckx.de\/de\/fotografie\/\",\"name\":\"Fotografie - linckx.\u00ae\",\"isPartOf\":{\"@id\":\"https:\/\/shop.linckx.de\/de\/#website\"},\"primaryImageOfPage\":{\"@id\":\"https:\/\/shop.linckx.de\/de\/fotografie\/#primaryimage\"},\"image\":{\"@id\":\"https:\/\/shop.linckx.de\/de\/fotografie\/#primaryimage\"},\"thumbnailUrl\":\"https:\/\/shop.linckx.de\/wp-content\/uploads\/2022\/05\/12x12_4-Tonnen.jpg\",\"datePublished\":\"2022-05-07T16:40:23+00:00\",\"dateModified\":\"2024-02-09T14:14:10+00:00\",\"description\":\"Postkarten mit coolen Motiven, Fotoserien, Wandbilder, alle Motive fotografiert von Ute Linck-Borys\",\"breadcrumb\":{\"@id\":\"https:\/\/shop.linckx.de\/de\/fotografie\/#breadcrumb\"},\"inLanguage\":\"en-US\",\"potentialAction\":[{\"@type\":\"ReadAction\",\"target\":[\"https:\/\/shop.linckx.de\/de\/fotografie\/\"]}]},{\"@type\":\"ImageObject\",\"inLanguage\":\"en-US\",\"@id\":\"https:\/\/shop.linckx.de\/de\/fotografie\/#primaryimage\",\"url\":\"https:\/\/shop.linckx.de\/wp-content\/uploads\/2022\/05\/12x12_4-Tonnen.jpg\",\"contentUrl\":\"https:\/\/shop.linckx.de\/wp-content\/uploads\/2022\/05\/12x12_4-Tonnen.jpg\",\"width\":1000,\"height\":1000,\"caption\":\"Vier Tonnen\"},{\"@type\":\"BreadcrumbList\",\"@id\":\"https:\/\/shop.linckx.de\/de\/fotografie\/#breadcrumb\",\"itemListElement\":[{\"@type\":\"ListItem\",\"position\":1,\"name\":\"Startseite\",\"item\":\"https:\/\/shop.linckx.de\/de\/\"},{\"@type\":\"ListItem\",\"position\":2,\"name\":\"Fotografie\"}]},{\"@type\":\"WebSite\",\"@id\":\"https:\/\/shop.linckx.de\/de\/#website\",\"url\":\"https:\/\/shop.linckx.de\/de\/\",\"name\":\"linckx.\u00ae\",\"description\":\"Taschen + Accessoires    [made in Germany]\",\"publisher\":{\"@id\":\"https:\/\/shop.linckx.de\/de\/#organization\"},\"potentialAction\":[{\"@type\":\"SearchAction\",\"target\":{\"@type\":\"EntryPoint\",\"urlTemplate\":\"https:\/\/shop.linckx.de\/de\/?s={search_term_string}\"},\"query-input\":{\"@type\":\"PropertyValueSpecification\",\"valueRequired\":true,\"valueName\":\"search_term_string\"}}],\"inLanguage\":\"en-US\"},{\"@type\":\"Organization\",\"@id\":\"https:\/\/shop.linckx.de\/de\/#organization\",\"name\":\"linckx\",\"url\":\"https:\/\/shop.linckx.de\/de\/\",\"logo\":{\"@type\":\"ImageObject\",\"inLanguage\":\"en-US\",\"@id\":\"https:\/\/shop.linckx.de\/de\/#\/schema\/logo\/image\/\",\"url\":\"https:\/\/i2.wp.com\/shop.linckx.de\/wp-content\/uploads\/2019\/08\/19-06_linckx-Logo-quadr.jpg?fit=1181%2C1181&ssl=1\",\"contentUrl\":\"https:\/\/i2.wp.com\/shop.linckx.de\/wp-content\/uploads\/2019\/08\/19-06_linckx-Logo-quadr.jpg?fit=1181%2C1181&ssl=1\",\"width\":1181,\"height\":1181,\"caption\":\"linckx\"},\"image\":{\"@id\":\"https:\/\/shop.linckx.de\/de\/#\/schema\/logo\/image\/\"}}]}<\/script>\n<!-- \/ Yoast SEO plugin. -->","yoast_head_json":{"title":"Fotografie - linckx.\u00ae","description":"Postkarten mit coolen Motiven, Fotoserien, Wandbilder, alle Motive fotografiert von Ute Linck-Borys","robots":{"index":"index","follow":"follow","max-snippet":"max-snippet:-1","max-image-preview":"max-image-preview:large","max-video-preview":"max-video-preview:-1"},"canonical":"https:\/\/shop.linckx.de\/en\/fotografie\/","og_locale":"en_US","og_type":"article","og_title":"Fotografie - linckx.\u00ae","og_description":"Postkarten mit coolen Motiven, Fotoserien, Wandbilder, alle Motive fotografiert von Ute Linck-Borys","og_url":"https:\/\/shop.linckx.de\/en\/fotografie\/","og_site_name":"linckx.\u00ae","article_modified_time":"2024-02-09T14:14:10+00:00","og_image":[{"width":1000,"height":1000,"url":"https:\/\/shop.linckx.de\/wp-content\/uploads\/2022\/05\/12x12_4-Tonnen.jpg","type":"image\/jpeg"}],"twitter_card":"summary_large_image","twitter_misc":{"Est. reading time":"1 minute"},"schema":{"@context":"https:\/\/schema.org","@graph":[{"@type":"WebPage","@id":"https:\/\/shop.linckx.de\/de\/fotografie\/","url":"https:\/\/shop.linckx.de\/de\/fotografie\/","name":"Fotografie - linckx.\u00ae","isPartOf":{"@id":"https:\/\/shop.linckx.de\/de\/#website"},"primaryImageOfPage":{"@id":"https:\/\/shop.linckx.de\/de\/fotografie\/#primaryimage"},"image":{"@id":"https:\/\/shop.linckx.de\/de\/fotografie\/#primaryimage"},"thumbnailUrl":"https:\/\/shop.linckx.de\/wp-content\/uploads\/2022\/05\/12x12_4-Tonnen.jpg","datePublished":"2022-05-07T16:40:23+00:00","dateModified":"2024-02-09T14:14:10+00:00","description":"Postkarten mit coolen Motiven, Fotoserien, Wandbilder, alle Motive fotografiert von Ute Linck-Borys","breadcrumb":{"@id":"https:\/\/shop.linckx.de\/de\/fotografie\/#breadcrumb"},"inLanguage":"en-US","potentialAction":[{"@type":"ReadAction","target":["https:\/\/shop.linckx.de\/de\/fotografie\/"]}]},{"@type":"ImageObject","inLanguage":"en-US","@id":"https:\/\/shop.linckx.de\/de\/fotografie\/#primaryimage","url":"https:\/\/shop.linckx.de\/wp-content\/uploads\/2022\/05\/12x12_4-Tonnen.jpg","contentUrl":"https:\/\/shop.linckx.de\/wp-content\/uploads\/2022\/05\/12x12_4-Tonnen.jpg","width":1000,"height":1000,"caption":"Vier Tonnen"},{"@type":"BreadcrumbList","@id":"https:\/\/shop.linckx.de\/de\/fotografie\/#breadcrumb","itemListElement":[{"@type":"ListItem","position":1,"name":"Startseite","item":"https:\/\/shop.linckx.de\/de\/"},{"@type":"ListItem","position":2,"name":"Fotografie"}]},{"@type":"WebSite","@id":"https:\/\/shop.linckx.de\/de\/#website","url":"https:\/\/shop.linckx.de\/de\/","name":"linckx.\u00ae","description":"Taschen + Accessoires    [made in Germany]","publisher":{"@id":"https:\/\/shop.linckx.de\/de\/#organization"},"potentialAction":[{"@type":"SearchAction","target":{"@type":"EntryPoint","urlTemplate":"https:\/\/shop.linckx.de\/de\/?s={search_term_string}"},"query-input":{"@type":"PropertyValueSpecification","valueRequired":true,"valueName":"search_term_string"}}],"inLanguage":"en-US"},{"@type":"Organization","@id":"https:\/\/shop.linckx.de\/de\/#organization","name":"linckx","url":"https:\/\/shop.linckx.de\/de\/","logo":{"@type":"ImageObject","inLanguage":"en-US","@id":"https:\/\/shop.linckx.de\/de\/#\/schema\/logo\/image\/","url":"https:\/\/i2.wp.com\/shop.linckx.de\/wp-content\/uploads\/2019\/08\/19-06_linckx-Logo-quadr.jpg?fit=1181%2C1181&ssl=1","contentUrl":"https:\/\/i2.wp.com\/shop.linckx.de\/wp-content\/uploads\/2019\/08\/19-06_linckx-Logo-quadr.jpg?fit=1181%2C1181&ssl=1","width":1181,"height":1181,"caption":"linckx"},"image":{"@id":"https:\/\/shop.linckx.de\/de\/#\/schema\/logo\/image\/"}}]}},"_links":{"self":[{"href":"https:\/\/shop.linckx.de\/en\/wp-json\/wp\/v2\/pages\/5346","targetHints":{"allow":["GET"]}}],"collection":[{"href":"https:\/\/shop.linckx.de\/en\/wp-json\/wp\/v2\/pages"}],"about":[{"href":"https:\/\/shop.linckx.de\/en\/wp-json\/wp\/v2\/types\/page"}],"author":[{"embeddable":true,"href":"https:\/\/shop.linckx.de\/en\/wp-json\/wp\/v2\/users\/1"}],"replies":[{"embeddable":true,"href":"https:\/\/shop.linckx.de\/en\/wp-json\/wp\/v2\/comments?post=5346"}],"version-history":[{"count":7,"href":"https:\/\/shop.linckx.de\/en\/wp-json\/wp\/v2\/pages\/5346\/revisions"}],"predecessor-version":[{"id":5733,"href":"https:\/\/shop.linckx.de\/en\/wp-json\/wp\/v2\/pages\/5346\/revisions\/5733"}],"wp:featuredmedia":[{"embeddable":true,"href":"https:\/\/shop.linckx.de\/en\/wp-json\/wp\/v2\/media\/5349"}],"wp:attachment":[{"href":"https:\/\/shop.linckx.de\/en\/wp-json\/wp\/v2\/media?parent=5346"}],"curies":[{"name":"wp","href":"https:\/\/api.w.org\/{rel}","templated":true}]}}