{"id":791,"date":"2019-08-15T16:29:49","date_gmt":"2019-08-15T16:29:49","guid":{"rendered":"https:\/\/shop.linckx.de\/?page_id=791"},"modified":"2023-04-09T19:04:44","modified_gmt":"2023-04-09T17:04:44","slug":"etuis-boersen-schluesselanhaenger","status":"publish","type":"page","link":"https:\/\/shop.linckx.de\/en\/lookbook\/filz-forever\/etuis-boersen-schluesselanhaenger\/","title":{"rendered":"Cases, Purses and Key Chains"},"content":{"rendered":"<p><em>Beim Wischen \u00fcber die Fotos bekommt Ihr mehr zu sehen!<\/em><\/p>\n\n\n\n<div class=\"wp-block-columns is-layout-flex wp-container-core-columns-is-layout-28f84493 wp-block-columns-is-layout-flex\">\n<div class=\"wp-block-column is-layout-flow wp-block-column-is-layout-flow\">\n\n\n\n\n<h4 class=\"wp-block-heading\">Felt Pouch LINA<\/h4>\n\n\n\n<p>Das kleine Filztascherl ist f\u00fcr Vieles zu gebrauchen \u2013 man kann Kosmetika hineinpacken, oder auch Computerzubeh\u00f6r wie Ladeger\u00e4te, Kabel und Maus, hier ist alles sicher aufgehoben. Optional mit aufgedrucktem Hirsch oder frechen Texten!<\/p>\n\n\n\n<p><strong>Size<\/strong> ca. 24 x 15 cm<\/p>\n\n\n\n<hr class=\"wp-block-separator has-alpha-channel-opacity\"\/>\n<\/div>\n\n\n\n<div class=\"wp-block-column is-layout-flow wp-block-column-is-layout-flow\">\n\n\n\n\n<h4 class=\"wp-block-heading\">Brillenetuis S und M<\/h4>\n\n\n\n<p>In den weichen Etuis aus Wollfilz sind Deine Brillen gut aufgehoben.&nbsp; Optional mit unseren Druckmotiven wie Geweih, Steinbock oder Edelweiss!<\/p>\n\n\n\n<p><strong>Size S<\/strong> f\u00fcr Lesebrillen ca. 6 x 17 cm<\/p>\n\n\n\n<p><strong>Size M<\/strong> f\u00fcr normale Brillen und Sonnebrillen ca. 8 x 17 cm<\/p>\n\n\n\n<hr class=\"wp-block-separator has-alpha-channel-opacity\"\/>\n<\/div>\n\n\n\n<div class=\"wp-block-column is-layout-flow wp-block-column-is-layout-flow\">\n\n\n\n\n<h4 class=\"wp-block-heading\">DAISY&nbsp; Geldb\u00f6rse<\/h4>\n\n\n\n<p>DAISY ist ausgestattet mit einem M\u00fcnzen- und einem Geldscheinfach, Steckpl\u00e4tze f\u00fcr 6+ Karten und einem Zettelfach. Dazu hat sie noch ein gro\u00dfes Fach, wo ein Smartphone hineinpasst!<\/p>\n\n\n\n<p><strong>Size<\/strong> approx. 22 x 11 x 2 cm<\/p>\n\n\n\n<hr class=\"wp-block-separator has-alpha-channel-opacity\"\/>\n<\/div>\n<\/div>\n\n\n\n<div class=\"wp-block-columns is-layout-flex wp-container-core-columns-is-layout-28f84493 wp-block-columns-is-layout-flex\">\n<div class=\"wp-block-column is-layout-flow wp-block-column-is-layout-flow\">\n\n\n\n\n<h4 class=\"wp-block-heading\">Schl\u00fcsselanh\u00e4nger KARO<\/h4>\n\n\n\n<p>Die Schlaufen aus reinem Wollfilz sind dekoriert mit Karoborte und einer kleinen Satinrose.<br><strong>Size<\/strong> ca. 11 x 3,5 cm<\/p>\n\n\n\n<hr class=\"wp-block-separator has-alpha-channel-opacity\"\/>\n<\/div>\n\n\n\n<div class=\"wp-block-column is-layout-flow wp-block-column-is-layout-flow\">\n\n\n\n<h4 class=\"wp-block-heading\">Schl\u00fcsselanh\u00e4nger CERVO<\/h4>\n\n\n\n<p>Flache Anh\u00e4nger aus reinem Wollfilz mit kleinem silbernem Hirsch drauf und Lederschlaufe.<br><strong>Size<\/strong> ca.&nbsp; 12 x 3,5 cm<\/p>\n\n\n\n<hr class=\"wp-block-separator has-alpha-channel-opacity\"\/>\n<\/div>\n\n\n\n<div class=\"wp-block-column is-layout-flow wp-block-column-is-layout-flow\"><div class=\"n2-section-smartslider fitvidsignore\" data-ssid=\"40\" tabindex=\"0\" role=\"region\" aria-label=\"Slider\" data-alias=\"digi-2x\"><div id=\"n2-ss-40-align\" class=\"n2-ss-align\"><div class=\"n2-padding\"><div id=\"n2-ss-40\" data-creator=\"Smart Slider 3\" data-responsive=\"auto\" class=\"n2-ss-slider n2-ow n2-has-hover n2notransition digi-2x\">\n\n\n\n<div class=\"n2-ss-slider-wrapper-inside\">\n        <div class=\"n2-ss-slider-1 n2_ss__touch_element n2-ow\">\n            <div class=\"n2-ss-slider-2 n2-ow\">\n                                                <div class=\"n2-ss-slider-3 n2-ow\">\n\n                    <div class=\"n2-ss-slide-backgrounds n2-ow-all\"><div class=\"n2-ss-slide-background\" data-public-id=\"1\" data-mode=\"fit\"><div class=\"n2-ss-slide-background-image\" data-blur=\"0\" data-opacity=\"100\" data-x=\"50\" data-y=\"50\" data-alt=\"\" data-title=\"\"><picture class=\"skip-lazy\" data-skip-lazy=\"1\"><img decoding=\"async\" src=\"\/\/shop.linckx.de\/wp-content\/uploads\/2019\/12\/101L-Hib-df-hl-dklgrau-2x_1200.jpg\" alt=\"\" title=\"\" loading=\"lazy\" class=\"skip-lazy\" data-skip-lazy=\"1\"><\/picture><\/div><div data-color=\"RGBA(255,255,255,0)\" style=\"background-color: RGBA(255,255,255,0);\" class=\"n2-ss-slide-background-color\"><\/div><\/div><div class=\"n2-ss-slide-background\" data-public-id=\"2\" data-mode=\"fit\" aria-hidden=\"true\"><div class=\"n2-ss-slide-background-image\" data-blur=\"0\" data-opacity=\"100\" data-x=\"50\" data-y=\"50\" data-alt=\"\" data-title=\"\"><picture class=\"skip-lazy\" data-skip-lazy=\"1\"><img decoding=\"async\" src=\"\/\/shop.linckx.de\/wp-content\/uploads\/2020\/05\/101L-df-dklgrau_1b_1000.jpg\" alt=\"\" title=\"\" loading=\"lazy\" class=\"skip-lazy\" data-skip-lazy=\"1\"><\/picture><\/div><div data-color=\"RGBA(255,255,255,0)\" style=\"background-color: RGBA(255,255,255,0);\" class=\"n2-ss-slide-background-color\"><\/div><\/div><div class=\"n2-ss-slide-background\" data-public-id=\"3\" data-mode=\"fit\" aria-hidden=\"true\"><div class=\"n2-ss-slide-background-image\" data-blur=\"0\" data-opacity=\"100\" data-x=\"50\" data-y=\"50\" data-alt=\"\" data-title=\"\"><picture class=\"skip-lazy\" data-skip-lazy=\"1\"><img decoding=\"async\" src=\"\/\/shop.linckx.de\/wp-content\/uploads\/2019\/12\/101L-hlgrau-df-1_1000.jpg\" alt=\"\" title=\"\" loading=\"lazy\" class=\"skip-lazy\" data-skip-lazy=\"1\"><\/picture><\/div><div data-color=\"RGBA(255,255,255,0)\" style=\"background-color: RGBA(255,255,255,0);\" class=\"n2-ss-slide-background-color\"><\/div><\/div><div class=\"n2-ss-slide-background\" data-public-id=\"4\" data-mode=\"fit\" aria-hidden=\"true\"><div class=\"n2-ss-slide-background-image\" data-blur=\"0\" data-opacity=\"100\" data-x=\"50\" data-y=\"50\" data-alt=\"\" data-title=\"\"><picture class=\"skip-lazy\" data-skip-lazy=\"1\"><img decoding=\"async\" src=\"\/\/shop.linckx.de\/wp-content\/uploads\/2019\/12\/101L-hlgrau-df-HiSc_1_1000.jpg\" alt=\"\" title=\"\" loading=\"lazy\" class=\"skip-lazy\" data-skip-lazy=\"1\"><\/picture><\/div><div data-color=\"RGBA(255,255,255,0)\" style=\"background-color: RGBA(255,255,255,0);\" class=\"n2-ss-slide-background-color\"><\/div><\/div><\/div>                    <div class=\"n2-ss-slider-4 n2-ow\">\n                        <svg xmlns=\"http:\/\/www.w3.org\/2000\/svg\" viewbox=\"0 0 1200 900\" data-related-device=\"desktopPortrait\" class=\"n2-ow n2-ss-preserve-size n2-ss-preserve-size--slider n2-ss-slide-limiter\"><\/svg><div data-first=\"1\" data-slide-duration=\"0\" data-id=\"497\" data-slide-public-id=\"1\" data-title=\"101L Hib df hl-dklgrau 2x_1200\" class=\"n2-ss-slide n2-ow  n2-ss-slide-497\"><div role=\"note\" class=\"n2-ss-slide--focus\" tabindex=\"-1\">101L Hib df hl-dklgrau 2x_1200<\/div><div class=\"n2-ss-layers-container n2-ss-slide-limiter n2-ow\"><div class=\"n2-ss-layer n2-ow n-uc-Mbm79Z3q6Wvk\" data-sstype=\"slide\" data-pm=\"default\"><\/div><\/div><\/div><div data-slide-duration=\"0\" data-id=\"381\" data-slide-public-id=\"2\" aria-hidden=\"true\" data-title=\"101L df dklgrau_1b_1000\" class=\"n2-ss-slide n2-ow  n2-ss-slide-381\"><div role=\"note\" class=\"n2-ss-slide--focus\" tabindex=\"-1\">101L df dklgrau_1b_1000<\/div><div class=\"n2-ss-layers-container n2-ss-slide-limiter n2-ow\"><div class=\"n2-ss-layer n2-ow n-uc-bmGhpnP9ZE6n\" data-sstype=\"slide\" data-pm=\"default\"><\/div><\/div><\/div><div data-slide-duration=\"0\" data-id=\"498\" data-slide-public-id=\"3\" aria-hidden=\"true\" data-title=\"101L hlgrau df 1_1000\" class=\"n2-ss-slide n2-ow  n2-ss-slide-498\"><div role=\"note\" class=\"n2-ss-slide--focus\" tabindex=\"-1\">101L hlgrau df 1_1000<\/div><div class=\"n2-ss-layers-container n2-ss-slide-limiter n2-ow\"><div class=\"n2-ss-layer n2-ow n-uc-EQtPmQqhAu4D\" data-sstype=\"slide\" data-pm=\"default\"><\/div><\/div><\/div><div data-slide-duration=\"0\" data-id=\"499\" data-slide-public-id=\"4\" aria-hidden=\"true\" data-title=\"101L hlgrau df-HiSc_1_1000\" class=\"n2-ss-slide n2-ow  n2-ss-slide-499\"><div role=\"note\" class=\"n2-ss-slide--focus\" tabindex=\"-1\">101L hlgrau df-HiSc_1_1000<\/div><div class=\"n2-ss-layers-container n2-ss-slide-limiter n2-ow\"><div class=\"n2-ss-layer n2-ow n-uc-GK6edytsfe7p\" data-sstype=\"slide\" data-pm=\"default\"><\/div><\/div><\/div>                    <\/div>\n\n                                    <\/div>\n            <\/div>\n        <\/div>\n        <div class=\"n2-ss-slider-controls n2-ss-slider-controls-absolute-left-bottom\"><div style=\"--widget-offset:5px;\" class=\"n2-ss-widget n2-ss-control-bullet n2-ow-all n2-ss-control-bullet-horizontal\"><div class=\"nextend-bullet-bar n2-bar-justify-content-center\" role=\"group\" aria-label=\"Choose slide to display.\"><div class=\"n2-bullet n2-style-dc279f99961678e530a0b1741e969ba5-dot\" style=\"visibility:hidden;\"><\/div><\/div><\/div><\/div><\/div><\/div><ss3-loader><\/ss3-loader><\/div><\/div><div class=\"n2_clear\"><\/div><\/div>\n\n\n<h4 class=\"wp-block-heading\">Filzetui N\u00b0 101 f\u00fcr Smartphones<\/h4>\n\n\n\n<p>Aktuell bieten wir folgende Gr\u00f6ssen an:&nbsp;<br><strong>S<\/strong>&nbsp; &nbsp; &nbsp;iPhone 3+4: <br>ca. 8,5 x 12,5&nbsp;cm (au\u00dfen)<br><strong>M&nbsp;&nbsp;<\/strong>&nbsp; iPhone 5: <br>ca. 8,5 x 13,5 cm&nbsp;(au\u00dfen)<br><strong>L&nbsp; &nbsp;<\/strong>&nbsp; iPhone 6+7+8: <br>approx. 9,3 x 14,5 cm (exterior)<br><strong>XL<\/strong>&nbsp; iPhone 6plus, 7plus, 8plus<br>&nbsp;&nbsp;&nbsp;&nbsp;&nbsp;&nbsp; iPhone 11 ProMax, iP XR: <br>approx. 9,5 x 17 cm (exterior)<\/p>\n\n\n\n<hr class=\"wp-block-separator has-alpha-channel-opacity\"\/>\n<\/div>\n<\/div>","protected":false},"excerpt":{"rendered":"<p>Beim Wischen \u00fcber die Fotos bekommt Ihr mehr zu sehen! Filzetui LINA Das kleine Filztascherl ist f\u00fcr Vieles zu gebrauchen \u2013 man kann Kosmetika hineinpacken, oder auch Computerzubeh\u00f6r wie Ladeger\u00e4te, Kabel und Maus, hier ist alles sicher aufgehoben. Optional mit aufgedrucktem Hirsch oder frechen Texten! Gr\u00f6sse ca. 24 x 15 cm Brillenetuis S und M [&hellip;]<\/p>\n","protected":false},"author":1,"featured_media":0,"parent":2,"menu_order":30,"comment_status":"closed","ping_status":"closed","template":"","meta":{"footnotes":""},"class_list":["post-791","page","type-page","status-publish","hentry"],"yoast_head":"<!-- This site is optimized with the Yoast SEO plugin v27.1.1 - https:\/\/yoast.com\/product\/yoast-seo-wordpress\/ -->\n<title>Etuis, B\u00f6rsen und Schl\u00fcsselanh\u00e4nger - linckx.\u00ae<\/title>\n<meta name=\"description\" content=\"Eine \u00dcbersicht \u00fcber unsere verschiedenen Schl\u00fcsselanh\u00e4nger, dazu Infos zu Smartphone-Etuis und Geldb\u00f6rsen aus Filz\" \/>\n<meta name=\"robots\" content=\"index, follow, max-snippet:-1, max-image-preview:large, max-video-preview:-1\" \/>\n<link rel=\"canonical\" href=\"https:\/\/shop.linckx.de\/en\/lookbook\/filz-forever\/etuis-boersen-schluesselanhaenger\/\" \/>\n<meta property=\"og:locale\" content=\"en_US\" \/>\n<meta property=\"og:type\" content=\"article\" \/>\n<meta property=\"og:title\" content=\"Etuis, B\u00f6rsen und Schl\u00fcsselanh\u00e4nger - linckx.\u00ae\" \/>\n<meta property=\"og:description\" content=\"Eine \u00dcbersicht \u00fcber unsere verschiedenen Schl\u00fcsselanh\u00e4nger, dazu Infos zu Smartphone-Etuis und Geldb\u00f6rsen aus Filz\" \/>\n<meta property=\"og:url\" content=\"https:\/\/shop.linckx.de\/en\/lookbook\/filz-forever\/etuis-boersen-schluesselanhaenger\/\" \/>\n<meta property=\"og:site_name\" content=\"linckx.\u00ae\" \/>\n<meta property=\"article:modified_time\" content=\"2023-04-09T17:04:44+00:00\" \/>\n<meta name=\"twitter:card\" content=\"summary_large_image\" \/>\n<meta name=\"twitter:label1\" content=\"Est. reading time\" \/>\n\t<meta name=\"twitter:data1\" content=\"2 minutes\" \/>\n<script type=\"application\/ld+json\" class=\"yoast-schema-graph\">{\"@context\":\"https:\/\/schema.org\",\"@graph\":[{\"@type\":\"WebPage\",\"@id\":\"https:\/\/shop.linckx.de\/de\/lookbook\/filz-forever\/etuis-boersen-schluesselanhaenger\/\",\"url\":\"https:\/\/shop.linckx.de\/de\/lookbook\/filz-forever\/etuis-boersen-schluesselanhaenger\/\",\"name\":\"Etuis, B\u00f6rsen und Schl\u00fcsselanh\u00e4nger - linckx.\u00ae\",\"isPartOf\":{\"@id\":\"https:\/\/shop.linckx.de\/de\/#website\"},\"datePublished\":\"2019-08-15T16:29:49+00:00\",\"dateModified\":\"2023-04-09T17:04:44+00:00\",\"description\":\"Eine \u00dcbersicht \u00fcber unsere verschiedenen Schl\u00fcsselanh\u00e4nger, dazu Infos zu Smartphone-Etuis und Geldb\u00f6rsen aus Filz\",\"breadcrumb\":{\"@id\":\"https:\/\/shop.linckx.de\/de\/lookbook\/filz-forever\/etuis-boersen-schluesselanhaenger\/#breadcrumb\"},\"inLanguage\":\"en-US\",\"potentialAction\":[{\"@type\":\"ReadAction\",\"target\":[\"https:\/\/shop.linckx.de\/de\/lookbook\/filz-forever\/etuis-boersen-schluesselanhaenger\/\"]}]},{\"@type\":\"BreadcrumbList\",\"@id\":\"https:\/\/shop.linckx.de\/de\/lookbook\/filz-forever\/etuis-boersen-schluesselanhaenger\/#breadcrumb\",\"itemListElement\":[{\"@type\":\"ListItem\",\"position\":1,\"name\":\"Startseite\",\"item\":\"https:\/\/shop.linckx.de\/de\/\"},{\"@type\":\"ListItem\",\"position\":2,\"name\":\"LOOKBOOK\",\"item\":\"https:\/\/shop.linckx.de\/en\/lookbook\/\"},{\"@type\":\"ListItem\",\"position\":3,\"name\":\"Filz Forever\",\"item\":\"https:\/\/shop.linckx.de\/de\/lookbook\/filz-forever\/\"},{\"@type\":\"ListItem\",\"position\":4,\"name\":\"Etuis, B\u00f6rsen und Schl\u00fcsselanh\u00e4nger\"}]},{\"@type\":\"WebSite\",\"@id\":\"https:\/\/shop.linckx.de\/de\/#website\",\"url\":\"https:\/\/shop.linckx.de\/de\/\",\"name\":\"linckx.\u00ae\",\"description\":\"Taschen + Accessoires    [made in Germany]\",\"publisher\":{\"@id\":\"https:\/\/shop.linckx.de\/de\/#organization\"},\"potentialAction\":[{\"@type\":\"SearchAction\",\"target\":{\"@type\":\"EntryPoint\",\"urlTemplate\":\"https:\/\/shop.linckx.de\/de\/?s={search_term_string}\"},\"query-input\":{\"@type\":\"PropertyValueSpecification\",\"valueRequired\":true,\"valueName\":\"search_term_string\"}}],\"inLanguage\":\"en-US\"},{\"@type\":\"Organization\",\"@id\":\"https:\/\/shop.linckx.de\/de\/#organization\",\"name\":\"linckx\",\"url\":\"https:\/\/shop.linckx.de\/de\/\",\"logo\":{\"@type\":\"ImageObject\",\"inLanguage\":\"en-US\",\"@id\":\"https:\/\/shop.linckx.de\/de\/#\/schema\/logo\/image\/\",\"url\":\"https:\/\/i2.wp.com\/shop.linckx.de\/wp-content\/uploads\/2019\/08\/19-06_linckx-Logo-quadr.jpg?fit=1181%2C1181&ssl=1\",\"contentUrl\":\"https:\/\/i2.wp.com\/shop.linckx.de\/wp-content\/uploads\/2019\/08\/19-06_linckx-Logo-quadr.jpg?fit=1181%2C1181&ssl=1\",\"width\":1181,\"height\":1181,\"caption\":\"linckx\"},\"image\":{\"@id\":\"https:\/\/shop.linckx.de\/de\/#\/schema\/logo\/image\/\"}}]}<\/script>\n<!-- \/ Yoast SEO plugin. -->","yoast_head_json":{"title":"Etuis, B\u00f6rsen und Schl\u00fcsselanh\u00e4nger - linckx.\u00ae","description":"Eine \u00dcbersicht \u00fcber unsere verschiedenen Schl\u00fcsselanh\u00e4nger, dazu Infos zu Smartphone-Etuis und Geldb\u00f6rsen aus Filz","robots":{"index":"index","follow":"follow","max-snippet":"max-snippet:-1","max-image-preview":"max-image-preview:large","max-video-preview":"max-video-preview:-1"},"canonical":"https:\/\/shop.linckx.de\/en\/lookbook\/filz-forever\/etuis-boersen-schluesselanhaenger\/","og_locale":"en_US","og_type":"article","og_title":"Etuis, B\u00f6rsen und Schl\u00fcsselanh\u00e4nger - linckx.\u00ae","og_description":"Eine \u00dcbersicht \u00fcber unsere verschiedenen Schl\u00fcsselanh\u00e4nger, dazu Infos zu Smartphone-Etuis und Geldb\u00f6rsen aus Filz","og_url":"https:\/\/shop.linckx.de\/en\/lookbook\/filz-forever\/etuis-boersen-schluesselanhaenger\/","og_site_name":"linckx.\u00ae","article_modified_time":"2023-04-09T17:04:44+00:00","twitter_card":"summary_large_image","twitter_misc":{"Est. reading time":"2 minutes"},"schema":{"@context":"https:\/\/schema.org","@graph":[{"@type":"WebPage","@id":"https:\/\/shop.linckx.de\/de\/lookbook\/filz-forever\/etuis-boersen-schluesselanhaenger\/","url":"https:\/\/shop.linckx.de\/de\/lookbook\/filz-forever\/etuis-boersen-schluesselanhaenger\/","name":"Etuis, B\u00f6rsen und Schl\u00fcsselanh\u00e4nger - linckx.\u00ae","isPartOf":{"@id":"https:\/\/shop.linckx.de\/de\/#website"},"datePublished":"2019-08-15T16:29:49+00:00","dateModified":"2023-04-09T17:04:44+00:00","description":"Eine \u00dcbersicht \u00fcber unsere verschiedenen Schl\u00fcsselanh\u00e4nger, dazu Infos zu Smartphone-Etuis und Geldb\u00f6rsen aus Filz","breadcrumb":{"@id":"https:\/\/shop.linckx.de\/de\/lookbook\/filz-forever\/etuis-boersen-schluesselanhaenger\/#breadcrumb"},"inLanguage":"en-US","potentialAction":[{"@type":"ReadAction","target":["https:\/\/shop.linckx.de\/de\/lookbook\/filz-forever\/etuis-boersen-schluesselanhaenger\/"]}]},{"@type":"BreadcrumbList","@id":"https:\/\/shop.linckx.de\/de\/lookbook\/filz-forever\/etuis-boersen-schluesselanhaenger\/#breadcrumb","itemListElement":[{"@type":"ListItem","position":1,"name":"Startseite","item":"https:\/\/shop.linckx.de\/de\/"},{"@type":"ListItem","position":2,"name":"LOOKBOOK","item":"https:\/\/shop.linckx.de\/en\/lookbook\/"},{"@type":"ListItem","position":3,"name":"Filz Forever","item":"https:\/\/shop.linckx.de\/de\/lookbook\/filz-forever\/"},{"@type":"ListItem","position":4,"name":"Etuis, B\u00f6rsen und Schl\u00fcsselanh\u00e4nger"}]},{"@type":"WebSite","@id":"https:\/\/shop.linckx.de\/de\/#website","url":"https:\/\/shop.linckx.de\/de\/","name":"linckx.\u00ae","description":"Taschen + Accessoires    [made in Germany]","publisher":{"@id":"https:\/\/shop.linckx.de\/de\/#organization"},"potentialAction":[{"@type":"SearchAction","target":{"@type":"EntryPoint","urlTemplate":"https:\/\/shop.linckx.de\/de\/?s={search_term_string}"},"query-input":{"@type":"PropertyValueSpecification","valueRequired":true,"valueName":"search_term_string"}}],"inLanguage":"en-US"},{"@type":"Organization","@id":"https:\/\/shop.linckx.de\/de\/#organization","name":"linckx","url":"https:\/\/shop.linckx.de\/de\/","logo":{"@type":"ImageObject","inLanguage":"en-US","@id":"https:\/\/shop.linckx.de\/de\/#\/schema\/logo\/image\/","url":"https:\/\/i2.wp.com\/shop.linckx.de\/wp-content\/uploads\/2019\/08\/19-06_linckx-Logo-quadr.jpg?fit=1181%2C1181&ssl=1","contentUrl":"https:\/\/i2.wp.com\/shop.linckx.de\/wp-content\/uploads\/2019\/08\/19-06_linckx-Logo-quadr.jpg?fit=1181%2C1181&ssl=1","width":1181,"height":1181,"caption":"linckx"},"image":{"@id":"https:\/\/shop.linckx.de\/de\/#\/schema\/logo\/image\/"}}]}},"_links":{"self":[{"href":"https:\/\/shop.linckx.de\/en\/wp-json\/wp\/v2\/pages\/791","targetHints":{"allow":["GET"]}}],"collection":[{"href":"https:\/\/shop.linckx.de\/en\/wp-json\/wp\/v2\/pages"}],"about":[{"href":"https:\/\/shop.linckx.de\/en\/wp-json\/wp\/v2\/types\/page"}],"author":[{"embeddable":true,"href":"https:\/\/shop.linckx.de\/en\/wp-json\/wp\/v2\/users\/1"}],"replies":[{"embeddable":true,"href":"https:\/\/shop.linckx.de\/en\/wp-json\/wp\/v2\/comments?post=791"}],"version-history":[{"count":27,"href":"https:\/\/shop.linckx.de\/en\/wp-json\/wp\/v2\/pages\/791\/revisions"}],"predecessor-version":[{"id":5687,"href":"https:\/\/shop.linckx.de\/en\/wp-json\/wp\/v2\/pages\/791\/revisions\/5687"}],"up":[{"embeddable":true,"href":"https:\/\/shop.linckx.de\/en\/wp-json\/wp\/v2\/pages\/2"}],"wp:attachment":[{"href":"https:\/\/shop.linckx.de\/en\/wp-json\/wp\/v2\/media?parent=791"}],"curies":[{"name":"wp","href":"https:\/\/api.w.org\/{rel}","templated":true}]}}