{"id":797,"date":"2019-08-15T16:40:23","date_gmt":"2019-08-15T16:40:23","guid":{"rendered":"https:\/\/shop.linckx.de\/?page_id=797"},"modified":"2020-05-08T11:53:18","modified_gmt":"2020-05-08T11:53:18","slug":"ellipse-botentasche","status":"publish","type":"page","link":"https:\/\/shop.linckx.de\/en\/lookbook\/canvas-collection\/ellipse-botentasche\/","title":{"rendered":"Ellipse  Messenger Bags"},"content":{"rendered":"<div class=\"wp-block-columns is-layout-flex wp-container-core-columns-is-layout-28f84493 wp-block-columns-is-layout-flex\">\n<div class=\"wp-block-column is-layout-flow wp-block-column-is-layout-flow\">\n<figure class=\"wp-block-image size-large\"><img loading=\"lazy\" decoding=\"async\" width=\"1024\" height=\"1024\" src=\"https:\/\/shop.linckx.de\/wp-content\/uploads\/2019\/08\/E03-beige-CA-man-1_1200-1024x1024.jpg\" alt=\"\" class=\"wp-image-772\" srcset=\"https:\/\/shop.linckx.de\/wp-content\/uploads\/2019\/08\/E03-beige-CA-man-1_1200-1024x1024.jpg 1024w, https:\/\/shop.linckx.de\/wp-content\/uploads\/2019\/08\/E03-beige-CA-man-1_1200-324x324.jpg 324w, https:\/\/shop.linckx.de\/wp-content\/uploads\/2019\/08\/E03-beige-CA-man-1_1200-100x100.jpg 100w, https:\/\/shop.linckx.de\/wp-content\/uploads\/2019\/08\/E03-beige-CA-man-1_1200-416x416.jpg 416w, https:\/\/shop.linckx.de\/wp-content\/uploads\/2019\/08\/E03-beige-CA-man-1_1200-150x150.jpg 150w, https:\/\/shop.linckx.de\/wp-content\/uploads\/2019\/08\/E03-beige-CA-man-1_1200-300x300.jpg 300w, https:\/\/shop.linckx.de\/wp-content\/uploads\/2019\/08\/E03-beige-CA-man-1_1200-768x768.jpg 768w, https:\/\/shop.linckx.de\/wp-content\/uploads\/2019\/08\/E03-beige-CA-man-1_1200.jpg 1200w\" sizes=\"auto, (max-width: 1024px) 100vw, 1024px\" \/><\/figure>\n\n\n\n<h4 style=\"text-align: center;\">aus Segeltuch (Canvas)<\/h4>\n<p style=\"text-align: center;\">Die Segeltuch-Stoffe, die wir f\u00fcr die Aussenh\u00fcllen verwenden, sind aus 100% Baumwolle, die wasser-, schmutz-, und fettabweisend impr\u00e4gniert ist. Die Stoffe haben nichts mit Boots-Segeln zu tun, der Begriff \u201cSegeltuch\u201d \u2013 engl. \u201ccanvas\u201d \u2013 ist die offizielle Bezeichnung f\u00fcr dieses Baumwollgewebe, das vor allem f\u00fcr Zeltplanen verwendet wird. Es ist nicht so kalt und hart wie PVC-Plane und f\u00fchlt sich wesentlich angenehmer an, erfordert aber ein wenig mehr Achtsamkeit.<br \/>Beim Gebrauch der Taschen wird die Impr\u00e4gnierung mit der Zeit durch Abrieb und auch durchs Waschen schw\u00e4cher \u2013 dann kann man mit handels\u00fcblichem Textilspray nachimpr\u00e4gnieren.<\/p>\n<hr \/>\n<p style=\"text-align: center;\">Die ellipsenf\u00f6rmige \u00d6ffnung zeigt die Farbe des Innenfutters. Verschlossen wird die Tasche mit einem Gummiband, das um die R\u00fcckseite gelegt wird. Die Ellipse kann man in der H\u00f6he erweitern, wenn mal mehr rein soll!<\/p>\n<\/div>\n\n\n\n<div class=\"wp-block-column is-layout-flow wp-block-column-is-layout-flow\">\n<figure class=\"wp-block-image size-large\"><img loading=\"lazy\" decoding=\"async\" width=\"1024\" height=\"1024\" src=\"https:\/\/shop.linckx.de\/wp-content\/uploads\/2019\/08\/E03-apfelgr\u00fcn-NY-betongrau-1_1200-1024x1024.jpg\" alt=\"\" class=\"wp-image-728\" srcset=\"https:\/\/shop.linckx.de\/wp-content\/uploads\/2019\/08\/E03-apfelgr\u00fcn-NY-betongrau-1_1200-1024x1024.jpg 1024w, https:\/\/shop.linckx.de\/wp-content\/uploads\/2019\/08\/E03-apfelgr\u00fcn-NY-betongrau-1_1200-324x324.jpg 324w, https:\/\/shop.linckx.de\/wp-content\/uploads\/2019\/08\/E03-apfelgr\u00fcn-NY-betongrau-1_1200-100x100.jpg 100w, https:\/\/shop.linckx.de\/wp-content\/uploads\/2019\/08\/E03-apfelgr\u00fcn-NY-betongrau-1_1200-416x416.jpg 416w, https:\/\/shop.linckx.de\/wp-content\/uploads\/2019\/08\/E03-apfelgr\u00fcn-NY-betongrau-1_1200-150x150.jpg 150w, https:\/\/shop.linckx.de\/wp-content\/uploads\/2019\/08\/E03-apfelgr\u00fcn-NY-betongrau-1_1200-300x300.jpg 300w, https:\/\/shop.linckx.de\/wp-content\/uploads\/2019\/08\/E03-apfelgr\u00fcn-NY-betongrau-1_1200-768x768.jpg 768w, https:\/\/shop.linckx.de\/wp-content\/uploads\/2019\/08\/E03-apfelgr\u00fcn-NY-betongrau-1_1200.jpg 1200w\" sizes=\"auto, (max-width: 1024px) 100vw, 1024px\" \/><\/figure>\n\n\n\n<h4 style=\"text-align: center;\">aus Nylon\/ Cordura<\/h4>\n<p style=\"text-align: center;\">Alle Modelle bieten wir auch mit Aussenstoffen aus Cordura bzw. Nylon- Gewebe an (die genauen Materialangaben findet Ihr jeweils im Onlineshop bei der Produktbeschreibung). Diese Kunststoff-Gewebe sind wasserdicht (innen beschichtet), reissfest und sehr robust. Der Stoff gl\u00e4nzt ein wenig mehr als das Canvas.<\/p>\n\n\n\n<p><\/p>\n\n\n\n<figure class=\"wp-block-image size-large\"><img loading=\"lazy\" decoding=\"async\" width=\"768\" height=\"1024\" src=\"https:\/\/shop.linckx.de\/wp-content\/uploads\/2020\/01\/E03-gif_800-1-768x1024.gif\" alt=\"\" class=\"wp-image-2295\" srcset=\"https:\/\/shop.linckx.de\/wp-content\/uploads\/2020\/01\/E03-gif_800-1-768x1023.gif 768w, https:\/\/shop.linckx.de\/wp-content\/uploads\/2020\/01\/E03-gif_800-1-324x432.gif 324w, https:\/\/shop.linckx.de\/wp-content\/uploads\/2020\/01\/E03-gif_800-1-416x554.gif 416w, https:\/\/shop.linckx.de\/wp-content\/uploads\/2020\/01\/E03-gif_800-1-225x300.gif 225w\" sizes=\"auto, (max-width: 768px) 100vw, 768px\" \/><\/figure>\n<\/div>\n<\/div>\n\n\n\n<div class=\"wp-block-columns is-layout-flex wp-container-core-columns-is-layout-28f84493 wp-block-columns-is-layout-flex\">\n<div class=\"wp-block-column is-layout-flow wp-block-column-is-layout-flow\">\n<figure class=\"wp-block-image size-large\"><img loading=\"lazy\" decoding=\"async\" width=\"1024\" height=\"1024\" src=\"https:\/\/shop.linckx.de\/wp-content\/uploads\/2020\/05\/E03-bordo-neorg_Model-2_1200-1024x1024.jpg\" alt=\"\" class=\"wp-image-2466\" srcset=\"https:\/\/shop.linckx.de\/wp-content\/uploads\/2020\/05\/E03-bordo-neorg_Model-2_1200-1024x1024.jpg 1024w, https:\/\/shop.linckx.de\/wp-content\/uploads\/2020\/05\/E03-bordo-neorg_Model-2_1200-324x324.jpg 324w, https:\/\/shop.linckx.de\/wp-content\/uploads\/2020\/05\/E03-bordo-neorg_Model-2_1200-100x100.jpg 100w, https:\/\/shop.linckx.de\/wp-content\/uploads\/2020\/05\/E03-bordo-neorg_Model-2_1200-416x416.jpg 416w, https:\/\/shop.linckx.de\/wp-content\/uploads\/2020\/05\/E03-bordo-neorg_Model-2_1200-300x300.jpg 300w, https:\/\/shop.linckx.de\/wp-content\/uploads\/2020\/05\/E03-bordo-neorg_Model-2_1200-150x150.jpg 150w, https:\/\/shop.linckx.de\/wp-content\/uploads\/2020\/05\/E03-bordo-neorg_Model-2_1200-768x768.jpg 768w, https:\/\/shop.linckx.de\/wp-content\/uploads\/2020\/05\/E03-bordo-neorg_Model-2_1200.jpg 1200w\" sizes=\"auto, (max-width: 1024px) 100vw, 1024px\" \/><\/figure>\n<\/div>\n\n\n\n<div class=\"wp-block-column is-layout-flow wp-block-column-is-layout-flow\">\n<figure class=\"wp-block-image size-large\"><img loading=\"lazy\" decoding=\"async\" width=\"1024\" height=\"1024\" src=\"https:\/\/shop.linckx.de\/wp-content\/uploads\/2020\/05\/E04_rot-braun_Model-1_1200-1024x1024.jpg\" alt=\"\" class=\"wp-image-2467\" srcset=\"https:\/\/shop.linckx.de\/wp-content\/uploads\/2020\/05\/E04_rot-braun_Model-1_1200-1024x1024.jpg 1024w, https:\/\/shop.linckx.de\/wp-content\/uploads\/2020\/05\/E04_rot-braun_Model-1_1200-324x324.jpg 324w, https:\/\/shop.linckx.de\/wp-content\/uploads\/2020\/05\/E04_rot-braun_Model-1_1200-100x100.jpg 100w, https:\/\/shop.linckx.de\/wp-content\/uploads\/2020\/05\/E04_rot-braun_Model-1_1200-416x416.jpg 416w, https:\/\/shop.linckx.de\/wp-content\/uploads\/2020\/05\/E04_rot-braun_Model-1_1200-300x300.jpg 300w, https:\/\/shop.linckx.de\/wp-content\/uploads\/2020\/05\/E04_rot-braun_Model-1_1200-150x150.jpg 150w, https:\/\/shop.linckx.de\/wp-content\/uploads\/2020\/05\/E04_rot-braun_Model-1_1200-768x768.jpg 768w, https:\/\/shop.linckx.de\/wp-content\/uploads\/2020\/05\/E04_rot-braun_Model-1_1200.jpg 1200w\" sizes=\"auto, (max-width: 1024px) 100vw, 1024px\" \/><\/figure>\n<\/div>\n\n\n\n<div class=\"wp-block-column is-layout-flow wp-block-column-is-layout-flow\">\n<figure class=\"wp-block-image size-large\"><img loading=\"lazy\" decoding=\"async\" width=\"1024\" height=\"1024\" src=\"https:\/\/shop.linckx.de\/wp-content\/uploads\/2020\/05\/E02-olive-negelb_Model-1_1200-1024x1024.jpg\" alt=\"\" class=\"wp-image-2465\" srcset=\"https:\/\/shop.linckx.de\/wp-content\/uploads\/2020\/05\/E02-olive-negelb_Model-1_1200-1024x1024.jpg 1024w, https:\/\/shop.linckx.de\/wp-content\/uploads\/2020\/05\/E02-olive-negelb_Model-1_1200-324x324.jpg 324w, https:\/\/shop.linckx.de\/wp-content\/uploads\/2020\/05\/E02-olive-negelb_Model-1_1200-100x100.jpg 100w, https:\/\/shop.linckx.de\/wp-content\/uploads\/2020\/05\/E02-olive-negelb_Model-1_1200-416x416.jpg 416w, https:\/\/shop.linckx.de\/wp-content\/uploads\/2020\/05\/E02-olive-negelb_Model-1_1200-300x300.jpg 300w, https:\/\/shop.linckx.de\/wp-content\/uploads\/2020\/05\/E02-olive-negelb_Model-1_1200-150x150.jpg 150w, https:\/\/shop.linckx.de\/wp-content\/uploads\/2020\/05\/E02-olive-negelb_Model-1_1200-768x768.jpg 768w, https:\/\/shop.linckx.de\/wp-content\/uploads\/2020\/05\/E02-olive-negelb_Model-1_1200.jpg 1200w\" sizes=\"auto, (max-width: 1024px) 100vw, 1024px\" \/><\/figure>\n<\/div>\n<\/div>","protected":false},"excerpt":{"rendered":"","protected":false},"author":1,"featured_media":0,"parent":384,"menu_order":10,"comment_status":"closed","ping_status":"closed","template":"","meta":{"footnotes":""},"class_list":["post-797","page","type-page","status-publish","hentry"],"yoast_head":"<!-- This site is optimized with the Yoast SEO plugin v27.1.1 - https:\/\/yoast.com\/product\/yoast-seo-wordpress\/ -->\n<title>Ellipse Botentasche - linckx.\u00ae<\/title>\n<meta name=\"robots\" content=\"index, follow, max-snippet:-1, max-image-preview:large, max-video-preview:-1\" \/>\n<link rel=\"canonical\" href=\"https:\/\/shop.linckx.de\/en\/lookbook\/canvas-collection\/ellipse-botentasche\/\" \/>\n<meta property=\"og:locale\" content=\"en_US\" \/>\n<meta property=\"og:type\" content=\"article\" \/>\n<meta property=\"og:title\" content=\"Ellipse Botentasche - linckx.\u00ae\" \/>\n<meta property=\"og:url\" content=\"https:\/\/shop.linckx.de\/en\/lookbook\/canvas-collection\/ellipse-botentasche\/\" \/>\n<meta property=\"og:site_name\" content=\"linckx.\u00ae\" \/>\n<meta property=\"article:modified_time\" content=\"2020-05-08T11:53:18+00:00\" \/>\n<meta property=\"og:image\" content=\"https:\/\/shop.linckx.de\/wp-content\/uploads\/2019\/08\/E03-beige-CA-man-1_1200-1024x1024.jpg\" \/>\n<meta name=\"twitter:card\" content=\"summary_large_image\" \/>\n<meta name=\"twitter:label1\" content=\"Est. reading time\" \/>\n\t<meta name=\"twitter:data1\" content=\"1 minute\" \/>\n<script type=\"application\/ld+json\" class=\"yoast-schema-graph\">{\"@context\":\"https:\/\/schema.org\",\"@graph\":[{\"@type\":\"WebPage\",\"@id\":\"https:\/\/shop.linckx.de\/de\/lookbook\/canvas-collection\/ellipse-botentasche\/\",\"url\":\"https:\/\/shop.linckx.de\/de\/lookbook\/canvas-collection\/ellipse-botentasche\/\",\"name\":\"Ellipse Botentasche - linckx.\u00ae\",\"isPartOf\":{\"@id\":\"https:\/\/shop.linckx.de\/de\/#website\"},\"primaryImageOfPage\":{\"@id\":\"https:\/\/shop.linckx.de\/de\/lookbook\/canvas-collection\/ellipse-botentasche\/#primaryimage\"},\"image\":{\"@id\":\"https:\/\/shop.linckx.de\/de\/lookbook\/canvas-collection\/ellipse-botentasche\/#primaryimage\"},\"thumbnailUrl\":\"https:\/\/shop.linckx.de\/wp-content\/uploads\/2019\/08\/E03-beige-CA-man-1_1200-1024x1024.jpg\",\"datePublished\":\"2019-08-15T16:40:23+00:00\",\"dateModified\":\"2020-05-08T11:53:18+00:00\",\"breadcrumb\":{\"@id\":\"https:\/\/shop.linckx.de\/de\/lookbook\/canvas-collection\/ellipse-botentasche\/#breadcrumb\"},\"inLanguage\":\"en-US\",\"potentialAction\":[{\"@type\":\"ReadAction\",\"target\":[\"https:\/\/shop.linckx.de\/de\/lookbook\/canvas-collection\/ellipse-botentasche\/\"]}]},{\"@type\":\"ImageObject\",\"inLanguage\":\"en-US\",\"@id\":\"https:\/\/shop.linckx.de\/de\/lookbook\/canvas-collection\/ellipse-botentasche\/#primaryimage\",\"url\":\"https:\/\/shop.linckx.de\/wp-content\/uploads\/2019\/08\/E03-beige-CA-man-1_1200-1024x1024.jpg\",\"contentUrl\":\"https:\/\/shop.linckx.de\/wp-content\/uploads\/2019\/08\/E03-beige-CA-man-1_1200-1024x1024.jpg\"},{\"@type\":\"BreadcrumbList\",\"@id\":\"https:\/\/shop.linckx.de\/de\/lookbook\/canvas-collection\/ellipse-botentasche\/#breadcrumb\",\"itemListElement\":[{\"@type\":\"ListItem\",\"position\":1,\"name\":\"Startseite\",\"item\":\"https:\/\/shop.linckx.de\/de\/\"},{\"@type\":\"ListItem\",\"position\":2,\"name\":\"LOOKBOOK\",\"item\":\"https:\/\/shop.linckx.de\/en\/lookbook\/\"},{\"@type\":\"ListItem\",\"position\":3,\"name\":\"Canvas Collection\",\"item\":\"https:\/\/shop.linckx.de\/en\/lookbook\/canvas-collection\/\"},{\"@type\":\"ListItem\",\"position\":4,\"name\":\"Ellipse Botentasche\"}]},{\"@type\":\"WebSite\",\"@id\":\"https:\/\/shop.linckx.de\/de\/#website\",\"url\":\"https:\/\/shop.linckx.de\/de\/\",\"name\":\"linckx.\u00ae\",\"description\":\"Taschen + Accessoires    [made in Germany]\",\"publisher\":{\"@id\":\"https:\/\/shop.linckx.de\/de\/#organization\"},\"potentialAction\":[{\"@type\":\"SearchAction\",\"target\":{\"@type\":\"EntryPoint\",\"urlTemplate\":\"https:\/\/shop.linckx.de\/de\/?s={search_term_string}\"},\"query-input\":{\"@type\":\"PropertyValueSpecification\",\"valueRequired\":true,\"valueName\":\"search_term_string\"}}],\"inLanguage\":\"en-US\"},{\"@type\":\"Organization\",\"@id\":\"https:\/\/shop.linckx.de\/de\/#organization\",\"name\":\"linckx\",\"url\":\"https:\/\/shop.linckx.de\/de\/\",\"logo\":{\"@type\":\"ImageObject\",\"inLanguage\":\"en-US\",\"@id\":\"https:\/\/shop.linckx.de\/de\/#\/schema\/logo\/image\/\",\"url\":\"https:\/\/i2.wp.com\/shop.linckx.de\/wp-content\/uploads\/2019\/08\/19-06_linckx-Logo-quadr.jpg?fit=1181%2C1181&ssl=1\",\"contentUrl\":\"https:\/\/i2.wp.com\/shop.linckx.de\/wp-content\/uploads\/2019\/08\/19-06_linckx-Logo-quadr.jpg?fit=1181%2C1181&ssl=1\",\"width\":1181,\"height\":1181,\"caption\":\"linckx\"},\"image\":{\"@id\":\"https:\/\/shop.linckx.de\/de\/#\/schema\/logo\/image\/\"}}]}<\/script>\n<!-- \/ Yoast SEO plugin. -->","yoast_head_json":{"title":"Ellipse Botentasche - linckx.\u00ae","robots":{"index":"index","follow":"follow","max-snippet":"max-snippet:-1","max-image-preview":"max-image-preview:large","max-video-preview":"max-video-preview:-1"},"canonical":"https:\/\/shop.linckx.de\/en\/lookbook\/canvas-collection\/ellipse-botentasche\/","og_locale":"en_US","og_type":"article","og_title":"Ellipse Botentasche - linckx.\u00ae","og_url":"https:\/\/shop.linckx.de\/en\/lookbook\/canvas-collection\/ellipse-botentasche\/","og_site_name":"linckx.\u00ae","article_modified_time":"2020-05-08T11:53:18+00:00","og_image":[{"url":"https:\/\/shop.linckx.de\/wp-content\/uploads\/2019\/08\/E03-beige-CA-man-1_1200-1024x1024.jpg","type":"","width":"","height":""}],"twitter_card":"summary_large_image","twitter_misc":{"Est. reading time":"1 minute"},"schema":{"@context":"https:\/\/schema.org","@graph":[{"@type":"WebPage","@id":"https:\/\/shop.linckx.de\/de\/lookbook\/canvas-collection\/ellipse-botentasche\/","url":"https:\/\/shop.linckx.de\/de\/lookbook\/canvas-collection\/ellipse-botentasche\/","name":"Ellipse Botentasche - linckx.\u00ae","isPartOf":{"@id":"https:\/\/shop.linckx.de\/de\/#website"},"primaryImageOfPage":{"@id":"https:\/\/shop.linckx.de\/de\/lookbook\/canvas-collection\/ellipse-botentasche\/#primaryimage"},"image":{"@id":"https:\/\/shop.linckx.de\/de\/lookbook\/canvas-collection\/ellipse-botentasche\/#primaryimage"},"thumbnailUrl":"https:\/\/shop.linckx.de\/wp-content\/uploads\/2019\/08\/E03-beige-CA-man-1_1200-1024x1024.jpg","datePublished":"2019-08-15T16:40:23+00:00","dateModified":"2020-05-08T11:53:18+00:00","breadcrumb":{"@id":"https:\/\/shop.linckx.de\/de\/lookbook\/canvas-collection\/ellipse-botentasche\/#breadcrumb"},"inLanguage":"en-US","potentialAction":[{"@type":"ReadAction","target":["https:\/\/shop.linckx.de\/de\/lookbook\/canvas-collection\/ellipse-botentasche\/"]}]},{"@type":"ImageObject","inLanguage":"en-US","@id":"https:\/\/shop.linckx.de\/de\/lookbook\/canvas-collection\/ellipse-botentasche\/#primaryimage","url":"https:\/\/shop.linckx.de\/wp-content\/uploads\/2019\/08\/E03-beige-CA-man-1_1200-1024x1024.jpg","contentUrl":"https:\/\/shop.linckx.de\/wp-content\/uploads\/2019\/08\/E03-beige-CA-man-1_1200-1024x1024.jpg"},{"@type":"BreadcrumbList","@id":"https:\/\/shop.linckx.de\/de\/lookbook\/canvas-collection\/ellipse-botentasche\/#breadcrumb","itemListElement":[{"@type":"ListItem","position":1,"name":"Startseite","item":"https:\/\/shop.linckx.de\/de\/"},{"@type":"ListItem","position":2,"name":"LOOKBOOK","item":"https:\/\/shop.linckx.de\/en\/lookbook\/"},{"@type":"ListItem","position":3,"name":"Canvas Collection","item":"https:\/\/shop.linckx.de\/en\/lookbook\/canvas-collection\/"},{"@type":"ListItem","position":4,"name":"Ellipse Botentasche"}]},{"@type":"WebSite","@id":"https:\/\/shop.linckx.de\/de\/#website","url":"https:\/\/shop.linckx.de\/de\/","name":"linckx.\u00ae","description":"Taschen + Accessoires    [made in Germany]","publisher":{"@id":"https:\/\/shop.linckx.de\/de\/#organization"},"potentialAction":[{"@type":"SearchAction","target":{"@type":"EntryPoint","urlTemplate":"https:\/\/shop.linckx.de\/de\/?s={search_term_string}"},"query-input":{"@type":"PropertyValueSpecification","valueRequired":true,"valueName":"search_term_string"}}],"inLanguage":"en-US"},{"@type":"Organization","@id":"https:\/\/shop.linckx.de\/de\/#organization","name":"linckx","url":"https:\/\/shop.linckx.de\/de\/","logo":{"@type":"ImageObject","inLanguage":"en-US","@id":"https:\/\/shop.linckx.de\/de\/#\/schema\/logo\/image\/","url":"https:\/\/i2.wp.com\/shop.linckx.de\/wp-content\/uploads\/2019\/08\/19-06_linckx-Logo-quadr.jpg?fit=1181%2C1181&ssl=1","contentUrl":"https:\/\/i2.wp.com\/shop.linckx.de\/wp-content\/uploads\/2019\/08\/19-06_linckx-Logo-quadr.jpg?fit=1181%2C1181&ssl=1","width":1181,"height":1181,"caption":"linckx"},"image":{"@id":"https:\/\/shop.linckx.de\/de\/#\/schema\/logo\/image\/"}}]}},"_links":{"self":[{"href":"https:\/\/shop.linckx.de\/en\/wp-json\/wp\/v2\/pages\/797","targetHints":{"allow":["GET"]}}],"collection":[{"href":"https:\/\/shop.linckx.de\/en\/wp-json\/wp\/v2\/pages"}],"about":[{"href":"https:\/\/shop.linckx.de\/en\/wp-json\/wp\/v2\/types\/page"}],"author":[{"embeddable":true,"href":"https:\/\/shop.linckx.de\/en\/wp-json\/wp\/v2\/users\/1"}],"replies":[{"embeddable":true,"href":"https:\/\/shop.linckx.de\/en\/wp-json\/wp\/v2\/comments?post=797"}],"version-history":[{"count":12,"href":"https:\/\/shop.linckx.de\/en\/wp-json\/wp\/v2\/pages\/797\/revisions"}],"predecessor-version":[{"id":2471,"href":"https:\/\/shop.linckx.de\/en\/wp-json\/wp\/v2\/pages\/797\/revisions\/2471"}],"up":[{"embeddable":true,"href":"https:\/\/shop.linckx.de\/en\/wp-json\/wp\/v2\/pages\/384"}],"wp:attachment":[{"href":"https:\/\/shop.linckx.de\/en\/wp-json\/wp\/v2\/media?parent=797"}],"curies":[{"name":"wp","href":"https:\/\/api.w.org\/{rel}","templated":true}]}}