{"id":1188,"date":"2019-10-19T17:28:39","date_gmt":"2019-10-19T17:28:39","guid":{"rendered":"https:\/\/shop.linckx.de\/?post_type=product&#038;p=1188"},"modified":"2025-12-13T14:14:41","modified_gmt":"2025-12-13T13:14:41","slug":"carrie-s-body-bag","status":"publish","type":"product","link":"https:\/\/shop.linckx.de\/en\/product\/carrie-s-body-bag\/","title":{"rendered":"CARRIE.S Bum Bag"},"content":{"rendered":"<p>Die CARRIE in Gr\u00f6\u00dfe S ist super praktisch im Urlaub! Format DIN A5 passt rein, also auch mal ein Taschenbuch. Sie kann um die H\u00fcfte getragen werden oder oder einfach cross body, vorne oder auf dem R\u00fccken. Der 40mm breite Textilgurt in Baumwoll-Optik ist verstellbar, wenn man ihn abnimmt wird sie zur Clutch. Klappe mit Drehverschluss, innen hat sie ein flaches Extrafach mit Drucknopf.<\/p>\n<p><strong>Size<\/strong>\u00a0 25\/ 28 (w) x 16 (h) x 5 cm<\/p>","protected":false},"excerpt":{"rendered":"<p>Body Bag aus Zell.Stoff, Klappe mit Drehverschluss<\/p>","protected":false},"featured_media":1340,"comment_status":"open","ping_status":"closed","template":"","meta":[],"product_brand":[],"product_cat":[15,192,38,39,191,44],"product_tag":[187,265,267,188,270,252,333,69,334],"class_list":{"0":"post-1188","1":"product","2":"type-product","3":"status-publish","4":"has-post-thumbnail","6":"product_cat-alle-produkte","7":"product_cat-bauchtaschen","8":"product_cat-botentaschen-schultertaschen","9":"product_cat-rucksaecke-convertibles","10":"product_cat-vegane-produkte","11":"product_cat-zell-stoff-produkte","12":"product_tag-bum-bag","13":"product_tag-clutch","14":"product_tag-etui","15":"product_tag-fanny-pack","16":"product_tag-kurztrip","17":"product_tag-reise","18":"product_tag-vegane-tasche","19":"product_tag-waschbar","20":"product_tag-zell-stoff","21":"product_shipping_class-dhl-m","23":"first","24":"instock","25":"sold-individually","26":"taxable","27":"shipping-taxable","28":"purchasable","29":"product-type-variable"},"yoast_head":"<!-- This site is optimized with the Yoast SEO plugin v27.1.1 - https:\/\/yoast.com\/product\/yoast-seo-wordpress\/ -->\n<title>CARRIE.S Body Bag - linckx.\u00ae<\/title>\n<meta name=\"description\" content=\"Die CARRIE.S kann um die H\u00fcfte getragen werden, cross body oder auch als Clutch! Format DIN A5 passt rein, also auch mal ein Taschenbuch.\" \/>\n<meta name=\"robots\" content=\"index, follow, max-snippet:-1, max-image-preview:large, max-video-preview:-1\" \/>\n<link rel=\"canonical\" href=\"https:\/\/shop.linckx.de\/en\/product\/carrie-s-body-bag\/\" \/>\n<meta property=\"og:locale\" content=\"en_US\" \/>\n<meta property=\"og:type\" content=\"article\" \/>\n<meta property=\"og:title\" content=\"CARRIE.S Body Bag - linckx.\u00ae\" \/>\n<meta property=\"og:description\" content=\"Die CARRIE.S kann um die H\u00fcfte getragen werden, cross body oder auch als Clutch! Format DIN A5 passt rein, also auch mal ein Taschenbuch.\" \/>\n<meta property=\"og:url\" content=\"https:\/\/shop.linckx.de\/en\/product\/carrie-s-body-bag\/\" \/>\n<meta property=\"og:site_name\" content=\"linckx.\u00ae\" \/>\n<meta property=\"article:modified_time\" content=\"2025-12-13T13:14:41+00:00\" \/>\n<meta property=\"og:image\" content=\"https:\/\/shop.linckx.de\/wp-content\/uploads\/2019\/10\/CARRIE-S-stone-1_1200.jpg\" \/>\n\t<meta property=\"og:image:width\" content=\"900\" \/>\n\t<meta property=\"og:image:height\" content=\"1200\" \/>\n\t<meta property=\"og:image:type\" content=\"image\/jpeg\" \/>\n<meta name=\"twitter:card\" content=\"summary_large_image\" \/>\n<script type=\"application\/ld+json\" class=\"yoast-schema-graph\">{\"@context\":\"https:\/\/schema.org\",\"@graph\":[{\"@type\":\"WebPage\",\"@id\":\"https:\/\/shop.linckx.de\/de\/produkt\/carrie-s-body-bag\/\",\"url\":\"https:\/\/shop.linckx.de\/de\/produkt\/carrie-s-body-bag\/\",\"name\":\"CARRIE.S Body Bag - linckx.\u00ae\",\"isPartOf\":{\"@id\":\"https:\/\/shop.linckx.de\/de\/#website\"},\"primaryImageOfPage\":{\"@id\":\"https:\/\/shop.linckx.de\/de\/produkt\/carrie-s-body-bag\/#primaryimage\"},\"image\":{\"@id\":\"https:\/\/shop.linckx.de\/de\/produkt\/carrie-s-body-bag\/#primaryimage\"},\"thumbnailUrl\":\"https:\/\/shop.linckx.de\/wp-content\/uploads\/2019\/10\/CARRIE-S-stone-1_1200.jpg\",\"datePublished\":\"2019-10-19T17:28:39+00:00\",\"dateModified\":\"2025-12-13T13:14:41+00:00\",\"description\":\"Die CARRIE.S kann um die H\u00fcfte getragen werden, cross body oder auch als Clutch! Format DIN A5 passt rein, also auch mal ein Taschenbuch.\",\"breadcrumb\":{\"@id\":\"https:\/\/shop.linckx.de\/de\/produkt\/carrie-s-body-bag\/#breadcrumb\"},\"inLanguage\":\"en-US\",\"potentialAction\":[{\"@type\":\"ReadAction\",\"target\":[\"https:\/\/shop.linckx.de\/de\/produkt\/carrie-s-body-bag\/\"]}]},{\"@type\":\"ImageObject\",\"inLanguage\":\"en-US\",\"@id\":\"https:\/\/shop.linckx.de\/de\/produkt\/carrie-s-body-bag\/#primaryimage\",\"url\":\"https:\/\/shop.linckx.de\/wp-content\/uploads\/2019\/10\/CARRIE-S-stone-1_1200.jpg\",\"contentUrl\":\"https:\/\/shop.linckx.de\/wp-content\/uploads\/2019\/10\/CARRIE-S-stone-1_1200.jpg\",\"width\":900,\"height\":1200},{\"@type\":\"BreadcrumbList\",\"@id\":\"https:\/\/shop.linckx.de\/de\/produkt\/carrie-s-body-bag\/#breadcrumb\",\"itemListElement\":[{\"@type\":\"ListItem\",\"position\":1,\"name\":\"Startseite\",\"item\":\"https:\/\/shop.linckx.de\/de\/\"},{\"@type\":\"ListItem\",\"position\":2,\"name\":\"SHOP\",\"item\":\"https:\/\/shop.linckx.de\/de\/taschen-accessoires-made-in-germany\/\"},{\"@type\":\"ListItem\",\"position\":3,\"name\":\"CARRIE.S Body Bag\"}]},{\"@type\":\"WebSite\",\"@id\":\"https:\/\/shop.linckx.de\/de\/#website\",\"url\":\"https:\/\/shop.linckx.de\/de\/\",\"name\":\"linckx.\u00ae\",\"description\":\"Taschen + Accessoires    [made in Germany]\",\"publisher\":{\"@id\":\"https:\/\/shop.linckx.de\/de\/#organization\"},\"potentialAction\":[{\"@type\":\"SearchAction\",\"target\":{\"@type\":\"EntryPoint\",\"urlTemplate\":\"https:\/\/shop.linckx.de\/de\/?s={search_term_string}\"},\"query-input\":{\"@type\":\"PropertyValueSpecification\",\"valueRequired\":true,\"valueName\":\"search_term_string\"}}],\"inLanguage\":\"en-US\"},{\"@type\":\"Organization\",\"@id\":\"https:\/\/shop.linckx.de\/de\/#organization\",\"name\":\"linckx\",\"url\":\"https:\/\/shop.linckx.de\/de\/\",\"logo\":{\"@type\":\"ImageObject\",\"inLanguage\":\"en-US\",\"@id\":\"https:\/\/shop.linckx.de\/de\/#\/schema\/logo\/image\/\",\"url\":\"https:\/\/i2.wp.com\/shop.linckx.de\/wp-content\/uploads\/2019\/08\/19-06_linckx-Logo-quadr.jpg?fit=1181%2C1181&ssl=1\",\"contentUrl\":\"https:\/\/i2.wp.com\/shop.linckx.de\/wp-content\/uploads\/2019\/08\/19-06_linckx-Logo-quadr.jpg?fit=1181%2C1181&ssl=1\",\"width\":1181,\"height\":1181,\"caption\":\"linckx\"},\"image\":{\"@id\":\"https:\/\/shop.linckx.de\/de\/#\/schema\/logo\/image\/\"}}]}<\/script>\n<!-- \/ Yoast SEO plugin. -->","yoast_head_json":{"title":"CARRIE.S Body Bag - linckx.\u00ae","description":"Die CARRIE.S kann um die H\u00fcfte getragen werden, cross body oder auch als Clutch! Format DIN A5 passt rein, also auch mal ein Taschenbuch.","robots":{"index":"index","follow":"follow","max-snippet":"max-snippet:-1","max-image-preview":"max-image-preview:large","max-video-preview":"max-video-preview:-1"},"canonical":"https:\/\/shop.linckx.de\/en\/product\/carrie-s-body-bag\/","og_locale":"en_US","og_type":"article","og_title":"CARRIE.S Body Bag - linckx.\u00ae","og_description":"Die CARRIE.S kann um die H\u00fcfte getragen werden, cross body oder auch als Clutch! Format DIN A5 passt rein, also auch mal ein Taschenbuch.","og_url":"https:\/\/shop.linckx.de\/en\/product\/carrie-s-body-bag\/","og_site_name":"linckx.\u00ae","article_modified_time":"2025-12-13T13:14:41+00:00","og_image":[{"width":900,"height":1200,"url":"https:\/\/shop.linckx.de\/wp-content\/uploads\/2019\/10\/CARRIE-S-stone-1_1200.jpg","type":"image\/jpeg"}],"twitter_card":"summary_large_image","schema":{"@context":"https:\/\/schema.org","@graph":[{"@type":"WebPage","@id":"https:\/\/shop.linckx.de\/de\/produkt\/carrie-s-body-bag\/","url":"https:\/\/shop.linckx.de\/de\/produkt\/carrie-s-body-bag\/","name":"CARRIE.S Body Bag - linckx.\u00ae","isPartOf":{"@id":"https:\/\/shop.linckx.de\/de\/#website"},"primaryImageOfPage":{"@id":"https:\/\/shop.linckx.de\/de\/produkt\/carrie-s-body-bag\/#primaryimage"},"image":{"@id":"https:\/\/shop.linckx.de\/de\/produkt\/carrie-s-body-bag\/#primaryimage"},"thumbnailUrl":"https:\/\/shop.linckx.de\/wp-content\/uploads\/2019\/10\/CARRIE-S-stone-1_1200.jpg","datePublished":"2019-10-19T17:28:39+00:00","dateModified":"2025-12-13T13:14:41+00:00","description":"Die CARRIE.S kann um die H\u00fcfte getragen werden, cross body oder auch als Clutch! Format DIN A5 passt rein, also auch mal ein Taschenbuch.","breadcrumb":{"@id":"https:\/\/shop.linckx.de\/de\/produkt\/carrie-s-body-bag\/#breadcrumb"},"inLanguage":"en-US","potentialAction":[{"@type":"ReadAction","target":["https:\/\/shop.linckx.de\/de\/produkt\/carrie-s-body-bag\/"]}]},{"@type":"ImageObject","inLanguage":"en-US","@id":"https:\/\/shop.linckx.de\/de\/produkt\/carrie-s-body-bag\/#primaryimage","url":"https:\/\/shop.linckx.de\/wp-content\/uploads\/2019\/10\/CARRIE-S-stone-1_1200.jpg","contentUrl":"https:\/\/shop.linckx.de\/wp-content\/uploads\/2019\/10\/CARRIE-S-stone-1_1200.jpg","width":900,"height":1200},{"@type":"BreadcrumbList","@id":"https:\/\/shop.linckx.de\/de\/produkt\/carrie-s-body-bag\/#breadcrumb","itemListElement":[{"@type":"ListItem","position":1,"name":"Startseite","item":"https:\/\/shop.linckx.de\/de\/"},{"@type":"ListItem","position":2,"name":"SHOP","item":"https:\/\/shop.linckx.de\/de\/taschen-accessoires-made-in-germany\/"},{"@type":"ListItem","position":3,"name":"CARRIE.S Body Bag"}]},{"@type":"WebSite","@id":"https:\/\/shop.linckx.de\/de\/#website","url":"https:\/\/shop.linckx.de\/de\/","name":"linckx.\u00ae","description":"Taschen + Accessoires    [made in Germany]","publisher":{"@id":"https:\/\/shop.linckx.de\/de\/#organization"},"potentialAction":[{"@type":"SearchAction","target":{"@type":"EntryPoint","urlTemplate":"https:\/\/shop.linckx.de\/de\/?s={search_term_string}"},"query-input":{"@type":"PropertyValueSpecification","valueRequired":true,"valueName":"search_term_string"}}],"inLanguage":"en-US"},{"@type":"Organization","@id":"https:\/\/shop.linckx.de\/de\/#organization","name":"linckx","url":"https:\/\/shop.linckx.de\/de\/","logo":{"@type":"ImageObject","inLanguage":"en-US","@id":"https:\/\/shop.linckx.de\/de\/#\/schema\/logo\/image\/","url":"https:\/\/i2.wp.com\/shop.linckx.de\/wp-content\/uploads\/2019\/08\/19-06_linckx-Logo-quadr.jpg?fit=1181%2C1181&ssl=1","contentUrl":"https:\/\/i2.wp.com\/shop.linckx.de\/wp-content\/uploads\/2019\/08\/19-06_linckx-Logo-quadr.jpg?fit=1181%2C1181&ssl=1","width":1181,"height":1181,"caption":"linckx"},"image":{"@id":"https:\/\/shop.linckx.de\/de\/#\/schema\/logo\/image\/"}}]}},"_links":{"self":[{"href":"https:\/\/shop.linckx.de\/en\/wp-json\/wp\/v2\/product\/1188","targetHints":{"allow":["GET"]}}],"collection":[{"href":"https:\/\/shop.linckx.de\/en\/wp-json\/wp\/v2\/product"}],"about":[{"href":"https:\/\/shop.linckx.de\/en\/wp-json\/wp\/v2\/types\/product"}],"replies":[{"embeddable":true,"href":"https:\/\/shop.linckx.de\/en\/wp-json\/wp\/v2\/comments?post=1188"}],"wp:featuredmedia":[{"embeddable":true,"href":"https:\/\/shop.linckx.de\/en\/wp-json\/wp\/v2\/media\/1340"}],"wp:attachment":[{"href":"https:\/\/shop.linckx.de\/en\/wp-json\/wp\/v2\/media?parent=1188"}],"wp:term":[{"taxonomy":"product_brand","embeddable":true,"href":"https:\/\/shop.linckx.de\/en\/wp-json\/wp\/v2\/product_brand?post=1188"},{"taxonomy":"product_cat","embeddable":true,"href":"https:\/\/shop.linckx.de\/en\/wp-json\/wp\/v2\/product_cat?post=1188"},{"taxonomy":"product_tag","embeddable":true,"href":"https:\/\/shop.linckx.de\/en\/wp-json\/wp\/v2\/product_tag?post=1188"}],"curies":[{"name":"wp","href":"https:\/\/api.w.org\/{rel}","templated":true}]}}