{"id":1202,"date":"2019-11-23T17:21:20","date_gmt":"2019-11-23T17:21:20","guid":{"rendered":"https:\/\/shop.linckx.de\/?post_type=product&#038;p=1202"},"modified":"2023-01-08T20:59:37","modified_gmt":"2023-01-08T19:59:37","slug":"multipack-03-botentasche-nylon","status":"publish","type":"product","link":"https:\/\/shop.linckx.de\/en\/product\/multipack-03-botentasche-nylon\/","title":{"rendered":"Multipack.03  Botentasche\/ Convertible aus Nylon"},"content":{"rendered":"<p>Diese Botentasche kann auch als Rucksack getragen werden! Und sie ist in der H\u00f6he erweiterbar durch den Gurt mit der verstellbaren Schlie\u00dfe. Das Format DIN A4 passt hochkant hinein, ebenso kleine bis mittelgrosse Notebooks, und wenn mal mehr rein muss, kann die Tasche auch hochgeklappt getragen werden (erweiterbar auf eine H\u00f6he von ca. 46 cm). Geschlossen wird sie mit einer schwarzen Steckschliesse aus Kunststoff (eine Metallschlie\u00dfe ist derzeit leider nicht lieferbar). Der Tragegurt ist mit Karabinern befestigt und kann abgenommen\/ umgebaut werden, um die Tasche als Rucksack zu tragen.<\/p>\n<p>Maschinenw\u00e4sche bei 40\u00b0 m\u00f6glich. F\u00fcr den Aussenstoff verwenden wir Nylon (80%NY 20%PU, wasserdicht), f\u00fcrs Innenfutter Baumwoll-Mischgewebe (\u00d6kotex 100 zertifiziert).<\/p>\n<p><strong>Size<\/strong> ca. 28 (B) x 32\/46 (H) x 10 (T) cm<br \/>\nMehr Infos zur Canvas Collection gibt es <a href=\"https:\/\/shop.linckx.de\/en\/linckx-lookbook\/canvas-collection\/\">here<\/a>.<\/p>\n<p><em>Bitte beachten: aktuell k\u00f6nnen wir keine Modelle auf Wunsch anfertigen und verkaufen unseren Lagerbestand zu Sonderpreisen!<\/em><\/p>","protected":false},"excerpt":{"rendered":"<p>Botentasche\/ Convertible aus Nylon in Gr\u00f6sse 03. In der H\u00f6he erweiterbar, Verschluss mit Kunststoff-Steckschlie\u00dfe<\/p>","protected":false},"featured_media":4662,"comment_status":"open","ping_status":"closed","template":"","meta":[],"product_brand":[],"product_cat":[15,38,45,39,191],"product_tag":[185,292,95,332,270,251,250,209,101,333],"class_list":{"0":"post-1202","1":"product","2":"type-product","3":"status-publish","4":"has-post-thumbnail","6":"product_cat-alle-produkte","7":"product_cat-botentaschen-schultertaschen","8":"product_cat-canvascollection","9":"product_cat-rucksaecke-convertibles","10":"product_cat-vegane-produkte","11":"product_tag-botentasche","12":"product_tag-businesstasche","13":"product_tag-convertible","14":"product_tag-fahrradrucksack","15":"product_tag-kurztrip","16":"product_tag-rucksack","17":"product_tag-rucksacktasche","18":"product_tag-schultertasche","19":"product_tag-umhaengetasche","20":"product_tag-vegane-tasche","21":"product_shipping_class-kostenfrei","23":"first","24":"instock","25":"sale","26":"taxable","27":"shipping-taxable","28":"purchasable","29":"product-type-variable"},"yoast_head":"<!-- This site is optimized with the Yoast SEO plugin v27.1.1 - https:\/\/yoast.com\/product\/yoast-seo-wordpress\/ -->\n<title>Multipack.03 Botentasche\/ Convertible aus Nylon - linckx.\u00ae<\/title>\n<meta name=\"description\" content=\"Super praktische Botentasche, die zum Rucksack umgebaut werden kann. Und sie ist in der H\u00f6he erweiterbar, wenn mal mehr reinpassen muss!\" \/>\n<meta name=\"robots\" content=\"index, follow, max-snippet:-1, max-image-preview:large, max-video-preview:-1\" \/>\n<link rel=\"canonical\" href=\"https:\/\/shop.linckx.de\/en\/product\/multipack-03-botentasche-nylon\/\" \/>\n<meta property=\"og:locale\" content=\"en_US\" \/>\n<meta property=\"og:type\" content=\"article\" \/>\n<meta property=\"og:title\" content=\"Multipack.03 Botentasche\/ Convertible aus Nylon - linckx.\u00ae\" \/>\n<meta property=\"og:description\" content=\"Super praktische Botentasche, die zum Rucksack umgebaut werden kann. Und sie ist in der H\u00f6he erweiterbar, wenn mal mehr reinpassen muss!\" \/>\n<meta property=\"og:url\" content=\"https:\/\/shop.linckx.de\/en\/product\/multipack-03-botentasche-nylon\/\" \/>\n<meta property=\"og:site_name\" content=\"linckx.\u00ae\" \/>\n<meta property=\"article:modified_time\" content=\"2023-01-08T19:59:37+00:00\" \/>\n<meta property=\"og:image\" content=\"https:\/\/shop.linckx.de\/wp-content\/uploads\/2019\/11\/MP03K-dklgruen-NY-hellblau_900.jpg\" \/>\n\t<meta property=\"og:image:width\" content=\"900\" \/>\n\t<meta property=\"og:image:height\" content=\"1200\" \/>\n\t<meta property=\"og:image:type\" content=\"image\/jpeg\" \/>\n<meta name=\"twitter:card\" content=\"summary_large_image\" \/>\n<meta name=\"twitter:label1\" content=\"Est. reading time\" \/>\n\t<meta name=\"twitter:data1\" content=\"1 minute\" \/>\n<script type=\"application\/ld+json\" class=\"yoast-schema-graph\">{\"@context\":\"https:\/\/schema.org\",\"@graph\":[{\"@type\":\"WebPage\",\"@id\":\"https:\/\/shop.linckx.de\/de\/produkt\/multipack-03-botentasche-nylon\/\",\"url\":\"https:\/\/shop.linckx.de\/de\/produkt\/multipack-03-botentasche-nylon\/\",\"name\":\"Multipack.03 Botentasche\/ Convertible aus Nylon - linckx.\u00ae\",\"isPartOf\":{\"@id\":\"https:\/\/shop.linckx.de\/de\/#website\"},\"primaryImageOfPage\":{\"@id\":\"https:\/\/shop.linckx.de\/de\/produkt\/multipack-03-botentasche-nylon\/#primaryimage\"},\"image\":{\"@id\":\"https:\/\/shop.linckx.de\/de\/produkt\/multipack-03-botentasche-nylon\/#primaryimage\"},\"thumbnailUrl\":\"https:\/\/shop.linckx.de\/wp-content\/uploads\/2019\/11\/MP03K-dklgruen-NY-hellblau_900.jpg\",\"datePublished\":\"2019-11-23T17:21:20+00:00\",\"dateModified\":\"2023-01-08T19:59:37+00:00\",\"description\":\"Super praktische Botentasche, die zum Rucksack umgebaut werden kann. Und sie ist in der H\u00f6he erweiterbar, wenn mal mehr reinpassen muss!\",\"breadcrumb\":{\"@id\":\"https:\/\/shop.linckx.de\/de\/produkt\/multipack-03-botentasche-nylon\/#breadcrumb\"},\"inLanguage\":\"en-US\",\"potentialAction\":[{\"@type\":\"ReadAction\",\"target\":[\"https:\/\/shop.linckx.de\/de\/produkt\/multipack-03-botentasche-nylon\/\"]}]},{\"@type\":\"ImageObject\",\"inLanguage\":\"en-US\",\"@id\":\"https:\/\/shop.linckx.de\/de\/produkt\/multipack-03-botentasche-nylon\/#primaryimage\",\"url\":\"https:\/\/shop.linckx.de\/wp-content\/uploads\/2019\/11\/MP03K-dklgruen-NY-hellblau_900.jpg\",\"contentUrl\":\"https:\/\/shop.linckx.de\/wp-content\/uploads\/2019\/11\/MP03K-dklgruen-NY-hellblau_900.jpg\",\"width\":900,\"height\":1200,\"caption\":\"MP03K dklgr\u00fcn NY-hellblau\"},{\"@type\":\"BreadcrumbList\",\"@id\":\"https:\/\/shop.linckx.de\/de\/produkt\/multipack-03-botentasche-nylon\/#breadcrumb\",\"itemListElement\":[{\"@type\":\"ListItem\",\"position\":1,\"name\":\"Startseite\",\"item\":\"https:\/\/shop.linckx.de\/de\/\"},{\"@type\":\"ListItem\",\"position\":2,\"name\":\"SHOP\",\"item\":\"https:\/\/shop.linckx.de\/de\/taschen-accessoires-made-in-germany\/\"},{\"@type\":\"ListItem\",\"position\":3,\"name\":\"Multipack.03 Botentasche\/ Convertible aus Nylon\"}]},{\"@type\":\"WebSite\",\"@id\":\"https:\/\/shop.linckx.de\/de\/#website\",\"url\":\"https:\/\/shop.linckx.de\/de\/\",\"name\":\"linckx.\u00ae\",\"description\":\"Taschen + Accessoires    [made in Germany]\",\"publisher\":{\"@id\":\"https:\/\/shop.linckx.de\/de\/#organization\"},\"potentialAction\":[{\"@type\":\"SearchAction\",\"target\":{\"@type\":\"EntryPoint\",\"urlTemplate\":\"https:\/\/shop.linckx.de\/de\/?s={search_term_string}\"},\"query-input\":{\"@type\":\"PropertyValueSpecification\",\"valueRequired\":true,\"valueName\":\"search_term_string\"}}],\"inLanguage\":\"en-US\"},{\"@type\":\"Organization\",\"@id\":\"https:\/\/shop.linckx.de\/de\/#organization\",\"name\":\"linckx\",\"url\":\"https:\/\/shop.linckx.de\/de\/\",\"logo\":{\"@type\":\"ImageObject\",\"inLanguage\":\"en-US\",\"@id\":\"https:\/\/shop.linckx.de\/de\/#\/schema\/logo\/image\/\",\"url\":\"https:\/\/i2.wp.com\/shop.linckx.de\/wp-content\/uploads\/2019\/08\/19-06_linckx-Logo-quadr.jpg?fit=1181%2C1181&ssl=1\",\"contentUrl\":\"https:\/\/i2.wp.com\/shop.linckx.de\/wp-content\/uploads\/2019\/08\/19-06_linckx-Logo-quadr.jpg?fit=1181%2C1181&ssl=1\",\"width\":1181,\"height\":1181,\"caption\":\"linckx\"},\"image\":{\"@id\":\"https:\/\/shop.linckx.de\/de\/#\/schema\/logo\/image\/\"}}]}<\/script>\n<!-- \/ Yoast SEO plugin. -->","yoast_head_json":{"title":"Multipack.03 Botentasche\/ Convertible aus Nylon - linckx.\u00ae","description":"Super praktische Botentasche, die zum Rucksack umgebaut werden kann. Und sie ist in der H\u00f6he erweiterbar, wenn mal mehr reinpassen muss!","robots":{"index":"index","follow":"follow","max-snippet":"max-snippet:-1","max-image-preview":"max-image-preview:large","max-video-preview":"max-video-preview:-1"},"canonical":"https:\/\/shop.linckx.de\/en\/product\/multipack-03-botentasche-nylon\/","og_locale":"en_US","og_type":"article","og_title":"Multipack.03 Botentasche\/ Convertible aus Nylon - linckx.\u00ae","og_description":"Super praktische Botentasche, die zum Rucksack umgebaut werden kann. Und sie ist in der H\u00f6he erweiterbar, wenn mal mehr reinpassen muss!","og_url":"https:\/\/shop.linckx.de\/en\/product\/multipack-03-botentasche-nylon\/","og_site_name":"linckx.\u00ae","article_modified_time":"2023-01-08T19:59:37+00:00","og_image":[{"width":900,"height":1200,"url":"https:\/\/shop.linckx.de\/wp-content\/uploads\/2019\/11\/MP03K-dklgruen-NY-hellblau_900.jpg","type":"image\/jpeg"}],"twitter_card":"summary_large_image","twitter_misc":{"Est. reading time":"1 minute"},"schema":{"@context":"https:\/\/schema.org","@graph":[{"@type":"WebPage","@id":"https:\/\/shop.linckx.de\/de\/produkt\/multipack-03-botentasche-nylon\/","url":"https:\/\/shop.linckx.de\/de\/produkt\/multipack-03-botentasche-nylon\/","name":"Multipack.03 Botentasche\/ Convertible aus Nylon - linckx.\u00ae","isPartOf":{"@id":"https:\/\/shop.linckx.de\/de\/#website"},"primaryImageOfPage":{"@id":"https:\/\/shop.linckx.de\/de\/produkt\/multipack-03-botentasche-nylon\/#primaryimage"},"image":{"@id":"https:\/\/shop.linckx.de\/de\/produkt\/multipack-03-botentasche-nylon\/#primaryimage"},"thumbnailUrl":"https:\/\/shop.linckx.de\/wp-content\/uploads\/2019\/11\/MP03K-dklgruen-NY-hellblau_900.jpg","datePublished":"2019-11-23T17:21:20+00:00","dateModified":"2023-01-08T19:59:37+00:00","description":"Super praktische Botentasche, die zum Rucksack umgebaut werden kann. Und sie ist in der H\u00f6he erweiterbar, wenn mal mehr reinpassen muss!","breadcrumb":{"@id":"https:\/\/shop.linckx.de\/de\/produkt\/multipack-03-botentasche-nylon\/#breadcrumb"},"inLanguage":"en-US","potentialAction":[{"@type":"ReadAction","target":["https:\/\/shop.linckx.de\/de\/produkt\/multipack-03-botentasche-nylon\/"]}]},{"@type":"ImageObject","inLanguage":"en-US","@id":"https:\/\/shop.linckx.de\/de\/produkt\/multipack-03-botentasche-nylon\/#primaryimage","url":"https:\/\/shop.linckx.de\/wp-content\/uploads\/2019\/11\/MP03K-dklgruen-NY-hellblau_900.jpg","contentUrl":"https:\/\/shop.linckx.de\/wp-content\/uploads\/2019\/11\/MP03K-dklgruen-NY-hellblau_900.jpg","width":900,"height":1200,"caption":"MP03K dklgr\u00fcn NY-hellblau"},{"@type":"BreadcrumbList","@id":"https:\/\/shop.linckx.de\/de\/produkt\/multipack-03-botentasche-nylon\/#breadcrumb","itemListElement":[{"@type":"ListItem","position":1,"name":"Startseite","item":"https:\/\/shop.linckx.de\/de\/"},{"@type":"ListItem","position":2,"name":"SHOP","item":"https:\/\/shop.linckx.de\/de\/taschen-accessoires-made-in-germany\/"},{"@type":"ListItem","position":3,"name":"Multipack.03 Botentasche\/ Convertible aus Nylon"}]},{"@type":"WebSite","@id":"https:\/\/shop.linckx.de\/de\/#website","url":"https:\/\/shop.linckx.de\/de\/","name":"linckx.\u00ae","description":"Taschen + Accessoires    [made in Germany]","publisher":{"@id":"https:\/\/shop.linckx.de\/de\/#organization"},"potentialAction":[{"@type":"SearchAction","target":{"@type":"EntryPoint","urlTemplate":"https:\/\/shop.linckx.de\/de\/?s={search_term_string}"},"query-input":{"@type":"PropertyValueSpecification","valueRequired":true,"valueName":"search_term_string"}}],"inLanguage":"en-US"},{"@type":"Organization","@id":"https:\/\/shop.linckx.de\/de\/#organization","name":"linckx","url":"https:\/\/shop.linckx.de\/de\/","logo":{"@type":"ImageObject","inLanguage":"en-US","@id":"https:\/\/shop.linckx.de\/de\/#\/schema\/logo\/image\/","url":"https:\/\/i2.wp.com\/shop.linckx.de\/wp-content\/uploads\/2019\/08\/19-06_linckx-Logo-quadr.jpg?fit=1181%2C1181&ssl=1","contentUrl":"https:\/\/i2.wp.com\/shop.linckx.de\/wp-content\/uploads\/2019\/08\/19-06_linckx-Logo-quadr.jpg?fit=1181%2C1181&ssl=1","width":1181,"height":1181,"caption":"linckx"},"image":{"@id":"https:\/\/shop.linckx.de\/de\/#\/schema\/logo\/image\/"}}]}},"_links":{"self":[{"href":"https:\/\/shop.linckx.de\/en\/wp-json\/wp\/v2\/product\/1202","targetHints":{"allow":["GET"]}}],"collection":[{"href":"https:\/\/shop.linckx.de\/en\/wp-json\/wp\/v2\/product"}],"about":[{"href":"https:\/\/shop.linckx.de\/en\/wp-json\/wp\/v2\/types\/product"}],"replies":[{"embeddable":true,"href":"https:\/\/shop.linckx.de\/en\/wp-json\/wp\/v2\/comments?post=1202"}],"wp:featuredmedia":[{"embeddable":true,"href":"https:\/\/shop.linckx.de\/en\/wp-json\/wp\/v2\/media\/4662"}],"wp:attachment":[{"href":"https:\/\/shop.linckx.de\/en\/wp-json\/wp\/v2\/media?parent=1202"}],"wp:term":[{"taxonomy":"product_brand","embeddable":true,"href":"https:\/\/shop.linckx.de\/en\/wp-json\/wp\/v2\/product_brand?post=1202"},{"taxonomy":"product_cat","embeddable":true,"href":"https:\/\/shop.linckx.de\/en\/wp-json\/wp\/v2\/product_cat?post=1202"},{"taxonomy":"product_tag","embeddable":true,"href":"https:\/\/shop.linckx.de\/en\/wp-json\/wp\/v2\/product_tag?post=1202"}],"curies":[{"name":"wp","href":"https:\/\/api.w.org\/{rel}","templated":true}]}}